{"id":1487,"date":"2018-07-28T18:07:15","date_gmt":"2018-07-28T18:07:15","guid":{"rendered":"https:\/\/accesbeaute.ca\/achat\/protection-des-ongles-vaporisateur-gamme-fusskraft-par-gehwol\/"},"modified":"2021-11-16T13:39:54","modified_gmt":"2021-11-16T13:39:54","slug":"nail-and-skin-protection-spray-fusskraft-gehwol","status":"publish","type":"product","link":"https:\/\/accesbeaute.ca\/en\/buy\/nail-and-skin-protection-spray-fusskraft-gehwol\/","title":{"rendered":"Nail and Skin Protection Spray &#8211; Fusskraft"},"content":{"rendered":"<ul>\n<li>Size: 50 ml<\/li>\n<\/ul>\n<p>This nail and skin protection spray helps improve elasticity and stability and the ability of the nail to bind with water.<\/p>\n","protected":false},"excerpt":{"rendered":"<hr class=\"ligne-grise\"><strong>Brand:<\/strong> <a href=\"\/acheter\/gehwol\">Gehwol<\/a><\/p>\n<p>This nail and skin protection spray helps improve elasticity and stability and the ability of the nail to bind with water.<\/p>\n","protected":false},"featured_media":1488,"template":"","meta":{"_et_pb_use_builder":"","_et_pb_old_content":"","_et_gb_content_width":""},"product_brand":[],"product_cat":[197,198,199,200],"product_tag":[203],"class_list":{"0":"post-1487","1":"product","2":"type-product","3":"status-publish","4":"has-post-thumbnail","6":"product_cat-gehwol-en","7":"product_cat-soins-pour-les-infections-des-pieds-en","8":"product_cat-soins-pour-les-ongles-d-orteils-en","9":"product_cat-vaporisateurs-de-soins-pour-les-pieds-en","10":"product_tag-gehwol-en","12":"first","13":"instock","14":"taxable","15":"shipping-taxable","16":"purchasable","17":"product-type-simple"},"yoast_head":"<!-- This site is optimized with the Yoast SEO plugin v27.3 - https:\/\/yoast.com\/product\/yoast-seo-wordpress\/ -->\n<title>Nail and Skin Protection Spray - Fusskraft  - Achat en ligne<\/title>\n<meta name=\"description\" content=\"%\" \/>\n<meta name=\"robots\" content=\"index, follow, max-snippet:-1, max-image-preview:large, max-video-preview:-1\" \/>\n<link rel=\"canonical\" href=\"https:\/\/accesbeaute.ca\/en\/buy\/nail-and-skin-protection-spray-fusskraft-gehwol\/\" \/>\n<meta property=\"og:locale\" content=\"en_US\" \/>\n<meta property=\"og:type\" content=\"article\" \/>\n<meta property=\"og:title\" content=\"Nail and Skin Protection Spray - Fusskraft  - Achat en ligne\" \/>\n<meta property=\"og:description\" content=\"%\" \/>\n<meta property=\"og:url\" content=\"https:\/\/accesbeaute.ca\/en\/buy\/nail-and-skin-protection-spray-fusskraft-gehwol\/\" \/>\n<meta property=\"og:site_name\" content=\"Acc\u00e8s Beaut\u00e9\" \/>\n<meta property=\"article:modified_time\" content=\"2021-11-16T13:39:54+00:00\" \/>\n<meta property=\"og:image\" content=\"https:\/\/accesbeaute.ca\/wp-content\/uploads\/2018\/07\/fusskraft-spray-pour-protection-des-ongles-et-peau-par-gehwol.jpg\" \/>\n\t<meta property=\"og:image:width\" content=\"900\" \/>\n\t<meta property=\"og:image:height\" content=\"900\" \/>\n\t<meta property=\"og:image:type\" content=\"image\/jpeg\" \/>\n<meta name=\"twitter:card\" content=\"summary_large_image\" \/>\n<script type=\"application\/ld+json\" class=\"yoast-schema-graph\">{\"@context\":\"https:\\\/\\\/schema.org\",\"@graph\":[{\"@type\":\"WebPage\",\"@id\":\"https:\\\/\\\/accesbeaute.ca\\\/en\\\/buy\\\/nail-and-skin-protection-spray-fusskraft-gehwol\\\/\",\"url\":\"https:\\\/\\\/accesbeaute.ca\\\/en\\\/buy\\\/nail-and-skin-protection-spray-fusskraft-gehwol\\\/\",\"name\":\"Nail and Skin Protection Spray - Fusskraft - Achat en ligne\",\"isPartOf\":{\"@id\":\"https:\\\/\\\/accesbeaute.ca\\\/en\\\/#website\"},\"primaryImageOfPage\":{\"@id\":\"https:\\\/\\\/accesbeaute.ca\\\/en\\\/buy\\\/nail-and-skin-protection-spray-fusskraft-gehwol\\\/#primaryimage\"},\"image\":{\"@id\":\"https:\\\/\\\/accesbeaute.ca\\\/en\\\/buy\\\/nail-and-skin-protection-spray-fusskraft-gehwol\\\/#primaryimage\"},\"thumbnailUrl\":\"https:\\\/\\\/accesbeaute.ca\\\/wp-content\\\/uploads\\\/2018\\\/07\\\/fusskraft-spray-pour-protection-des-ongles-et-peau-par-gehwol.jpg\",\"datePublished\":\"2018-07-28T18:07:15+00:00\",\"dateModified\":\"2021-11-16T13:39:54+00:00\",\"description\":\"%\",\"breadcrumb\":{\"@id\":\"https:\\\/\\\/accesbeaute.ca\\\/en\\\/buy\\\/nail-and-skin-protection-spray-fusskraft-gehwol\\\/#breadcrumb\"},\"inLanguage\":\"en-US\",\"potentialAction\":[{\"@type\":\"ReadAction\",\"target\":[\"https:\\\/\\\/accesbeaute.ca\\\/en\\\/buy\\\/nail-and-skin-protection-spray-fusskraft-gehwol\\\/\"]}]},{\"@type\":\"ImageObject\",\"inLanguage\":\"en-US\",\"@id\":\"https:\\\/\\\/accesbeaute.ca\\\/en\\\/buy\\\/nail-and-skin-protection-spray-fusskraft-gehwol\\\/#primaryimage\",\"url\":\"https:\\\/\\\/accesbeaute.ca\\\/wp-content\\\/uploads\\\/2018\\\/07\\\/fusskraft-spray-pour-protection-des-ongles-et-peau-par-gehwol.jpg\",\"contentUrl\":\"https:\\\/\\\/accesbeaute.ca\\\/wp-content\\\/uploads\\\/2018\\\/07\\\/fusskraft-spray-pour-protection-des-ongles-et-peau-par-gehwol.jpg\",\"width\":900,\"height\":900},{\"@type\":\"BreadcrumbList\",\"@id\":\"https:\\\/\\\/accesbeaute.ca\\\/en\\\/buy\\\/nail-and-skin-protection-spray-fusskraft-gehwol\\\/#breadcrumb\",\"itemListElement\":[{\"@type\":\"ListItem\",\"position\":1,\"name\":\"Accueil\",\"item\":\"https:\\\/\\\/accesbeaute.ca\\\/en\\\/\"},{\"@type\":\"ListItem\",\"position\":2,\"name\":\"Boutique\",\"item\":\"https:\\\/\\\/accesbeaute.ca\\\/boutique\\\/\"},{\"@type\":\"ListItem\",\"position\":3,\"name\":\"Soins pour les infections des pieds\",\"item\":\"https:\\\/\\\/accesbeaute.ca\\\/en\\\/acheter\\\/soins-pour-les-infections-des-pieds-en\\\/\"},{\"@type\":\"ListItem\",\"position\":4,\"name\":\"Nail and Skin Protection Spray &#8211; Fusskraft\"}]},{\"@type\":\"WebSite\",\"@id\":\"https:\\\/\\\/accesbeaute.ca\\\/en\\\/#website\",\"url\":\"https:\\\/\\\/accesbeaute.ca\\\/en\\\/\",\"name\":\"Acc\u00e8s Beaut\u00e9\",\"description\":\"Achat de produits de beaut\u00e9 en ligne\",\"potentialAction\":[{\"@type\":\"SearchAction\",\"target\":{\"@type\":\"EntryPoint\",\"urlTemplate\":\"https:\\\/\\\/accesbeaute.ca\\\/en\\\/?s={search_term_string}\"},\"query-input\":{\"@type\":\"PropertyValueSpecification\",\"valueRequired\":true,\"valueName\":\"search_term_string\"}}],\"inLanguage\":\"en-US\"}]}<\/script>\n<!-- \/ Yoast SEO plugin. -->","yoast_head_json":{"title":"Nail and Skin Protection Spray - Fusskraft  - Achat en ligne","description":"%","robots":{"index":"index","follow":"follow","max-snippet":"max-snippet:-1","max-image-preview":"max-image-preview:large","max-video-preview":"max-video-preview:-1"},"canonical":"https:\/\/accesbeaute.ca\/en\/buy\/nail-and-skin-protection-spray-fusskraft-gehwol\/","og_locale":"en_US","og_type":"article","og_title":"Nail and Skin Protection Spray - Fusskraft  - Achat en ligne","og_description":"%","og_url":"https:\/\/accesbeaute.ca\/en\/buy\/nail-and-skin-protection-spray-fusskraft-gehwol\/","og_site_name":"Acc\u00e8s Beaut\u00e9","article_modified_time":"2021-11-16T13:39:54+00:00","og_image":[{"width":900,"height":900,"url":"https:\/\/accesbeaute.ca\/wp-content\/uploads\/2018\/07\/fusskraft-spray-pour-protection-des-ongles-et-peau-par-gehwol.jpg","type":"image\/jpeg"}],"twitter_card":"summary_large_image","schema":{"@context":"https:\/\/schema.org","@graph":[{"@type":"WebPage","@id":"https:\/\/accesbeaute.ca\/en\/buy\/nail-and-skin-protection-spray-fusskraft-gehwol\/","url":"https:\/\/accesbeaute.ca\/en\/buy\/nail-and-skin-protection-spray-fusskraft-gehwol\/","name":"Nail and Skin Protection Spray - Fusskraft - Achat en ligne","isPartOf":{"@id":"https:\/\/accesbeaute.ca\/en\/#website"},"primaryImageOfPage":{"@id":"https:\/\/accesbeaute.ca\/en\/buy\/nail-and-skin-protection-spray-fusskraft-gehwol\/#primaryimage"},"image":{"@id":"https:\/\/accesbeaute.ca\/en\/buy\/nail-and-skin-protection-spray-fusskraft-gehwol\/#primaryimage"},"thumbnailUrl":"https:\/\/accesbeaute.ca\/wp-content\/uploads\/2018\/07\/fusskraft-spray-pour-protection-des-ongles-et-peau-par-gehwol.jpg","datePublished":"2018-07-28T18:07:15+00:00","dateModified":"2021-11-16T13:39:54+00:00","description":"%","breadcrumb":{"@id":"https:\/\/accesbeaute.ca\/en\/buy\/nail-and-skin-protection-spray-fusskraft-gehwol\/#breadcrumb"},"inLanguage":"en-US","potentialAction":[{"@type":"ReadAction","target":["https:\/\/accesbeaute.ca\/en\/buy\/nail-and-skin-protection-spray-fusskraft-gehwol\/"]}]},{"@type":"ImageObject","inLanguage":"en-US","@id":"https:\/\/accesbeaute.ca\/en\/buy\/nail-and-skin-protection-spray-fusskraft-gehwol\/#primaryimage","url":"https:\/\/accesbeaute.ca\/wp-content\/uploads\/2018\/07\/fusskraft-spray-pour-protection-des-ongles-et-peau-par-gehwol.jpg","contentUrl":"https:\/\/accesbeaute.ca\/wp-content\/uploads\/2018\/07\/fusskraft-spray-pour-protection-des-ongles-et-peau-par-gehwol.jpg","width":900,"height":900},{"@type":"BreadcrumbList","@id":"https:\/\/accesbeaute.ca\/en\/buy\/nail-and-skin-protection-spray-fusskraft-gehwol\/#breadcrumb","itemListElement":[{"@type":"ListItem","position":1,"name":"Accueil","item":"https:\/\/accesbeaute.ca\/en\/"},{"@type":"ListItem","position":2,"name":"Boutique","item":"https:\/\/accesbeaute.ca\/boutique\/"},{"@type":"ListItem","position":3,"name":"Soins pour les infections des pieds","item":"https:\/\/accesbeaute.ca\/en\/acheter\/soins-pour-les-infections-des-pieds-en\/"},{"@type":"ListItem","position":4,"name":"Nail and Skin Protection Spray &#8211; Fusskraft"}]},{"@type":"WebSite","@id":"https:\/\/accesbeaute.ca\/en\/#website","url":"https:\/\/accesbeaute.ca\/en\/","name":"Acc\u00e8s Beaut\u00e9","description":"Achat de produits de beaut\u00e9 en ligne","potentialAction":[{"@type":"SearchAction","target":{"@type":"EntryPoint","urlTemplate":"https:\/\/accesbeaute.ca\/en\/?s={search_term_string}"},"query-input":{"@type":"PropertyValueSpecification","valueRequired":true,"valueName":"search_term_string"}}],"inLanguage":"en-US"}]}},"_links":{"self":[{"href":"https:\/\/accesbeaute.ca\/en\/wp-json\/wp\/v2\/product\/1487","targetHints":{"allow":["GET"]}}],"collection":[{"href":"https:\/\/accesbeaute.ca\/en\/wp-json\/wp\/v2\/product"}],"about":[{"href":"https:\/\/accesbeaute.ca\/en\/wp-json\/wp\/v2\/types\/product"}],"wp:featuredmedia":[{"embeddable":true,"href":"https:\/\/accesbeaute.ca\/en\/wp-json\/wp\/v2\/media\/1488"}],"wp:attachment":[{"href":"https:\/\/accesbeaute.ca\/en\/wp-json\/wp\/v2\/media?parent=1487"}],"wp:term":[{"taxonomy":"product_brand","embeddable":true,"href":"https:\/\/accesbeaute.ca\/en\/wp-json\/wp\/v2\/product_brand?post=1487"},{"taxonomy":"product_cat","embeddable":true,"href":"https:\/\/accesbeaute.ca\/en\/wp-json\/wp\/v2\/product_cat?post=1487"},{"taxonomy":"product_tag","embeddable":true,"href":"https:\/\/accesbeaute.ca\/en\/wp-json\/wp\/v2\/product_tag?post=1487"}],"curies":[{"name":"wp","href":"https:\/\/api.w.org\/{rel}","templated":true}]}}