{"id":1647,"date":"2018-07-28T18:10:57","date_gmt":"2018-07-28T18:10:57","guid":{"rendered":"https:\/\/accesbeaute.ca\/achat\/retinol-night-complex-vivierskin\/"},"modified":"2021-01-21T19:35:39","modified_gmt":"2021-01-21T19:35:39","slug":"retinol-night-complex-vivierskin","status":"publish","type":"product","link":"https:\/\/accesbeaute.ca\/en\/buy\/retinol-night-complex-vivierskin\/","title":{"rendered":"Retinol 1% Night Complex"},"content":{"rendered":"<p>Size: 30 ml \/ 1 fl oz<\/p>\n<p><strong>Q: What is Retinol?\u00a0<\/strong><br \/>\nA: It is\u00a0known to promote cell renewal, increase collagen production, prevent wrinkles, firm skin, smooth fine lines and refine pore size.<\/p>\n<p><strong>Q: What is Vitamin C?\u00a0<\/strong><br \/>\nA: It is known to be\u00a0essential to collagen production and to\u00a0reduce\u00a0free radical damage and environmental stress on skin.<\/p>\n<p><strong>Q: What is Vitamin E?\u00a0<\/strong><br \/>\nA: It is known to reduce\u00a0the formation of free radicals and strengthen\u00a0the skin&#8217;s barrier function.<\/p>\n<p><strong>Q: What is Shea Butter?\u00a0<\/strong><br \/>\nA: It is\u00a0a rich source of antioxidants and helps soften the skin.<\/p>\n<p><strong>Q: Will it cause redness?<\/strong><br \/>\nA: Although a certain level of peeling and some redness is to be expected with daily use, our unique combination of added antioxidants and soothing ingredients ensures greater tolerance for less redness and less irritation.<\/p>\n<p><strong>Q: Can I use this product after a chemical peel?<\/strong><br \/>\nA: This product is recommended to help maintain results from pigmentation protocols like peels or facials, and is formulated to work with all skin care systems including our Platin\u00e9 products and our Vitamin C serums.<\/p>\n","protected":false},"excerpt":{"rendered":"<hr class=\"ligne-grise\" \/>\n<p><strong>Brand:<\/strong> <a href=\"\/buy\/vivier\">Vivier<\/a><\/p>\n<p>A 1% retinol anti-aging booster uniquely formulated to smooth fine lines, refine pores, and prevent wrinkles. Ideal for all skin types. <\/p>\n","protected":false},"featured_media":1693,"template":"","meta":{"_et_pb_use_builder":"","_et_pb_old_content":"","_et_gb_content_width":""},"product_brand":[],"product_cat":[220,221,210,191,218,219,196,190],"product_tag":[217],"class_list":{"0":"post-1647","1":"product","2":"type-product","3":"status-publish","4":"has-post-thumbnail","6":"product_cat-cremes-de-nuit","7":"product_cat-exfoliants-et-gommages","8":"product_cat-fabrique-au-canada-en","9":"product_cat-produits-de-beaute-pour-tout-type-de-peau-en","10":"product_cat-soins-cremes-antirides","11":"product_cat-soins-anti-age","12":"product_cat-soins-revitalisants-pour-le-visage-en","13":"product_cat-vivier","14":"product_tag-vivier-en","16":"first","17":"outofstock","18":"sale","19":"taxable","20":"shipping-taxable","21":"purchasable","22":"product-type-simple"},"yoast_head":"<!-- This site is optimized with the Yoast SEO plugin v27.3 - https:\/\/yoast.com\/product\/yoast-seo-wordpress\/ -->\n<title>Retinol 1% Night Complex  - Achat en ligne<\/title>\n<meta name=\"description\" content=\"%\" \/>\n<meta name=\"robots\" content=\"index, follow, max-snippet:-1, max-image-preview:large, max-video-preview:-1\" \/>\n<link rel=\"canonical\" href=\"https:\/\/accesbeaute.ca\/en\/buy\/retinol-night-complex-vivierskin\/\" \/>\n<meta property=\"og:locale\" content=\"en_US\" \/>\n<meta property=\"og:type\" content=\"article\" \/>\n<meta property=\"og:title\" content=\"Retinol 1% Night Complex  - Achat en ligne\" \/>\n<meta property=\"og:description\" content=\"%\" \/>\n<meta property=\"og:url\" content=\"https:\/\/accesbeaute.ca\/en\/buy\/retinol-night-complex-vivierskin\/\" \/>\n<meta property=\"og:site_name\" content=\"Acc\u00e8s Beaut\u00e9\" \/>\n<meta property=\"article:modified_time\" content=\"2021-01-21T19:35:39+00:00\" \/>\n<meta property=\"og:image\" content=\"https:\/\/accesbeaute.ca\/wp-content\/uploads\/2018\/07\/complexe-de-nuit-retinol-vivier.jpg\" \/>\n\t<meta property=\"og:image:width\" content=\"828\" \/>\n\t<meta property=\"og:image:height\" content=\"828\" \/>\n\t<meta property=\"og:image:type\" content=\"image\/jpeg\" \/>\n<meta name=\"twitter:card\" content=\"summary_large_image\" \/>\n<meta name=\"twitter:label1\" content=\"Est. reading time\" \/>\n\t<meta name=\"twitter:data1\" content=\"1 minute\" \/>\n<script type=\"application\/ld+json\" class=\"yoast-schema-graph\">{\"@context\":\"https:\\\/\\\/schema.org\",\"@graph\":[{\"@type\":\"WebPage\",\"@id\":\"https:\\\/\\\/accesbeaute.ca\\\/en\\\/buy\\\/retinol-night-complex-vivierskin\\\/\",\"url\":\"https:\\\/\\\/accesbeaute.ca\\\/en\\\/buy\\\/retinol-night-complex-vivierskin\\\/\",\"name\":\"Retinol 1% Night Complex - Achat en ligne\",\"isPartOf\":{\"@id\":\"https:\\\/\\\/accesbeaute.ca\\\/en\\\/#website\"},\"primaryImageOfPage\":{\"@id\":\"https:\\\/\\\/accesbeaute.ca\\\/en\\\/buy\\\/retinol-night-complex-vivierskin\\\/#primaryimage\"},\"image\":{\"@id\":\"https:\\\/\\\/accesbeaute.ca\\\/en\\\/buy\\\/retinol-night-complex-vivierskin\\\/#primaryimage\"},\"thumbnailUrl\":\"https:\\\/\\\/accesbeaute.ca\\\/wp-content\\\/uploads\\\/2018\\\/07\\\/complexe-de-nuit-retinol-vivier.jpg\",\"datePublished\":\"2018-07-28T18:10:57+00:00\",\"dateModified\":\"2021-01-21T19:35:39+00:00\",\"description\":\"%\",\"breadcrumb\":{\"@id\":\"https:\\\/\\\/accesbeaute.ca\\\/en\\\/buy\\\/retinol-night-complex-vivierskin\\\/#breadcrumb\"},\"inLanguage\":\"en-US\",\"potentialAction\":[{\"@type\":\"ReadAction\",\"target\":[\"https:\\\/\\\/accesbeaute.ca\\\/en\\\/buy\\\/retinol-night-complex-vivierskin\\\/\"]}]},{\"@type\":\"ImageObject\",\"inLanguage\":\"en-US\",\"@id\":\"https:\\\/\\\/accesbeaute.ca\\\/en\\\/buy\\\/retinol-night-complex-vivierskin\\\/#primaryimage\",\"url\":\"https:\\\/\\\/accesbeaute.ca\\\/wp-content\\\/uploads\\\/2018\\\/07\\\/complexe-de-nuit-retinol-vivier.jpg\",\"contentUrl\":\"https:\\\/\\\/accesbeaute.ca\\\/wp-content\\\/uploads\\\/2018\\\/07\\\/complexe-de-nuit-retinol-vivier.jpg\",\"width\":828,\"height\":828,\"caption\":\"Complexe de nuit R\u00e9tinol par Vivier\"},{\"@type\":\"BreadcrumbList\",\"@id\":\"https:\\\/\\\/accesbeaute.ca\\\/en\\\/buy\\\/retinol-night-complex-vivierskin\\\/#breadcrumb\",\"itemListElement\":[{\"@type\":\"ListItem\",\"position\":1,\"name\":\"Accueil\",\"item\":\"https:\\\/\\\/accesbeaute.ca\\\/en\\\/\"},{\"@type\":\"ListItem\",\"position\":2,\"name\":\"Boutique\",\"item\":\"https:\\\/\\\/accesbeaute.ca\\\/boutique\\\/\"},{\"@type\":\"ListItem\",\"position\":3,\"name\":\"Cr\u00e8mes de nuit\",\"item\":\"https:\\\/\\\/accesbeaute.ca\\\/en\\\/acheter\\\/cremes-de-nuit\\\/\"},{\"@type\":\"ListItem\",\"position\":4,\"name\":\"Retinol 1% Night Complex\"}]},{\"@type\":\"WebSite\",\"@id\":\"https:\\\/\\\/accesbeaute.ca\\\/en\\\/#website\",\"url\":\"https:\\\/\\\/accesbeaute.ca\\\/en\\\/\",\"name\":\"Acc\u00e8s Beaut\u00e9\",\"description\":\"Achat de produits de beaut\u00e9 en ligne\",\"potentialAction\":[{\"@type\":\"SearchAction\",\"target\":{\"@type\":\"EntryPoint\",\"urlTemplate\":\"https:\\\/\\\/accesbeaute.ca\\\/en\\\/?s={search_term_string}\"},\"query-input\":{\"@type\":\"PropertyValueSpecification\",\"valueRequired\":true,\"valueName\":\"search_term_string\"}}],\"inLanguage\":\"en-US\"}]}<\/script>\n<!-- \/ Yoast SEO plugin. -->","yoast_head_json":{"title":"Retinol 1% Night Complex  - Achat en ligne","description":"%","robots":{"index":"index","follow":"follow","max-snippet":"max-snippet:-1","max-image-preview":"max-image-preview:large","max-video-preview":"max-video-preview:-1"},"canonical":"https:\/\/accesbeaute.ca\/en\/buy\/retinol-night-complex-vivierskin\/","og_locale":"en_US","og_type":"article","og_title":"Retinol 1% Night Complex  - Achat en ligne","og_description":"%","og_url":"https:\/\/accesbeaute.ca\/en\/buy\/retinol-night-complex-vivierskin\/","og_site_name":"Acc\u00e8s Beaut\u00e9","article_modified_time":"2021-01-21T19:35:39+00:00","og_image":[{"width":828,"height":828,"url":"https:\/\/accesbeaute.ca\/wp-content\/uploads\/2018\/07\/complexe-de-nuit-retinol-vivier.jpg","type":"image\/jpeg"}],"twitter_card":"summary_large_image","twitter_misc":{"Est. reading time":"1 minute"},"schema":{"@context":"https:\/\/schema.org","@graph":[{"@type":"WebPage","@id":"https:\/\/accesbeaute.ca\/en\/buy\/retinol-night-complex-vivierskin\/","url":"https:\/\/accesbeaute.ca\/en\/buy\/retinol-night-complex-vivierskin\/","name":"Retinol 1% Night Complex - Achat en ligne","isPartOf":{"@id":"https:\/\/accesbeaute.ca\/en\/#website"},"primaryImageOfPage":{"@id":"https:\/\/accesbeaute.ca\/en\/buy\/retinol-night-complex-vivierskin\/#primaryimage"},"image":{"@id":"https:\/\/accesbeaute.ca\/en\/buy\/retinol-night-complex-vivierskin\/#primaryimage"},"thumbnailUrl":"https:\/\/accesbeaute.ca\/wp-content\/uploads\/2018\/07\/complexe-de-nuit-retinol-vivier.jpg","datePublished":"2018-07-28T18:10:57+00:00","dateModified":"2021-01-21T19:35:39+00:00","description":"%","breadcrumb":{"@id":"https:\/\/accesbeaute.ca\/en\/buy\/retinol-night-complex-vivierskin\/#breadcrumb"},"inLanguage":"en-US","potentialAction":[{"@type":"ReadAction","target":["https:\/\/accesbeaute.ca\/en\/buy\/retinol-night-complex-vivierskin\/"]}]},{"@type":"ImageObject","inLanguage":"en-US","@id":"https:\/\/accesbeaute.ca\/en\/buy\/retinol-night-complex-vivierskin\/#primaryimage","url":"https:\/\/accesbeaute.ca\/wp-content\/uploads\/2018\/07\/complexe-de-nuit-retinol-vivier.jpg","contentUrl":"https:\/\/accesbeaute.ca\/wp-content\/uploads\/2018\/07\/complexe-de-nuit-retinol-vivier.jpg","width":828,"height":828,"caption":"Complexe de nuit R\u00e9tinol par Vivier"},{"@type":"BreadcrumbList","@id":"https:\/\/accesbeaute.ca\/en\/buy\/retinol-night-complex-vivierskin\/#breadcrumb","itemListElement":[{"@type":"ListItem","position":1,"name":"Accueil","item":"https:\/\/accesbeaute.ca\/en\/"},{"@type":"ListItem","position":2,"name":"Boutique","item":"https:\/\/accesbeaute.ca\/boutique\/"},{"@type":"ListItem","position":3,"name":"Cr\u00e8mes de nuit","item":"https:\/\/accesbeaute.ca\/en\/acheter\/cremes-de-nuit\/"},{"@type":"ListItem","position":4,"name":"Retinol 1% Night Complex"}]},{"@type":"WebSite","@id":"https:\/\/accesbeaute.ca\/en\/#website","url":"https:\/\/accesbeaute.ca\/en\/","name":"Acc\u00e8s Beaut\u00e9","description":"Achat de produits de beaut\u00e9 en ligne","potentialAction":[{"@type":"SearchAction","target":{"@type":"EntryPoint","urlTemplate":"https:\/\/accesbeaute.ca\/en\/?s={search_term_string}"},"query-input":{"@type":"PropertyValueSpecification","valueRequired":true,"valueName":"search_term_string"}}],"inLanguage":"en-US"}]}},"_links":{"self":[{"href":"https:\/\/accesbeaute.ca\/en\/wp-json\/wp\/v2\/product\/1647","targetHints":{"allow":["GET"]}}],"collection":[{"href":"https:\/\/accesbeaute.ca\/en\/wp-json\/wp\/v2\/product"}],"about":[{"href":"https:\/\/accesbeaute.ca\/en\/wp-json\/wp\/v2\/types\/product"}],"wp:featuredmedia":[{"embeddable":true,"href":"https:\/\/accesbeaute.ca\/en\/wp-json\/wp\/v2\/media\/1693"}],"wp:attachment":[{"href":"https:\/\/accesbeaute.ca\/en\/wp-json\/wp\/v2\/media?parent=1647"}],"wp:term":[{"taxonomy":"product_brand","embeddable":true,"href":"https:\/\/accesbeaute.ca\/en\/wp-json\/wp\/v2\/product_brand?post=1647"},{"taxonomy":"product_cat","embeddable":true,"href":"https:\/\/accesbeaute.ca\/en\/wp-json\/wp\/v2\/product_cat?post=1647"},{"taxonomy":"product_tag","embeddable":true,"href":"https:\/\/accesbeaute.ca\/en\/wp-json\/wp\/v2\/product_tag?post=1647"}],"curies":[{"name":"wp","href":"https:\/\/api.w.org\/{rel}","templated":true}]}}