{"id":1712,"date":"2018-07-28T18:11:22","date_gmt":"2018-07-28T18:11:22","guid":{"rendered":"https:\/\/accesbeaute.ca\/achat\/v-stat-advanced-scar-gel\/"},"modified":"2021-05-18T12:36:24","modified_gmt":"2021-05-18T12:36:24","slug":"v-stat-advanced-scar-gel","status":"publish","type":"product","link":"https:\/\/accesbeaute.ca\/en\/buy\/v-stat-advanced-scar-gel\/","title":{"rendered":"V-STAT Advanced Scar Gel"},"content":{"rendered":"<p>Size: 30 ml \/ 1 fl oz<\/p>\n<p><strong>Q: Who is this product for?<\/strong><br \/>\nA: V-STAT Advanced Scar Gel is for patients that want to prevent the formation of hypertrophic scars following surgical procedures such as facial, breast, abdominal and body sculpting procedures, to improve healing following ablative and non-ablative procedures such as lasers and chemical peels or to help with compromised skin such as dry, chapped skin on the hands, feet and lips.<\/p>\n<p><strong>Q: What are hypertrophic scars?<\/strong><br \/>\nA: Hypertrophic scars are visible and elevated scars that don\u2019t extend beyond the original wound. They are the most common scars following an injury or surgery and occur when the skin does not follow the proper healing process. This causes too much collagen fibers in the affected area which causes the scar to appear raised and inflamed as opposed to flat.<\/p>\n<p><strong>Q: What is Polyamine-DAB?<\/strong><br \/>\nA: Polyamine-DAB or 1,4 Diaminobutane is a polyamine which is naturally present in our bodies. It is known to play an important role in the healing, prevention of hypertrophic scars and aging process of our skin, essentially making our cells and collagen work more efficiently.\u00b9<\/p>\n<p>\u00b9 Data on file<br \/>\n**Patent Pending<\/p>\n","protected":false},"excerpt":{"rendered":"<hr class=\"ligne-grise\" \/>\n<p><strong>Brand:<\/strong> <a href=\"\/buy\/vivier\">Vivier<\/a><\/p>\n<p>A topical gel that minimizes the appearance of new scars, helps repair dry skin and helps prevent against hypertrophic scar formation. Ideal for all skin types.<\/p>\n","protected":false},"featured_media":0,"template":"","meta":{"_et_pb_use_builder":"","_et_pb_old_content":"","_et_gb_content_width":""},"product_brand":[],"product_cat":[209,210,191,212,213,214,215,216,190],"product_tag":[217],"class_list":{"0":"post-1712","1":"product","2":"type-product","3":"status-publish","5":"product_cat-creme-hydratante-en","6":"product_cat-fabrique-au-canada-en","7":"product_cat-produits-de-beaute-pour-tout-type-de-peau-en","8":"product_cat-produit-de-beaute-irritation-et-rougeur-en","9":"product_cat-produit-de-beaute-peau-seche-et-deshydratee-en","10":"product_cat-produit-de-beaute-soin-du-corps-en","11":"product_cat-soin-pour-les-levres-en","12":"product_cat-soin-pour-les-mains-en","13":"product_cat-vivier","14":"product_tag-vivier-en","16":"first","17":"outofstock","18":"sale","19":"taxable","20":"shipping-taxable","21":"purchasable","22":"product-type-simple"},"yoast_head":"<!-- This site is optimized with the Yoast SEO plugin v27.3 - https:\/\/yoast.com\/product\/yoast-seo-wordpress\/ -->\n<title>V-STAT Advanced Scar Gel  - Achat en ligne<\/title>\n<meta name=\"description\" content=\"%\" \/>\n<meta name=\"robots\" content=\"index, follow, max-snippet:-1, max-image-preview:large, max-video-preview:-1\" \/>\n<link rel=\"canonical\" href=\"https:\/\/accesbeaute.ca\/en\/buy\/v-stat-advanced-scar-gel\/\" \/>\n<meta property=\"og:locale\" content=\"en_US\" \/>\n<meta property=\"og:type\" content=\"article\" \/>\n<meta property=\"og:title\" content=\"V-STAT Advanced Scar Gel  - Achat en ligne\" \/>\n<meta property=\"og:description\" content=\"%\" \/>\n<meta property=\"og:url\" content=\"https:\/\/accesbeaute.ca\/en\/buy\/v-stat-advanced-scar-gel\/\" \/>\n<meta property=\"og:site_name\" content=\"Acc\u00e8s Beaut\u00e9\" \/>\n<meta property=\"article:modified_time\" content=\"2021-05-18T12:36:24+00:00\" \/>\n<meta name=\"twitter:card\" content=\"summary_large_image\" \/>\n<meta name=\"twitter:label1\" content=\"Est. reading time\" \/>\n\t<meta name=\"twitter:data1\" content=\"1 minute\" \/>\n<script type=\"application\/ld+json\" class=\"yoast-schema-graph\">{\"@context\":\"https:\\\/\\\/schema.org\",\"@graph\":[{\"@type\":\"WebPage\",\"@id\":\"https:\\\/\\\/accesbeaute.ca\\\/en\\\/buy\\\/v-stat-advanced-scar-gel\\\/\",\"url\":\"https:\\\/\\\/accesbeaute.ca\\\/en\\\/buy\\\/v-stat-advanced-scar-gel\\\/\",\"name\":\"V-STAT Advanced Scar Gel - Achat en ligne\",\"isPartOf\":{\"@id\":\"https:\\\/\\\/accesbeaute.ca\\\/en\\\/#website\"},\"datePublished\":\"2018-07-28T18:11:22+00:00\",\"dateModified\":\"2021-05-18T12:36:24+00:00\",\"description\":\"%\",\"breadcrumb\":{\"@id\":\"https:\\\/\\\/accesbeaute.ca\\\/en\\\/buy\\\/v-stat-advanced-scar-gel\\\/#breadcrumb\"},\"inLanguage\":\"en-US\",\"potentialAction\":[{\"@type\":\"ReadAction\",\"target\":[\"https:\\\/\\\/accesbeaute.ca\\\/en\\\/buy\\\/v-stat-advanced-scar-gel\\\/\"]}]},{\"@type\":\"BreadcrumbList\",\"@id\":\"https:\\\/\\\/accesbeaute.ca\\\/en\\\/buy\\\/v-stat-advanced-scar-gel\\\/#breadcrumb\",\"itemListElement\":[{\"@type\":\"ListItem\",\"position\":1,\"name\":\"Accueil\",\"item\":\"https:\\\/\\\/accesbeaute.ca\\\/en\\\/\"},{\"@type\":\"ListItem\",\"position\":2,\"name\":\"Boutique\",\"item\":\"https:\\\/\\\/accesbeaute.ca\\\/boutique\\\/\"},{\"@type\":\"ListItem\",\"position\":3,\"name\":\"Cr\u00e8mes hydratantes\",\"item\":\"https:\\\/\\\/accesbeaute.ca\\\/en\\\/acheter\\\/creme-hydratante-en\\\/\"},{\"@type\":\"ListItem\",\"position\":4,\"name\":\"V-STAT Advanced Scar Gel\"}]},{\"@type\":\"WebSite\",\"@id\":\"https:\\\/\\\/accesbeaute.ca\\\/en\\\/#website\",\"url\":\"https:\\\/\\\/accesbeaute.ca\\\/en\\\/\",\"name\":\"Acc\u00e8s Beaut\u00e9\",\"description\":\"Achat de produits de beaut\u00e9 en ligne\",\"potentialAction\":[{\"@type\":\"SearchAction\",\"target\":{\"@type\":\"EntryPoint\",\"urlTemplate\":\"https:\\\/\\\/accesbeaute.ca\\\/en\\\/?s={search_term_string}\"},\"query-input\":{\"@type\":\"PropertyValueSpecification\",\"valueRequired\":true,\"valueName\":\"search_term_string\"}}],\"inLanguage\":\"en-US\"}]}<\/script>\n<!-- \/ Yoast SEO plugin. -->","yoast_head_json":{"title":"V-STAT Advanced Scar Gel  - Achat en ligne","description":"%","robots":{"index":"index","follow":"follow","max-snippet":"max-snippet:-1","max-image-preview":"max-image-preview:large","max-video-preview":"max-video-preview:-1"},"canonical":"https:\/\/accesbeaute.ca\/en\/buy\/v-stat-advanced-scar-gel\/","og_locale":"en_US","og_type":"article","og_title":"V-STAT Advanced Scar Gel  - Achat en ligne","og_description":"%","og_url":"https:\/\/accesbeaute.ca\/en\/buy\/v-stat-advanced-scar-gel\/","og_site_name":"Acc\u00e8s Beaut\u00e9","article_modified_time":"2021-05-18T12:36:24+00:00","twitter_card":"summary_large_image","twitter_misc":{"Est. reading time":"1 minute"},"schema":{"@context":"https:\/\/schema.org","@graph":[{"@type":"WebPage","@id":"https:\/\/accesbeaute.ca\/en\/buy\/v-stat-advanced-scar-gel\/","url":"https:\/\/accesbeaute.ca\/en\/buy\/v-stat-advanced-scar-gel\/","name":"V-STAT Advanced Scar Gel - Achat en ligne","isPartOf":{"@id":"https:\/\/accesbeaute.ca\/en\/#website"},"datePublished":"2018-07-28T18:11:22+00:00","dateModified":"2021-05-18T12:36:24+00:00","description":"%","breadcrumb":{"@id":"https:\/\/accesbeaute.ca\/en\/buy\/v-stat-advanced-scar-gel\/#breadcrumb"},"inLanguage":"en-US","potentialAction":[{"@type":"ReadAction","target":["https:\/\/accesbeaute.ca\/en\/buy\/v-stat-advanced-scar-gel\/"]}]},{"@type":"BreadcrumbList","@id":"https:\/\/accesbeaute.ca\/en\/buy\/v-stat-advanced-scar-gel\/#breadcrumb","itemListElement":[{"@type":"ListItem","position":1,"name":"Accueil","item":"https:\/\/accesbeaute.ca\/en\/"},{"@type":"ListItem","position":2,"name":"Boutique","item":"https:\/\/accesbeaute.ca\/boutique\/"},{"@type":"ListItem","position":3,"name":"Cr\u00e8mes hydratantes","item":"https:\/\/accesbeaute.ca\/en\/acheter\/creme-hydratante-en\/"},{"@type":"ListItem","position":4,"name":"V-STAT Advanced Scar Gel"}]},{"@type":"WebSite","@id":"https:\/\/accesbeaute.ca\/en\/#website","url":"https:\/\/accesbeaute.ca\/en\/","name":"Acc\u00e8s Beaut\u00e9","description":"Achat de produits de beaut\u00e9 en ligne","potentialAction":[{"@type":"SearchAction","target":{"@type":"EntryPoint","urlTemplate":"https:\/\/accesbeaute.ca\/en\/?s={search_term_string}"},"query-input":{"@type":"PropertyValueSpecification","valueRequired":true,"valueName":"search_term_string"}}],"inLanguage":"en-US"}]}},"_links":{"self":[{"href":"https:\/\/accesbeaute.ca\/en\/wp-json\/wp\/v2\/product\/1712","targetHints":{"allow":["GET"]}}],"collection":[{"href":"https:\/\/accesbeaute.ca\/en\/wp-json\/wp\/v2\/product"}],"about":[{"href":"https:\/\/accesbeaute.ca\/en\/wp-json\/wp\/v2\/types\/product"}],"wp:attachment":[{"href":"https:\/\/accesbeaute.ca\/en\/wp-json\/wp\/v2\/media?parent=1712"}],"wp:term":[{"taxonomy":"product_brand","embeddable":true,"href":"https:\/\/accesbeaute.ca\/en\/wp-json\/wp\/v2\/product_brand?post=1712"},{"taxonomy":"product_cat","embeddable":true,"href":"https:\/\/accesbeaute.ca\/en\/wp-json\/wp\/v2\/product_cat?post=1712"},{"taxonomy":"product_tag","embeddable":true,"href":"https:\/\/accesbeaute.ca\/en\/wp-json\/wp\/v2\/product_tag?post=1712"}],"curies":[{"name":"wp","href":"https:\/\/api.w.org\/{rel}","templated":true}]}}