{"id":1713,"date":"2018-07-28T18:11:20","date_gmt":"2018-07-28T18:11:20","guid":{"rendered":"https:\/\/accesbeaute.ca\/achat\/sheer-broad-spectrum-spf-45-vivier\/"},"modified":"2020-12-30T18:55:20","modified_gmt":"2020-12-30T18:55:20","slug":"sheer-broad-spectrum-spf-45-vivier","status":"publish","type":"product","link":"https:\/\/accesbeaute.ca\/en\/buy\/sheer-broad-spectrum-spf-45-vivier\/","title":{"rendered":"Sheer Broad Spectrum SPF 45"},"content":{"rendered":"<p>Size: 90 ml \/ 3 fl oz<\/p>\n<p><strong>Q: What is silica?<\/strong><br \/>\nA: It is a special texturizing agent that is known to absorb oils and provide a mattifying and weightless texture.<\/p>\n<p><strong>Q: Can Sheer SPF 45 be used with makeup?\u00a0<\/strong><br \/>\nA: Yes. \u00a0Sheer SPF 45 melts into the skin for a matte finish leaving no residue which makes it ideal for use alone or under makeup.<\/p>\n<p><strong>Q: Can this product be used post-procedure?<\/strong><br \/>\nA: Yes. Sheer SPF 45 is ideal for all skin types and conditions, even post-procedure. It can be used following a Vivier Peel&#x2122; or non-ablative in-office procedures.<\/p>\n<p><strong>Q: Does it contain chemical or physical UV filters?\u00a0<\/strong><br \/>\nA: Sheer SPF 45 contains both chemical and physical UV filters. It is formulated with Zinc Oxide, a UVA and UVB physical filter, and Octocrylene, Ethylhexyl Methoxycinnamate (Octinoxate) and Ethylhexyl Salicylate, UVB chemical filters.<\/p>\n<p><strong>Q: What makes this sunscreen different?<\/strong><br \/>\nA: Sheer SPF 45 perfectly balances smaller sunscreen particles for weightless application, and larger particles for greater UV protection.<\/p>\n","protected":false},"excerpt":{"rendered":"<hr class=\"ligne-grise\" \/>\n<p><strong>Brand:<\/strong> <a href=\"\/buy\/vivier\">Vivier<\/a><\/p>\n<p>A silky sunscreen that provides broad-spectrum UVA\/UVB protection with a sheer, soft touch texture that spreads evenly on your skin. Ideal for normal to dry skin.<\/p>\n","protected":false},"featured_media":0,"template":"","meta":{"_et_pb_use_builder":"","_et_pb_old_content":"","_et_gb_content_width":""},"product_brand":[],"product_cat":[210,191,225,190],"product_tag":[217],"class_list":{"0":"post-1713","1":"product","2":"type-product","3":"status-publish","5":"product_cat-fabrique-au-canada-en","6":"product_cat-produits-de-beaute-pour-tout-type-de-peau-en","7":"product_cat-soins-et-cremes-solaires","8":"product_cat-vivier","9":"product_tag-vivier-en","11":"first","12":"outofstock","13":"taxable","14":"shipping-taxable","15":"purchasable","16":"product-type-simple"},"yoast_head":"<!-- This site is optimized with the Yoast SEO plugin v27.3 - https:\/\/yoast.com\/product\/yoast-seo-wordpress\/ -->\n<title>Sheer Broad Spectrum SPF 45  - Achat en ligne<\/title>\n<meta name=\"description\" content=\"%\" \/>\n<meta name=\"robots\" content=\"index, follow, max-snippet:-1, max-image-preview:large, max-video-preview:-1\" \/>\n<link rel=\"canonical\" href=\"https:\/\/accesbeaute.ca\/en\/buy\/sheer-broad-spectrum-spf-45-vivier\/\" \/>\n<meta property=\"og:locale\" content=\"en_US\" \/>\n<meta property=\"og:type\" content=\"article\" \/>\n<meta property=\"og:title\" content=\"Sheer Broad Spectrum SPF 45  - Achat en ligne\" \/>\n<meta property=\"og:description\" content=\"%\" \/>\n<meta property=\"og:url\" content=\"https:\/\/accesbeaute.ca\/en\/buy\/sheer-broad-spectrum-spf-45-vivier\/\" \/>\n<meta property=\"og:site_name\" content=\"Acc\u00e8s Beaut\u00e9\" \/>\n<meta property=\"article:modified_time\" content=\"2020-12-30T18:55:20+00:00\" \/>\n<meta name=\"twitter:card\" content=\"summary_large_image\" \/>\n<meta name=\"twitter:label1\" content=\"Est. reading time\" \/>\n\t<meta name=\"twitter:data1\" content=\"1 minute\" \/>\n<script type=\"application\/ld+json\" class=\"yoast-schema-graph\">{\"@context\":\"https:\\\/\\\/schema.org\",\"@graph\":[{\"@type\":\"WebPage\",\"@id\":\"https:\\\/\\\/accesbeaute.ca\\\/en\\\/buy\\\/sheer-broad-spectrum-spf-45-vivier\\\/\",\"url\":\"https:\\\/\\\/accesbeaute.ca\\\/en\\\/buy\\\/sheer-broad-spectrum-spf-45-vivier\\\/\",\"name\":\"Sheer Broad Spectrum SPF 45 - Achat en ligne\",\"isPartOf\":{\"@id\":\"https:\\\/\\\/accesbeaute.ca\\\/en\\\/#website\"},\"datePublished\":\"2018-07-28T18:11:20+00:00\",\"dateModified\":\"2020-12-30T18:55:20+00:00\",\"description\":\"%\",\"breadcrumb\":{\"@id\":\"https:\\\/\\\/accesbeaute.ca\\\/en\\\/buy\\\/sheer-broad-spectrum-spf-45-vivier\\\/#breadcrumb\"},\"inLanguage\":\"en-US\",\"potentialAction\":[{\"@type\":\"ReadAction\",\"target\":[\"https:\\\/\\\/accesbeaute.ca\\\/en\\\/buy\\\/sheer-broad-spectrum-spf-45-vivier\\\/\"]}]},{\"@type\":\"BreadcrumbList\",\"@id\":\"https:\\\/\\\/accesbeaute.ca\\\/en\\\/buy\\\/sheer-broad-spectrum-spf-45-vivier\\\/#breadcrumb\",\"itemListElement\":[{\"@type\":\"ListItem\",\"position\":1,\"name\":\"Accueil\",\"item\":\"https:\\\/\\\/accesbeaute.ca\\\/en\\\/\"},{\"@type\":\"ListItem\",\"position\":2,\"name\":\"Boutique\",\"item\":\"https:\\\/\\\/accesbeaute.ca\\\/boutique\\\/\"},{\"@type\":\"ListItem\",\"position\":3,\"name\":\"Fabriqu\u00e9 au Canada\",\"item\":\"https:\\\/\\\/accesbeaute.ca\\\/en\\\/acheter\\\/fabrique-au-canada-en\\\/\"},{\"@type\":\"ListItem\",\"position\":4,\"name\":\"Sheer Broad Spectrum SPF 45\"}]},{\"@type\":\"WebSite\",\"@id\":\"https:\\\/\\\/accesbeaute.ca\\\/en\\\/#website\",\"url\":\"https:\\\/\\\/accesbeaute.ca\\\/en\\\/\",\"name\":\"Acc\u00e8s Beaut\u00e9\",\"description\":\"Achat de produits de beaut\u00e9 en ligne\",\"potentialAction\":[{\"@type\":\"SearchAction\",\"target\":{\"@type\":\"EntryPoint\",\"urlTemplate\":\"https:\\\/\\\/accesbeaute.ca\\\/en\\\/?s={search_term_string}\"},\"query-input\":{\"@type\":\"PropertyValueSpecification\",\"valueRequired\":true,\"valueName\":\"search_term_string\"}}],\"inLanguage\":\"en-US\"}]}<\/script>\n<!-- \/ Yoast SEO plugin. -->","yoast_head_json":{"title":"Sheer Broad Spectrum SPF 45  - Achat en ligne","description":"%","robots":{"index":"index","follow":"follow","max-snippet":"max-snippet:-1","max-image-preview":"max-image-preview:large","max-video-preview":"max-video-preview:-1"},"canonical":"https:\/\/accesbeaute.ca\/en\/buy\/sheer-broad-spectrum-spf-45-vivier\/","og_locale":"en_US","og_type":"article","og_title":"Sheer Broad Spectrum SPF 45  - Achat en ligne","og_description":"%","og_url":"https:\/\/accesbeaute.ca\/en\/buy\/sheer-broad-spectrum-spf-45-vivier\/","og_site_name":"Acc\u00e8s Beaut\u00e9","article_modified_time":"2020-12-30T18:55:20+00:00","twitter_card":"summary_large_image","twitter_misc":{"Est. reading time":"1 minute"},"schema":{"@context":"https:\/\/schema.org","@graph":[{"@type":"WebPage","@id":"https:\/\/accesbeaute.ca\/en\/buy\/sheer-broad-spectrum-spf-45-vivier\/","url":"https:\/\/accesbeaute.ca\/en\/buy\/sheer-broad-spectrum-spf-45-vivier\/","name":"Sheer Broad Spectrum SPF 45 - Achat en ligne","isPartOf":{"@id":"https:\/\/accesbeaute.ca\/en\/#website"},"datePublished":"2018-07-28T18:11:20+00:00","dateModified":"2020-12-30T18:55:20+00:00","description":"%","breadcrumb":{"@id":"https:\/\/accesbeaute.ca\/en\/buy\/sheer-broad-spectrum-spf-45-vivier\/#breadcrumb"},"inLanguage":"en-US","potentialAction":[{"@type":"ReadAction","target":["https:\/\/accesbeaute.ca\/en\/buy\/sheer-broad-spectrum-spf-45-vivier\/"]}]},{"@type":"BreadcrumbList","@id":"https:\/\/accesbeaute.ca\/en\/buy\/sheer-broad-spectrum-spf-45-vivier\/#breadcrumb","itemListElement":[{"@type":"ListItem","position":1,"name":"Accueil","item":"https:\/\/accesbeaute.ca\/en\/"},{"@type":"ListItem","position":2,"name":"Boutique","item":"https:\/\/accesbeaute.ca\/boutique\/"},{"@type":"ListItem","position":3,"name":"Fabriqu\u00e9 au Canada","item":"https:\/\/accesbeaute.ca\/en\/acheter\/fabrique-au-canada-en\/"},{"@type":"ListItem","position":4,"name":"Sheer Broad Spectrum SPF 45"}]},{"@type":"WebSite","@id":"https:\/\/accesbeaute.ca\/en\/#website","url":"https:\/\/accesbeaute.ca\/en\/","name":"Acc\u00e8s Beaut\u00e9","description":"Achat de produits de beaut\u00e9 en ligne","potentialAction":[{"@type":"SearchAction","target":{"@type":"EntryPoint","urlTemplate":"https:\/\/accesbeaute.ca\/en\/?s={search_term_string}"},"query-input":{"@type":"PropertyValueSpecification","valueRequired":true,"valueName":"search_term_string"}}],"inLanguage":"en-US"}]}},"_links":{"self":[{"href":"https:\/\/accesbeaute.ca\/en\/wp-json\/wp\/v2\/product\/1713","targetHints":{"allow":["GET"]}}],"collection":[{"href":"https:\/\/accesbeaute.ca\/en\/wp-json\/wp\/v2\/product"}],"about":[{"href":"https:\/\/accesbeaute.ca\/en\/wp-json\/wp\/v2\/types\/product"}],"wp:attachment":[{"href":"https:\/\/accesbeaute.ca\/en\/wp-json\/wp\/v2\/media?parent=1713"}],"wp:term":[{"taxonomy":"product_brand","embeddable":true,"href":"https:\/\/accesbeaute.ca\/en\/wp-json\/wp\/v2\/product_brand?post=1713"},{"taxonomy":"product_cat","embeddable":true,"href":"https:\/\/accesbeaute.ca\/en\/wp-json\/wp\/v2\/product_cat?post=1713"},{"taxonomy":"product_tag","embeddable":true,"href":"https:\/\/accesbeaute.ca\/en\/wp-json\/wp\/v2\/product_tag?post=1713"}],"curies":[{"name":"wp","href":"https:\/\/api.w.org\/{rel}","templated":true}]}}