{"id":1714,"date":"2018-07-28T18:11:21","date_gmt":"2018-07-28T18:11:21","guid":{"rendered":"https:\/\/accesbeaute.ca\/achat\/peptide-cr-eye-creme-vivier\/"},"modified":"2021-01-21T19:35:55","modified_gmt":"2021-01-21T19:35:55","slug":"peptide-cr-eye-creme-vivier","status":"publish","type":"product","link":"https:\/\/accesbeaute.ca\/en\/buy\/peptide-cr-eye-creme-vivier\/","title":{"rendered":"Peptide CR Eye Cr\u00e8me"},"content":{"rendered":"<p>Size: 10 ml \/ 0.33 fl oz<\/p>\n<p><strong>Q: How do I incorporate this product in my skin care regimen?<\/strong><br \/>\nA: The Peptide CR Eye Cr\u00e8me should be used following a Vivier Cleanser and Toner.<\/p>\n<p><strong>Q: Should I use the Peptide CR Eye Cr\u00e8me once or twice a day?<\/strong><br \/>\nA: The Peptide CR Eye Cr\u00e8me is a luxurious eye contour cream. For sensitive skin start with one application daily, then gradually increase to two times daily. If dryness or peeling occurs, reduce application to once a day or every other day.<\/p>\n<p><strong>Q: Where do you apply this product?<\/strong><br \/>\nA: Using your finger follow the contours of the bone that frames your eye area. This will be your application area. Dab a pea size amount of the product onto the top of your hand. You will use this hand as your palette. Dab your finger into the product and apply the product in a dabbing motion along the bone, avoiding the skin inside of this bone. Blend but do not rub in.<\/p>\n<p><strong>Q: Is this product safe to use on the eyelids?<\/strong><br \/>\nA: This product&#8217;s safety on eyelids has not been tested. It is therefore not recommended to apply the product directly on the eyelids.<\/p>\n","protected":false},"excerpt":{"rendered":"<hr class=\"ligne-grise\" \/>\n<p><strong>Brand:<\/strong> <a href=\"\/buy\/vivier\">Vivier<\/a><\/p>\n<p>A moisturizing cream specifically designed for the delicate skin around your eyes that helps reduce the appearance of fine lines, wrinkles, and dark circles. Ideal for all skin types.<\/p>\n","protected":false},"featured_media":0,"template":"","meta":{"_et_pb_use_builder":"","_et_pb_old_content":"","_et_gb_content_width":""},"product_brand":[],"product_cat":[210,191,226,227,219,190],"product_tag":[217],"class_list":{"0":"post-1714","1":"product","2":"type-product","3":"status-publish","5":"product_cat-fabrique-au-canada-en","6":"product_cat-produits-de-beaute-pour-tout-type-de-peau-en","7":"product_cat-produits-pour-poches-et-cernes","8":"product_cat-produits-pour-soins-des-yeux","9":"product_cat-soins-anti-age","10":"product_cat-vivier","11":"product_tag-vivier-en","13":"first","14":"outofstock","15":"sale","16":"taxable","17":"shipping-taxable","18":"purchasable","19":"product-type-simple"},"yoast_head":"<!-- This site is optimized with the Yoast SEO plugin v27.3 - https:\/\/yoast.com\/product\/yoast-seo-wordpress\/ -->\n<title>Peptide CR Eye Cr\u00e8me  - Achat en ligne<\/title>\n<meta name=\"description\" content=\"%\" \/>\n<meta name=\"robots\" content=\"index, follow, max-snippet:-1, max-image-preview:large, max-video-preview:-1\" \/>\n<link rel=\"canonical\" href=\"https:\/\/accesbeaute.ca\/en\/buy\/peptide-cr-eye-creme-vivier\/\" \/>\n<meta property=\"og:locale\" content=\"en_US\" \/>\n<meta property=\"og:type\" content=\"article\" \/>\n<meta property=\"og:title\" content=\"Peptide CR Eye Cr\u00e8me  - Achat en ligne\" \/>\n<meta property=\"og:description\" content=\"%\" \/>\n<meta property=\"og:url\" content=\"https:\/\/accesbeaute.ca\/en\/buy\/peptide-cr-eye-creme-vivier\/\" \/>\n<meta property=\"og:site_name\" content=\"Acc\u00e8s Beaut\u00e9\" \/>\n<meta property=\"article:modified_time\" content=\"2021-01-21T19:35:55+00:00\" \/>\n<meta name=\"twitter:card\" content=\"summary_large_image\" \/>\n<meta name=\"twitter:label1\" content=\"Est. reading time\" \/>\n\t<meta name=\"twitter:data1\" content=\"1 minute\" \/>\n<script type=\"application\/ld+json\" class=\"yoast-schema-graph\">{\"@context\":\"https:\\\/\\\/schema.org\",\"@graph\":[{\"@type\":\"WebPage\",\"@id\":\"https:\\\/\\\/accesbeaute.ca\\\/en\\\/buy\\\/peptide-cr-eye-creme-vivier\\\/\",\"url\":\"https:\\\/\\\/accesbeaute.ca\\\/en\\\/buy\\\/peptide-cr-eye-creme-vivier\\\/\",\"name\":\"Peptide CR Eye Cr\u00e8me - Achat en ligne\",\"isPartOf\":{\"@id\":\"https:\\\/\\\/accesbeaute.ca\\\/en\\\/#website\"},\"datePublished\":\"2018-07-28T18:11:21+00:00\",\"dateModified\":\"2021-01-21T19:35:55+00:00\",\"description\":\"%\",\"breadcrumb\":{\"@id\":\"https:\\\/\\\/accesbeaute.ca\\\/en\\\/buy\\\/peptide-cr-eye-creme-vivier\\\/#breadcrumb\"},\"inLanguage\":\"en-US\",\"potentialAction\":[{\"@type\":\"ReadAction\",\"target\":[\"https:\\\/\\\/accesbeaute.ca\\\/en\\\/buy\\\/peptide-cr-eye-creme-vivier\\\/\"]}]},{\"@type\":\"BreadcrumbList\",\"@id\":\"https:\\\/\\\/accesbeaute.ca\\\/en\\\/buy\\\/peptide-cr-eye-creme-vivier\\\/#breadcrumb\",\"itemListElement\":[{\"@type\":\"ListItem\",\"position\":1,\"name\":\"Accueil\",\"item\":\"https:\\\/\\\/accesbeaute.ca\\\/en\\\/\"},{\"@type\":\"ListItem\",\"position\":2,\"name\":\"Boutique\",\"item\":\"https:\\\/\\\/accesbeaute.ca\\\/boutique\\\/\"},{\"@type\":\"ListItem\",\"position\":3,\"name\":\"Fabriqu\u00e9 au Canada\",\"item\":\"https:\\\/\\\/accesbeaute.ca\\\/en\\\/acheter\\\/fabrique-au-canada-en\\\/\"},{\"@type\":\"ListItem\",\"position\":4,\"name\":\"Peptide CR Eye Cr\u00e8me\"}]},{\"@type\":\"WebSite\",\"@id\":\"https:\\\/\\\/accesbeaute.ca\\\/en\\\/#website\",\"url\":\"https:\\\/\\\/accesbeaute.ca\\\/en\\\/\",\"name\":\"Acc\u00e8s Beaut\u00e9\",\"description\":\"Achat de produits de beaut\u00e9 en ligne\",\"potentialAction\":[{\"@type\":\"SearchAction\",\"target\":{\"@type\":\"EntryPoint\",\"urlTemplate\":\"https:\\\/\\\/accesbeaute.ca\\\/en\\\/?s={search_term_string}\"},\"query-input\":{\"@type\":\"PropertyValueSpecification\",\"valueRequired\":true,\"valueName\":\"search_term_string\"}}],\"inLanguage\":\"en-US\"}]}<\/script>\n<!-- \/ Yoast SEO plugin. -->","yoast_head_json":{"title":"Peptide CR Eye Cr\u00e8me  - Achat en ligne","description":"%","robots":{"index":"index","follow":"follow","max-snippet":"max-snippet:-1","max-image-preview":"max-image-preview:large","max-video-preview":"max-video-preview:-1"},"canonical":"https:\/\/accesbeaute.ca\/en\/buy\/peptide-cr-eye-creme-vivier\/","og_locale":"en_US","og_type":"article","og_title":"Peptide CR Eye Cr\u00e8me  - Achat en ligne","og_description":"%","og_url":"https:\/\/accesbeaute.ca\/en\/buy\/peptide-cr-eye-creme-vivier\/","og_site_name":"Acc\u00e8s Beaut\u00e9","article_modified_time":"2021-01-21T19:35:55+00:00","twitter_card":"summary_large_image","twitter_misc":{"Est. reading time":"1 minute"},"schema":{"@context":"https:\/\/schema.org","@graph":[{"@type":"WebPage","@id":"https:\/\/accesbeaute.ca\/en\/buy\/peptide-cr-eye-creme-vivier\/","url":"https:\/\/accesbeaute.ca\/en\/buy\/peptide-cr-eye-creme-vivier\/","name":"Peptide CR Eye Cr\u00e8me - Achat en ligne","isPartOf":{"@id":"https:\/\/accesbeaute.ca\/en\/#website"},"datePublished":"2018-07-28T18:11:21+00:00","dateModified":"2021-01-21T19:35:55+00:00","description":"%","breadcrumb":{"@id":"https:\/\/accesbeaute.ca\/en\/buy\/peptide-cr-eye-creme-vivier\/#breadcrumb"},"inLanguage":"en-US","potentialAction":[{"@type":"ReadAction","target":["https:\/\/accesbeaute.ca\/en\/buy\/peptide-cr-eye-creme-vivier\/"]}]},{"@type":"BreadcrumbList","@id":"https:\/\/accesbeaute.ca\/en\/buy\/peptide-cr-eye-creme-vivier\/#breadcrumb","itemListElement":[{"@type":"ListItem","position":1,"name":"Accueil","item":"https:\/\/accesbeaute.ca\/en\/"},{"@type":"ListItem","position":2,"name":"Boutique","item":"https:\/\/accesbeaute.ca\/boutique\/"},{"@type":"ListItem","position":3,"name":"Fabriqu\u00e9 au Canada","item":"https:\/\/accesbeaute.ca\/en\/acheter\/fabrique-au-canada-en\/"},{"@type":"ListItem","position":4,"name":"Peptide CR Eye Cr\u00e8me"}]},{"@type":"WebSite","@id":"https:\/\/accesbeaute.ca\/en\/#website","url":"https:\/\/accesbeaute.ca\/en\/","name":"Acc\u00e8s Beaut\u00e9","description":"Achat de produits de beaut\u00e9 en ligne","potentialAction":[{"@type":"SearchAction","target":{"@type":"EntryPoint","urlTemplate":"https:\/\/accesbeaute.ca\/en\/?s={search_term_string}"},"query-input":{"@type":"PropertyValueSpecification","valueRequired":true,"valueName":"search_term_string"}}],"inLanguage":"en-US"}]}},"_links":{"self":[{"href":"https:\/\/accesbeaute.ca\/en\/wp-json\/wp\/v2\/product\/1714","targetHints":{"allow":["GET"]}}],"collection":[{"href":"https:\/\/accesbeaute.ca\/en\/wp-json\/wp\/v2\/product"}],"about":[{"href":"https:\/\/accesbeaute.ca\/en\/wp-json\/wp\/v2\/types\/product"}],"wp:attachment":[{"href":"https:\/\/accesbeaute.ca\/en\/wp-json\/wp\/v2\/media?parent=1714"}],"wp:term":[{"taxonomy":"product_brand","embeddable":true,"href":"https:\/\/accesbeaute.ca\/en\/wp-json\/wp\/v2\/product_brand?post=1714"},{"taxonomy":"product_cat","embeddable":true,"href":"https:\/\/accesbeaute.ca\/en\/wp-json\/wp\/v2\/product_cat?post=1714"},{"taxonomy":"product_tag","embeddable":true,"href":"https:\/\/accesbeaute.ca\/en\/wp-json\/wp\/v2\/product_tag?post=1714"}],"curies":[{"name":"wp","href":"https:\/\/api.w.org\/{rel}","templated":true}]}}