{"id":1717,"date":"2018-07-28T18:10:55","date_gmt":"2018-07-28T18:10:55","guid":{"rendered":"https:\/\/accesbeaute.ca\/achat\/hexam-gentle-cleaner-vivier\/"},"modified":"2020-12-30T18:53:58","modified_gmt":"2020-12-30T18:53:58","slug":"hexam-gentle-cleaner-vivier","status":"publish","type":"product","link":"https:\/\/accesbeaute.ca\/en\/buy\/hexam-gentle-cleaner-vivier\/","title":{"rendered":"HEXAM &#8211; Gentle Cleaner"},"content":{"rendered":"<p>Size: 150 ml \/ 5 fl oz<\/p>\n<p><strong>FAQ<\/strong><\/p>\n<p><strong>Q: What skin type is this product for?<\/strong><br \/>\nA: HEXAM is also the ideal cleanser to use before and after aesthetic procedures.<\/p>\n<p><strong>Q: Is this product the only product I need to properly cleanse my skin?<\/strong><br \/>\nA: While cleansing with this pharmaceutical grade cleanser is definitely the first step it is recommended to continue your routine with the Vivier Refreshing Toner to prepare your skin for the next steps in your skin care regimen.<\/p>\n","protected":false},"excerpt":{"rendered":"<hr class=\"ligne-grise\" \/>\n<p><strong>Brand:<\/strong> <a href=\"\/buy\/vivier\">Vivier<\/a><\/p>\n<p>A gentle cleanser that removes oil and impurities to clean and purify your skin. Ideal for all skin types.<\/p>\n","protected":false},"featured_media":1718,"template":"","meta":{"_et_pb_use_builder":"","_et_pb_old_content":"","_et_gb_content_width":""},"product_brand":[],"product_cat":[192,210,191,193,190],"product_tag":[217],"class_list":{"0":"post-1717","1":"product","2":"type-product","3":"status-publish","4":"has-post-thumbnail","6":"product_cat-demaquillant-et-nettoyant-en","7":"product_cat-fabrique-au-canada-en","8":"product_cat-produits-de-beaute-pour-tout-type-de-peau-en","9":"product_cat-produit-de-beaute-peau-sensible-ou-reactive-en","10":"product_cat-vivier","11":"product_tag-vivier-en","13":"first","14":"outofstock","15":"sale","16":"taxable","17":"shipping-taxable","18":"purchasable","19":"product-type-simple"},"yoast_head":"<!-- This site is optimized with the Yoast SEO plugin v27.3 - https:\/\/yoast.com\/product\/yoast-seo-wordpress\/ -->\n<title>HEXAM - Gentle Cleaner  - Achat en ligne<\/title>\n<meta name=\"description\" content=\"%\" \/>\n<meta name=\"robots\" content=\"index, follow, max-snippet:-1, max-image-preview:large, max-video-preview:-1\" \/>\n<link rel=\"canonical\" href=\"https:\/\/accesbeaute.ca\/en\/buy\/hexam-gentle-cleaner-vivier\/\" \/>\n<meta property=\"og:locale\" content=\"en_US\" \/>\n<meta property=\"og:type\" content=\"article\" \/>\n<meta property=\"og:title\" content=\"HEXAM - Gentle Cleaner  - Achat en ligne\" \/>\n<meta property=\"og:description\" content=\"%\" \/>\n<meta property=\"og:url\" content=\"https:\/\/accesbeaute.ca\/en\/buy\/hexam-gentle-cleaner-vivier\/\" \/>\n<meta property=\"og:site_name\" content=\"Acc\u00e8s Beaut\u00e9\" \/>\n<meta property=\"article:modified_time\" content=\"2020-12-30T18:53:58+00:00\" \/>\n<meta property=\"og:image\" content=\"https:\/\/accesbeaute.ca\/wp-content\/uploads\/2018\/07\/hexam-nettoyant-intense-et-tres-doux-par-vivier.jpg\" \/>\n\t<meta property=\"og:image:width\" content=\"721\" \/>\n\t<meta property=\"og:image:height\" content=\"721\" \/>\n\t<meta property=\"og:image:type\" content=\"image\/jpeg\" \/>\n<meta name=\"twitter:card\" content=\"summary_large_image\" \/>\n<script type=\"application\/ld+json\" class=\"yoast-schema-graph\">{\"@context\":\"https:\\\/\\\/schema.org\",\"@graph\":[{\"@type\":\"WebPage\",\"@id\":\"https:\\\/\\\/accesbeaute.ca\\\/en\\\/buy\\\/hexam-gentle-cleaner-vivier\\\/\",\"url\":\"https:\\\/\\\/accesbeaute.ca\\\/en\\\/buy\\\/hexam-gentle-cleaner-vivier\\\/\",\"name\":\"HEXAM - Gentle Cleaner - Achat en ligne\",\"isPartOf\":{\"@id\":\"https:\\\/\\\/accesbeaute.ca\\\/en\\\/#website\"},\"primaryImageOfPage\":{\"@id\":\"https:\\\/\\\/accesbeaute.ca\\\/en\\\/buy\\\/hexam-gentle-cleaner-vivier\\\/#primaryimage\"},\"image\":{\"@id\":\"https:\\\/\\\/accesbeaute.ca\\\/en\\\/buy\\\/hexam-gentle-cleaner-vivier\\\/#primaryimage\"},\"thumbnailUrl\":\"https:\\\/\\\/accesbeaute.ca\\\/wp-content\\\/uploads\\\/2018\\\/07\\\/hexam-nettoyant-intense-et-tres-doux-par-vivier.jpg\",\"datePublished\":\"2018-07-28T18:10:55+00:00\",\"dateModified\":\"2020-12-30T18:53:58+00:00\",\"description\":\"%\",\"breadcrumb\":{\"@id\":\"https:\\\/\\\/accesbeaute.ca\\\/en\\\/buy\\\/hexam-gentle-cleaner-vivier\\\/#breadcrumb\"},\"inLanguage\":\"en-US\",\"potentialAction\":[{\"@type\":\"ReadAction\",\"target\":[\"https:\\\/\\\/accesbeaute.ca\\\/en\\\/buy\\\/hexam-gentle-cleaner-vivier\\\/\"]}]},{\"@type\":\"ImageObject\",\"inLanguage\":\"en-US\",\"@id\":\"https:\\\/\\\/accesbeaute.ca\\\/en\\\/buy\\\/hexam-gentle-cleaner-vivier\\\/#primaryimage\",\"url\":\"https:\\\/\\\/accesbeaute.ca\\\/wp-content\\\/uploads\\\/2018\\\/07\\\/hexam-nettoyant-intense-et-tres-doux-par-vivier.jpg\",\"contentUrl\":\"https:\\\/\\\/accesbeaute.ca\\\/wp-content\\\/uploads\\\/2018\\\/07\\\/hexam-nettoyant-intense-et-tres-doux-par-vivier.jpg\",\"width\":721,\"height\":721,\"caption\":\"HEXAM - Gentle Cleaner\"},{\"@type\":\"BreadcrumbList\",\"@id\":\"https:\\\/\\\/accesbeaute.ca\\\/en\\\/buy\\\/hexam-gentle-cleaner-vivier\\\/#breadcrumb\",\"itemListElement\":[{\"@type\":\"ListItem\",\"position\":1,\"name\":\"Accueil\",\"item\":\"https:\\\/\\\/accesbeaute.ca\\\/en\\\/\"},{\"@type\":\"ListItem\",\"position\":2,\"name\":\"Boutique\",\"item\":\"https:\\\/\\\/accesbeaute.ca\\\/boutique\\\/\"},{\"@type\":\"ListItem\",\"position\":3,\"name\":\"D\u00e9maquillants et nettoyants\",\"item\":\"https:\\\/\\\/accesbeaute.ca\\\/en\\\/acheter\\\/demaquillant-et-nettoyant-en\\\/\"},{\"@type\":\"ListItem\",\"position\":4,\"name\":\"HEXAM &#8211; Gentle Cleaner\"}]},{\"@type\":\"WebSite\",\"@id\":\"https:\\\/\\\/accesbeaute.ca\\\/en\\\/#website\",\"url\":\"https:\\\/\\\/accesbeaute.ca\\\/en\\\/\",\"name\":\"Acc\u00e8s Beaut\u00e9\",\"description\":\"Achat de produits de beaut\u00e9 en ligne\",\"potentialAction\":[{\"@type\":\"SearchAction\",\"target\":{\"@type\":\"EntryPoint\",\"urlTemplate\":\"https:\\\/\\\/accesbeaute.ca\\\/en\\\/?s={search_term_string}\"},\"query-input\":{\"@type\":\"PropertyValueSpecification\",\"valueRequired\":true,\"valueName\":\"search_term_string\"}}],\"inLanguage\":\"en-US\"}]}<\/script>\n<!-- \/ Yoast SEO plugin. -->","yoast_head_json":{"title":"HEXAM - Gentle Cleaner  - Achat en ligne","description":"%","robots":{"index":"index","follow":"follow","max-snippet":"max-snippet:-1","max-image-preview":"max-image-preview:large","max-video-preview":"max-video-preview:-1"},"canonical":"https:\/\/accesbeaute.ca\/en\/buy\/hexam-gentle-cleaner-vivier\/","og_locale":"en_US","og_type":"article","og_title":"HEXAM - Gentle Cleaner  - Achat en ligne","og_description":"%","og_url":"https:\/\/accesbeaute.ca\/en\/buy\/hexam-gentle-cleaner-vivier\/","og_site_name":"Acc\u00e8s Beaut\u00e9","article_modified_time":"2020-12-30T18:53:58+00:00","og_image":[{"width":721,"height":721,"url":"https:\/\/accesbeaute.ca\/wp-content\/uploads\/2018\/07\/hexam-nettoyant-intense-et-tres-doux-par-vivier.jpg","type":"image\/jpeg"}],"twitter_card":"summary_large_image","schema":{"@context":"https:\/\/schema.org","@graph":[{"@type":"WebPage","@id":"https:\/\/accesbeaute.ca\/en\/buy\/hexam-gentle-cleaner-vivier\/","url":"https:\/\/accesbeaute.ca\/en\/buy\/hexam-gentle-cleaner-vivier\/","name":"HEXAM - Gentle Cleaner - Achat en ligne","isPartOf":{"@id":"https:\/\/accesbeaute.ca\/en\/#website"},"primaryImageOfPage":{"@id":"https:\/\/accesbeaute.ca\/en\/buy\/hexam-gentle-cleaner-vivier\/#primaryimage"},"image":{"@id":"https:\/\/accesbeaute.ca\/en\/buy\/hexam-gentle-cleaner-vivier\/#primaryimage"},"thumbnailUrl":"https:\/\/accesbeaute.ca\/wp-content\/uploads\/2018\/07\/hexam-nettoyant-intense-et-tres-doux-par-vivier.jpg","datePublished":"2018-07-28T18:10:55+00:00","dateModified":"2020-12-30T18:53:58+00:00","description":"%","breadcrumb":{"@id":"https:\/\/accesbeaute.ca\/en\/buy\/hexam-gentle-cleaner-vivier\/#breadcrumb"},"inLanguage":"en-US","potentialAction":[{"@type":"ReadAction","target":["https:\/\/accesbeaute.ca\/en\/buy\/hexam-gentle-cleaner-vivier\/"]}]},{"@type":"ImageObject","inLanguage":"en-US","@id":"https:\/\/accesbeaute.ca\/en\/buy\/hexam-gentle-cleaner-vivier\/#primaryimage","url":"https:\/\/accesbeaute.ca\/wp-content\/uploads\/2018\/07\/hexam-nettoyant-intense-et-tres-doux-par-vivier.jpg","contentUrl":"https:\/\/accesbeaute.ca\/wp-content\/uploads\/2018\/07\/hexam-nettoyant-intense-et-tres-doux-par-vivier.jpg","width":721,"height":721,"caption":"HEXAM - Gentle Cleaner"},{"@type":"BreadcrumbList","@id":"https:\/\/accesbeaute.ca\/en\/buy\/hexam-gentle-cleaner-vivier\/#breadcrumb","itemListElement":[{"@type":"ListItem","position":1,"name":"Accueil","item":"https:\/\/accesbeaute.ca\/en\/"},{"@type":"ListItem","position":2,"name":"Boutique","item":"https:\/\/accesbeaute.ca\/boutique\/"},{"@type":"ListItem","position":3,"name":"D\u00e9maquillants et nettoyants","item":"https:\/\/accesbeaute.ca\/en\/acheter\/demaquillant-et-nettoyant-en\/"},{"@type":"ListItem","position":4,"name":"HEXAM &#8211; Gentle Cleaner"}]},{"@type":"WebSite","@id":"https:\/\/accesbeaute.ca\/en\/#website","url":"https:\/\/accesbeaute.ca\/en\/","name":"Acc\u00e8s Beaut\u00e9","description":"Achat de produits de beaut\u00e9 en ligne","potentialAction":[{"@type":"SearchAction","target":{"@type":"EntryPoint","urlTemplate":"https:\/\/accesbeaute.ca\/en\/?s={search_term_string}"},"query-input":{"@type":"PropertyValueSpecification","valueRequired":true,"valueName":"search_term_string"}}],"inLanguage":"en-US"}]}},"_links":{"self":[{"href":"https:\/\/accesbeaute.ca\/en\/wp-json\/wp\/v2\/product\/1717","targetHints":{"allow":["GET"]}}],"collection":[{"href":"https:\/\/accesbeaute.ca\/en\/wp-json\/wp\/v2\/product"}],"about":[{"href":"https:\/\/accesbeaute.ca\/en\/wp-json\/wp\/v2\/types\/product"}],"wp:featuredmedia":[{"embeddable":true,"href":"https:\/\/accesbeaute.ca\/en\/wp-json\/wp\/v2\/media\/1718"}],"wp:attachment":[{"href":"https:\/\/accesbeaute.ca\/en\/wp-json\/wp\/v2\/media?parent=1717"}],"wp:term":[{"taxonomy":"product_brand","embeddable":true,"href":"https:\/\/accesbeaute.ca\/en\/wp-json\/wp\/v2\/product_brand?post=1717"},{"taxonomy":"product_cat","embeddable":true,"href":"https:\/\/accesbeaute.ca\/en\/wp-json\/wp\/v2\/product_cat?post=1717"},{"taxonomy":"product_tag","embeddable":true,"href":"https:\/\/accesbeaute.ca\/en\/wp-json\/wp\/v2\/product_tag?post=1717"}],"curies":[{"name":"wp","href":"https:\/\/api.w.org\/{rel}","templated":true}]}}