{"id":1725,"date":"2018-07-28T18:10:56","date_gmt":"2018-07-28T18:10:56","guid":{"rendered":"https:\/\/accesbeaute.ca\/achat\/kine-c-oil-free-anti-aging-vitamin-c-serum-vivier\/"},"modified":"2021-11-22T01:13:20","modified_gmt":"2021-11-22T01:13:20","slug":"kine-c-oil-free-anti-aging-vitamin-c-serum-vivier","status":"publish","type":"product","link":"https:\/\/accesbeaute.ca\/en\/buy\/kine-c-oil-free-anti-aging-vitamin-c-serum-vivier\/","title":{"rendered":"Kine-C &#8211; Oil-free anti-aging Vitamin C serum"},"content":{"rendered":"<p>Size: 30 ml \/ 1 fl oz<\/p>\n<p><strong>Q: How is this Vitamin C different?\u00a0<\/strong><br \/>\nA: This product is unique in a number of ways:<\/p>\n<ul>\n<li>It contains 100% pure L-Ascorbic Acid (pharmaceutical grade Vitamin C), the best quality Vitamin C available and the only form of Vitamin C that is absorbed by the body<\/li>\n<li>The patented formulation maximizes the stability of the product, a key factor in differentiating Vivier L-Ascorbic Acid serum from others on the market<\/li>\n<li>The product has a very pleasant feel and smell, making it enjoyable to use\n<\/ul>\n<p><strong>Q: Who should be using this product?\u00a0<\/strong><br \/>\nA: This product is ideal for anyone with dry, dehydrated skin that feels tight and uncomfortable. This powerful serum helps diminish the appearance of fine lines and wrinkles and uneven skin texture and tone.<\/p>\n<p><strong>Q: Is your product oil-free?\u00a0<\/strong><br \/>\nA: Yes, it is 100% oil-free.<\/li>\n<\/ul>\n","protected":false},"excerpt":{"rendered":"<hr class=\"ligne-grise\" \/>\n<p><strong>Brand:<\/strong> <a href=\"\/buy\/vivier\">Vivier<\/a><\/p>\n<p>An advanced oil-free anti-aging Vitamin C serum specifically formulated to help reduce the appearance of fine lines and wrinkles, as well as to reduce further signs of aging. Ideal for normal to oily skin.<\/p>\n","protected":false},"featured_media":1726,"template":"","meta":{"_et_pb_use_builder":"","_et_pb_old_content":"","_et_gb_content_width":""},"product_brand":[],"product_cat":[210,213,228,222,219,190],"product_tag":[217],"class_list":{"0":"post-1725","1":"product","2":"type-product","3":"status-publish","4":"has-post-thumbnail","6":"product_cat-fabrique-au-canada-en","7":"product_cat-produit-de-beaute-peau-seche-et-deshydratee-en","8":"product_cat-produits-pour-relachement-cutane","9":"product_cat-serums-rajeunissants","10":"product_cat-soins-anti-age","11":"product_cat-vivier","12":"product_tag-vivier-en","14":"first","15":"outofstock","16":"taxable","17":"shipping-taxable","18":"purchasable","19":"product-type-simple"},"yoast_head":"<!-- This site is optimized with the Yoast SEO plugin v27.3 - https:\/\/yoast.com\/product\/yoast-seo-wordpress\/ -->\n<title>Kine-C - Oil-free anti-aging Vitamin C serum  - Achat en ligne<\/title>\n<meta name=\"description\" content=\"%\" \/>\n<meta name=\"robots\" content=\"index, follow, max-snippet:-1, max-image-preview:large, max-video-preview:-1\" \/>\n<link rel=\"canonical\" href=\"https:\/\/accesbeaute.ca\/en\/buy\/kine-c-oil-free-anti-aging-vitamin-c-serum-vivier\/\" \/>\n<meta property=\"og:locale\" content=\"en_US\" \/>\n<meta property=\"og:type\" content=\"article\" \/>\n<meta property=\"og:title\" content=\"Kine-C - Oil-free anti-aging Vitamin C serum  - Achat en ligne\" \/>\n<meta property=\"og:description\" content=\"%\" \/>\n<meta property=\"og:url\" content=\"https:\/\/accesbeaute.ca\/en\/buy\/kine-c-oil-free-anti-aging-vitamin-c-serum-vivier\/\" \/>\n<meta property=\"og:site_name\" content=\"Acc\u00e8s Beaut\u00e9\" \/>\n<meta property=\"article:modified_time\" content=\"2021-11-22T01:13:20+00:00\" \/>\n<meta property=\"og:image\" content=\"https:\/\/accesbeaute.ca\/wp-content\/uploads\/2018\/07\/kine-c-serum-hydratant-et-raffermissant-par-vivier.jpg\" \/>\n\t<meta property=\"og:image:width\" content=\"674\" \/>\n\t<meta property=\"og:image:height\" content=\"674\" \/>\n\t<meta property=\"og:image:type\" content=\"image\/jpeg\" \/>\n<meta name=\"twitter:card\" content=\"summary_large_image\" \/>\n<meta name=\"twitter:label1\" content=\"Est. reading time\" \/>\n\t<meta name=\"twitter:data1\" content=\"1 minute\" \/>\n<script type=\"application\/ld+json\" class=\"yoast-schema-graph\">{\"@context\":\"https:\\\/\\\/schema.org\",\"@graph\":[{\"@type\":\"WebPage\",\"@id\":\"https:\\\/\\\/accesbeaute.ca\\\/en\\\/buy\\\/kine-c-oil-free-anti-aging-vitamin-c-serum-vivier\\\/\",\"url\":\"https:\\\/\\\/accesbeaute.ca\\\/en\\\/buy\\\/kine-c-oil-free-anti-aging-vitamin-c-serum-vivier\\\/\",\"name\":\"Kine-C - Oil-free anti-aging Vitamin C serum - Achat en ligne\",\"isPartOf\":{\"@id\":\"https:\\\/\\\/accesbeaute.ca\\\/en\\\/#website\"},\"primaryImageOfPage\":{\"@id\":\"https:\\\/\\\/accesbeaute.ca\\\/en\\\/buy\\\/kine-c-oil-free-anti-aging-vitamin-c-serum-vivier\\\/#primaryimage\"},\"image\":{\"@id\":\"https:\\\/\\\/accesbeaute.ca\\\/en\\\/buy\\\/kine-c-oil-free-anti-aging-vitamin-c-serum-vivier\\\/#primaryimage\"},\"thumbnailUrl\":\"https:\\\/\\\/accesbeaute.ca\\\/wp-content\\\/uploads\\\/2018\\\/07\\\/kine-c-serum-hydratant-et-raffermissant-par-vivier.jpg\",\"datePublished\":\"2018-07-28T18:10:56+00:00\",\"dateModified\":\"2021-11-22T01:13:20+00:00\",\"description\":\"%\",\"breadcrumb\":{\"@id\":\"https:\\\/\\\/accesbeaute.ca\\\/en\\\/buy\\\/kine-c-oil-free-anti-aging-vitamin-c-serum-vivier\\\/#breadcrumb\"},\"inLanguage\":\"en-US\",\"potentialAction\":[{\"@type\":\"ReadAction\",\"target\":[\"https:\\\/\\\/accesbeaute.ca\\\/en\\\/buy\\\/kine-c-oil-free-anti-aging-vitamin-c-serum-vivier\\\/\"]}]},{\"@type\":\"ImageObject\",\"inLanguage\":\"en-US\",\"@id\":\"https:\\\/\\\/accesbeaute.ca\\\/en\\\/buy\\\/kine-c-oil-free-anti-aging-vitamin-c-serum-vivier\\\/#primaryimage\",\"url\":\"https:\\\/\\\/accesbeaute.ca\\\/wp-content\\\/uploads\\\/2018\\\/07\\\/kine-c-serum-hydratant-et-raffermissant-par-vivier.jpg\",\"contentUrl\":\"https:\\\/\\\/accesbeaute.ca\\\/wp-content\\\/uploads\\\/2018\\\/07\\\/kine-c-serum-hydratant-et-raffermissant-par-vivier.jpg\",\"width\":674,\"height\":674,\"caption\":\"Kine-C - Oil-free anti-aging Vitamin C serum Vivier\"},{\"@type\":\"BreadcrumbList\",\"@id\":\"https:\\\/\\\/accesbeaute.ca\\\/en\\\/buy\\\/kine-c-oil-free-anti-aging-vitamin-c-serum-vivier\\\/#breadcrumb\",\"itemListElement\":[{\"@type\":\"ListItem\",\"position\":1,\"name\":\"Accueil\",\"item\":\"https:\\\/\\\/accesbeaute.ca\\\/en\\\/\"},{\"@type\":\"ListItem\",\"position\":2,\"name\":\"Boutique\",\"item\":\"https:\\\/\\\/accesbeaute.ca\\\/boutique\\\/\"},{\"@type\":\"ListItem\",\"position\":3,\"name\":\"Fabriqu\u00e9 au Canada\",\"item\":\"https:\\\/\\\/accesbeaute.ca\\\/en\\\/acheter\\\/fabrique-au-canada-en\\\/\"},{\"@type\":\"ListItem\",\"position\":4,\"name\":\"Kine-C &#8211; Oil-free anti-aging Vitamin C serum\"}]},{\"@type\":\"WebSite\",\"@id\":\"https:\\\/\\\/accesbeaute.ca\\\/en\\\/#website\",\"url\":\"https:\\\/\\\/accesbeaute.ca\\\/en\\\/\",\"name\":\"Acc\u00e8s Beaut\u00e9\",\"description\":\"Achat de produits de beaut\u00e9 en ligne\",\"potentialAction\":[{\"@type\":\"SearchAction\",\"target\":{\"@type\":\"EntryPoint\",\"urlTemplate\":\"https:\\\/\\\/accesbeaute.ca\\\/en\\\/?s={search_term_string}\"},\"query-input\":{\"@type\":\"PropertyValueSpecification\",\"valueRequired\":true,\"valueName\":\"search_term_string\"}}],\"inLanguage\":\"en-US\"}]}<\/script>\n<!-- \/ Yoast SEO plugin. -->","yoast_head_json":{"title":"Kine-C - Oil-free anti-aging Vitamin C serum  - Achat en ligne","description":"%","robots":{"index":"index","follow":"follow","max-snippet":"max-snippet:-1","max-image-preview":"max-image-preview:large","max-video-preview":"max-video-preview:-1"},"canonical":"https:\/\/accesbeaute.ca\/en\/buy\/kine-c-oil-free-anti-aging-vitamin-c-serum-vivier\/","og_locale":"en_US","og_type":"article","og_title":"Kine-C - Oil-free anti-aging Vitamin C serum  - Achat en ligne","og_description":"%","og_url":"https:\/\/accesbeaute.ca\/en\/buy\/kine-c-oil-free-anti-aging-vitamin-c-serum-vivier\/","og_site_name":"Acc\u00e8s Beaut\u00e9","article_modified_time":"2021-11-22T01:13:20+00:00","og_image":[{"width":674,"height":674,"url":"https:\/\/accesbeaute.ca\/wp-content\/uploads\/2018\/07\/kine-c-serum-hydratant-et-raffermissant-par-vivier.jpg","type":"image\/jpeg"}],"twitter_card":"summary_large_image","twitter_misc":{"Est. reading time":"1 minute"},"schema":{"@context":"https:\/\/schema.org","@graph":[{"@type":"WebPage","@id":"https:\/\/accesbeaute.ca\/en\/buy\/kine-c-oil-free-anti-aging-vitamin-c-serum-vivier\/","url":"https:\/\/accesbeaute.ca\/en\/buy\/kine-c-oil-free-anti-aging-vitamin-c-serum-vivier\/","name":"Kine-C - Oil-free anti-aging Vitamin C serum - Achat en ligne","isPartOf":{"@id":"https:\/\/accesbeaute.ca\/en\/#website"},"primaryImageOfPage":{"@id":"https:\/\/accesbeaute.ca\/en\/buy\/kine-c-oil-free-anti-aging-vitamin-c-serum-vivier\/#primaryimage"},"image":{"@id":"https:\/\/accesbeaute.ca\/en\/buy\/kine-c-oil-free-anti-aging-vitamin-c-serum-vivier\/#primaryimage"},"thumbnailUrl":"https:\/\/accesbeaute.ca\/wp-content\/uploads\/2018\/07\/kine-c-serum-hydratant-et-raffermissant-par-vivier.jpg","datePublished":"2018-07-28T18:10:56+00:00","dateModified":"2021-11-22T01:13:20+00:00","description":"%","breadcrumb":{"@id":"https:\/\/accesbeaute.ca\/en\/buy\/kine-c-oil-free-anti-aging-vitamin-c-serum-vivier\/#breadcrumb"},"inLanguage":"en-US","potentialAction":[{"@type":"ReadAction","target":["https:\/\/accesbeaute.ca\/en\/buy\/kine-c-oil-free-anti-aging-vitamin-c-serum-vivier\/"]}]},{"@type":"ImageObject","inLanguage":"en-US","@id":"https:\/\/accesbeaute.ca\/en\/buy\/kine-c-oil-free-anti-aging-vitamin-c-serum-vivier\/#primaryimage","url":"https:\/\/accesbeaute.ca\/wp-content\/uploads\/2018\/07\/kine-c-serum-hydratant-et-raffermissant-par-vivier.jpg","contentUrl":"https:\/\/accesbeaute.ca\/wp-content\/uploads\/2018\/07\/kine-c-serum-hydratant-et-raffermissant-par-vivier.jpg","width":674,"height":674,"caption":"Kine-C - Oil-free anti-aging Vitamin C serum Vivier"},{"@type":"BreadcrumbList","@id":"https:\/\/accesbeaute.ca\/en\/buy\/kine-c-oil-free-anti-aging-vitamin-c-serum-vivier\/#breadcrumb","itemListElement":[{"@type":"ListItem","position":1,"name":"Accueil","item":"https:\/\/accesbeaute.ca\/en\/"},{"@type":"ListItem","position":2,"name":"Boutique","item":"https:\/\/accesbeaute.ca\/boutique\/"},{"@type":"ListItem","position":3,"name":"Fabriqu\u00e9 au Canada","item":"https:\/\/accesbeaute.ca\/en\/acheter\/fabrique-au-canada-en\/"},{"@type":"ListItem","position":4,"name":"Kine-C &#8211; Oil-free anti-aging Vitamin C serum"}]},{"@type":"WebSite","@id":"https:\/\/accesbeaute.ca\/en\/#website","url":"https:\/\/accesbeaute.ca\/en\/","name":"Acc\u00e8s Beaut\u00e9","description":"Achat de produits de beaut\u00e9 en ligne","potentialAction":[{"@type":"SearchAction","target":{"@type":"EntryPoint","urlTemplate":"https:\/\/accesbeaute.ca\/en\/?s={search_term_string}"},"query-input":{"@type":"PropertyValueSpecification","valueRequired":true,"valueName":"search_term_string"}}],"inLanguage":"en-US"}]}},"_links":{"self":[{"href":"https:\/\/accesbeaute.ca\/en\/wp-json\/wp\/v2\/product\/1725","targetHints":{"allow":["GET"]}}],"collection":[{"href":"https:\/\/accesbeaute.ca\/en\/wp-json\/wp\/v2\/product"}],"about":[{"href":"https:\/\/accesbeaute.ca\/en\/wp-json\/wp\/v2\/types\/product"}],"wp:featuredmedia":[{"embeddable":true,"href":"https:\/\/accesbeaute.ca\/en\/wp-json\/wp\/v2\/media\/1726"}],"wp:attachment":[{"href":"https:\/\/accesbeaute.ca\/en\/wp-json\/wp\/v2\/media?parent=1725"}],"wp:term":[{"taxonomy":"product_brand","embeddable":true,"href":"https:\/\/accesbeaute.ca\/en\/wp-json\/wp\/v2\/product_brand?post=1725"},{"taxonomy":"product_cat","embeddable":true,"href":"https:\/\/accesbeaute.ca\/en\/wp-json\/wp\/v2\/product_cat?post=1725"},{"taxonomy":"product_tag","embeddable":true,"href":"https:\/\/accesbeaute.ca\/en\/wp-json\/wp\/v2\/product_tag?post=1725"}],"curies":[{"name":"wp","href":"https:\/\/api.w.org\/{rel}","templated":true}]}}