{"id":1727,"date":"2018-07-28T18:10:56","date_gmt":"2018-07-28T18:10:56","guid":{"rendered":"https:\/\/accesbeaute.ca\/achat\/serum-20-oil-free-vitamin-c-serum-vivier\/"},"modified":"2021-10-14T12:08:57","modified_gmt":"2021-10-14T12:08:57","slug":"serum-20-oil-free-vitamin-c-serum-vivier","status":"publish","type":"product","link":"https:\/\/accesbeaute.ca\/en\/buy\/serum-20-oil-free-vitamin-c-serum-vivier\/","title":{"rendered":"Serum 20 &#8211; Oil-free Vitamin C serum"},"content":{"rendered":"<p>Size: 30 ml \/ 1 fl oz<\/p>\n<p><strong>Q: How is this Vitamin C different?\u00a0<\/strong><br \/>\nA: This product is unique in a number of ways:<\/p>\n<ul>\n<li>It contains 100% pure L-Ascorbic Acid (pharmaceutical grade Vitamin C), the best quality Vitamin C available and the only form of Vitamin C that is absorbed by the body<\/li>\n<li>The patented formulation maximizes the stability of the product, a key factor in differentiating Vivier L-Ascorbic Acid serums from others on the market<\/li>\n<li>The product has a very pleasant feel and smell, making it enjoyable to use<\/li>\n<\/ul>\n<p><strong>Q: Is your product oil-free?\u00a0<\/strong><br \/>\nA: Yes, it is 100% oil-free.<\/p>\n<p><strong>Q: Where do you apply the product?\u00a0<\/strong><br \/>\nA: This product may be applied to the face, neck, chest and on the back of the hands. Avoid contact with eyes and eyelids.<\/p>\n","protected":false},"excerpt":{"rendered":"<hr class=\"ligne-grise\" \/>\n<p><strong>Brand:<\/strong> <a href=\"\/buy\/vivier\">Vivier<\/a><\/p>\n<p>An advanced oil-free Vitamin C serum specifically formulated to diminish and prevent the appearance of environmental damage such as fine lines, wrinkles, uneven skin texture and tone. Ideal for normal to oily skin.<\/p>\n","protected":false},"featured_media":0,"template":"","meta":{"_et_pb_use_builder":"","_et_pb_old_content":"","_et_gb_content_width":""},"product_brand":[],"product_cat":[210,191,222,219,190],"product_tag":[217],"class_list":{"0":"post-1727","1":"product","2":"type-product","3":"status-publish","5":"product_cat-fabrique-au-canada-en","6":"product_cat-produits-de-beaute-pour-tout-type-de-peau-en","7":"product_cat-serums-rajeunissants","8":"product_cat-soins-anti-age","9":"product_cat-vivier","10":"product_tag-vivier-en","12":"first","13":"instock","14":"sale","15":"taxable","16":"shipping-taxable","17":"purchasable","18":"product-type-simple"},"yoast_head":"<!-- This site is optimized with the Yoast SEO plugin v27.3 - https:\/\/yoast.com\/product\/yoast-seo-wordpress\/ -->\n<title>Serum 20 - Oil-free Vitamin C serum  - Achat en ligne<\/title>\n<meta name=\"description\" content=\"%\" \/>\n<meta name=\"robots\" content=\"index, follow, max-snippet:-1, max-image-preview:large, max-video-preview:-1\" \/>\n<link rel=\"canonical\" href=\"https:\/\/accesbeaute.ca\/en\/buy\/serum-20-oil-free-vitamin-c-serum-vivier\/\" \/>\n<meta property=\"og:locale\" content=\"en_US\" \/>\n<meta property=\"og:type\" content=\"article\" \/>\n<meta property=\"og:title\" content=\"Serum 20 - Oil-free Vitamin C serum  - Achat en ligne\" \/>\n<meta property=\"og:description\" content=\"%\" \/>\n<meta property=\"og:url\" content=\"https:\/\/accesbeaute.ca\/en\/buy\/serum-20-oil-free-vitamin-c-serum-vivier\/\" \/>\n<meta property=\"og:site_name\" content=\"Acc\u00e8s Beaut\u00e9\" \/>\n<meta property=\"article:modified_time\" content=\"2021-10-14T12:08:57+00:00\" \/>\n<meta name=\"twitter:card\" content=\"summary_large_image\" \/>\n<meta name=\"twitter:label1\" content=\"Est. reading time\" \/>\n\t<meta name=\"twitter:data1\" content=\"1 minute\" \/>\n<script type=\"application\/ld+json\" class=\"yoast-schema-graph\">{\"@context\":\"https:\\\/\\\/schema.org\",\"@graph\":[{\"@type\":\"WebPage\",\"@id\":\"https:\\\/\\\/accesbeaute.ca\\\/en\\\/buy\\\/serum-20-oil-free-vitamin-c-serum-vivier\\\/\",\"url\":\"https:\\\/\\\/accesbeaute.ca\\\/en\\\/buy\\\/serum-20-oil-free-vitamin-c-serum-vivier\\\/\",\"name\":\"Serum 20 - Oil-free Vitamin C serum - Achat en ligne\",\"isPartOf\":{\"@id\":\"https:\\\/\\\/accesbeaute.ca\\\/en\\\/#website\"},\"datePublished\":\"2018-07-28T18:10:56+00:00\",\"dateModified\":\"2021-10-14T12:08:57+00:00\",\"description\":\"%\",\"breadcrumb\":{\"@id\":\"https:\\\/\\\/accesbeaute.ca\\\/en\\\/buy\\\/serum-20-oil-free-vitamin-c-serum-vivier\\\/#breadcrumb\"},\"inLanguage\":\"en-US\",\"potentialAction\":[{\"@type\":\"ReadAction\",\"target\":[\"https:\\\/\\\/accesbeaute.ca\\\/en\\\/buy\\\/serum-20-oil-free-vitamin-c-serum-vivier\\\/\"]}]},{\"@type\":\"BreadcrumbList\",\"@id\":\"https:\\\/\\\/accesbeaute.ca\\\/en\\\/buy\\\/serum-20-oil-free-vitamin-c-serum-vivier\\\/#breadcrumb\",\"itemListElement\":[{\"@type\":\"ListItem\",\"position\":1,\"name\":\"Accueil\",\"item\":\"https:\\\/\\\/accesbeaute.ca\\\/en\\\/\"},{\"@type\":\"ListItem\",\"position\":2,\"name\":\"Boutique\",\"item\":\"https:\\\/\\\/accesbeaute.ca\\\/boutique\\\/\"},{\"@type\":\"ListItem\",\"position\":3,\"name\":\"Fabriqu\u00e9 au Canada\",\"item\":\"https:\\\/\\\/accesbeaute.ca\\\/en\\\/acheter\\\/fabrique-au-canada-en\\\/\"},{\"@type\":\"ListItem\",\"position\":4,\"name\":\"Serum 20 &#8211; Oil-free Vitamin C serum\"}]},{\"@type\":\"WebSite\",\"@id\":\"https:\\\/\\\/accesbeaute.ca\\\/en\\\/#website\",\"url\":\"https:\\\/\\\/accesbeaute.ca\\\/en\\\/\",\"name\":\"Acc\u00e8s Beaut\u00e9\",\"description\":\"Achat de produits de beaut\u00e9 en ligne\",\"potentialAction\":[{\"@type\":\"SearchAction\",\"target\":{\"@type\":\"EntryPoint\",\"urlTemplate\":\"https:\\\/\\\/accesbeaute.ca\\\/en\\\/?s={search_term_string}\"},\"query-input\":{\"@type\":\"PropertyValueSpecification\",\"valueRequired\":true,\"valueName\":\"search_term_string\"}}],\"inLanguage\":\"en-US\"}]}<\/script>\n<!-- \/ Yoast SEO plugin. -->","yoast_head_json":{"title":"Serum 20 - Oil-free Vitamin C serum  - Achat en ligne","description":"%","robots":{"index":"index","follow":"follow","max-snippet":"max-snippet:-1","max-image-preview":"max-image-preview:large","max-video-preview":"max-video-preview:-1"},"canonical":"https:\/\/accesbeaute.ca\/en\/buy\/serum-20-oil-free-vitamin-c-serum-vivier\/","og_locale":"en_US","og_type":"article","og_title":"Serum 20 - Oil-free Vitamin C serum  - Achat en ligne","og_description":"%","og_url":"https:\/\/accesbeaute.ca\/en\/buy\/serum-20-oil-free-vitamin-c-serum-vivier\/","og_site_name":"Acc\u00e8s Beaut\u00e9","article_modified_time":"2021-10-14T12:08:57+00:00","twitter_card":"summary_large_image","twitter_misc":{"Est. reading time":"1 minute"},"schema":{"@context":"https:\/\/schema.org","@graph":[{"@type":"WebPage","@id":"https:\/\/accesbeaute.ca\/en\/buy\/serum-20-oil-free-vitamin-c-serum-vivier\/","url":"https:\/\/accesbeaute.ca\/en\/buy\/serum-20-oil-free-vitamin-c-serum-vivier\/","name":"Serum 20 - Oil-free Vitamin C serum - Achat en ligne","isPartOf":{"@id":"https:\/\/accesbeaute.ca\/en\/#website"},"datePublished":"2018-07-28T18:10:56+00:00","dateModified":"2021-10-14T12:08:57+00:00","description":"%","breadcrumb":{"@id":"https:\/\/accesbeaute.ca\/en\/buy\/serum-20-oil-free-vitamin-c-serum-vivier\/#breadcrumb"},"inLanguage":"en-US","potentialAction":[{"@type":"ReadAction","target":["https:\/\/accesbeaute.ca\/en\/buy\/serum-20-oil-free-vitamin-c-serum-vivier\/"]}]},{"@type":"BreadcrumbList","@id":"https:\/\/accesbeaute.ca\/en\/buy\/serum-20-oil-free-vitamin-c-serum-vivier\/#breadcrumb","itemListElement":[{"@type":"ListItem","position":1,"name":"Accueil","item":"https:\/\/accesbeaute.ca\/en\/"},{"@type":"ListItem","position":2,"name":"Boutique","item":"https:\/\/accesbeaute.ca\/boutique\/"},{"@type":"ListItem","position":3,"name":"Fabriqu\u00e9 au Canada","item":"https:\/\/accesbeaute.ca\/en\/acheter\/fabrique-au-canada-en\/"},{"@type":"ListItem","position":4,"name":"Serum 20 &#8211; Oil-free Vitamin C serum"}]},{"@type":"WebSite","@id":"https:\/\/accesbeaute.ca\/en\/#website","url":"https:\/\/accesbeaute.ca\/en\/","name":"Acc\u00e8s Beaut\u00e9","description":"Achat de produits de beaut\u00e9 en ligne","potentialAction":[{"@type":"SearchAction","target":{"@type":"EntryPoint","urlTemplate":"https:\/\/accesbeaute.ca\/en\/?s={search_term_string}"},"query-input":{"@type":"PropertyValueSpecification","valueRequired":true,"valueName":"search_term_string"}}],"inLanguage":"en-US"}]}},"_links":{"self":[{"href":"https:\/\/accesbeaute.ca\/en\/wp-json\/wp\/v2\/product\/1727","targetHints":{"allow":["GET"]}}],"collection":[{"href":"https:\/\/accesbeaute.ca\/en\/wp-json\/wp\/v2\/product"}],"about":[{"href":"https:\/\/accesbeaute.ca\/en\/wp-json\/wp\/v2\/types\/product"}],"wp:attachment":[{"href":"https:\/\/accesbeaute.ca\/en\/wp-json\/wp\/v2\/media?parent=1727"}],"wp:term":[{"taxonomy":"product_brand","embeddable":true,"href":"https:\/\/accesbeaute.ca\/en\/wp-json\/wp\/v2\/product_brand?post=1727"},{"taxonomy":"product_cat","embeddable":true,"href":"https:\/\/accesbeaute.ca\/en\/wp-json\/wp\/v2\/product_cat?post=1727"},{"taxonomy":"product_tag","embeddable":true,"href":"https:\/\/accesbeaute.ca\/en\/wp-json\/wp\/v2\/product_tag?post=1727"}],"curies":[{"name":"wp","href":"https:\/\/api.w.org\/{rel}","templated":true}]}}