{"id":1730,"date":"2018-07-28T18:10:56","date_gmt":"2018-07-28T18:10:56","guid":{"rendered":"https:\/\/accesbeaute.ca\/achat\/dark-circle-eye-cream-vivier\/"},"modified":"2021-02-03T18:27:04","modified_gmt":"2021-02-03T18:27:04","slug":"dark-circle-eye-cream-vivier","status":"publish","type":"product","link":"https:\/\/accesbeaute.ca\/en\/buy\/dark-circle-eye-cream-vivier\/","title":{"rendered":"Dark Circle Eye Cream"},"content":{"rendered":"<p>Size: 13 ml \/ 0.44 fl oz<\/p>\n<p><strong>Q: How this is eye cream different?\u00a0<\/strong><br \/>\nA: The Vivier Dark Circle Eye Cream is dual purpose: it helps reduce the appearance of crow&#8217;s feet, dark circles and &#8220;bags&#8221; under the eyes while helping to hydrate and moisturize the delicate eye area.<\/p>\n<p><strong>Q: Where do you apply the product?\u00a0<\/strong><br \/>\nA: Using your finger follow the contours of the bone that frames your eye area. This will be your application area. Dispense a pea size amount of the product onto the top of your hand. You will use this hand as your palette. Dab your finger into the product and apply the product in a stippling motion along the bone, avoiding the skin inside of this bone. Blend but do not rub in.<\/p>\n<p><strong>Q: Is this product safe to use on the eyelids?\u00a0<\/strong><br \/>\nA: This product&#8217;s safety on eyelids has not been tested. It is therefore not recommended to apply the product directly on the eyelids.<\/p>\n","protected":false},"excerpt":{"rendered":"<hr class=\"ligne-grise\" \/>\n<p><strong>Brand:<\/strong> <a href=\"\/buy\/vivier\">Vivier<\/a><\/p>\n<p>An eye cream enriched with Vitamin K to minimize dark circles, puffiness and fatigue while reducing the appearance of crow\u2019s feet, fine lines and wrinkles. Ideal for all skin types.<\/p>\n","protected":false},"featured_media":0,"template":"","meta":{"_et_pb_use_builder":"","_et_pb_old_content":"","_et_gb_content_width":""},"product_brand":[],"product_cat":[210,191,226,227,190],"product_tag":[217],"class_list":{"0":"post-1730","1":"product","2":"type-product","3":"status-publish","5":"product_cat-fabrique-au-canada-en","6":"product_cat-produits-de-beaute-pour-tout-type-de-peau-en","7":"product_cat-produits-pour-poches-et-cernes","8":"product_cat-produits-pour-soins-des-yeux","9":"product_cat-vivier","10":"product_tag-vivier-en","12":"first","13":"outofstock","14":"sale","15":"taxable","16":"shipping-taxable","17":"purchasable","18":"product-type-simple"},"yoast_head":"<!-- This site is optimized with the Yoast SEO plugin v27.3 - https:\/\/yoast.com\/product\/yoast-seo-wordpress\/ -->\n<title>Dark Circle Eye Cream  - Achat en ligne<\/title>\n<meta name=\"description\" content=\"%\" \/>\n<meta name=\"robots\" content=\"index, follow, max-snippet:-1, max-image-preview:large, max-video-preview:-1\" \/>\n<link rel=\"canonical\" href=\"https:\/\/accesbeaute.ca\/en\/buy\/dark-circle-eye-cream-vivier\/\" \/>\n<meta property=\"og:locale\" content=\"en_US\" \/>\n<meta property=\"og:type\" content=\"article\" \/>\n<meta property=\"og:title\" content=\"Dark Circle Eye Cream  - Achat en ligne\" \/>\n<meta property=\"og:description\" content=\"%\" \/>\n<meta property=\"og:url\" content=\"https:\/\/accesbeaute.ca\/en\/buy\/dark-circle-eye-cream-vivier\/\" \/>\n<meta property=\"og:site_name\" content=\"Acc\u00e8s Beaut\u00e9\" \/>\n<meta property=\"article:modified_time\" content=\"2021-02-03T18:27:04+00:00\" \/>\n<meta name=\"twitter:card\" content=\"summary_large_image\" \/>\n<meta name=\"twitter:label1\" content=\"Est. reading time\" \/>\n\t<meta name=\"twitter:data1\" content=\"1 minute\" \/>\n<script type=\"application\/ld+json\" class=\"yoast-schema-graph\">{\"@context\":\"https:\\\/\\\/schema.org\",\"@graph\":[{\"@type\":\"WebPage\",\"@id\":\"https:\\\/\\\/accesbeaute.ca\\\/en\\\/buy\\\/dark-circle-eye-cream-vivier\\\/\",\"url\":\"https:\\\/\\\/accesbeaute.ca\\\/en\\\/buy\\\/dark-circle-eye-cream-vivier\\\/\",\"name\":\"Dark Circle Eye Cream - Achat en ligne\",\"isPartOf\":{\"@id\":\"https:\\\/\\\/accesbeaute.ca\\\/en\\\/#website\"},\"datePublished\":\"2018-07-28T18:10:56+00:00\",\"dateModified\":\"2021-02-03T18:27:04+00:00\",\"description\":\"%\",\"breadcrumb\":{\"@id\":\"https:\\\/\\\/accesbeaute.ca\\\/en\\\/buy\\\/dark-circle-eye-cream-vivier\\\/#breadcrumb\"},\"inLanguage\":\"en-US\",\"potentialAction\":[{\"@type\":\"ReadAction\",\"target\":[\"https:\\\/\\\/accesbeaute.ca\\\/en\\\/buy\\\/dark-circle-eye-cream-vivier\\\/\"]}]},{\"@type\":\"BreadcrumbList\",\"@id\":\"https:\\\/\\\/accesbeaute.ca\\\/en\\\/buy\\\/dark-circle-eye-cream-vivier\\\/#breadcrumb\",\"itemListElement\":[{\"@type\":\"ListItem\",\"position\":1,\"name\":\"Accueil\",\"item\":\"https:\\\/\\\/accesbeaute.ca\\\/en\\\/\"},{\"@type\":\"ListItem\",\"position\":2,\"name\":\"Boutique\",\"item\":\"https:\\\/\\\/accesbeaute.ca\\\/boutique\\\/\"},{\"@type\":\"ListItem\",\"position\":3,\"name\":\"Fabriqu\u00e9 au Canada\",\"item\":\"https:\\\/\\\/accesbeaute.ca\\\/en\\\/acheter\\\/fabrique-au-canada-en\\\/\"},{\"@type\":\"ListItem\",\"position\":4,\"name\":\"Dark Circle Eye Cream\"}]},{\"@type\":\"WebSite\",\"@id\":\"https:\\\/\\\/accesbeaute.ca\\\/en\\\/#website\",\"url\":\"https:\\\/\\\/accesbeaute.ca\\\/en\\\/\",\"name\":\"Acc\u00e8s Beaut\u00e9\",\"description\":\"Achat de produits de beaut\u00e9 en ligne\",\"potentialAction\":[{\"@type\":\"SearchAction\",\"target\":{\"@type\":\"EntryPoint\",\"urlTemplate\":\"https:\\\/\\\/accesbeaute.ca\\\/en\\\/?s={search_term_string}\"},\"query-input\":{\"@type\":\"PropertyValueSpecification\",\"valueRequired\":true,\"valueName\":\"search_term_string\"}}],\"inLanguage\":\"en-US\"}]}<\/script>\n<!-- \/ Yoast SEO plugin. -->","yoast_head_json":{"title":"Dark Circle Eye Cream  - Achat en ligne","description":"%","robots":{"index":"index","follow":"follow","max-snippet":"max-snippet:-1","max-image-preview":"max-image-preview:large","max-video-preview":"max-video-preview:-1"},"canonical":"https:\/\/accesbeaute.ca\/en\/buy\/dark-circle-eye-cream-vivier\/","og_locale":"en_US","og_type":"article","og_title":"Dark Circle Eye Cream  - Achat en ligne","og_description":"%","og_url":"https:\/\/accesbeaute.ca\/en\/buy\/dark-circle-eye-cream-vivier\/","og_site_name":"Acc\u00e8s Beaut\u00e9","article_modified_time":"2021-02-03T18:27:04+00:00","twitter_card":"summary_large_image","twitter_misc":{"Est. reading time":"1 minute"},"schema":{"@context":"https:\/\/schema.org","@graph":[{"@type":"WebPage","@id":"https:\/\/accesbeaute.ca\/en\/buy\/dark-circle-eye-cream-vivier\/","url":"https:\/\/accesbeaute.ca\/en\/buy\/dark-circle-eye-cream-vivier\/","name":"Dark Circle Eye Cream - Achat en ligne","isPartOf":{"@id":"https:\/\/accesbeaute.ca\/en\/#website"},"datePublished":"2018-07-28T18:10:56+00:00","dateModified":"2021-02-03T18:27:04+00:00","description":"%","breadcrumb":{"@id":"https:\/\/accesbeaute.ca\/en\/buy\/dark-circle-eye-cream-vivier\/#breadcrumb"},"inLanguage":"en-US","potentialAction":[{"@type":"ReadAction","target":["https:\/\/accesbeaute.ca\/en\/buy\/dark-circle-eye-cream-vivier\/"]}]},{"@type":"BreadcrumbList","@id":"https:\/\/accesbeaute.ca\/en\/buy\/dark-circle-eye-cream-vivier\/#breadcrumb","itemListElement":[{"@type":"ListItem","position":1,"name":"Accueil","item":"https:\/\/accesbeaute.ca\/en\/"},{"@type":"ListItem","position":2,"name":"Boutique","item":"https:\/\/accesbeaute.ca\/boutique\/"},{"@type":"ListItem","position":3,"name":"Fabriqu\u00e9 au Canada","item":"https:\/\/accesbeaute.ca\/en\/acheter\/fabrique-au-canada-en\/"},{"@type":"ListItem","position":4,"name":"Dark Circle Eye Cream"}]},{"@type":"WebSite","@id":"https:\/\/accesbeaute.ca\/en\/#website","url":"https:\/\/accesbeaute.ca\/en\/","name":"Acc\u00e8s Beaut\u00e9","description":"Achat de produits de beaut\u00e9 en ligne","potentialAction":[{"@type":"SearchAction","target":{"@type":"EntryPoint","urlTemplate":"https:\/\/accesbeaute.ca\/en\/?s={search_term_string}"},"query-input":{"@type":"PropertyValueSpecification","valueRequired":true,"valueName":"search_term_string"}}],"inLanguage":"en-US"}]}},"_links":{"self":[{"href":"https:\/\/accesbeaute.ca\/en\/wp-json\/wp\/v2\/product\/1730","targetHints":{"allow":["GET"]}}],"collection":[{"href":"https:\/\/accesbeaute.ca\/en\/wp-json\/wp\/v2\/product"}],"about":[{"href":"https:\/\/accesbeaute.ca\/en\/wp-json\/wp\/v2\/types\/product"}],"wp:attachment":[{"href":"https:\/\/accesbeaute.ca\/en\/wp-json\/wp\/v2\/media?parent=1730"}],"wp:term":[{"taxonomy":"product_brand","embeddable":true,"href":"https:\/\/accesbeaute.ca\/en\/wp-json\/wp\/v2\/product_brand?post=1730"},{"taxonomy":"product_cat","embeddable":true,"href":"https:\/\/accesbeaute.ca\/en\/wp-json\/wp\/v2\/product_cat?post=1730"},{"taxonomy":"product_tag","embeddable":true,"href":"https:\/\/accesbeaute.ca\/en\/wp-json\/wp\/v2\/product_tag?post=1730"}],"curies":[{"name":"wp","href":"https:\/\/api.w.org\/{rel}","templated":true}]}}