{"id":1732,"date":"2018-07-28T18:10:56","date_gmt":"2018-07-28T18:10:56","guid":{"rendered":"https:\/\/accesbeaute.ca\/achat\/serum-5-oil-free-vitamin-c-serum-vivier\/"},"modified":"2020-12-30T18:54:06","modified_gmt":"2020-12-30T18:54:06","slug":"serum-5-oil-free-vitamin-c-serum-vivier","status":"publish","type":"product","link":"https:\/\/accesbeaute.ca\/en\/buy\/serum-5-oil-free-vitamin-c-serum-vivier\/","title":{"rendered":"Serum 5 &#8211; Oil-free Vitamin C serum"},"content":{"rendered":"<p>Size: 15 ml \/ 0.5 fl oz<\/p>\n<p><strong>Q: Why do I need this product if I am already using an eye cream?\u00a0<\/strong><br \/>\nA: The Vivier Serum 5 functions as a dual-action product that helps diminish and prevents future damage. The primary function of eye creams is to moisturize. Some eye creams offer added benefits as a secondary function. In order to smooth features and soften the appearance of fatigue, aging and dark circles, the area must first receive the Vivier Serum 5 before it is hydrated and enhanced with a good quality eye cream such as the Vivier Radiant Eye Contour Cream or the Vivier Dark Circle\u00a0Eye Cream.<\/p>\n<p><strong>Q: How often should I use this product?\u00a0<\/strong><br \/>\nA: As a part of your daily skin care regimen, the Vivier Serum 5 should be used as the third step following cleansing and toning prior to the application of the Vivier Radiant\u00a0Eye Contour Cream or the Vivier Dark Circle Eye Cream.<\/p>\n<p><strong>Q: Where do you apply the product?\u00a0<\/strong><br \/>\nA: Using your finger follow the contours of the bone that frames your eye area. This will be your application area. Dispense 2 to 3 drops of the product onto the top of your hand. You will use this hand as your palette. Dab your finger into the product and apply it in a dabbing motion along the bone, avoiding the skin inside of this bone. Blend but do not rub in.<\/p>\n<p><strong>Q: Can I use this product on other areas other than the eye contour?\u00a0<\/strong><br \/>\nA: Yes. This product may be used on the contour of the lips in order to help reduce the appearance of smoker&#8217;s lines. Patients with sensitive skin may use this product on the face, neck and back of the hands in order to build a tolerance to other Vivier Vitamin C serums.<\/p>\n<p><strong>Q: Is this product safe to use on the eyelids?\u00a0<\/strong><br \/>\nA: This product&#8217;s safety on eyelids has not been tested. It is therefore not recommended to apply the product directly on the eyelids.<\/p>\n","protected":false},"excerpt":{"rendered":"<hr class=\"ligne-grise\" \/>\n<p><strong>Brand:<\/strong> <a href=\"\/buy\/vivier\">Vivier<\/a><\/p>\n<p>An advanced oil-free Vitamin C serum specifically formulated to diminish the appearance of fine lines, wrinkles and puffiness around the delicate eye contour. Ideal for all skin types. <\/p>\n","protected":false},"featured_media":0,"template":"","meta":{"_et_pb_use_builder":"","_et_pb_old_content":"","_et_gb_content_width":""},"product_brand":[],"product_cat":[210,191,226,227,222,190],"product_tag":[217],"class_list":{"0":"post-1732","1":"product","2":"type-product","3":"status-publish","5":"product_cat-fabrique-au-canada-en","6":"product_cat-produits-de-beaute-pour-tout-type-de-peau-en","7":"product_cat-produits-pour-poches-et-cernes","8":"product_cat-produits-pour-soins-des-yeux","9":"product_cat-serums-rajeunissants","10":"product_cat-vivier","11":"product_tag-vivier-en","13":"first","14":"outofstock","15":"sale","16":"taxable","17":"shipping-taxable","18":"purchasable","19":"product-type-simple"},"yoast_head":"<!-- This site is optimized with the Yoast SEO plugin v27.3 - https:\/\/yoast.com\/product\/yoast-seo-wordpress\/ -->\n<title>Serum 5 - Oil-free Vitamin C serum  - Achat en ligne<\/title>\n<meta name=\"description\" content=\"%\" \/>\n<meta name=\"robots\" content=\"index, follow, max-snippet:-1, max-image-preview:large, max-video-preview:-1\" \/>\n<link rel=\"canonical\" href=\"https:\/\/accesbeaute.ca\/en\/buy\/serum-5-oil-free-vitamin-c-serum-vivier\/\" \/>\n<meta property=\"og:locale\" content=\"en_US\" \/>\n<meta property=\"og:type\" content=\"article\" \/>\n<meta property=\"og:title\" content=\"Serum 5 - Oil-free Vitamin C serum  - Achat en ligne\" \/>\n<meta property=\"og:description\" content=\"%\" \/>\n<meta property=\"og:url\" content=\"https:\/\/accesbeaute.ca\/en\/buy\/serum-5-oil-free-vitamin-c-serum-vivier\/\" \/>\n<meta property=\"og:site_name\" content=\"Acc\u00e8s Beaut\u00e9\" \/>\n<meta property=\"article:modified_time\" content=\"2020-12-30T18:54:06+00:00\" \/>\n<meta name=\"twitter:card\" content=\"summary_large_image\" \/>\n<meta name=\"twitter:label1\" content=\"Est. reading time\" \/>\n\t<meta name=\"twitter:data1\" content=\"2 minutes\" \/>\n<script type=\"application\/ld+json\" class=\"yoast-schema-graph\">{\"@context\":\"https:\\\/\\\/schema.org\",\"@graph\":[{\"@type\":\"WebPage\",\"@id\":\"https:\\\/\\\/accesbeaute.ca\\\/en\\\/buy\\\/serum-5-oil-free-vitamin-c-serum-vivier\\\/\",\"url\":\"https:\\\/\\\/accesbeaute.ca\\\/en\\\/buy\\\/serum-5-oil-free-vitamin-c-serum-vivier\\\/\",\"name\":\"Serum 5 - Oil-free Vitamin C serum - Achat en ligne\",\"isPartOf\":{\"@id\":\"https:\\\/\\\/accesbeaute.ca\\\/en\\\/#website\"},\"datePublished\":\"2018-07-28T18:10:56+00:00\",\"dateModified\":\"2020-12-30T18:54:06+00:00\",\"description\":\"%\",\"breadcrumb\":{\"@id\":\"https:\\\/\\\/accesbeaute.ca\\\/en\\\/buy\\\/serum-5-oil-free-vitamin-c-serum-vivier\\\/#breadcrumb\"},\"inLanguage\":\"en-US\",\"potentialAction\":[{\"@type\":\"ReadAction\",\"target\":[\"https:\\\/\\\/accesbeaute.ca\\\/en\\\/buy\\\/serum-5-oil-free-vitamin-c-serum-vivier\\\/\"]}]},{\"@type\":\"BreadcrumbList\",\"@id\":\"https:\\\/\\\/accesbeaute.ca\\\/en\\\/buy\\\/serum-5-oil-free-vitamin-c-serum-vivier\\\/#breadcrumb\",\"itemListElement\":[{\"@type\":\"ListItem\",\"position\":1,\"name\":\"Accueil\",\"item\":\"https:\\\/\\\/accesbeaute.ca\\\/en\\\/\"},{\"@type\":\"ListItem\",\"position\":2,\"name\":\"Boutique\",\"item\":\"https:\\\/\\\/accesbeaute.ca\\\/boutique\\\/\"},{\"@type\":\"ListItem\",\"position\":3,\"name\":\"Fabriqu\u00e9 au Canada\",\"item\":\"https:\\\/\\\/accesbeaute.ca\\\/en\\\/acheter\\\/fabrique-au-canada-en\\\/\"},{\"@type\":\"ListItem\",\"position\":4,\"name\":\"Serum 5 &#8211; Oil-free Vitamin C serum\"}]},{\"@type\":\"WebSite\",\"@id\":\"https:\\\/\\\/accesbeaute.ca\\\/en\\\/#website\",\"url\":\"https:\\\/\\\/accesbeaute.ca\\\/en\\\/\",\"name\":\"Acc\u00e8s Beaut\u00e9\",\"description\":\"Achat de produits de beaut\u00e9 en ligne\",\"potentialAction\":[{\"@type\":\"SearchAction\",\"target\":{\"@type\":\"EntryPoint\",\"urlTemplate\":\"https:\\\/\\\/accesbeaute.ca\\\/en\\\/?s={search_term_string}\"},\"query-input\":{\"@type\":\"PropertyValueSpecification\",\"valueRequired\":true,\"valueName\":\"search_term_string\"}}],\"inLanguage\":\"en-US\"}]}<\/script>\n<!-- \/ Yoast SEO plugin. -->","yoast_head_json":{"title":"Serum 5 - Oil-free Vitamin C serum  - Achat en ligne","description":"%","robots":{"index":"index","follow":"follow","max-snippet":"max-snippet:-1","max-image-preview":"max-image-preview:large","max-video-preview":"max-video-preview:-1"},"canonical":"https:\/\/accesbeaute.ca\/en\/buy\/serum-5-oil-free-vitamin-c-serum-vivier\/","og_locale":"en_US","og_type":"article","og_title":"Serum 5 - Oil-free Vitamin C serum  - Achat en ligne","og_description":"%","og_url":"https:\/\/accesbeaute.ca\/en\/buy\/serum-5-oil-free-vitamin-c-serum-vivier\/","og_site_name":"Acc\u00e8s Beaut\u00e9","article_modified_time":"2020-12-30T18:54:06+00:00","twitter_card":"summary_large_image","twitter_misc":{"Est. reading time":"2 minutes"},"schema":{"@context":"https:\/\/schema.org","@graph":[{"@type":"WebPage","@id":"https:\/\/accesbeaute.ca\/en\/buy\/serum-5-oil-free-vitamin-c-serum-vivier\/","url":"https:\/\/accesbeaute.ca\/en\/buy\/serum-5-oil-free-vitamin-c-serum-vivier\/","name":"Serum 5 - Oil-free Vitamin C serum - Achat en ligne","isPartOf":{"@id":"https:\/\/accesbeaute.ca\/en\/#website"},"datePublished":"2018-07-28T18:10:56+00:00","dateModified":"2020-12-30T18:54:06+00:00","description":"%","breadcrumb":{"@id":"https:\/\/accesbeaute.ca\/en\/buy\/serum-5-oil-free-vitamin-c-serum-vivier\/#breadcrumb"},"inLanguage":"en-US","potentialAction":[{"@type":"ReadAction","target":["https:\/\/accesbeaute.ca\/en\/buy\/serum-5-oil-free-vitamin-c-serum-vivier\/"]}]},{"@type":"BreadcrumbList","@id":"https:\/\/accesbeaute.ca\/en\/buy\/serum-5-oil-free-vitamin-c-serum-vivier\/#breadcrumb","itemListElement":[{"@type":"ListItem","position":1,"name":"Accueil","item":"https:\/\/accesbeaute.ca\/en\/"},{"@type":"ListItem","position":2,"name":"Boutique","item":"https:\/\/accesbeaute.ca\/boutique\/"},{"@type":"ListItem","position":3,"name":"Fabriqu\u00e9 au Canada","item":"https:\/\/accesbeaute.ca\/en\/acheter\/fabrique-au-canada-en\/"},{"@type":"ListItem","position":4,"name":"Serum 5 &#8211; Oil-free Vitamin C serum"}]},{"@type":"WebSite","@id":"https:\/\/accesbeaute.ca\/en\/#website","url":"https:\/\/accesbeaute.ca\/en\/","name":"Acc\u00e8s Beaut\u00e9","description":"Achat de produits de beaut\u00e9 en ligne","potentialAction":[{"@type":"SearchAction","target":{"@type":"EntryPoint","urlTemplate":"https:\/\/accesbeaute.ca\/en\/?s={search_term_string}"},"query-input":{"@type":"PropertyValueSpecification","valueRequired":true,"valueName":"search_term_string"}}],"inLanguage":"en-US"}]}},"_links":{"self":[{"href":"https:\/\/accesbeaute.ca\/en\/wp-json\/wp\/v2\/product\/1732","targetHints":{"allow":["GET"]}}],"collection":[{"href":"https:\/\/accesbeaute.ca\/en\/wp-json\/wp\/v2\/product"}],"about":[{"href":"https:\/\/accesbeaute.ca\/en\/wp-json\/wp\/v2\/types\/product"}],"wp:attachment":[{"href":"https:\/\/accesbeaute.ca\/en\/wp-json\/wp\/v2\/media?parent=1732"}],"wp:term":[{"taxonomy":"product_brand","embeddable":true,"href":"https:\/\/accesbeaute.ca\/en\/wp-json\/wp\/v2\/product_brand?post=1732"},{"taxonomy":"product_cat","embeddable":true,"href":"https:\/\/accesbeaute.ca\/en\/wp-json\/wp\/v2\/product_cat?post=1732"},{"taxonomy":"product_tag","embeddable":true,"href":"https:\/\/accesbeaute.ca\/en\/wp-json\/wp\/v2\/product_tag?post=1732"}],"curies":[{"name":"wp","href":"https:\/\/api.w.org\/{rel}","templated":true}]}}