{"id":1733,"date":"2018-07-28T18:10:57","date_gmt":"2018-07-28T18:10:57","guid":{"rendered":"https:\/\/accesbeaute.ca\/achat\/redness-solution-complex-calm-and-soothe-the-appearance-of-redness-vivier\/"},"modified":"2021-07-02T14:18:20","modified_gmt":"2021-07-02T14:18:20","slug":"redness-solution-complex-calm-and-soothe-the-appearance-of-redness-vivier","status":"publish","type":"product","link":"https:\/\/accesbeaute.ca\/en\/buy\/redness-solution-complex-calm-and-soothe-the-appearance-of-redness-vivier\/","title":{"rendered":"Redness Solution Complex &#8211; Calm and soothe the appearance of redness"},"content":{"rendered":"<p>Size: 55 ml \/ 1.83 fl oz<\/p>\n<p><strong>Q: What skin type is this product for?<\/strong><br \/>\nA: This product is suitable for all skin types that are prone to redness or following an aesthetic procedure.<\/p>\n<p><strong>Q: When should I use this product?\u00a0<\/strong><br \/>\nA: As a part of your daily skin care routine, this product should be applied twice daily. In the morning, the Redness Solution Complex should be applied following cleansing and toning with Vivier HEXAM and Refreshing Toner and before the application of a moisturizer and sunscreen, such as Vivier LEXXEL and Sunscreen Lotion SPF 30. In the evening, the product should be applied following cleansing and toning with Vivier HEXAM and Refreshing Toner and before the application of a moisturizer such as Vivier LEXXEL.<\/p>\n","protected":false},"excerpt":{"rendered":"<hr class=\"ligne-grise\" \/>\n<p><strong>Brand:<\/strong> <a href=\"\/buy\/vivier\">Vivier<\/a><\/p>\n<p>An advanced complex that helps calm and soothe the appearance of redness. Ideal for sensitive skin.<\/p>\n","protected":false},"featured_media":0,"template":"","meta":{"_et_pb_use_builder":"","_et_pb_old_content":"","_et_gb_content_width":""},"product_brand":[],"product_cat":[210,212,213,193,222,219,190],"product_tag":[217],"class_list":{"0":"post-1733","1":"product","2":"type-product","3":"status-publish","5":"product_cat-fabrique-au-canada-en","6":"product_cat-produit-de-beaute-irritation-et-rougeur-en","7":"product_cat-produit-de-beaute-peau-seche-et-deshydratee-en","8":"product_cat-produit-de-beaute-peau-sensible-ou-reactive-en","9":"product_cat-serums-rajeunissants","10":"product_cat-soins-anti-age","11":"product_cat-vivier","12":"product_tag-vivier-en","14":"first","15":"instock","16":"sale","17":"taxable","18":"shipping-taxable","19":"purchasable","20":"product-type-simple"},"yoast_head":"<!-- This site is optimized with the Yoast SEO plugin v27.3 - https:\/\/yoast.com\/product\/yoast-seo-wordpress\/ -->\n<title>Redness Solution Complex - Calm and soothe the appearance of redness  - Achat en ligne<\/title>\n<meta name=\"description\" content=\"%\" \/>\n<meta name=\"robots\" content=\"index, follow, max-snippet:-1, max-image-preview:large, max-video-preview:-1\" \/>\n<link rel=\"canonical\" href=\"https:\/\/accesbeaute.ca\/en\/buy\/redness-solution-complex-calm-and-soothe-the-appearance-of-redness-vivier\/\" \/>\n<meta property=\"og:locale\" content=\"en_US\" \/>\n<meta property=\"og:type\" content=\"article\" \/>\n<meta property=\"og:title\" content=\"Redness Solution Complex - Calm and soothe the appearance of redness  - Achat en ligne\" \/>\n<meta property=\"og:description\" content=\"%\" \/>\n<meta property=\"og:url\" content=\"https:\/\/accesbeaute.ca\/en\/buy\/redness-solution-complex-calm-and-soothe-the-appearance-of-redness-vivier\/\" \/>\n<meta property=\"og:site_name\" content=\"Acc\u00e8s Beaut\u00e9\" \/>\n<meta property=\"article:modified_time\" content=\"2021-07-02T14:18:20+00:00\" \/>\n<meta name=\"twitter:card\" content=\"summary_large_image\" \/>\n<meta name=\"twitter:label1\" content=\"Est. reading time\" \/>\n\t<meta name=\"twitter:data1\" content=\"1 minute\" \/>\n<script type=\"application\/ld+json\" class=\"yoast-schema-graph\">{\"@context\":\"https:\\\/\\\/schema.org\",\"@graph\":[{\"@type\":\"WebPage\",\"@id\":\"https:\\\/\\\/accesbeaute.ca\\\/en\\\/buy\\\/redness-solution-complex-calm-and-soothe-the-appearance-of-redness-vivier\\\/\",\"url\":\"https:\\\/\\\/accesbeaute.ca\\\/en\\\/buy\\\/redness-solution-complex-calm-and-soothe-the-appearance-of-redness-vivier\\\/\",\"name\":\"Redness Solution Complex - Calm and soothe the appearance of redness - Achat en ligne\",\"isPartOf\":{\"@id\":\"https:\\\/\\\/accesbeaute.ca\\\/en\\\/#website\"},\"datePublished\":\"2018-07-28T18:10:57+00:00\",\"dateModified\":\"2021-07-02T14:18:20+00:00\",\"description\":\"%\",\"breadcrumb\":{\"@id\":\"https:\\\/\\\/accesbeaute.ca\\\/en\\\/buy\\\/redness-solution-complex-calm-and-soothe-the-appearance-of-redness-vivier\\\/#breadcrumb\"},\"inLanguage\":\"en-US\",\"potentialAction\":[{\"@type\":\"ReadAction\",\"target\":[\"https:\\\/\\\/accesbeaute.ca\\\/en\\\/buy\\\/redness-solution-complex-calm-and-soothe-the-appearance-of-redness-vivier\\\/\"]}]},{\"@type\":\"BreadcrumbList\",\"@id\":\"https:\\\/\\\/accesbeaute.ca\\\/en\\\/buy\\\/redness-solution-complex-calm-and-soothe-the-appearance-of-redness-vivier\\\/#breadcrumb\",\"itemListElement\":[{\"@type\":\"ListItem\",\"position\":1,\"name\":\"Accueil\",\"item\":\"https:\\\/\\\/accesbeaute.ca\\\/en\\\/\"},{\"@type\":\"ListItem\",\"position\":2,\"name\":\"Boutique\",\"item\":\"https:\\\/\\\/accesbeaute.ca\\\/boutique\\\/\"},{\"@type\":\"ListItem\",\"position\":3,\"name\":\"Fabriqu\u00e9 au Canada\",\"item\":\"https:\\\/\\\/accesbeaute.ca\\\/en\\\/acheter\\\/fabrique-au-canada-en\\\/\"},{\"@type\":\"ListItem\",\"position\":4,\"name\":\"Redness Solution Complex &#8211; Calm and soothe the appearance of redness\"}]},{\"@type\":\"WebSite\",\"@id\":\"https:\\\/\\\/accesbeaute.ca\\\/en\\\/#website\",\"url\":\"https:\\\/\\\/accesbeaute.ca\\\/en\\\/\",\"name\":\"Acc\u00e8s Beaut\u00e9\",\"description\":\"Achat de produits de beaut\u00e9 en ligne\",\"potentialAction\":[{\"@type\":\"SearchAction\",\"target\":{\"@type\":\"EntryPoint\",\"urlTemplate\":\"https:\\\/\\\/accesbeaute.ca\\\/en\\\/?s={search_term_string}\"},\"query-input\":{\"@type\":\"PropertyValueSpecification\",\"valueRequired\":true,\"valueName\":\"search_term_string\"}}],\"inLanguage\":\"en-US\"}]}<\/script>\n<!-- \/ Yoast SEO plugin. -->","yoast_head_json":{"title":"Redness Solution Complex - Calm and soothe the appearance of redness  - Achat en ligne","description":"%","robots":{"index":"index","follow":"follow","max-snippet":"max-snippet:-1","max-image-preview":"max-image-preview:large","max-video-preview":"max-video-preview:-1"},"canonical":"https:\/\/accesbeaute.ca\/en\/buy\/redness-solution-complex-calm-and-soothe-the-appearance-of-redness-vivier\/","og_locale":"en_US","og_type":"article","og_title":"Redness Solution Complex - Calm and soothe the appearance of redness  - Achat en ligne","og_description":"%","og_url":"https:\/\/accesbeaute.ca\/en\/buy\/redness-solution-complex-calm-and-soothe-the-appearance-of-redness-vivier\/","og_site_name":"Acc\u00e8s Beaut\u00e9","article_modified_time":"2021-07-02T14:18:20+00:00","twitter_card":"summary_large_image","twitter_misc":{"Est. reading time":"1 minute"},"schema":{"@context":"https:\/\/schema.org","@graph":[{"@type":"WebPage","@id":"https:\/\/accesbeaute.ca\/en\/buy\/redness-solution-complex-calm-and-soothe-the-appearance-of-redness-vivier\/","url":"https:\/\/accesbeaute.ca\/en\/buy\/redness-solution-complex-calm-and-soothe-the-appearance-of-redness-vivier\/","name":"Redness Solution Complex - Calm and soothe the appearance of redness - Achat en ligne","isPartOf":{"@id":"https:\/\/accesbeaute.ca\/en\/#website"},"datePublished":"2018-07-28T18:10:57+00:00","dateModified":"2021-07-02T14:18:20+00:00","description":"%","breadcrumb":{"@id":"https:\/\/accesbeaute.ca\/en\/buy\/redness-solution-complex-calm-and-soothe-the-appearance-of-redness-vivier\/#breadcrumb"},"inLanguage":"en-US","potentialAction":[{"@type":"ReadAction","target":["https:\/\/accesbeaute.ca\/en\/buy\/redness-solution-complex-calm-and-soothe-the-appearance-of-redness-vivier\/"]}]},{"@type":"BreadcrumbList","@id":"https:\/\/accesbeaute.ca\/en\/buy\/redness-solution-complex-calm-and-soothe-the-appearance-of-redness-vivier\/#breadcrumb","itemListElement":[{"@type":"ListItem","position":1,"name":"Accueil","item":"https:\/\/accesbeaute.ca\/en\/"},{"@type":"ListItem","position":2,"name":"Boutique","item":"https:\/\/accesbeaute.ca\/boutique\/"},{"@type":"ListItem","position":3,"name":"Fabriqu\u00e9 au Canada","item":"https:\/\/accesbeaute.ca\/en\/acheter\/fabrique-au-canada-en\/"},{"@type":"ListItem","position":4,"name":"Redness Solution Complex &#8211; Calm and soothe the appearance of redness"}]},{"@type":"WebSite","@id":"https:\/\/accesbeaute.ca\/en\/#website","url":"https:\/\/accesbeaute.ca\/en\/","name":"Acc\u00e8s Beaut\u00e9","description":"Achat de produits de beaut\u00e9 en ligne","potentialAction":[{"@type":"SearchAction","target":{"@type":"EntryPoint","urlTemplate":"https:\/\/accesbeaute.ca\/en\/?s={search_term_string}"},"query-input":{"@type":"PropertyValueSpecification","valueRequired":true,"valueName":"search_term_string"}}],"inLanguage":"en-US"}]}},"_links":{"self":[{"href":"https:\/\/accesbeaute.ca\/en\/wp-json\/wp\/v2\/product\/1733","targetHints":{"allow":["GET"]}}],"collection":[{"href":"https:\/\/accesbeaute.ca\/en\/wp-json\/wp\/v2\/product"}],"about":[{"href":"https:\/\/accesbeaute.ca\/en\/wp-json\/wp\/v2\/types\/product"}],"wp:attachment":[{"href":"https:\/\/accesbeaute.ca\/en\/wp-json\/wp\/v2\/media?parent=1733"}],"wp:term":[{"taxonomy":"product_brand","embeddable":true,"href":"https:\/\/accesbeaute.ca\/en\/wp-json\/wp\/v2\/product_brand?post=1733"},{"taxonomy":"product_cat","embeddable":true,"href":"https:\/\/accesbeaute.ca\/en\/wp-json\/wp\/v2\/product_cat?post=1733"},{"taxonomy":"product_tag","embeddable":true,"href":"https:\/\/accesbeaute.ca\/en\/wp-json\/wp\/v2\/product_tag?post=1733"}],"curies":[{"name":"wp","href":"https:\/\/api.w.org\/{rel}","templated":true}]}}