{"id":1734,"date":"2018-07-28T18:10:57","date_gmt":"2018-07-28T18:10:57","guid":{"rendered":"https:\/\/accesbeaute.ca\/achat\/vitamin-c-scrub-revitalizing-face-and-body-scrub-vivier\/"},"modified":"2020-12-30T18:54:20","modified_gmt":"2020-12-30T18:54:20","slug":"vitamin-c-scrub-revitalizing-face-and-body-scrub-vivier","status":"publish","type":"product","link":"https:\/\/accesbeaute.ca\/en\/buy\/vitamin-c-scrub-revitalizing-face-and-body-scrub-vivier\/","title":{"rendered":"Vitamin C Scrub &#8211; Revitalizing face and body scrub"},"content":{"rendered":"<p>Size: 150 ml \/ 5 fl oz<\/p>\n<p><strong>Q: Why do I need a scrub?\u00a0<\/strong><br \/>\nA: Exfoliating is an essential part of your regular skin routine especially if you find your skin to be shiny with excess oil secretions, coarse-textured, lacking tone and vitality or if your complexion is dull and grayish. This gentle yet effective exfoliant will gently remove the accumulation of debris, oil, dirt and other impurities and will reveal a fresh, healthy-looking complexion.<\/p>\n<p><strong>Q: What makes this scrub so special?\u00a0<\/strong><br \/>\nA: Most scrubs on the market contain harsh walnut shells or apricot kernels that can damage the skin. The Vivier Vitamin C Scrub is formulated with Biodegradable Beads which gently create a scrubbing effect while lifting impurities and infusing the skin with powerful antioxidants and extracts such as Vitamin C, Witch Hazel Extract and Cucumber Extract.<\/p>\n<p><strong>Q: How often should I use this product?\u00a0<\/strong><br \/>\nA: The Vivier Vitamin C Scrub is gentle enough for daily use.<\/p>\n","protected":false},"excerpt":{"rendered":"<hr class=\"ligne-grise\" \/>\n<p><strong>Brand:<\/strong> <a href=\"\/buy\/vivier\">Vivier<\/a><\/p>\n<p>A revitalizing face and body scrub that gently exfoliates dead skin cells, leaving skin feeling soft, toned and vibrant. Ideal for all skin types.<\/p>\n","protected":false},"featured_media":0,"template":"","meta":{"_et_pb_use_builder":"","_et_pb_old_content":"","_et_gb_content_width":""},"product_brand":[],"product_cat":[221,210,191,193,214,190],"product_tag":[217],"class_list":{"0":"post-1734","1":"product","2":"type-product","3":"status-publish","5":"product_cat-exfoliants-et-gommages","6":"product_cat-fabrique-au-canada-en","7":"product_cat-produits-de-beaute-pour-tout-type-de-peau-en","8":"product_cat-produit-de-beaute-peau-sensible-ou-reactive-en","9":"product_cat-produit-de-beaute-soin-du-corps-en","10":"product_cat-vivier","11":"product_tag-vivier-en","13":"first","14":"outofstock","15":"taxable","16":"shipping-taxable","17":"purchasable","18":"product-type-simple"},"yoast_head":"<!-- This site is optimized with the Yoast SEO plugin v27.3 - https:\/\/yoast.com\/product\/yoast-seo-wordpress\/ -->\n<title>Vitamin C Scrub - Revitalizing face and body scrub  - Achat en ligne<\/title>\n<meta name=\"description\" content=\"%\" \/>\n<meta name=\"robots\" content=\"index, follow, max-snippet:-1, max-image-preview:large, max-video-preview:-1\" \/>\n<link rel=\"canonical\" href=\"https:\/\/accesbeaute.ca\/en\/buy\/vitamin-c-scrub-revitalizing-face-and-body-scrub-vivier\/\" \/>\n<meta property=\"og:locale\" content=\"en_US\" \/>\n<meta property=\"og:type\" content=\"article\" \/>\n<meta property=\"og:title\" content=\"Vitamin C Scrub - Revitalizing face and body scrub  - Achat en ligne\" \/>\n<meta property=\"og:description\" content=\"%\" \/>\n<meta property=\"og:url\" content=\"https:\/\/accesbeaute.ca\/en\/buy\/vitamin-c-scrub-revitalizing-face-and-body-scrub-vivier\/\" \/>\n<meta property=\"og:site_name\" content=\"Acc\u00e8s Beaut\u00e9\" \/>\n<meta property=\"article:modified_time\" content=\"2020-12-30T18:54:20+00:00\" \/>\n<meta name=\"twitter:card\" content=\"summary_large_image\" \/>\n<meta name=\"twitter:label1\" content=\"Est. reading time\" \/>\n\t<meta name=\"twitter:data1\" content=\"1 minute\" \/>\n<script type=\"application\/ld+json\" class=\"yoast-schema-graph\">{\"@context\":\"https:\\\/\\\/schema.org\",\"@graph\":[{\"@type\":\"WebPage\",\"@id\":\"https:\\\/\\\/accesbeaute.ca\\\/en\\\/buy\\\/vitamin-c-scrub-revitalizing-face-and-body-scrub-vivier\\\/\",\"url\":\"https:\\\/\\\/accesbeaute.ca\\\/en\\\/buy\\\/vitamin-c-scrub-revitalizing-face-and-body-scrub-vivier\\\/\",\"name\":\"Vitamin C Scrub - Revitalizing face and body scrub - Achat en ligne\",\"isPartOf\":{\"@id\":\"https:\\\/\\\/accesbeaute.ca\\\/en\\\/#website\"},\"datePublished\":\"2018-07-28T18:10:57+00:00\",\"dateModified\":\"2020-12-30T18:54:20+00:00\",\"description\":\"%\",\"breadcrumb\":{\"@id\":\"https:\\\/\\\/accesbeaute.ca\\\/en\\\/buy\\\/vitamin-c-scrub-revitalizing-face-and-body-scrub-vivier\\\/#breadcrumb\"},\"inLanguage\":\"en-US\",\"potentialAction\":[{\"@type\":\"ReadAction\",\"target\":[\"https:\\\/\\\/accesbeaute.ca\\\/en\\\/buy\\\/vitamin-c-scrub-revitalizing-face-and-body-scrub-vivier\\\/\"]}]},{\"@type\":\"BreadcrumbList\",\"@id\":\"https:\\\/\\\/accesbeaute.ca\\\/en\\\/buy\\\/vitamin-c-scrub-revitalizing-face-and-body-scrub-vivier\\\/#breadcrumb\",\"itemListElement\":[{\"@type\":\"ListItem\",\"position\":1,\"name\":\"Accueil\",\"item\":\"https:\\\/\\\/accesbeaute.ca\\\/en\\\/\"},{\"@type\":\"ListItem\",\"position\":2,\"name\":\"Boutique\",\"item\":\"https:\\\/\\\/accesbeaute.ca\\\/boutique\\\/\"},{\"@type\":\"ListItem\",\"position\":3,\"name\":\"Exfoliants et gommages\",\"item\":\"https:\\\/\\\/accesbeaute.ca\\\/en\\\/acheter\\\/exfoliants-et-gommages\\\/\"},{\"@type\":\"ListItem\",\"position\":4,\"name\":\"Vitamin C Scrub &#8211; Revitalizing face and body scrub\"}]},{\"@type\":\"WebSite\",\"@id\":\"https:\\\/\\\/accesbeaute.ca\\\/en\\\/#website\",\"url\":\"https:\\\/\\\/accesbeaute.ca\\\/en\\\/\",\"name\":\"Acc\u00e8s Beaut\u00e9\",\"description\":\"Achat de produits de beaut\u00e9 en ligne\",\"potentialAction\":[{\"@type\":\"SearchAction\",\"target\":{\"@type\":\"EntryPoint\",\"urlTemplate\":\"https:\\\/\\\/accesbeaute.ca\\\/en\\\/?s={search_term_string}\"},\"query-input\":{\"@type\":\"PropertyValueSpecification\",\"valueRequired\":true,\"valueName\":\"search_term_string\"}}],\"inLanguage\":\"en-US\"}]}<\/script>\n<!-- \/ Yoast SEO plugin. -->","yoast_head_json":{"title":"Vitamin C Scrub - Revitalizing face and body scrub  - Achat en ligne","description":"%","robots":{"index":"index","follow":"follow","max-snippet":"max-snippet:-1","max-image-preview":"max-image-preview:large","max-video-preview":"max-video-preview:-1"},"canonical":"https:\/\/accesbeaute.ca\/en\/buy\/vitamin-c-scrub-revitalizing-face-and-body-scrub-vivier\/","og_locale":"en_US","og_type":"article","og_title":"Vitamin C Scrub - Revitalizing face and body scrub  - Achat en ligne","og_description":"%","og_url":"https:\/\/accesbeaute.ca\/en\/buy\/vitamin-c-scrub-revitalizing-face-and-body-scrub-vivier\/","og_site_name":"Acc\u00e8s Beaut\u00e9","article_modified_time":"2020-12-30T18:54:20+00:00","twitter_card":"summary_large_image","twitter_misc":{"Est. reading time":"1 minute"},"schema":{"@context":"https:\/\/schema.org","@graph":[{"@type":"WebPage","@id":"https:\/\/accesbeaute.ca\/en\/buy\/vitamin-c-scrub-revitalizing-face-and-body-scrub-vivier\/","url":"https:\/\/accesbeaute.ca\/en\/buy\/vitamin-c-scrub-revitalizing-face-and-body-scrub-vivier\/","name":"Vitamin C Scrub - Revitalizing face and body scrub - Achat en ligne","isPartOf":{"@id":"https:\/\/accesbeaute.ca\/en\/#website"},"datePublished":"2018-07-28T18:10:57+00:00","dateModified":"2020-12-30T18:54:20+00:00","description":"%","breadcrumb":{"@id":"https:\/\/accesbeaute.ca\/en\/buy\/vitamin-c-scrub-revitalizing-face-and-body-scrub-vivier\/#breadcrumb"},"inLanguage":"en-US","potentialAction":[{"@type":"ReadAction","target":["https:\/\/accesbeaute.ca\/en\/buy\/vitamin-c-scrub-revitalizing-face-and-body-scrub-vivier\/"]}]},{"@type":"BreadcrumbList","@id":"https:\/\/accesbeaute.ca\/en\/buy\/vitamin-c-scrub-revitalizing-face-and-body-scrub-vivier\/#breadcrumb","itemListElement":[{"@type":"ListItem","position":1,"name":"Accueil","item":"https:\/\/accesbeaute.ca\/en\/"},{"@type":"ListItem","position":2,"name":"Boutique","item":"https:\/\/accesbeaute.ca\/boutique\/"},{"@type":"ListItem","position":3,"name":"Exfoliants et gommages","item":"https:\/\/accesbeaute.ca\/en\/acheter\/exfoliants-et-gommages\/"},{"@type":"ListItem","position":4,"name":"Vitamin C Scrub &#8211; Revitalizing face and body scrub"}]},{"@type":"WebSite","@id":"https:\/\/accesbeaute.ca\/en\/#website","url":"https:\/\/accesbeaute.ca\/en\/","name":"Acc\u00e8s Beaut\u00e9","description":"Achat de produits de beaut\u00e9 en ligne","potentialAction":[{"@type":"SearchAction","target":{"@type":"EntryPoint","urlTemplate":"https:\/\/accesbeaute.ca\/en\/?s={search_term_string}"},"query-input":{"@type":"PropertyValueSpecification","valueRequired":true,"valueName":"search_term_string"}}],"inLanguage":"en-US"}]}},"_links":{"self":[{"href":"https:\/\/accesbeaute.ca\/en\/wp-json\/wp\/v2\/product\/1734","targetHints":{"allow":["GET"]}}],"collection":[{"href":"https:\/\/accesbeaute.ca\/en\/wp-json\/wp\/v2\/product"}],"about":[{"href":"https:\/\/accesbeaute.ca\/en\/wp-json\/wp\/v2\/types\/product"}],"wp:attachment":[{"href":"https:\/\/accesbeaute.ca\/en\/wp-json\/wp\/v2\/media?parent=1734"}],"wp:term":[{"taxonomy":"product_brand","embeddable":true,"href":"https:\/\/accesbeaute.ca\/en\/wp-json\/wp\/v2\/product_brand?post=1734"},{"taxonomy":"product_cat","embeddable":true,"href":"https:\/\/accesbeaute.ca\/en\/wp-json\/wp\/v2\/product_cat?post=1734"},{"taxonomy":"product_tag","embeddable":true,"href":"https:\/\/accesbeaute.ca\/en\/wp-json\/wp\/v2\/product_tag?post=1734"}],"curies":[{"name":"wp","href":"https:\/\/api.w.org\/{rel}","templated":true}]}}