{"id":1735,"date":"2018-07-28T18:11:19","date_gmt":"2018-07-28T18:11:19","guid":{"rendered":"https:\/\/accesbeaute.ca\/achat\/aha-bha-exfoliating-cream-vivier\/"},"modified":"2020-12-30T18:54:27","modified_gmt":"2020-12-30T18:54:27","slug":"aha-bha-exfoliating-cream-vivier","status":"publish","type":"product","link":"https:\/\/accesbeaute.ca\/en\/buy\/aha-bha-exfoliating-cream-vivier\/","title":{"rendered":"AHA\/BHA Exfoliating Cream"},"content":{"rendered":"<p>Size: 55 ml \/ 1.83 fl oz<\/p>\n<p><strong>Q: Who is this product for?<\/strong><br \/>\nA: The AHA\/BHA Exfoliating Cream is specially formulated for problematic aging skin.<\/p>\n<p><strong>Q: What are Alpha Hydroxy Acids?\u00a0<\/strong><br \/>\nA: They are known to slough off dead cells on the surface of the skin. They reveal a fresher, younger-looking complexion.<\/p>\n<p><strong>Q: What is Beta Hydroxy Acid?\u00a0<\/strong><br \/>\nA: Beta Hydroxy Acid such as Salicylic Acid USP is known for its antimicrobial properties and being an effective exfoliant. It is effective for reducing blemishes including blackheads and whiteheads.<\/p>\n<p><strong>Q: What are Vitamin C and Vitamin E?\u00a0<\/strong><br \/>\nA: They are known to reduce free-radical damage and environmental stress on skin to help skin look and act younger.<\/p>\n<p><strong>Q: What are Peptides?<\/strong><br \/>\nA: They are known for their cell-communicating ability of help skin repair itself.<\/p>\n","protected":false},"excerpt":{"rendered":"<hr class=\"ligne-grise\" \/>\n<p><strong>Brand:<\/strong> <a href=\"\/buy\/vivier\">Vivier<\/a><\/p>\n<p>A 3-in-1 solution for flawless skin that gently exfoliates, clears problematic skin and offers anti-aging benefits. Ideal for all skin types. <\/p>\n","protected":false},"featured_media":0,"template":"","meta":{"_et_pb_use_builder":"","_et_pb_old_content":"","_et_gb_content_width":""},"product_brand":[],"product_cat":[221,210,191,219,190],"product_tag":[217],"class_list":{"0":"post-1735","1":"product","2":"type-product","3":"status-publish","5":"product_cat-exfoliants-et-gommages","6":"product_cat-fabrique-au-canada-en","7":"product_cat-produits-de-beaute-pour-tout-type-de-peau-en","8":"product_cat-soins-anti-age","9":"product_cat-vivier","10":"product_tag-vivier-en","12":"first","13":"outofstock","14":"sale","15":"taxable","16":"shipping-taxable","17":"purchasable","18":"product-type-simple"},"yoast_head":"<!-- This site is optimized with the Yoast SEO plugin v27.3 - https:\/\/yoast.com\/product\/yoast-seo-wordpress\/ -->\n<title>AHA\/BHA Exfoliating Cream  - Achat en ligne<\/title>\n<meta name=\"description\" content=\"%\" \/>\n<meta name=\"robots\" content=\"index, follow, max-snippet:-1, max-image-preview:large, max-video-preview:-1\" \/>\n<link rel=\"canonical\" href=\"https:\/\/accesbeaute.ca\/en\/buy\/aha-bha-exfoliating-cream-vivier\/\" \/>\n<meta property=\"og:locale\" content=\"en_US\" \/>\n<meta property=\"og:type\" content=\"article\" \/>\n<meta property=\"og:title\" content=\"AHA\/BHA Exfoliating Cream  - Achat en ligne\" \/>\n<meta property=\"og:description\" content=\"%\" \/>\n<meta property=\"og:url\" content=\"https:\/\/accesbeaute.ca\/en\/buy\/aha-bha-exfoliating-cream-vivier\/\" \/>\n<meta property=\"og:site_name\" content=\"Acc\u00e8s Beaut\u00e9\" \/>\n<meta property=\"article:modified_time\" content=\"2020-12-30T18:54:27+00:00\" \/>\n<meta name=\"twitter:card\" content=\"summary_large_image\" \/>\n<meta name=\"twitter:label1\" content=\"Est. reading time\" \/>\n\t<meta name=\"twitter:data1\" content=\"1 minute\" \/>\n<script type=\"application\/ld+json\" class=\"yoast-schema-graph\">{\"@context\":\"https:\\\/\\\/schema.org\",\"@graph\":[{\"@type\":\"WebPage\",\"@id\":\"https:\\\/\\\/accesbeaute.ca\\\/en\\\/buy\\\/aha-bha-exfoliating-cream-vivier\\\/\",\"url\":\"https:\\\/\\\/accesbeaute.ca\\\/en\\\/buy\\\/aha-bha-exfoliating-cream-vivier\\\/\",\"name\":\"AHA\\\/BHA Exfoliating Cream - Achat en ligne\",\"isPartOf\":{\"@id\":\"https:\\\/\\\/accesbeaute.ca\\\/en\\\/#website\"},\"datePublished\":\"2018-07-28T18:11:19+00:00\",\"dateModified\":\"2020-12-30T18:54:27+00:00\",\"description\":\"%\",\"breadcrumb\":{\"@id\":\"https:\\\/\\\/accesbeaute.ca\\\/en\\\/buy\\\/aha-bha-exfoliating-cream-vivier\\\/#breadcrumb\"},\"inLanguage\":\"en-US\",\"potentialAction\":[{\"@type\":\"ReadAction\",\"target\":[\"https:\\\/\\\/accesbeaute.ca\\\/en\\\/buy\\\/aha-bha-exfoliating-cream-vivier\\\/\"]}]},{\"@type\":\"BreadcrumbList\",\"@id\":\"https:\\\/\\\/accesbeaute.ca\\\/en\\\/buy\\\/aha-bha-exfoliating-cream-vivier\\\/#breadcrumb\",\"itemListElement\":[{\"@type\":\"ListItem\",\"position\":1,\"name\":\"Accueil\",\"item\":\"https:\\\/\\\/accesbeaute.ca\\\/en\\\/\"},{\"@type\":\"ListItem\",\"position\":2,\"name\":\"Boutique\",\"item\":\"https:\\\/\\\/accesbeaute.ca\\\/boutique\\\/\"},{\"@type\":\"ListItem\",\"position\":3,\"name\":\"Exfoliants et gommages\",\"item\":\"https:\\\/\\\/accesbeaute.ca\\\/en\\\/acheter\\\/exfoliants-et-gommages\\\/\"},{\"@type\":\"ListItem\",\"position\":4,\"name\":\"AHA\\\/BHA Exfoliating Cream\"}]},{\"@type\":\"WebSite\",\"@id\":\"https:\\\/\\\/accesbeaute.ca\\\/en\\\/#website\",\"url\":\"https:\\\/\\\/accesbeaute.ca\\\/en\\\/\",\"name\":\"Acc\u00e8s Beaut\u00e9\",\"description\":\"Achat de produits de beaut\u00e9 en ligne\",\"potentialAction\":[{\"@type\":\"SearchAction\",\"target\":{\"@type\":\"EntryPoint\",\"urlTemplate\":\"https:\\\/\\\/accesbeaute.ca\\\/en\\\/?s={search_term_string}\"},\"query-input\":{\"@type\":\"PropertyValueSpecification\",\"valueRequired\":true,\"valueName\":\"search_term_string\"}}],\"inLanguage\":\"en-US\"}]}<\/script>\n<!-- \/ Yoast SEO plugin. -->","yoast_head_json":{"title":"AHA\/BHA Exfoliating Cream  - Achat en ligne","description":"%","robots":{"index":"index","follow":"follow","max-snippet":"max-snippet:-1","max-image-preview":"max-image-preview:large","max-video-preview":"max-video-preview:-1"},"canonical":"https:\/\/accesbeaute.ca\/en\/buy\/aha-bha-exfoliating-cream-vivier\/","og_locale":"en_US","og_type":"article","og_title":"AHA\/BHA Exfoliating Cream  - Achat en ligne","og_description":"%","og_url":"https:\/\/accesbeaute.ca\/en\/buy\/aha-bha-exfoliating-cream-vivier\/","og_site_name":"Acc\u00e8s Beaut\u00e9","article_modified_time":"2020-12-30T18:54:27+00:00","twitter_card":"summary_large_image","twitter_misc":{"Est. reading time":"1 minute"},"schema":{"@context":"https:\/\/schema.org","@graph":[{"@type":"WebPage","@id":"https:\/\/accesbeaute.ca\/en\/buy\/aha-bha-exfoliating-cream-vivier\/","url":"https:\/\/accesbeaute.ca\/en\/buy\/aha-bha-exfoliating-cream-vivier\/","name":"AHA\/BHA Exfoliating Cream - Achat en ligne","isPartOf":{"@id":"https:\/\/accesbeaute.ca\/en\/#website"},"datePublished":"2018-07-28T18:11:19+00:00","dateModified":"2020-12-30T18:54:27+00:00","description":"%","breadcrumb":{"@id":"https:\/\/accesbeaute.ca\/en\/buy\/aha-bha-exfoliating-cream-vivier\/#breadcrumb"},"inLanguage":"en-US","potentialAction":[{"@type":"ReadAction","target":["https:\/\/accesbeaute.ca\/en\/buy\/aha-bha-exfoliating-cream-vivier\/"]}]},{"@type":"BreadcrumbList","@id":"https:\/\/accesbeaute.ca\/en\/buy\/aha-bha-exfoliating-cream-vivier\/#breadcrumb","itemListElement":[{"@type":"ListItem","position":1,"name":"Accueil","item":"https:\/\/accesbeaute.ca\/en\/"},{"@type":"ListItem","position":2,"name":"Boutique","item":"https:\/\/accesbeaute.ca\/boutique\/"},{"@type":"ListItem","position":3,"name":"Exfoliants et gommages","item":"https:\/\/accesbeaute.ca\/en\/acheter\/exfoliants-et-gommages\/"},{"@type":"ListItem","position":4,"name":"AHA\/BHA Exfoliating Cream"}]},{"@type":"WebSite","@id":"https:\/\/accesbeaute.ca\/en\/#website","url":"https:\/\/accesbeaute.ca\/en\/","name":"Acc\u00e8s Beaut\u00e9","description":"Achat de produits de beaut\u00e9 en ligne","potentialAction":[{"@type":"SearchAction","target":{"@type":"EntryPoint","urlTemplate":"https:\/\/accesbeaute.ca\/en\/?s={search_term_string}"},"query-input":{"@type":"PropertyValueSpecification","valueRequired":true,"valueName":"search_term_string"}}],"inLanguage":"en-US"}]}},"_links":{"self":[{"href":"https:\/\/accesbeaute.ca\/en\/wp-json\/wp\/v2\/product\/1735","targetHints":{"allow":["GET"]}}],"collection":[{"href":"https:\/\/accesbeaute.ca\/en\/wp-json\/wp\/v2\/product"}],"about":[{"href":"https:\/\/accesbeaute.ca\/en\/wp-json\/wp\/v2\/types\/product"}],"wp:attachment":[{"href":"https:\/\/accesbeaute.ca\/en\/wp-json\/wp\/v2\/media?parent=1735"}],"wp:term":[{"taxonomy":"product_brand","embeddable":true,"href":"https:\/\/accesbeaute.ca\/en\/wp-json\/wp\/v2\/product_brand?post=1735"},{"taxonomy":"product_cat","embeddable":true,"href":"https:\/\/accesbeaute.ca\/en\/wp-json\/wp\/v2\/product_cat?post=1735"},{"taxonomy":"product_tag","embeddable":true,"href":"https:\/\/accesbeaute.ca\/en\/wp-json\/wp\/v2\/product_tag?post=1735"}],"curies":[{"name":"wp","href":"https:\/\/api.w.org\/{rel}","templated":true}]}}