{"id":1737,"date":"2018-07-28T18:11:20","date_gmt":"2018-07-28T18:11:20","guid":{"rendered":"https:\/\/accesbeaute.ca\/achat\/triple-protection-sunscreen-broad-spectrum-spf-30-vivier\/"},"modified":"2021-07-02T14:19:49","modified_gmt":"2021-07-02T14:19:49","slug":"triple-protection-sunscreen-broad-spectrum-spf-30-vivier","status":"publish","type":"product","link":"https:\/\/accesbeaute.ca\/en\/buy\/triple-protection-sunscreen-broad-spectrum-spf-30-vivier\/","title":{"rendered":"Triple Protection Sunscreen Broad Spectrum SPF 30"},"content":{"rendered":"<p>Size: 60 ml \/ 2 fl oz<\/p>\n<p><strong>Q: What skin types should use this product?\u00a0<\/strong><br \/>\nA: This product is recommended for all skin types especially normal to dry, sensitive skin or compromised skin post-procedure.<\/p>\n<p><strong>Q: Can I apply makeup on top?\u00a0<\/strong><br \/>\nA: Yes. In fact, this product is especially formulated for use either alone or under makeup. Should you choose to apply makeup on top it will apply nicely and evenly without any pilling or sliding.<\/p>\n<p><strong>Q : Can I use this product on the body?\u00a0<\/strong><br \/>\nA: This product is especially formulated for use on the face, neck and chest.<\/p>\n<p><strong>Q: Is this product heavy or oily?\u00a0<\/strong><br \/>\nA: No. Unlike other sunblocks this product is formulated with top of the line sunscreen filters that make it lightweight and sheer. It absorbs quickly without leaving a shiny or oily feeling on the skin.<\/p>\n","protected":false},"excerpt":{"rendered":"<hr class=\"ligne-grise\" \/>\n<p><strong>Brand:<\/strong> <a href=\"\/buy\/vivier\">Vivier<\/a><\/p>\n<p>Ideal for sensitive skin this broad-spectrum UVA\/UVB and SPF 30 sunblock is enriched with powerful antioxidants. Ideal for sensitive skin.<\/p>\n","protected":false},"featured_media":0,"template":"","meta":{"_et_pb_use_builder":"","_et_pb_old_content":"","_et_gb_content_width":""},"product_brand":[],"product_cat":[210,213,193,225,190],"product_tag":[217],"class_list":{"0":"post-1737","1":"product","2":"type-product","3":"status-publish","5":"product_cat-fabrique-au-canada-en","6":"product_cat-produit-de-beaute-peau-seche-et-deshydratee-en","7":"product_cat-produit-de-beaute-peau-sensible-ou-reactive-en","8":"product_cat-soins-et-cremes-solaires","9":"product_cat-vivier","10":"product_tag-vivier-en","12":"first","13":"outofstock","14":"sale","15":"taxable","16":"shipping-taxable","17":"purchasable","18":"product-type-simple"},"yoast_head":"<!-- This site is optimized with the Yoast SEO plugin v27.3 - https:\/\/yoast.com\/product\/yoast-seo-wordpress\/ -->\n<title>Triple Protection Sunscreen Broad Spectrum SPF 30  - Achat en ligne<\/title>\n<meta name=\"description\" content=\"%\" \/>\n<meta name=\"robots\" content=\"index, follow, max-snippet:-1, max-image-preview:large, max-video-preview:-1\" \/>\n<link rel=\"canonical\" href=\"https:\/\/accesbeaute.ca\/en\/buy\/triple-protection-sunscreen-broad-spectrum-spf-30-vivier\/\" \/>\n<meta property=\"og:locale\" content=\"en_US\" \/>\n<meta property=\"og:type\" content=\"article\" \/>\n<meta property=\"og:title\" content=\"Triple Protection Sunscreen Broad Spectrum SPF 30  - Achat en ligne\" \/>\n<meta property=\"og:description\" content=\"%\" \/>\n<meta property=\"og:url\" content=\"https:\/\/accesbeaute.ca\/en\/buy\/triple-protection-sunscreen-broad-spectrum-spf-30-vivier\/\" \/>\n<meta property=\"og:site_name\" content=\"Acc\u00e8s Beaut\u00e9\" \/>\n<meta property=\"article:modified_time\" content=\"2021-07-02T14:19:49+00:00\" \/>\n<meta name=\"twitter:card\" content=\"summary_large_image\" \/>\n<meta name=\"twitter:label1\" content=\"Est. reading time\" \/>\n\t<meta name=\"twitter:data1\" content=\"1 minute\" \/>\n<script type=\"application\/ld+json\" class=\"yoast-schema-graph\">{\"@context\":\"https:\\\/\\\/schema.org\",\"@graph\":[{\"@type\":\"WebPage\",\"@id\":\"https:\\\/\\\/accesbeaute.ca\\\/en\\\/buy\\\/triple-protection-sunscreen-broad-spectrum-spf-30-vivier\\\/\",\"url\":\"https:\\\/\\\/accesbeaute.ca\\\/en\\\/buy\\\/triple-protection-sunscreen-broad-spectrum-spf-30-vivier\\\/\",\"name\":\"Triple Protection Sunscreen Broad Spectrum SPF 30 - Achat en ligne\",\"isPartOf\":{\"@id\":\"https:\\\/\\\/accesbeaute.ca\\\/en\\\/#website\"},\"datePublished\":\"2018-07-28T18:11:20+00:00\",\"dateModified\":\"2021-07-02T14:19:49+00:00\",\"description\":\"%\",\"breadcrumb\":{\"@id\":\"https:\\\/\\\/accesbeaute.ca\\\/en\\\/buy\\\/triple-protection-sunscreen-broad-spectrum-spf-30-vivier\\\/#breadcrumb\"},\"inLanguage\":\"en-US\",\"potentialAction\":[{\"@type\":\"ReadAction\",\"target\":[\"https:\\\/\\\/accesbeaute.ca\\\/en\\\/buy\\\/triple-protection-sunscreen-broad-spectrum-spf-30-vivier\\\/\"]}]},{\"@type\":\"BreadcrumbList\",\"@id\":\"https:\\\/\\\/accesbeaute.ca\\\/en\\\/buy\\\/triple-protection-sunscreen-broad-spectrum-spf-30-vivier\\\/#breadcrumb\",\"itemListElement\":[{\"@type\":\"ListItem\",\"position\":1,\"name\":\"Accueil\",\"item\":\"https:\\\/\\\/accesbeaute.ca\\\/en\\\/\"},{\"@type\":\"ListItem\",\"position\":2,\"name\":\"Boutique\",\"item\":\"https:\\\/\\\/accesbeaute.ca\\\/boutique\\\/\"},{\"@type\":\"ListItem\",\"position\":3,\"name\":\"Fabriqu\u00e9 au Canada\",\"item\":\"https:\\\/\\\/accesbeaute.ca\\\/en\\\/acheter\\\/fabrique-au-canada-en\\\/\"},{\"@type\":\"ListItem\",\"position\":4,\"name\":\"Triple Protection Sunscreen Broad Spectrum SPF 30\"}]},{\"@type\":\"WebSite\",\"@id\":\"https:\\\/\\\/accesbeaute.ca\\\/en\\\/#website\",\"url\":\"https:\\\/\\\/accesbeaute.ca\\\/en\\\/\",\"name\":\"Acc\u00e8s Beaut\u00e9\",\"description\":\"Achat de produits de beaut\u00e9 en ligne\",\"potentialAction\":[{\"@type\":\"SearchAction\",\"target\":{\"@type\":\"EntryPoint\",\"urlTemplate\":\"https:\\\/\\\/accesbeaute.ca\\\/en\\\/?s={search_term_string}\"},\"query-input\":{\"@type\":\"PropertyValueSpecification\",\"valueRequired\":true,\"valueName\":\"search_term_string\"}}],\"inLanguage\":\"en-US\"}]}<\/script>\n<!-- \/ Yoast SEO plugin. -->","yoast_head_json":{"title":"Triple Protection Sunscreen Broad Spectrum SPF 30  - Achat en ligne","description":"%","robots":{"index":"index","follow":"follow","max-snippet":"max-snippet:-1","max-image-preview":"max-image-preview:large","max-video-preview":"max-video-preview:-1"},"canonical":"https:\/\/accesbeaute.ca\/en\/buy\/triple-protection-sunscreen-broad-spectrum-spf-30-vivier\/","og_locale":"en_US","og_type":"article","og_title":"Triple Protection Sunscreen Broad Spectrum SPF 30  - Achat en ligne","og_description":"%","og_url":"https:\/\/accesbeaute.ca\/en\/buy\/triple-protection-sunscreen-broad-spectrum-spf-30-vivier\/","og_site_name":"Acc\u00e8s Beaut\u00e9","article_modified_time":"2021-07-02T14:19:49+00:00","twitter_card":"summary_large_image","twitter_misc":{"Est. reading time":"1 minute"},"schema":{"@context":"https:\/\/schema.org","@graph":[{"@type":"WebPage","@id":"https:\/\/accesbeaute.ca\/en\/buy\/triple-protection-sunscreen-broad-spectrum-spf-30-vivier\/","url":"https:\/\/accesbeaute.ca\/en\/buy\/triple-protection-sunscreen-broad-spectrum-spf-30-vivier\/","name":"Triple Protection Sunscreen Broad Spectrum SPF 30 - Achat en ligne","isPartOf":{"@id":"https:\/\/accesbeaute.ca\/en\/#website"},"datePublished":"2018-07-28T18:11:20+00:00","dateModified":"2021-07-02T14:19:49+00:00","description":"%","breadcrumb":{"@id":"https:\/\/accesbeaute.ca\/en\/buy\/triple-protection-sunscreen-broad-spectrum-spf-30-vivier\/#breadcrumb"},"inLanguage":"en-US","potentialAction":[{"@type":"ReadAction","target":["https:\/\/accesbeaute.ca\/en\/buy\/triple-protection-sunscreen-broad-spectrum-spf-30-vivier\/"]}]},{"@type":"BreadcrumbList","@id":"https:\/\/accesbeaute.ca\/en\/buy\/triple-protection-sunscreen-broad-spectrum-spf-30-vivier\/#breadcrumb","itemListElement":[{"@type":"ListItem","position":1,"name":"Accueil","item":"https:\/\/accesbeaute.ca\/en\/"},{"@type":"ListItem","position":2,"name":"Boutique","item":"https:\/\/accesbeaute.ca\/boutique\/"},{"@type":"ListItem","position":3,"name":"Fabriqu\u00e9 au Canada","item":"https:\/\/accesbeaute.ca\/en\/acheter\/fabrique-au-canada-en\/"},{"@type":"ListItem","position":4,"name":"Triple Protection Sunscreen Broad Spectrum SPF 30"}]},{"@type":"WebSite","@id":"https:\/\/accesbeaute.ca\/en\/#website","url":"https:\/\/accesbeaute.ca\/en\/","name":"Acc\u00e8s Beaut\u00e9","description":"Achat de produits de beaut\u00e9 en ligne","potentialAction":[{"@type":"SearchAction","target":{"@type":"EntryPoint","urlTemplate":"https:\/\/accesbeaute.ca\/en\/?s={search_term_string}"},"query-input":{"@type":"PropertyValueSpecification","valueRequired":true,"valueName":"search_term_string"}}],"inLanguage":"en-US"}]}},"_links":{"self":[{"href":"https:\/\/accesbeaute.ca\/en\/wp-json\/wp\/v2\/product\/1737","targetHints":{"allow":["GET"]}}],"collection":[{"href":"https:\/\/accesbeaute.ca\/en\/wp-json\/wp\/v2\/product"}],"about":[{"href":"https:\/\/accesbeaute.ca\/en\/wp-json\/wp\/v2\/types\/product"}],"wp:attachment":[{"href":"https:\/\/accesbeaute.ca\/en\/wp-json\/wp\/v2\/media?parent=1737"}],"wp:term":[{"taxonomy":"product_brand","embeddable":true,"href":"https:\/\/accesbeaute.ca\/en\/wp-json\/wp\/v2\/product_brand?post=1737"},{"taxonomy":"product_cat","embeddable":true,"href":"https:\/\/accesbeaute.ca\/en\/wp-json\/wp\/v2\/product_cat?post=1737"},{"taxonomy":"product_tag","embeddable":true,"href":"https:\/\/accesbeaute.ca\/en\/wp-json\/wp\/v2\/product_tag?post=1737"}],"curies":[{"name":"wp","href":"https:\/\/api.w.org\/{rel}","templated":true}]}}