{"id":1740,"date":"2018-07-28T18:11:19","date_gmt":"2018-07-28T18:11:19","guid":{"rendered":"https:\/\/accesbeaute.ca\/achat\/nightly-age-defying-moisturizer-vivier\/"},"modified":"2020-12-30T18:55:13","modified_gmt":"2020-12-30T18:55:13","slug":"nightly-age-defying-moisturizer-vivier","status":"publish","type":"product","link":"https:\/\/accesbeaute.ca\/en\/buy\/nightly-age-defying-moisturizer-vivier\/","title":{"rendered":"Nightly Age-Defying Moisturizer"},"content":{"rendered":"<p>Size: 48 ml \/ 1.6 fl oz<\/p>\n<p><strong>Q: When should I use this product? Can I use it also during the day?\u00a0<\/strong><br \/>\nA: This product is powerful anti-aging and moisturizing cream that is recommended for nighttime use. However, in very dry climates it may be used during the daytime for additional moisture.<\/p>\n<p><strong>Q: Who is this product recommended for?\u00a0<\/strong><br \/>\nA: Vivier Nightly Age-Defying Moisturizer\u00a0is ideal for normal to dry, dehydrated skin. It may be used in combination with the Vivier Anti-Aging Programs.<\/p>\n<p><strong>Q: If I use one of the Vivier L-Ascorbic Acid USP serums at nighttime do I need to use a moisturizer on top such as the Vivier Nightly Age-Defying Moisturizer?\u00a0<\/strong><br \/>\nA: Yes. The Vivier L-Ascorbic Acid USP s\u0113rums are not moisturizers. It is important to always apply a moisturizer on top of your s\u0113rum to provide your skin with the moisture and added anti-aging benefits it requires. The Vivier Nightly Age-Defying Moisturizer is the ideal choice for you if you have normal to dry, dehydrated skin.<\/p>\n","protected":false},"excerpt":{"rendered":"<hr class=\"ligne-grise\" \/>\n<p><strong>Brand:<\/strong> <a href=\"\/buy\/vivier\">Vivier<\/a><\/p>\n<p>A rich moisturizer that helps rebuild the strength and natural moisture barrier of the skin to reduce the appearance of aging. Ideal for all skin types. <\/p>\n","protected":false},"featured_media":0,"template":"","meta":{"_et_pb_use_builder":"","_et_pb_old_content":"","_et_gb_content_width":""},"product_brand":[],"product_cat":[220,209,210,213,219,190],"product_tag":[217],"class_list":{"0":"post-1740","1":"product","2":"type-product","3":"status-publish","5":"product_cat-cremes-de-nuit","6":"product_cat-creme-hydratante-en","7":"product_cat-fabrique-au-canada-en","8":"product_cat-produit-de-beaute-peau-seche-et-deshydratee-en","9":"product_cat-soins-anti-age","10":"product_cat-vivier","11":"product_tag-vivier-en","13":"first","14":"outofstock","15":"sale","16":"taxable","17":"shipping-taxable","18":"purchasable","19":"product-type-simple"},"yoast_head":"<!-- This site is optimized with the Yoast SEO plugin v27.3 - https:\/\/yoast.com\/product\/yoast-seo-wordpress\/ -->\n<title>Nightly Age-Defying Moisturizer  - Achat en ligne<\/title>\n<meta name=\"description\" content=\"%\" \/>\n<meta name=\"robots\" content=\"index, follow, max-snippet:-1, max-image-preview:large, max-video-preview:-1\" \/>\n<link rel=\"canonical\" href=\"https:\/\/accesbeaute.ca\/en\/buy\/nightly-age-defying-moisturizer-vivier\/\" \/>\n<meta property=\"og:locale\" content=\"en_US\" \/>\n<meta property=\"og:type\" content=\"article\" \/>\n<meta property=\"og:title\" content=\"Nightly Age-Defying Moisturizer  - Achat en ligne\" \/>\n<meta property=\"og:description\" content=\"%\" \/>\n<meta property=\"og:url\" content=\"https:\/\/accesbeaute.ca\/en\/buy\/nightly-age-defying-moisturizer-vivier\/\" \/>\n<meta property=\"og:site_name\" content=\"Acc\u00e8s Beaut\u00e9\" \/>\n<meta property=\"article:modified_time\" content=\"2020-12-30T18:55:13+00:00\" \/>\n<meta name=\"twitter:card\" content=\"summary_large_image\" \/>\n<meta name=\"twitter:label1\" content=\"Est. reading time\" \/>\n\t<meta name=\"twitter:data1\" content=\"1 minute\" \/>\n<script type=\"application\/ld+json\" class=\"yoast-schema-graph\">{\"@context\":\"https:\\\/\\\/schema.org\",\"@graph\":[{\"@type\":\"WebPage\",\"@id\":\"https:\\\/\\\/accesbeaute.ca\\\/en\\\/buy\\\/nightly-age-defying-moisturizer-vivier\\\/\",\"url\":\"https:\\\/\\\/accesbeaute.ca\\\/en\\\/buy\\\/nightly-age-defying-moisturizer-vivier\\\/\",\"name\":\"Nightly Age-Defying Moisturizer - Achat en ligne\",\"isPartOf\":{\"@id\":\"https:\\\/\\\/accesbeaute.ca\\\/en\\\/#website\"},\"datePublished\":\"2018-07-28T18:11:19+00:00\",\"dateModified\":\"2020-12-30T18:55:13+00:00\",\"description\":\"%\",\"breadcrumb\":{\"@id\":\"https:\\\/\\\/accesbeaute.ca\\\/en\\\/buy\\\/nightly-age-defying-moisturizer-vivier\\\/#breadcrumb\"},\"inLanguage\":\"en-US\",\"potentialAction\":[{\"@type\":\"ReadAction\",\"target\":[\"https:\\\/\\\/accesbeaute.ca\\\/en\\\/buy\\\/nightly-age-defying-moisturizer-vivier\\\/\"]}]},{\"@type\":\"BreadcrumbList\",\"@id\":\"https:\\\/\\\/accesbeaute.ca\\\/en\\\/buy\\\/nightly-age-defying-moisturizer-vivier\\\/#breadcrumb\",\"itemListElement\":[{\"@type\":\"ListItem\",\"position\":1,\"name\":\"Accueil\",\"item\":\"https:\\\/\\\/accesbeaute.ca\\\/en\\\/\"},{\"@type\":\"ListItem\",\"position\":2,\"name\":\"Boutique\",\"item\":\"https:\\\/\\\/accesbeaute.ca\\\/boutique\\\/\"},{\"@type\":\"ListItem\",\"position\":3,\"name\":\"Cr\u00e8mes de nuit\",\"item\":\"https:\\\/\\\/accesbeaute.ca\\\/en\\\/acheter\\\/cremes-de-nuit\\\/\"},{\"@type\":\"ListItem\",\"position\":4,\"name\":\"Nightly Age-Defying Moisturizer\"}]},{\"@type\":\"WebSite\",\"@id\":\"https:\\\/\\\/accesbeaute.ca\\\/en\\\/#website\",\"url\":\"https:\\\/\\\/accesbeaute.ca\\\/en\\\/\",\"name\":\"Acc\u00e8s Beaut\u00e9\",\"description\":\"Achat de produits de beaut\u00e9 en ligne\",\"potentialAction\":[{\"@type\":\"SearchAction\",\"target\":{\"@type\":\"EntryPoint\",\"urlTemplate\":\"https:\\\/\\\/accesbeaute.ca\\\/en\\\/?s={search_term_string}\"},\"query-input\":{\"@type\":\"PropertyValueSpecification\",\"valueRequired\":true,\"valueName\":\"search_term_string\"}}],\"inLanguage\":\"en-US\"}]}<\/script>\n<!-- \/ Yoast SEO plugin. -->","yoast_head_json":{"title":"Nightly Age-Defying Moisturizer  - Achat en ligne","description":"%","robots":{"index":"index","follow":"follow","max-snippet":"max-snippet:-1","max-image-preview":"max-image-preview:large","max-video-preview":"max-video-preview:-1"},"canonical":"https:\/\/accesbeaute.ca\/en\/buy\/nightly-age-defying-moisturizer-vivier\/","og_locale":"en_US","og_type":"article","og_title":"Nightly Age-Defying Moisturizer  - Achat en ligne","og_description":"%","og_url":"https:\/\/accesbeaute.ca\/en\/buy\/nightly-age-defying-moisturizer-vivier\/","og_site_name":"Acc\u00e8s Beaut\u00e9","article_modified_time":"2020-12-30T18:55:13+00:00","twitter_card":"summary_large_image","twitter_misc":{"Est. reading time":"1 minute"},"schema":{"@context":"https:\/\/schema.org","@graph":[{"@type":"WebPage","@id":"https:\/\/accesbeaute.ca\/en\/buy\/nightly-age-defying-moisturizer-vivier\/","url":"https:\/\/accesbeaute.ca\/en\/buy\/nightly-age-defying-moisturizer-vivier\/","name":"Nightly Age-Defying Moisturizer - Achat en ligne","isPartOf":{"@id":"https:\/\/accesbeaute.ca\/en\/#website"},"datePublished":"2018-07-28T18:11:19+00:00","dateModified":"2020-12-30T18:55:13+00:00","description":"%","breadcrumb":{"@id":"https:\/\/accesbeaute.ca\/en\/buy\/nightly-age-defying-moisturizer-vivier\/#breadcrumb"},"inLanguage":"en-US","potentialAction":[{"@type":"ReadAction","target":["https:\/\/accesbeaute.ca\/en\/buy\/nightly-age-defying-moisturizer-vivier\/"]}]},{"@type":"BreadcrumbList","@id":"https:\/\/accesbeaute.ca\/en\/buy\/nightly-age-defying-moisturizer-vivier\/#breadcrumb","itemListElement":[{"@type":"ListItem","position":1,"name":"Accueil","item":"https:\/\/accesbeaute.ca\/en\/"},{"@type":"ListItem","position":2,"name":"Boutique","item":"https:\/\/accesbeaute.ca\/boutique\/"},{"@type":"ListItem","position":3,"name":"Cr\u00e8mes de nuit","item":"https:\/\/accesbeaute.ca\/en\/acheter\/cremes-de-nuit\/"},{"@type":"ListItem","position":4,"name":"Nightly Age-Defying Moisturizer"}]},{"@type":"WebSite","@id":"https:\/\/accesbeaute.ca\/en\/#website","url":"https:\/\/accesbeaute.ca\/en\/","name":"Acc\u00e8s Beaut\u00e9","description":"Achat de produits de beaut\u00e9 en ligne","potentialAction":[{"@type":"SearchAction","target":{"@type":"EntryPoint","urlTemplate":"https:\/\/accesbeaute.ca\/en\/?s={search_term_string}"},"query-input":{"@type":"PropertyValueSpecification","valueRequired":true,"valueName":"search_term_string"}}],"inLanguage":"en-US"}]}},"_links":{"self":[{"href":"https:\/\/accesbeaute.ca\/en\/wp-json\/wp\/v2\/product\/1740","targetHints":{"allow":["GET"]}}],"collection":[{"href":"https:\/\/accesbeaute.ca\/en\/wp-json\/wp\/v2\/product"}],"about":[{"href":"https:\/\/accesbeaute.ca\/en\/wp-json\/wp\/v2\/types\/product"}],"wp:attachment":[{"href":"https:\/\/accesbeaute.ca\/en\/wp-json\/wp\/v2\/media?parent=1740"}],"wp:term":[{"taxonomy":"product_brand","embeddable":true,"href":"https:\/\/accesbeaute.ca\/en\/wp-json\/wp\/v2\/product_brand?post=1740"},{"taxonomy":"product_cat","embeddable":true,"href":"https:\/\/accesbeaute.ca\/en\/wp-json\/wp\/v2\/product_cat?post=1740"},{"taxonomy":"product_tag","embeddable":true,"href":"https:\/\/accesbeaute.ca\/en\/wp-json\/wp\/v2\/product_tag?post=1740"}],"curies":[{"name":"wp","href":"https:\/\/api.w.org\/{rel}","templated":true}]}}