{"id":1741,"date":"2018-07-28T18:11:21","date_gmt":"2018-07-28T18:11:21","guid":{"rendered":"https:\/\/accesbeaute.ca\/achat\/peptide-cr-creme-rich-face-neck-and-decolletage-cream-vivier\/"},"modified":"2021-02-03T18:27:31","modified_gmt":"2021-02-03T18:27:31","slug":"peptide-cr-creme-rich-face-neck-and-decolletage-cream-vivier","status":"publish","type":"product","link":"https:\/\/accesbeaute.ca\/en\/buy\/peptide-cr-creme-rich-face-neck-and-decolletage-cream-vivier\/","title":{"rendered":"Peptide CR Cr\u00e8me &#8211; Rich face, neck and d\u00e9colletage cream"},"content":{"rendered":"<p>Size: 50 ml \/ 1.69 fl oz<\/p>\n<p><strong>Q: What makes this product so special?<\/strong><br \/>\nA: This product is a luxurious face, neck and d\u00e9colletage cream. It moisturizes the skin while helping improve the appearance of fine lines and wrinkles. It contains a rich blend of technologically advanced ingredients that help moisturize the skin for a complexion that looks youthful and radiant.<\/p>\n<p><strong>Q: Where do I apply this product?<\/strong><br \/>\nA: This product should be used on the face, neck and d\u00e9colletage.<\/p>\n<p><strong>Q: Is this product safe for use on sensitive skin?<\/strong><br \/>\nA: Yes. This product is indicated for all skin types.<\/p>\n","protected":false},"excerpt":{"rendered":"<hr class=\"ligne-grise\" \/>\n<p><strong>Brand:<\/strong> <a href=\"\/buy\/vivier\">Vivier<\/a><\/p>\n<p>A rich face, neck and d\u00e9colletage cream that moisturizes the skin while helping to improve the appearance of fine lines and wrinkles with Vitamin C, Peptides and Retinol. Ideal for all skin types.<\/p>\n","protected":false},"featured_media":0,"template":"","meta":{"_et_pb_use_builder":"","_et_pb_old_content":"","_et_gb_content_width":""},"product_brand":[],"product_cat":[209,210,191,193,195,219,196,190],"product_tag":[217],"class_list":{"0":"post-1741","1":"product","2":"type-product","3":"status-publish","5":"product_cat-creme-hydratante-en","6":"product_cat-fabrique-au-canada-en","7":"product_cat-produits-de-beaute-pour-tout-type-de-peau-en","8":"product_cat-produit-de-beaute-peau-sensible-ou-reactive-en","9":"product_cat-produit-de-beaute-teint-terne-en","10":"product_cat-soins-anti-age","11":"product_cat-soins-revitalisants-pour-le-visage-en","12":"product_cat-vivier","13":"product_tag-vivier-en","15":"first","16":"outofstock","17":"sale","18":"taxable","19":"shipping-taxable","20":"purchasable","21":"product-type-simple"},"yoast_head":"<!-- This site is optimized with the Yoast SEO plugin v27.3 - https:\/\/yoast.com\/product\/yoast-seo-wordpress\/ -->\n<title>Peptide CR Cr\u00e8me - Rich face, neck and d\u00e9colletage cream  - Achat en ligne<\/title>\n<meta name=\"description\" content=\"%\" \/>\n<meta name=\"robots\" content=\"index, follow, max-snippet:-1, max-image-preview:large, max-video-preview:-1\" \/>\n<link rel=\"canonical\" href=\"https:\/\/accesbeaute.ca\/en\/buy\/peptide-cr-creme-rich-face-neck-and-decolletage-cream-vivier\/\" \/>\n<meta property=\"og:locale\" content=\"en_US\" \/>\n<meta property=\"og:type\" content=\"article\" \/>\n<meta property=\"og:title\" content=\"Peptide CR Cr\u00e8me - Rich face, neck and d\u00e9colletage cream  - Achat en ligne\" \/>\n<meta property=\"og:description\" content=\"%\" \/>\n<meta property=\"og:url\" content=\"https:\/\/accesbeaute.ca\/en\/buy\/peptide-cr-creme-rich-face-neck-and-decolletage-cream-vivier\/\" \/>\n<meta property=\"og:site_name\" content=\"Acc\u00e8s Beaut\u00e9\" \/>\n<meta property=\"article:modified_time\" content=\"2021-02-03T18:27:31+00:00\" \/>\n<meta name=\"twitter:card\" content=\"summary_large_image\" \/>\n<script type=\"application\/ld+json\" class=\"yoast-schema-graph\">{\"@context\":\"https:\\\/\\\/schema.org\",\"@graph\":[{\"@type\":\"WebPage\",\"@id\":\"https:\\\/\\\/accesbeaute.ca\\\/en\\\/buy\\\/peptide-cr-creme-rich-face-neck-and-decolletage-cream-vivier\\\/\",\"url\":\"https:\\\/\\\/accesbeaute.ca\\\/en\\\/buy\\\/peptide-cr-creme-rich-face-neck-and-decolletage-cream-vivier\\\/\",\"name\":\"Peptide CR Cr\u00e8me - Rich face, neck and d\u00e9colletage cream - Achat en ligne\",\"isPartOf\":{\"@id\":\"https:\\\/\\\/accesbeaute.ca\\\/en\\\/#website\"},\"datePublished\":\"2018-07-28T18:11:21+00:00\",\"dateModified\":\"2021-02-03T18:27:31+00:00\",\"description\":\"%\",\"breadcrumb\":{\"@id\":\"https:\\\/\\\/accesbeaute.ca\\\/en\\\/buy\\\/peptide-cr-creme-rich-face-neck-and-decolletage-cream-vivier\\\/#breadcrumb\"},\"inLanguage\":\"en-US\",\"potentialAction\":[{\"@type\":\"ReadAction\",\"target\":[\"https:\\\/\\\/accesbeaute.ca\\\/en\\\/buy\\\/peptide-cr-creme-rich-face-neck-and-decolletage-cream-vivier\\\/\"]}]},{\"@type\":\"BreadcrumbList\",\"@id\":\"https:\\\/\\\/accesbeaute.ca\\\/en\\\/buy\\\/peptide-cr-creme-rich-face-neck-and-decolletage-cream-vivier\\\/#breadcrumb\",\"itemListElement\":[{\"@type\":\"ListItem\",\"position\":1,\"name\":\"Accueil\",\"item\":\"https:\\\/\\\/accesbeaute.ca\\\/en\\\/\"},{\"@type\":\"ListItem\",\"position\":2,\"name\":\"Boutique\",\"item\":\"https:\\\/\\\/accesbeaute.ca\\\/boutique\\\/\"},{\"@type\":\"ListItem\",\"position\":3,\"name\":\"Cr\u00e8mes hydratantes\",\"item\":\"https:\\\/\\\/accesbeaute.ca\\\/en\\\/acheter\\\/creme-hydratante-en\\\/\"},{\"@type\":\"ListItem\",\"position\":4,\"name\":\"Peptide CR Cr\u00e8me &#8211; Rich face, neck and d\u00e9colletage cream\"}]},{\"@type\":\"WebSite\",\"@id\":\"https:\\\/\\\/accesbeaute.ca\\\/en\\\/#website\",\"url\":\"https:\\\/\\\/accesbeaute.ca\\\/en\\\/\",\"name\":\"Acc\u00e8s Beaut\u00e9\",\"description\":\"Achat de produits de beaut\u00e9 en ligne\",\"potentialAction\":[{\"@type\":\"SearchAction\",\"target\":{\"@type\":\"EntryPoint\",\"urlTemplate\":\"https:\\\/\\\/accesbeaute.ca\\\/en\\\/?s={search_term_string}\"},\"query-input\":{\"@type\":\"PropertyValueSpecification\",\"valueRequired\":true,\"valueName\":\"search_term_string\"}}],\"inLanguage\":\"en-US\"}]}<\/script>\n<!-- \/ Yoast SEO plugin. -->","yoast_head_json":{"title":"Peptide CR Cr\u00e8me - Rich face, neck and d\u00e9colletage cream  - Achat en ligne","description":"%","robots":{"index":"index","follow":"follow","max-snippet":"max-snippet:-1","max-image-preview":"max-image-preview:large","max-video-preview":"max-video-preview:-1"},"canonical":"https:\/\/accesbeaute.ca\/en\/buy\/peptide-cr-creme-rich-face-neck-and-decolletage-cream-vivier\/","og_locale":"en_US","og_type":"article","og_title":"Peptide CR Cr\u00e8me - Rich face, neck and d\u00e9colletage cream  - Achat en ligne","og_description":"%","og_url":"https:\/\/accesbeaute.ca\/en\/buy\/peptide-cr-creme-rich-face-neck-and-decolletage-cream-vivier\/","og_site_name":"Acc\u00e8s Beaut\u00e9","article_modified_time":"2021-02-03T18:27:31+00:00","twitter_card":"summary_large_image","schema":{"@context":"https:\/\/schema.org","@graph":[{"@type":"WebPage","@id":"https:\/\/accesbeaute.ca\/en\/buy\/peptide-cr-creme-rich-face-neck-and-decolletage-cream-vivier\/","url":"https:\/\/accesbeaute.ca\/en\/buy\/peptide-cr-creme-rich-face-neck-and-decolletage-cream-vivier\/","name":"Peptide CR Cr\u00e8me - Rich face, neck and d\u00e9colletage cream - Achat en ligne","isPartOf":{"@id":"https:\/\/accesbeaute.ca\/en\/#website"},"datePublished":"2018-07-28T18:11:21+00:00","dateModified":"2021-02-03T18:27:31+00:00","description":"%","breadcrumb":{"@id":"https:\/\/accesbeaute.ca\/en\/buy\/peptide-cr-creme-rich-face-neck-and-decolletage-cream-vivier\/#breadcrumb"},"inLanguage":"en-US","potentialAction":[{"@type":"ReadAction","target":["https:\/\/accesbeaute.ca\/en\/buy\/peptide-cr-creme-rich-face-neck-and-decolletage-cream-vivier\/"]}]},{"@type":"BreadcrumbList","@id":"https:\/\/accesbeaute.ca\/en\/buy\/peptide-cr-creme-rich-face-neck-and-decolletage-cream-vivier\/#breadcrumb","itemListElement":[{"@type":"ListItem","position":1,"name":"Accueil","item":"https:\/\/accesbeaute.ca\/en\/"},{"@type":"ListItem","position":2,"name":"Boutique","item":"https:\/\/accesbeaute.ca\/boutique\/"},{"@type":"ListItem","position":3,"name":"Cr\u00e8mes hydratantes","item":"https:\/\/accesbeaute.ca\/en\/acheter\/creme-hydratante-en\/"},{"@type":"ListItem","position":4,"name":"Peptide CR Cr\u00e8me &#8211; Rich face, neck and d\u00e9colletage cream"}]},{"@type":"WebSite","@id":"https:\/\/accesbeaute.ca\/en\/#website","url":"https:\/\/accesbeaute.ca\/en\/","name":"Acc\u00e8s Beaut\u00e9","description":"Achat de produits de beaut\u00e9 en ligne","potentialAction":[{"@type":"SearchAction","target":{"@type":"EntryPoint","urlTemplate":"https:\/\/accesbeaute.ca\/en\/?s={search_term_string}"},"query-input":{"@type":"PropertyValueSpecification","valueRequired":true,"valueName":"search_term_string"}}],"inLanguage":"en-US"}]}},"_links":{"self":[{"href":"https:\/\/accesbeaute.ca\/en\/wp-json\/wp\/v2\/product\/1741","targetHints":{"allow":["GET"]}}],"collection":[{"href":"https:\/\/accesbeaute.ca\/en\/wp-json\/wp\/v2\/product"}],"about":[{"href":"https:\/\/accesbeaute.ca\/en\/wp-json\/wp\/v2\/types\/product"}],"wp:attachment":[{"href":"https:\/\/accesbeaute.ca\/en\/wp-json\/wp\/v2\/media?parent=1741"}],"wp:term":[{"taxonomy":"product_brand","embeddable":true,"href":"https:\/\/accesbeaute.ca\/en\/wp-json\/wp\/v2\/product_brand?post=1741"},{"taxonomy":"product_cat","embeddable":true,"href":"https:\/\/accesbeaute.ca\/en\/wp-json\/wp\/v2\/product_cat?post=1741"},{"taxonomy":"product_tag","embeddable":true,"href":"https:\/\/accesbeaute.ca\/en\/wp-json\/wp\/v2\/product_tag?post=1741"}],"curies":[{"name":"wp","href":"https:\/\/api.w.org\/{rel}","templated":true}]}}