{"id":1759,"date":"2018-07-28T18:06:25","date_gmt":"2018-07-28T18:06:25","guid":{"rendered":"https:\/\/accesbeaute.ca\/achat\/precious-oil-intensive-revitalisation-elixir-de-pen-lan-algologie\/"},"modified":"2024-06-23T20:14:40","modified_gmt":"2024-06-23T20:14:40","slug":"precious-oil-intensive-revitalisation-elixir-de-pen-lan-algologie","status":"publish","type":"product","link":"https:\/\/accesbeaute.ca\/en\/buy\/precious-oil-intensive-revitalisation-elixir-de-pen-lan-algologie\/","title":{"rendered":"\u00c9lixir de Pen Lan &#8211; Precious Oil Intensive Revitalisation &#8211; Algologie"},"content":{"rendered":"<ul>\n<li>The skin is recharged with energy, smooth and radiant.<\/li>\n<li>Cross product indispensable for all skin types and all ages Pre-Serum<\/li>\n<li>Coastal plant fragrance, a real concentrate of emotions<\/li>\n<li>Precious oil for intensive revitalization<\/li>\n<li>Protects, regenerates and revitalizes the skin<\/li>\n<li>High nutritional value (vitamins, minerals and trace elements)<\/li>\n<li>Golden-yellow serum with the gentle scent of coastal plants<\/li>\n<li>Promotes synthesis of collagen, elastin and hyaluronic acid<\/li>\n<li>Tones, moisturizes, soothes and firms<\/li>\n<li>Rapidly absorbed, leaving no oily film on the skin<\/li>\n<li>Protective antioxidant properties<\/li>\n<li>Provides energized, supple, firm, smoothed and luminous skin<\/li>\n<li>Contains the highest concentration of marine active ingredients<\/li>\n<li>Size: 30 ml \/ 1 fl oz<\/li>\n<\/ul>\n<p><strong>For your skin&#8217;s well-being:<\/strong><\/p>\n<ul>\n<li>More than 95% of the ingredients are from natural origin. Algologie is certified Ecocert and is committed to not using\u00a0parabens, silicones, mineral oils, phthalates, propylene glycol and PEG.<\/li>\n<\/ul>\n","protected":false},"excerpt":{"rendered":"<hr class=\"ligne-grise\" \/>\n<p><strong>Brand:<\/strong> <a href=\"\/buy\/algologie\">Algologie<\/a><\/p>\n<p>Highly concentrated with Algo 4\u00ae, this concentrated elixir delivers all the benefits of the pen lan coastline to protect, regenerate and firm the skin.<\/p>\n","protected":false},"featured_media":1760,"template":"","meta":{"_et_pb_use_builder":"","_et_pb_old_content":"","_et_gb_content_width":""},"product_brand":[],"product_cat":[201,220,191,222,219,196],"product_tag":[202],"class_list":{"0":"post-1759","1":"product","2":"type-product","3":"status-publish","4":"has-post-thumbnail","6":"product_cat-algologie-en","7":"product_cat-cremes-de-nuit","8":"product_cat-produits-de-beaute-pour-tout-type-de-peau-en","9":"product_cat-serums-rajeunissants","10":"product_cat-soins-anti-age","11":"product_cat-soins-revitalisants-pour-le-visage-en","12":"product_tag-algologie-en","14":"first","15":"instock","16":"sale","17":"taxable","18":"shipping-taxable","19":"purchasable","20":"product-type-simple"},"yoast_head":"<!-- This site is optimized with the Yoast SEO plugin v27.3 - https:\/\/yoast.com\/product\/yoast-seo-wordpress\/ -->\n<title>\u00c9lixir de Pen Lan - Precious Oil Intensive Revitalisation - Algologie  - Achat en ligne<\/title>\n<meta name=\"description\" content=\"%\" \/>\n<meta name=\"robots\" content=\"index, follow, max-snippet:-1, max-image-preview:large, max-video-preview:-1\" \/>\n<link rel=\"canonical\" href=\"https:\/\/accesbeaute.ca\/en\/buy\/precious-oil-intensive-revitalisation-elixir-de-pen-lan-algologie\/\" \/>\n<meta property=\"og:locale\" content=\"en_US\" \/>\n<meta property=\"og:type\" content=\"article\" \/>\n<meta property=\"og:title\" content=\"\u00c9lixir de Pen Lan - Precious Oil Intensive Revitalisation - Algologie  - Achat en ligne\" \/>\n<meta property=\"og:description\" content=\"%\" \/>\n<meta property=\"og:url\" content=\"https:\/\/accesbeaute.ca\/en\/buy\/precious-oil-intensive-revitalisation-elixir-de-pen-lan-algologie\/\" \/>\n<meta property=\"og:site_name\" content=\"Acc\u00e8s Beaut\u00e9\" \/>\n<meta property=\"article:modified_time\" content=\"2024-06-23T20:14:40+00:00\" \/>\n<meta property=\"og:image\" content=\"https:\/\/accesbeaute.ca\/wp-content\/uploads\/2018\/07\/elixir-de-pen-lan-revitalisation-intensive-gamme-energie-plus-par-algologie.jpg\" \/>\n\t<meta property=\"og:image:width\" content=\"800\" \/>\n\t<meta property=\"og:image:height\" content=\"800\" \/>\n\t<meta property=\"og:image:type\" content=\"image\/jpeg\" \/>\n<meta name=\"twitter:card\" content=\"summary_large_image\" \/>\n<meta name=\"twitter:label1\" content=\"Est. reading time\" \/>\n\t<meta name=\"twitter:data1\" content=\"1 minute\" \/>\n<script type=\"application\/ld+json\" class=\"yoast-schema-graph\">{\"@context\":\"https:\\\/\\\/schema.org\",\"@graph\":[{\"@type\":\"WebPage\",\"@id\":\"https:\\\/\\\/accesbeaute.ca\\\/en\\\/buy\\\/precious-oil-intensive-revitalisation-elixir-de-pen-lan-algologie\\\/\",\"url\":\"https:\\\/\\\/accesbeaute.ca\\\/en\\\/buy\\\/precious-oil-intensive-revitalisation-elixir-de-pen-lan-algologie\\\/\",\"name\":\"\u00c9lixir de Pen Lan - Precious Oil Intensive Revitalisation - Algologie - Achat en ligne\",\"isPartOf\":{\"@id\":\"https:\\\/\\\/accesbeaute.ca\\\/en\\\/#website\"},\"primaryImageOfPage\":{\"@id\":\"https:\\\/\\\/accesbeaute.ca\\\/en\\\/buy\\\/precious-oil-intensive-revitalisation-elixir-de-pen-lan-algologie\\\/#primaryimage\"},\"image\":{\"@id\":\"https:\\\/\\\/accesbeaute.ca\\\/en\\\/buy\\\/precious-oil-intensive-revitalisation-elixir-de-pen-lan-algologie\\\/#primaryimage\"},\"thumbnailUrl\":\"https:\\\/\\\/accesbeaute.ca\\\/wp-content\\\/uploads\\\/2018\\\/07\\\/elixir-de-pen-lan-revitalisation-intensive-gamme-energie-plus-par-algologie.jpg\",\"datePublished\":\"2018-07-28T18:06:25+00:00\",\"dateModified\":\"2024-06-23T20:14:40+00:00\",\"description\":\"%\",\"breadcrumb\":{\"@id\":\"https:\\\/\\\/accesbeaute.ca\\\/en\\\/buy\\\/precious-oil-intensive-revitalisation-elixir-de-pen-lan-algologie\\\/#breadcrumb\"},\"inLanguage\":\"en-US\",\"potentialAction\":[{\"@type\":\"ReadAction\",\"target\":[\"https:\\\/\\\/accesbeaute.ca\\\/en\\\/buy\\\/precious-oil-intensive-revitalisation-elixir-de-pen-lan-algologie\\\/\"]}]},{\"@type\":\"ImageObject\",\"inLanguage\":\"en-US\",\"@id\":\"https:\\\/\\\/accesbeaute.ca\\\/en\\\/buy\\\/precious-oil-intensive-revitalisation-elixir-de-pen-lan-algologie\\\/#primaryimage\",\"url\":\"https:\\\/\\\/accesbeaute.ca\\\/wp-content\\\/uploads\\\/2018\\\/07\\\/elixir-de-pen-lan-revitalisation-intensive-gamme-energie-plus-par-algologie.jpg\",\"contentUrl\":\"https:\\\/\\\/accesbeaute.ca\\\/wp-content\\\/uploads\\\/2018\\\/07\\\/elixir-de-pen-lan-revitalisation-intensive-gamme-energie-plus-par-algologie.jpg\",\"width\":800,\"height\":800,\"caption\":\"Precious Oil Intensive Revitalisation - \u00c9lixir de Pen Lan Algologie\"},{\"@type\":\"BreadcrumbList\",\"@id\":\"https:\\\/\\\/accesbeaute.ca\\\/en\\\/buy\\\/precious-oil-intensive-revitalisation-elixir-de-pen-lan-algologie\\\/#breadcrumb\",\"itemListElement\":[{\"@type\":\"ListItem\",\"position\":1,\"name\":\"Accueil\",\"item\":\"https:\\\/\\\/accesbeaute.ca\\\/en\\\/\"},{\"@type\":\"ListItem\",\"position\":2,\"name\":\"Boutique\",\"item\":\"https:\\\/\\\/accesbeaute.ca\\\/boutique\\\/\"},{\"@type\":\"ListItem\",\"position\":3,\"name\":\"Algologie\",\"item\":\"https:\\\/\\\/accesbeaute.ca\\\/en\\\/acheter\\\/algologie-en\\\/\"},{\"@type\":\"ListItem\",\"position\":4,\"name\":\"\u00c9lixir de Pen Lan &#8211; Precious Oil Intensive Revitalisation &#8211; Algologie\"}]},{\"@type\":\"WebSite\",\"@id\":\"https:\\\/\\\/accesbeaute.ca\\\/en\\\/#website\",\"url\":\"https:\\\/\\\/accesbeaute.ca\\\/en\\\/\",\"name\":\"Acc\u00e8s Beaut\u00e9\",\"description\":\"Achat de produits de beaut\u00e9 en ligne\",\"potentialAction\":[{\"@type\":\"SearchAction\",\"target\":{\"@type\":\"EntryPoint\",\"urlTemplate\":\"https:\\\/\\\/accesbeaute.ca\\\/en\\\/?s={search_term_string}\"},\"query-input\":{\"@type\":\"PropertyValueSpecification\",\"valueRequired\":true,\"valueName\":\"search_term_string\"}}],\"inLanguage\":\"en-US\"}]}<\/script>\n<!-- \/ Yoast SEO plugin. -->","yoast_head_json":{"title":"\u00c9lixir de Pen Lan - Precious Oil Intensive Revitalisation - Algologie  - Achat en ligne","description":"%","robots":{"index":"index","follow":"follow","max-snippet":"max-snippet:-1","max-image-preview":"max-image-preview:large","max-video-preview":"max-video-preview:-1"},"canonical":"https:\/\/accesbeaute.ca\/en\/buy\/precious-oil-intensive-revitalisation-elixir-de-pen-lan-algologie\/","og_locale":"en_US","og_type":"article","og_title":"\u00c9lixir de Pen Lan - Precious Oil Intensive Revitalisation - Algologie  - Achat en ligne","og_description":"%","og_url":"https:\/\/accesbeaute.ca\/en\/buy\/precious-oil-intensive-revitalisation-elixir-de-pen-lan-algologie\/","og_site_name":"Acc\u00e8s Beaut\u00e9","article_modified_time":"2024-06-23T20:14:40+00:00","og_image":[{"width":800,"height":800,"url":"https:\/\/accesbeaute.ca\/wp-content\/uploads\/2018\/07\/elixir-de-pen-lan-revitalisation-intensive-gamme-energie-plus-par-algologie.jpg","type":"image\/jpeg"}],"twitter_card":"summary_large_image","twitter_misc":{"Est. reading time":"1 minute"},"schema":{"@context":"https:\/\/schema.org","@graph":[{"@type":"WebPage","@id":"https:\/\/accesbeaute.ca\/en\/buy\/precious-oil-intensive-revitalisation-elixir-de-pen-lan-algologie\/","url":"https:\/\/accesbeaute.ca\/en\/buy\/precious-oil-intensive-revitalisation-elixir-de-pen-lan-algologie\/","name":"\u00c9lixir de Pen Lan - Precious Oil Intensive Revitalisation - Algologie - Achat en ligne","isPartOf":{"@id":"https:\/\/accesbeaute.ca\/en\/#website"},"primaryImageOfPage":{"@id":"https:\/\/accesbeaute.ca\/en\/buy\/precious-oil-intensive-revitalisation-elixir-de-pen-lan-algologie\/#primaryimage"},"image":{"@id":"https:\/\/accesbeaute.ca\/en\/buy\/precious-oil-intensive-revitalisation-elixir-de-pen-lan-algologie\/#primaryimage"},"thumbnailUrl":"https:\/\/accesbeaute.ca\/wp-content\/uploads\/2018\/07\/elixir-de-pen-lan-revitalisation-intensive-gamme-energie-plus-par-algologie.jpg","datePublished":"2018-07-28T18:06:25+00:00","dateModified":"2024-06-23T20:14:40+00:00","description":"%","breadcrumb":{"@id":"https:\/\/accesbeaute.ca\/en\/buy\/precious-oil-intensive-revitalisation-elixir-de-pen-lan-algologie\/#breadcrumb"},"inLanguage":"en-US","potentialAction":[{"@type":"ReadAction","target":["https:\/\/accesbeaute.ca\/en\/buy\/precious-oil-intensive-revitalisation-elixir-de-pen-lan-algologie\/"]}]},{"@type":"ImageObject","inLanguage":"en-US","@id":"https:\/\/accesbeaute.ca\/en\/buy\/precious-oil-intensive-revitalisation-elixir-de-pen-lan-algologie\/#primaryimage","url":"https:\/\/accesbeaute.ca\/wp-content\/uploads\/2018\/07\/elixir-de-pen-lan-revitalisation-intensive-gamme-energie-plus-par-algologie.jpg","contentUrl":"https:\/\/accesbeaute.ca\/wp-content\/uploads\/2018\/07\/elixir-de-pen-lan-revitalisation-intensive-gamme-energie-plus-par-algologie.jpg","width":800,"height":800,"caption":"Precious Oil Intensive Revitalisation - \u00c9lixir de Pen Lan Algologie"},{"@type":"BreadcrumbList","@id":"https:\/\/accesbeaute.ca\/en\/buy\/precious-oil-intensive-revitalisation-elixir-de-pen-lan-algologie\/#breadcrumb","itemListElement":[{"@type":"ListItem","position":1,"name":"Accueil","item":"https:\/\/accesbeaute.ca\/en\/"},{"@type":"ListItem","position":2,"name":"Boutique","item":"https:\/\/accesbeaute.ca\/boutique\/"},{"@type":"ListItem","position":3,"name":"Algologie","item":"https:\/\/accesbeaute.ca\/en\/acheter\/algologie-en\/"},{"@type":"ListItem","position":4,"name":"\u00c9lixir de Pen Lan &#8211; Precious Oil Intensive Revitalisation &#8211; Algologie"}]},{"@type":"WebSite","@id":"https:\/\/accesbeaute.ca\/en\/#website","url":"https:\/\/accesbeaute.ca\/en\/","name":"Acc\u00e8s Beaut\u00e9","description":"Achat de produits de beaut\u00e9 en ligne","potentialAction":[{"@type":"SearchAction","target":{"@type":"EntryPoint","urlTemplate":"https:\/\/accesbeaute.ca\/en\/?s={search_term_string}"},"query-input":{"@type":"PropertyValueSpecification","valueRequired":true,"valueName":"search_term_string"}}],"inLanguage":"en-US"}]}},"_links":{"self":[{"href":"https:\/\/accesbeaute.ca\/en\/wp-json\/wp\/v2\/product\/1759","targetHints":{"allow":["GET"]}}],"collection":[{"href":"https:\/\/accesbeaute.ca\/en\/wp-json\/wp\/v2\/product"}],"about":[{"href":"https:\/\/accesbeaute.ca\/en\/wp-json\/wp\/v2\/types\/product"}],"wp:featuredmedia":[{"embeddable":true,"href":"https:\/\/accesbeaute.ca\/en\/wp-json\/wp\/v2\/media\/1760"}],"wp:attachment":[{"href":"https:\/\/accesbeaute.ca\/en\/wp-json\/wp\/v2\/media?parent=1759"}],"wp:term":[{"taxonomy":"product_brand","embeddable":true,"href":"https:\/\/accesbeaute.ca\/en\/wp-json\/wp\/v2\/product_brand?post=1759"},{"taxonomy":"product_cat","embeddable":true,"href":"https:\/\/accesbeaute.ca\/en\/wp-json\/wp\/v2\/product_cat?post=1759"},{"taxonomy":"product_tag","embeddable":true,"href":"https:\/\/accesbeaute.ca\/en\/wp-json\/wp\/v2\/product_tag?post=1759"}],"curies":[{"name":"wp","href":"https:\/\/api.w.org\/{rel}","templated":true}]}}