{"id":1790,"date":"2018-07-28T18:06:48","date_gmt":"2018-07-28T18:06:48","guid":{"rendered":"https:\/\/accesbeaute.ca\/achat\/creme-des-dunes-anti-pollution-soothing-cream-algologie\/"},"modified":"2024-06-26T02:31:16","modified_gmt":"2024-06-26T02:31:16","slug":"creme-des-dunes-anti-pollution-soothing-cream-algologie","status":"publish","type":"product","link":"https:\/\/accesbeaute.ca\/en\/buy\/creme-des-dunes-anti-pollution-soothing-cream-algologie\/","title":{"rendered":"Cr\u00e8me des Dunes &#8211; Anti-Pollution &#038; Soothing Cream &#8211; Algologie"},"content":{"rendered":"<ul>\n<li>Soothing, strengthening and protective cream<\/li>\n<li>Provides a real sensation of well-being, immediately upon application<\/li>\n<li>Reduces skin redness, irritation and tension<\/li>\n<li>Softens, comforts, strengthens and nourishes the epidermis<\/li>\n<li>Enriched with chamomile, almond oil, sea water and vitamin E<\/li>\n<li>Protects against aggressive external factors<\/li>\n<li>Saturates skin with moisture and nutrients<\/li>\n<li>Restores the skin&#8217;s mineral balance<\/li>\n<li>Complete care meeting all the skin&#8217;s fundamental needs<\/li>\n<li>Skin becomes softer, suppler, replenished and luminous<\/li>\n<li>Light, melting texture with a pleasant fragrance<\/li>\n<li>Can be used as a day or night cream<\/li>\n<li>Suitable for dry, sensitive, reactive and dehydrated skin<\/li>\n<li>The skin is soothed, supple and soft<\/li>\n<li>The skin regains lasting comfort<\/li>\n<li>The skin is protected against external aggressions<\/li>\n<li>An anti-pollution shield<\/li>\n<li>A silky texture that melts on the skin<\/li>\n<li>A soft, delicate fragrance<\/li>\n<li>Size: 50 ml \/ 1.69 fl oz<\/li>\n<\/ul>\n<p><strong>For your skin&#8217;s well-being:<\/strong><\/p>\n<ul>\n<li>More than 95% of our ingredients are of natural origin.<\/li>\n<li>Algologie is certified Ecocert and is committed to not using parabens, silicones, mineral oils, phthalates, propylene glycol and PEG.<\/li>\n<\/ul>\n","protected":false},"excerpt":{"rendered":"<hr class=\"ligne-grise\" \/>\n<p><strong>Brand:<\/strong> <a href=\"\/buy\/algologie\">Algologie<\/a><\/p>\n<p>Like a caress for the skin, this silky cream comforts the skin the minute it goes on and provides effective protection against external aggressions.<\/p>\n","protected":false},"featured_media":1791,"template":"","meta":{"_et_pb_use_builder":"","_et_pb_old_content":"","_et_gb_content_width":""},"product_brand":[],"product_cat":[201,232,220,209,191,231,212,213,193,196],"product_tag":[202],"class_list":{"0":"post-1790","1":"product","2":"type-product","3":"status-publish","4":"has-post-thumbnail","6":"product_cat-algologie-en","7":"product_cat-cremes-de-jour-en","8":"product_cat-cremes-de-nuit","9":"product_cat-creme-hydratante-en","10":"product_cat-produits-de-beaute-pour-tout-type-de-peau-en","11":"product_cat-produits-pour-couperose-et-rosacee","12":"product_cat-produit-de-beaute-irritation-et-rougeur-en","13":"product_cat-produit-de-beaute-peau-seche-et-deshydratee-en","14":"product_cat-produit-de-beaute-peau-sensible-ou-reactive-en","15":"product_cat-soins-revitalisants-pour-le-visage-en","16":"product_tag-algologie-en","18":"first","19":"outofstock","20":"taxable","21":"shipping-taxable","22":"purchasable","23":"product-type-simple"},"yoast_head":"<!-- This site is optimized with the Yoast SEO plugin v27.3 - https:\/\/yoast.com\/product\/yoast-seo-wordpress\/ -->\n<title>Cr\u00e8me des Dunes - Anti-Pollution &amp; Soothing Cream - Algologie  - Achat en ligne<\/title>\n<meta name=\"description\" content=\"%\" \/>\n<meta name=\"robots\" content=\"index, follow, max-snippet:-1, max-image-preview:large, max-video-preview:-1\" \/>\n<link rel=\"canonical\" href=\"https:\/\/accesbeaute.ca\/en\/buy\/creme-des-dunes-anti-pollution-soothing-cream-algologie\/\" \/>\n<meta property=\"og:locale\" content=\"en_US\" \/>\n<meta property=\"og:type\" content=\"article\" \/>\n<meta property=\"og:title\" content=\"Cr\u00e8me des Dunes - Anti-Pollution &amp; Soothing Cream - Algologie  - Achat en ligne\" \/>\n<meta property=\"og:description\" content=\"%\" \/>\n<meta property=\"og:url\" content=\"https:\/\/accesbeaute.ca\/en\/buy\/creme-des-dunes-anti-pollution-soothing-cream-algologie\/\" \/>\n<meta property=\"og:site_name\" content=\"Acc\u00e8s Beaut\u00e9\" \/>\n<meta property=\"article:modified_time\" content=\"2024-06-26T02:31:16+00:00\" \/>\n<meta property=\"og:image\" content=\"https:\/\/accesbeaute.ca\/wp-content\/uploads\/2018\/07\/creme-des-dunes-algologie.jpg\" \/>\n\t<meta property=\"og:image:width\" content=\"650\" \/>\n\t<meta property=\"og:image:height\" content=\"650\" \/>\n\t<meta property=\"og:image:type\" content=\"image\/jpeg\" \/>\n<meta name=\"twitter:card\" content=\"summary_large_image\" \/>\n<meta name=\"twitter:label1\" content=\"Est. reading time\" \/>\n\t<meta name=\"twitter:data1\" content=\"1 minute\" \/>\n<script type=\"application\/ld+json\" class=\"yoast-schema-graph\">{\"@context\":\"https:\\\/\\\/schema.org\",\"@graph\":[{\"@type\":\"WebPage\",\"@id\":\"https:\\\/\\\/accesbeaute.ca\\\/en\\\/buy\\\/creme-des-dunes-anti-pollution-soothing-cream-algologie\\\/\",\"url\":\"https:\\\/\\\/accesbeaute.ca\\\/en\\\/buy\\\/creme-des-dunes-anti-pollution-soothing-cream-algologie\\\/\",\"name\":\"Cr\u00e8me des Dunes - Anti-Pollution & Soothing Cream - Algologie - Achat en ligne\",\"isPartOf\":{\"@id\":\"https:\\\/\\\/accesbeaute.ca\\\/en\\\/#website\"},\"primaryImageOfPage\":{\"@id\":\"https:\\\/\\\/accesbeaute.ca\\\/en\\\/buy\\\/creme-des-dunes-anti-pollution-soothing-cream-algologie\\\/#primaryimage\"},\"image\":{\"@id\":\"https:\\\/\\\/accesbeaute.ca\\\/en\\\/buy\\\/creme-des-dunes-anti-pollution-soothing-cream-algologie\\\/#primaryimage\"},\"thumbnailUrl\":\"https:\\\/\\\/accesbeaute.ca\\\/wp-content\\\/uploads\\\/2018\\\/07\\\/creme-des-dunes-algologie.jpg\",\"datePublished\":\"2018-07-28T18:06:48+00:00\",\"dateModified\":\"2024-06-26T02:31:16+00:00\",\"description\":\"%\",\"breadcrumb\":{\"@id\":\"https:\\\/\\\/accesbeaute.ca\\\/en\\\/buy\\\/creme-des-dunes-anti-pollution-soothing-cream-algologie\\\/#breadcrumb\"},\"inLanguage\":\"en-US\",\"potentialAction\":[{\"@type\":\"ReadAction\",\"target\":[\"https:\\\/\\\/accesbeaute.ca\\\/en\\\/buy\\\/creme-des-dunes-anti-pollution-soothing-cream-algologie\\\/\"]}]},{\"@type\":\"ImageObject\",\"inLanguage\":\"en-US\",\"@id\":\"https:\\\/\\\/accesbeaute.ca\\\/en\\\/buy\\\/creme-des-dunes-anti-pollution-soothing-cream-algologie\\\/#primaryimage\",\"url\":\"https:\\\/\\\/accesbeaute.ca\\\/wp-content\\\/uploads\\\/2018\\\/07\\\/creme-des-dunes-algologie.jpg\",\"contentUrl\":\"https:\\\/\\\/accesbeaute.ca\\\/wp-content\\\/uploads\\\/2018\\\/07\\\/creme-des-dunes-algologie.jpg\",\"width\":650,\"height\":650,\"caption\":\"Cr\u00e8me des Dunes - Anti-Pollution & Soothing Cream Algologie\"},{\"@type\":\"BreadcrumbList\",\"@id\":\"https:\\\/\\\/accesbeaute.ca\\\/en\\\/buy\\\/creme-des-dunes-anti-pollution-soothing-cream-algologie\\\/#breadcrumb\",\"itemListElement\":[{\"@type\":\"ListItem\",\"position\":1,\"name\":\"Accueil\",\"item\":\"https:\\\/\\\/accesbeaute.ca\\\/en\\\/\"},{\"@type\":\"ListItem\",\"position\":2,\"name\":\"Boutique\",\"item\":\"https:\\\/\\\/accesbeaute.ca\\\/boutique\\\/\"},{\"@type\":\"ListItem\",\"position\":3,\"name\":\"Algologie\",\"item\":\"https:\\\/\\\/accesbeaute.ca\\\/en\\\/acheter\\\/algologie-en\\\/\"},{\"@type\":\"ListItem\",\"position\":4,\"name\":\"Cr\u00e8me des Dunes &#8211; Anti-Pollution &#038; Soothing Cream &#8211; Algologie\"}]},{\"@type\":\"WebSite\",\"@id\":\"https:\\\/\\\/accesbeaute.ca\\\/en\\\/#website\",\"url\":\"https:\\\/\\\/accesbeaute.ca\\\/en\\\/\",\"name\":\"Acc\u00e8s Beaut\u00e9\",\"description\":\"Achat de produits de beaut\u00e9 en ligne\",\"potentialAction\":[{\"@type\":\"SearchAction\",\"target\":{\"@type\":\"EntryPoint\",\"urlTemplate\":\"https:\\\/\\\/accesbeaute.ca\\\/en\\\/?s={search_term_string}\"},\"query-input\":{\"@type\":\"PropertyValueSpecification\",\"valueRequired\":true,\"valueName\":\"search_term_string\"}}],\"inLanguage\":\"en-US\"}]}<\/script>\n<!-- \/ Yoast SEO plugin. -->","yoast_head_json":{"title":"Cr\u00e8me des Dunes - Anti-Pollution & Soothing Cream - Algologie  - Achat en ligne","description":"%","robots":{"index":"index","follow":"follow","max-snippet":"max-snippet:-1","max-image-preview":"max-image-preview:large","max-video-preview":"max-video-preview:-1"},"canonical":"https:\/\/accesbeaute.ca\/en\/buy\/creme-des-dunes-anti-pollution-soothing-cream-algologie\/","og_locale":"en_US","og_type":"article","og_title":"Cr\u00e8me des Dunes - Anti-Pollution & Soothing Cream - Algologie  - Achat en ligne","og_description":"%","og_url":"https:\/\/accesbeaute.ca\/en\/buy\/creme-des-dunes-anti-pollution-soothing-cream-algologie\/","og_site_name":"Acc\u00e8s Beaut\u00e9","article_modified_time":"2024-06-26T02:31:16+00:00","og_image":[{"width":650,"height":650,"url":"https:\/\/accesbeaute.ca\/wp-content\/uploads\/2018\/07\/creme-des-dunes-algologie.jpg","type":"image\/jpeg"}],"twitter_card":"summary_large_image","twitter_misc":{"Est. reading time":"1 minute"},"schema":{"@context":"https:\/\/schema.org","@graph":[{"@type":"WebPage","@id":"https:\/\/accesbeaute.ca\/en\/buy\/creme-des-dunes-anti-pollution-soothing-cream-algologie\/","url":"https:\/\/accesbeaute.ca\/en\/buy\/creme-des-dunes-anti-pollution-soothing-cream-algologie\/","name":"Cr\u00e8me des Dunes - Anti-Pollution & Soothing Cream - Algologie - Achat en ligne","isPartOf":{"@id":"https:\/\/accesbeaute.ca\/en\/#website"},"primaryImageOfPage":{"@id":"https:\/\/accesbeaute.ca\/en\/buy\/creme-des-dunes-anti-pollution-soothing-cream-algologie\/#primaryimage"},"image":{"@id":"https:\/\/accesbeaute.ca\/en\/buy\/creme-des-dunes-anti-pollution-soothing-cream-algologie\/#primaryimage"},"thumbnailUrl":"https:\/\/accesbeaute.ca\/wp-content\/uploads\/2018\/07\/creme-des-dunes-algologie.jpg","datePublished":"2018-07-28T18:06:48+00:00","dateModified":"2024-06-26T02:31:16+00:00","description":"%","breadcrumb":{"@id":"https:\/\/accesbeaute.ca\/en\/buy\/creme-des-dunes-anti-pollution-soothing-cream-algologie\/#breadcrumb"},"inLanguage":"en-US","potentialAction":[{"@type":"ReadAction","target":["https:\/\/accesbeaute.ca\/en\/buy\/creme-des-dunes-anti-pollution-soothing-cream-algologie\/"]}]},{"@type":"ImageObject","inLanguage":"en-US","@id":"https:\/\/accesbeaute.ca\/en\/buy\/creme-des-dunes-anti-pollution-soothing-cream-algologie\/#primaryimage","url":"https:\/\/accesbeaute.ca\/wp-content\/uploads\/2018\/07\/creme-des-dunes-algologie.jpg","contentUrl":"https:\/\/accesbeaute.ca\/wp-content\/uploads\/2018\/07\/creme-des-dunes-algologie.jpg","width":650,"height":650,"caption":"Cr\u00e8me des Dunes - Anti-Pollution & Soothing Cream Algologie"},{"@type":"BreadcrumbList","@id":"https:\/\/accesbeaute.ca\/en\/buy\/creme-des-dunes-anti-pollution-soothing-cream-algologie\/#breadcrumb","itemListElement":[{"@type":"ListItem","position":1,"name":"Accueil","item":"https:\/\/accesbeaute.ca\/en\/"},{"@type":"ListItem","position":2,"name":"Boutique","item":"https:\/\/accesbeaute.ca\/boutique\/"},{"@type":"ListItem","position":3,"name":"Algologie","item":"https:\/\/accesbeaute.ca\/en\/acheter\/algologie-en\/"},{"@type":"ListItem","position":4,"name":"Cr\u00e8me des Dunes &#8211; Anti-Pollution &#038; Soothing Cream &#8211; Algologie"}]},{"@type":"WebSite","@id":"https:\/\/accesbeaute.ca\/en\/#website","url":"https:\/\/accesbeaute.ca\/en\/","name":"Acc\u00e8s Beaut\u00e9","description":"Achat de produits de beaut\u00e9 en ligne","potentialAction":[{"@type":"SearchAction","target":{"@type":"EntryPoint","urlTemplate":"https:\/\/accesbeaute.ca\/en\/?s={search_term_string}"},"query-input":{"@type":"PropertyValueSpecification","valueRequired":true,"valueName":"search_term_string"}}],"inLanguage":"en-US"}]}},"_links":{"self":[{"href":"https:\/\/accesbeaute.ca\/en\/wp-json\/wp\/v2\/product\/1790","targetHints":{"allow":["GET"]}}],"collection":[{"href":"https:\/\/accesbeaute.ca\/en\/wp-json\/wp\/v2\/product"}],"about":[{"href":"https:\/\/accesbeaute.ca\/en\/wp-json\/wp\/v2\/types\/product"}],"wp:featuredmedia":[{"embeddable":true,"href":"https:\/\/accesbeaute.ca\/en\/wp-json\/wp\/v2\/media\/1791"}],"wp:attachment":[{"href":"https:\/\/accesbeaute.ca\/en\/wp-json\/wp\/v2\/media?parent=1790"}],"wp:term":[{"taxonomy":"product_brand","embeddable":true,"href":"https:\/\/accesbeaute.ca\/en\/wp-json\/wp\/v2\/product_brand?post=1790"},{"taxonomy":"product_cat","embeddable":true,"href":"https:\/\/accesbeaute.ca\/en\/wp-json\/wp\/v2\/product_cat?post=1790"},{"taxonomy":"product_tag","embeddable":true,"href":"https:\/\/accesbeaute.ca\/en\/wp-json\/wp\/v2\/product_tag?post=1790"}],"curies":[{"name":"wp","href":"https:\/\/api.w.org\/{rel}","templated":true}]}}