{"id":1792,"date":"2018-07-28T18:06:48","date_gmt":"2018-07-28T18:06:48","guid":{"rendered":"https:\/\/accesbeaute.ca\/achat\/exfoliant-des-dunes-anti-pollution-gentle-peel-algologie\/"},"modified":"2026-04-07T00:03:16","modified_gmt":"2026-04-07T00:03:16","slug":"exfoliant-des-dunes-anti-pollution-gentle-peel-algologie","status":"publish","type":"product","link":"https:\/\/accesbeaute.ca\/en\/buy\/exfoliant-des-dunes-anti-pollution-gentle-peel-algologie\/","title":{"rendered":"Exfoliant des Dunes &#8211; Anti-Pollution Gentle Peel &#8211; Algologie"},"content":{"rendered":"<ul>\n<li>Extremely gentle, high-performance enzymatic exfoliant<\/li>\n<li>Gently cleanses the skin without harming it<\/li>\n<li>Removes impurities and dead cells<\/li>\n<li>Purifies, smoothes, soothes and nourishes the epidermis<\/li>\n<li>Exfoliating action with papaya enzymes<\/li>\n<li>Accelerates cell renewal<\/li>\n<li>Rich in vitamin E, chamomile and marine extracts<\/li>\n<li>Significantly reduces skin reactivity<\/li>\n<li>Contains no abrasive particles<\/li>\n<li>Suitable for sensitive, reactive and thin skin<\/li>\n<li>The skin texture is refined.<\/li>\n<li>The skin is clear and smooth.<\/li>\n<li>The complexion is even and luminous.<\/li>\n<li>An all-new pearly gel texture that turns into oil then milk.<\/li>\n<li>A soft, delicate fragrance.<\/li>\n<li>Size: 50 ml \/ 1.69 fl oz<\/li>\n<\/ul>\n<p><strong>For your skin&#8217;s well-being:<\/strong><\/p>\n<ul>\n<li>More than 95% of the ingredients are of natural origin.<\/li>\n<li>Algologie is certified Ecocert and is committed to not using parabens, silicones, mineral oils, phthalates, propylene glycol and PEG.<\/li>\n<\/ul>\n","protected":false},"excerpt":{"rendered":"<hr class=\"ligne-grise\" \/>\n<p><strong>Brand:<\/strong> <a href=\"\/buy\/algologie\">Algologie<\/a><\/p>\n<p>This very gentle enzyme peel provides comfort and suppleness and immediately enhances beauty thanks to the power of ALGO 4\u00ae combined with moisturising and revitalising botanical extracts and rejuvenates all skin types, even the most sensitive.<\/p>\n","protected":false},"featured_media":1793,"template":"","meta":{"_et_pb_use_builder":"","_et_pb_old_content":"","_et_gb_content_width":""},"product_brand":[],"product_cat":[201,221,191,193,195],"product_tag":[202],"class_list":{"0":"post-1792","1":"product","2":"type-product","3":"status-publish","4":"has-post-thumbnail","6":"product_cat-algologie-en","7":"product_cat-exfoliants-et-gommages","8":"product_cat-produits-de-beaute-pour-tout-type-de-peau-en","9":"product_cat-produit-de-beaute-peau-sensible-ou-reactive-en","10":"product_cat-produit-de-beaute-teint-terne-en","11":"product_tag-algologie-en","13":"first","14":"instock","15":"taxable","16":"shipping-taxable","17":"purchasable","18":"product-type-simple"},"yoast_head":"<!-- This site is optimized with the Yoast SEO plugin v27.3 - https:\/\/yoast.com\/product\/yoast-seo-wordpress\/ -->\n<title>Exfoliant des Dunes - Anti-Pollution Gentle Peel - Algologie  - Achat en ligne<\/title>\n<meta name=\"description\" content=\"%\" \/>\n<meta name=\"robots\" content=\"index, follow, max-snippet:-1, max-image-preview:large, max-video-preview:-1\" \/>\n<link rel=\"canonical\" href=\"https:\/\/accesbeaute.ca\/en\/buy\/exfoliant-des-dunes-anti-pollution-gentle-peel-algologie\/\" \/>\n<meta property=\"og:locale\" content=\"en_US\" \/>\n<meta property=\"og:type\" content=\"article\" \/>\n<meta property=\"og:title\" content=\"Exfoliant des Dunes - Anti-Pollution Gentle Peel - Algologie  - Achat en ligne\" \/>\n<meta property=\"og:description\" content=\"%\" \/>\n<meta property=\"og:url\" content=\"https:\/\/accesbeaute.ca\/en\/buy\/exfoliant-des-dunes-anti-pollution-gentle-peel-algologie\/\" \/>\n<meta property=\"og:site_name\" content=\"Acc\u00e8s Beaut\u00e9\" \/>\n<meta property=\"article:modified_time\" content=\"2026-04-07T00:03:16+00:00\" \/>\n<meta property=\"og:image\" content=\"https:\/\/accesbeaute.ca\/wp-content\/uploads\/2018\/07\/exfoliant-des-dunes-algologie.jpg\" \/>\n\t<meta property=\"og:image:width\" content=\"750\" \/>\n\t<meta property=\"og:image:height\" content=\"750\" \/>\n\t<meta property=\"og:image:type\" content=\"image\/jpeg\" \/>\n<meta name=\"twitter:card\" content=\"summary_large_image\" \/>\n<meta name=\"twitter:label1\" content=\"Est. reading time\" \/>\n\t<meta name=\"twitter:data1\" content=\"1 minute\" \/>\n<script type=\"application\/ld+json\" class=\"yoast-schema-graph\">{\"@context\":\"https:\\\/\\\/schema.org\",\"@graph\":[{\"@type\":\"WebPage\",\"@id\":\"https:\\\/\\\/accesbeaute.ca\\\/en\\\/buy\\\/exfoliant-des-dunes-anti-pollution-gentle-peel-algologie\\\/\",\"url\":\"https:\\\/\\\/accesbeaute.ca\\\/en\\\/buy\\\/exfoliant-des-dunes-anti-pollution-gentle-peel-algologie\\\/\",\"name\":\"Exfoliant des Dunes - Anti-Pollution Gentle Peel - Algologie - Achat en ligne\",\"isPartOf\":{\"@id\":\"https:\\\/\\\/accesbeaute.ca\\\/en\\\/#website\"},\"primaryImageOfPage\":{\"@id\":\"https:\\\/\\\/accesbeaute.ca\\\/en\\\/buy\\\/exfoliant-des-dunes-anti-pollution-gentle-peel-algologie\\\/#primaryimage\"},\"image\":{\"@id\":\"https:\\\/\\\/accesbeaute.ca\\\/en\\\/buy\\\/exfoliant-des-dunes-anti-pollution-gentle-peel-algologie\\\/#primaryimage\"},\"thumbnailUrl\":\"https:\\\/\\\/accesbeaute.ca\\\/wp-content\\\/uploads\\\/2018\\\/07\\\/exfoliant-des-dunes-algologie.jpg\",\"datePublished\":\"2018-07-28T18:06:48+00:00\",\"dateModified\":\"2026-04-07T00:03:16+00:00\",\"description\":\"%\",\"breadcrumb\":{\"@id\":\"https:\\\/\\\/accesbeaute.ca\\\/en\\\/buy\\\/exfoliant-des-dunes-anti-pollution-gentle-peel-algologie\\\/#breadcrumb\"},\"inLanguage\":\"en-US\",\"potentialAction\":[{\"@type\":\"ReadAction\",\"target\":[\"https:\\\/\\\/accesbeaute.ca\\\/en\\\/buy\\\/exfoliant-des-dunes-anti-pollution-gentle-peel-algologie\\\/\"]}]},{\"@type\":\"ImageObject\",\"inLanguage\":\"en-US\",\"@id\":\"https:\\\/\\\/accesbeaute.ca\\\/en\\\/buy\\\/exfoliant-des-dunes-anti-pollution-gentle-peel-algologie\\\/#primaryimage\",\"url\":\"https:\\\/\\\/accesbeaute.ca\\\/wp-content\\\/uploads\\\/2018\\\/07\\\/exfoliant-des-dunes-algologie.jpg\",\"contentUrl\":\"https:\\\/\\\/accesbeaute.ca\\\/wp-content\\\/uploads\\\/2018\\\/07\\\/exfoliant-des-dunes-algologie.jpg\",\"width\":750,\"height\":750,\"caption\":\"Exfoliant des Dunes - Anti-Pollution Gentle Peel Algologie\"},{\"@type\":\"BreadcrumbList\",\"@id\":\"https:\\\/\\\/accesbeaute.ca\\\/en\\\/buy\\\/exfoliant-des-dunes-anti-pollution-gentle-peel-algologie\\\/#breadcrumb\",\"itemListElement\":[{\"@type\":\"ListItem\",\"position\":1,\"name\":\"Accueil\",\"item\":\"https:\\\/\\\/accesbeaute.ca\\\/en\\\/\"},{\"@type\":\"ListItem\",\"position\":2,\"name\":\"Boutique\",\"item\":\"https:\\\/\\\/accesbeaute.ca\\\/boutique\\\/\"},{\"@type\":\"ListItem\",\"position\":3,\"name\":\"Algologie\",\"item\":\"https:\\\/\\\/accesbeaute.ca\\\/en\\\/acheter\\\/algologie-en\\\/\"},{\"@type\":\"ListItem\",\"position\":4,\"name\":\"Exfoliant des Dunes &#8211; Anti-Pollution Gentle Peel &#8211; Algologie\"}]},{\"@type\":\"WebSite\",\"@id\":\"https:\\\/\\\/accesbeaute.ca\\\/en\\\/#website\",\"url\":\"https:\\\/\\\/accesbeaute.ca\\\/en\\\/\",\"name\":\"Acc\u00e8s Beaut\u00e9\",\"description\":\"Achat de produits de beaut\u00e9 en ligne\",\"potentialAction\":[{\"@type\":\"SearchAction\",\"target\":{\"@type\":\"EntryPoint\",\"urlTemplate\":\"https:\\\/\\\/accesbeaute.ca\\\/en\\\/?s={search_term_string}\"},\"query-input\":{\"@type\":\"PropertyValueSpecification\",\"valueRequired\":true,\"valueName\":\"search_term_string\"}}],\"inLanguage\":\"en-US\"}]}<\/script>\n<!-- \/ Yoast SEO plugin. -->","yoast_head_json":{"title":"Exfoliant des Dunes - Anti-Pollution Gentle Peel - Algologie  - Achat en ligne","description":"%","robots":{"index":"index","follow":"follow","max-snippet":"max-snippet:-1","max-image-preview":"max-image-preview:large","max-video-preview":"max-video-preview:-1"},"canonical":"https:\/\/accesbeaute.ca\/en\/buy\/exfoliant-des-dunes-anti-pollution-gentle-peel-algologie\/","og_locale":"en_US","og_type":"article","og_title":"Exfoliant des Dunes - Anti-Pollution Gentle Peel - Algologie  - Achat en ligne","og_description":"%","og_url":"https:\/\/accesbeaute.ca\/en\/buy\/exfoliant-des-dunes-anti-pollution-gentle-peel-algologie\/","og_site_name":"Acc\u00e8s Beaut\u00e9","article_modified_time":"2026-04-07T00:03:16+00:00","og_image":[{"width":750,"height":750,"url":"https:\/\/accesbeaute.ca\/wp-content\/uploads\/2018\/07\/exfoliant-des-dunes-algologie.jpg","type":"image\/jpeg"}],"twitter_card":"summary_large_image","twitter_misc":{"Est. reading time":"1 minute"},"schema":{"@context":"https:\/\/schema.org","@graph":[{"@type":"WebPage","@id":"https:\/\/accesbeaute.ca\/en\/buy\/exfoliant-des-dunes-anti-pollution-gentle-peel-algologie\/","url":"https:\/\/accesbeaute.ca\/en\/buy\/exfoliant-des-dunes-anti-pollution-gentle-peel-algologie\/","name":"Exfoliant des Dunes - Anti-Pollution Gentle Peel - Algologie - Achat en ligne","isPartOf":{"@id":"https:\/\/accesbeaute.ca\/en\/#website"},"primaryImageOfPage":{"@id":"https:\/\/accesbeaute.ca\/en\/buy\/exfoliant-des-dunes-anti-pollution-gentle-peel-algologie\/#primaryimage"},"image":{"@id":"https:\/\/accesbeaute.ca\/en\/buy\/exfoliant-des-dunes-anti-pollution-gentle-peel-algologie\/#primaryimage"},"thumbnailUrl":"https:\/\/accesbeaute.ca\/wp-content\/uploads\/2018\/07\/exfoliant-des-dunes-algologie.jpg","datePublished":"2018-07-28T18:06:48+00:00","dateModified":"2026-04-07T00:03:16+00:00","description":"%","breadcrumb":{"@id":"https:\/\/accesbeaute.ca\/en\/buy\/exfoliant-des-dunes-anti-pollution-gentle-peel-algologie\/#breadcrumb"},"inLanguage":"en-US","potentialAction":[{"@type":"ReadAction","target":["https:\/\/accesbeaute.ca\/en\/buy\/exfoliant-des-dunes-anti-pollution-gentle-peel-algologie\/"]}]},{"@type":"ImageObject","inLanguage":"en-US","@id":"https:\/\/accesbeaute.ca\/en\/buy\/exfoliant-des-dunes-anti-pollution-gentle-peel-algologie\/#primaryimage","url":"https:\/\/accesbeaute.ca\/wp-content\/uploads\/2018\/07\/exfoliant-des-dunes-algologie.jpg","contentUrl":"https:\/\/accesbeaute.ca\/wp-content\/uploads\/2018\/07\/exfoliant-des-dunes-algologie.jpg","width":750,"height":750,"caption":"Exfoliant des Dunes - Anti-Pollution Gentle Peel Algologie"},{"@type":"BreadcrumbList","@id":"https:\/\/accesbeaute.ca\/en\/buy\/exfoliant-des-dunes-anti-pollution-gentle-peel-algologie\/#breadcrumb","itemListElement":[{"@type":"ListItem","position":1,"name":"Accueil","item":"https:\/\/accesbeaute.ca\/en\/"},{"@type":"ListItem","position":2,"name":"Boutique","item":"https:\/\/accesbeaute.ca\/boutique\/"},{"@type":"ListItem","position":3,"name":"Algologie","item":"https:\/\/accesbeaute.ca\/en\/acheter\/algologie-en\/"},{"@type":"ListItem","position":4,"name":"Exfoliant des Dunes &#8211; Anti-Pollution Gentle Peel &#8211; Algologie"}]},{"@type":"WebSite","@id":"https:\/\/accesbeaute.ca\/en\/#website","url":"https:\/\/accesbeaute.ca\/en\/","name":"Acc\u00e8s Beaut\u00e9","description":"Achat de produits de beaut\u00e9 en ligne","potentialAction":[{"@type":"SearchAction","target":{"@type":"EntryPoint","urlTemplate":"https:\/\/accesbeaute.ca\/en\/?s={search_term_string}"},"query-input":{"@type":"PropertyValueSpecification","valueRequired":true,"valueName":"search_term_string"}}],"inLanguage":"en-US"}]}},"_links":{"self":[{"href":"https:\/\/accesbeaute.ca\/en\/wp-json\/wp\/v2\/product\/1792","targetHints":{"allow":["GET"]}}],"collection":[{"href":"https:\/\/accesbeaute.ca\/en\/wp-json\/wp\/v2\/product"}],"about":[{"href":"https:\/\/accesbeaute.ca\/en\/wp-json\/wp\/v2\/types\/product"}],"wp:featuredmedia":[{"embeddable":true,"href":"https:\/\/accesbeaute.ca\/en\/wp-json\/wp\/v2\/media\/1793"}],"wp:attachment":[{"href":"https:\/\/accesbeaute.ca\/en\/wp-json\/wp\/v2\/media?parent=1792"}],"wp:term":[{"taxonomy":"product_brand","embeddable":true,"href":"https:\/\/accesbeaute.ca\/en\/wp-json\/wp\/v2\/product_brand?post=1792"},{"taxonomy":"product_cat","embeddable":true,"href":"https:\/\/accesbeaute.ca\/en\/wp-json\/wp\/v2\/product_cat?post=1792"},{"taxonomy":"product_tag","embeddable":true,"href":"https:\/\/accesbeaute.ca\/en\/wp-json\/wp\/v2\/product_tag?post=1792"}],"curies":[{"name":"wp","href":"https:\/\/api.w.org\/{rel}","templated":true}]}}