{"id":1800,"date":"2018-07-28T18:06:49","date_gmt":"2018-07-28T18:06:49","guid":{"rendered":"https:\/\/accesbeaute.ca\/achat\/gel-creme-de-larchipel-hydro-matifying-purifying-gel-cream-algologie\/"},"modified":"2026-04-07T00:03:16","modified_gmt":"2026-04-07T00:03:16","slug":"gel-creme-de-larchipel-hydro-matifying-purifying-gel-cream-algologie","status":"publish","type":"product","link":"https:\/\/accesbeaute.ca\/en\/buy\/gel-creme-de-larchipel-hydro-matifying-purifying-gel-cream-algologie\/","title":{"rendered":"Gel-Cr\u00e8me de l\u2019Archipel &#8211; Hydro-Matifying Purifying Gel-Cream &#8211; Algologie"},"content":{"rendered":"<ul>\n<li>The skin is hydrated and rebalanced<\/li>\n<li>Pores are tightened<\/li>\n<li>The skin is clear and mattified all day long<\/li>\n<li>An ultra-fresh gel-cream texture<\/li>\n<li>An optimum hydratation<\/li>\n<li>A powdery finish for a skin without shiny marks<\/li>\n<li>A tonic and fresh fragrance<\/li>\n<li>Suitable for combination to oily skin<\/li>\n<li>Size: 50 ml \/ 1.69 fl oz<\/li>\n<\/ul>\n<p><strong>For your skin&#8217;s well-being:<\/strong><\/p>\n<ul>\n<li>More than 95% of the ingredients are from natural origin.<\/li>\n<li>Algologie is certified Ecocert and is committed to not using\u00a0parabens, silicones, mineral oils, phthalates, propylene glycol and PEG.<\/li>\n<\/ul>\n","protected":false},"excerpt":{"rendered":"<hr class=\"ligne-grise\" \/>\n<p><strong>Brand:<\/strong> <a href=\"\/buy\/algologie\">Algologie<\/a><\/p>\n<p>This melting gel-cream improves skin texture and tightens the pores. Thanks to moisturising and matifying agents, the skin remains clear and velvety all day long.<\/p>\n","protected":false},"featured_media":1801,"template":"","meta":{"_et_pb_use_builder":"","_et_pb_old_content":"","_et_gb_content_width":""},"product_brand":[],"product_cat":[201,209,229,196],"product_tag":[202],"class_list":{"0":"post-1800","1":"product","2":"type-product","3":"status-publish","4":"has-post-thumbnail","6":"product_cat-algologie-en","7":"product_cat-creme-hydratante-en","8":"product_cat-produits-pour-peau-grasse-ou-mixte","9":"product_cat-soins-revitalisants-pour-le-visage-en","10":"product_tag-algologie-en","12":"first","13":"instock","14":"taxable","15":"shipping-taxable","16":"purchasable","17":"product-type-simple"},"yoast_head":"<!-- This site is optimized with the Yoast SEO plugin v27.3 - https:\/\/yoast.com\/product\/yoast-seo-wordpress\/ -->\n<title>Gel-Cr\u00e8me de l\u2019Archipel - Hydro-Matifying Purifying Gel-Cream - Algologie  - Achat en ligne<\/title>\n<meta name=\"description\" content=\"%\" \/>\n<meta name=\"robots\" content=\"index, follow, max-snippet:-1, max-image-preview:large, max-video-preview:-1\" \/>\n<link rel=\"canonical\" href=\"https:\/\/accesbeaute.ca\/en\/buy\/gel-creme-de-larchipel-hydro-matifying-purifying-gel-cream-algologie\/\" \/>\n<meta property=\"og:locale\" content=\"en_US\" \/>\n<meta property=\"og:type\" content=\"article\" \/>\n<meta property=\"og:title\" content=\"Gel-Cr\u00e8me de l\u2019Archipel - Hydro-Matifying Purifying Gel-Cream - Algologie  - Achat en ligne\" \/>\n<meta property=\"og:description\" content=\"%\" \/>\n<meta property=\"og:url\" content=\"https:\/\/accesbeaute.ca\/en\/buy\/gel-creme-de-larchipel-hydro-matifying-purifying-gel-cream-algologie\/\" \/>\n<meta property=\"og:site_name\" content=\"Acc\u00e8s Beaut\u00e9\" \/>\n<meta property=\"article:modified_time\" content=\"2026-04-07T00:03:16+00:00\" \/>\n<meta property=\"og:image\" content=\"https:\/\/accesbeaute.ca\/wp-content\/uploads\/2018\/07\/gel-creme-de-l-archipel-algologie.jpg\" \/>\n\t<meta property=\"og:image:width\" content=\"1000\" \/>\n\t<meta property=\"og:image:height\" content=\"1000\" \/>\n\t<meta property=\"og:image:type\" content=\"image\/jpeg\" \/>\n<meta name=\"twitter:card\" content=\"summary_large_image\" \/>\n<script type=\"application\/ld+json\" class=\"yoast-schema-graph\">{\"@context\":\"https:\\\/\\\/schema.org\",\"@graph\":[{\"@type\":\"WebPage\",\"@id\":\"https:\\\/\\\/accesbeaute.ca\\\/en\\\/buy\\\/gel-creme-de-larchipel-hydro-matifying-purifying-gel-cream-algologie\\\/\",\"url\":\"https:\\\/\\\/accesbeaute.ca\\\/en\\\/buy\\\/gel-creme-de-larchipel-hydro-matifying-purifying-gel-cream-algologie\\\/\",\"name\":\"Gel-Cr\u00e8me de l\u2019Archipel - Hydro-Matifying Purifying Gel-Cream - Algologie - Achat en ligne\",\"isPartOf\":{\"@id\":\"https:\\\/\\\/accesbeaute.ca\\\/en\\\/#website\"},\"primaryImageOfPage\":{\"@id\":\"https:\\\/\\\/accesbeaute.ca\\\/en\\\/buy\\\/gel-creme-de-larchipel-hydro-matifying-purifying-gel-cream-algologie\\\/#primaryimage\"},\"image\":{\"@id\":\"https:\\\/\\\/accesbeaute.ca\\\/en\\\/buy\\\/gel-creme-de-larchipel-hydro-matifying-purifying-gel-cream-algologie\\\/#primaryimage\"},\"thumbnailUrl\":\"https:\\\/\\\/accesbeaute.ca\\\/wp-content\\\/uploads\\\/2018\\\/07\\\/gel-creme-de-l-archipel-algologie.jpg\",\"datePublished\":\"2018-07-28T18:06:49+00:00\",\"dateModified\":\"2026-04-07T00:03:16+00:00\",\"description\":\"%\",\"breadcrumb\":{\"@id\":\"https:\\\/\\\/accesbeaute.ca\\\/en\\\/buy\\\/gel-creme-de-larchipel-hydro-matifying-purifying-gel-cream-algologie\\\/#breadcrumb\"},\"inLanguage\":\"en-US\",\"potentialAction\":[{\"@type\":\"ReadAction\",\"target\":[\"https:\\\/\\\/accesbeaute.ca\\\/en\\\/buy\\\/gel-creme-de-larchipel-hydro-matifying-purifying-gel-cream-algologie\\\/\"]}]},{\"@type\":\"ImageObject\",\"inLanguage\":\"en-US\",\"@id\":\"https:\\\/\\\/accesbeaute.ca\\\/en\\\/buy\\\/gel-creme-de-larchipel-hydro-matifying-purifying-gel-cream-algologie\\\/#primaryimage\",\"url\":\"https:\\\/\\\/accesbeaute.ca\\\/wp-content\\\/uploads\\\/2018\\\/07\\\/gel-creme-de-l-archipel-algologie.jpg\",\"contentUrl\":\"https:\\\/\\\/accesbeaute.ca\\\/wp-content\\\/uploads\\\/2018\\\/07\\\/gel-creme-de-l-archipel-algologie.jpg\",\"width\":1000,\"height\":1000,\"caption\":\"Gel-Cr\u00e8me de l\u2019Archipel - Hydro-Matifying Purifying Gel-Cream Algologie\"},{\"@type\":\"BreadcrumbList\",\"@id\":\"https:\\\/\\\/accesbeaute.ca\\\/en\\\/buy\\\/gel-creme-de-larchipel-hydro-matifying-purifying-gel-cream-algologie\\\/#breadcrumb\",\"itemListElement\":[{\"@type\":\"ListItem\",\"position\":1,\"name\":\"Accueil\",\"item\":\"https:\\\/\\\/accesbeaute.ca\\\/en\\\/\"},{\"@type\":\"ListItem\",\"position\":2,\"name\":\"Boutique\",\"item\":\"https:\\\/\\\/accesbeaute.ca\\\/boutique\\\/\"},{\"@type\":\"ListItem\",\"position\":3,\"name\":\"Algologie\",\"item\":\"https:\\\/\\\/accesbeaute.ca\\\/en\\\/acheter\\\/algologie-en\\\/\"},{\"@type\":\"ListItem\",\"position\":4,\"name\":\"Gel-Cr\u00e8me de l\u2019Archipel &#8211; Hydro-Matifying Purifying Gel-Cream &#8211; Algologie\"}]},{\"@type\":\"WebSite\",\"@id\":\"https:\\\/\\\/accesbeaute.ca\\\/en\\\/#website\",\"url\":\"https:\\\/\\\/accesbeaute.ca\\\/en\\\/\",\"name\":\"Acc\u00e8s Beaut\u00e9\",\"description\":\"Achat de produits de beaut\u00e9 en ligne\",\"potentialAction\":[{\"@type\":\"SearchAction\",\"target\":{\"@type\":\"EntryPoint\",\"urlTemplate\":\"https:\\\/\\\/accesbeaute.ca\\\/en\\\/?s={search_term_string}\"},\"query-input\":{\"@type\":\"PropertyValueSpecification\",\"valueRequired\":true,\"valueName\":\"search_term_string\"}}],\"inLanguage\":\"en-US\"}]}<\/script>\n<!-- \/ Yoast SEO plugin. -->","yoast_head_json":{"title":"Gel-Cr\u00e8me de l\u2019Archipel - Hydro-Matifying Purifying Gel-Cream - Algologie  - Achat en ligne","description":"%","robots":{"index":"index","follow":"follow","max-snippet":"max-snippet:-1","max-image-preview":"max-image-preview:large","max-video-preview":"max-video-preview:-1"},"canonical":"https:\/\/accesbeaute.ca\/en\/buy\/gel-creme-de-larchipel-hydro-matifying-purifying-gel-cream-algologie\/","og_locale":"en_US","og_type":"article","og_title":"Gel-Cr\u00e8me de l\u2019Archipel - Hydro-Matifying Purifying Gel-Cream - Algologie  - Achat en ligne","og_description":"%","og_url":"https:\/\/accesbeaute.ca\/en\/buy\/gel-creme-de-larchipel-hydro-matifying-purifying-gel-cream-algologie\/","og_site_name":"Acc\u00e8s Beaut\u00e9","article_modified_time":"2026-04-07T00:03:16+00:00","og_image":[{"width":1000,"height":1000,"url":"https:\/\/accesbeaute.ca\/wp-content\/uploads\/2018\/07\/gel-creme-de-l-archipel-algologie.jpg","type":"image\/jpeg"}],"twitter_card":"summary_large_image","schema":{"@context":"https:\/\/schema.org","@graph":[{"@type":"WebPage","@id":"https:\/\/accesbeaute.ca\/en\/buy\/gel-creme-de-larchipel-hydro-matifying-purifying-gel-cream-algologie\/","url":"https:\/\/accesbeaute.ca\/en\/buy\/gel-creme-de-larchipel-hydro-matifying-purifying-gel-cream-algologie\/","name":"Gel-Cr\u00e8me de l\u2019Archipel - Hydro-Matifying Purifying Gel-Cream - Algologie - Achat en ligne","isPartOf":{"@id":"https:\/\/accesbeaute.ca\/en\/#website"},"primaryImageOfPage":{"@id":"https:\/\/accesbeaute.ca\/en\/buy\/gel-creme-de-larchipel-hydro-matifying-purifying-gel-cream-algologie\/#primaryimage"},"image":{"@id":"https:\/\/accesbeaute.ca\/en\/buy\/gel-creme-de-larchipel-hydro-matifying-purifying-gel-cream-algologie\/#primaryimage"},"thumbnailUrl":"https:\/\/accesbeaute.ca\/wp-content\/uploads\/2018\/07\/gel-creme-de-l-archipel-algologie.jpg","datePublished":"2018-07-28T18:06:49+00:00","dateModified":"2026-04-07T00:03:16+00:00","description":"%","breadcrumb":{"@id":"https:\/\/accesbeaute.ca\/en\/buy\/gel-creme-de-larchipel-hydro-matifying-purifying-gel-cream-algologie\/#breadcrumb"},"inLanguage":"en-US","potentialAction":[{"@type":"ReadAction","target":["https:\/\/accesbeaute.ca\/en\/buy\/gel-creme-de-larchipel-hydro-matifying-purifying-gel-cream-algologie\/"]}]},{"@type":"ImageObject","inLanguage":"en-US","@id":"https:\/\/accesbeaute.ca\/en\/buy\/gel-creme-de-larchipel-hydro-matifying-purifying-gel-cream-algologie\/#primaryimage","url":"https:\/\/accesbeaute.ca\/wp-content\/uploads\/2018\/07\/gel-creme-de-l-archipel-algologie.jpg","contentUrl":"https:\/\/accesbeaute.ca\/wp-content\/uploads\/2018\/07\/gel-creme-de-l-archipel-algologie.jpg","width":1000,"height":1000,"caption":"Gel-Cr\u00e8me de l\u2019Archipel - Hydro-Matifying Purifying Gel-Cream Algologie"},{"@type":"BreadcrumbList","@id":"https:\/\/accesbeaute.ca\/en\/buy\/gel-creme-de-larchipel-hydro-matifying-purifying-gel-cream-algologie\/#breadcrumb","itemListElement":[{"@type":"ListItem","position":1,"name":"Accueil","item":"https:\/\/accesbeaute.ca\/en\/"},{"@type":"ListItem","position":2,"name":"Boutique","item":"https:\/\/accesbeaute.ca\/boutique\/"},{"@type":"ListItem","position":3,"name":"Algologie","item":"https:\/\/accesbeaute.ca\/en\/acheter\/algologie-en\/"},{"@type":"ListItem","position":4,"name":"Gel-Cr\u00e8me de l\u2019Archipel &#8211; Hydro-Matifying Purifying Gel-Cream &#8211; Algologie"}]},{"@type":"WebSite","@id":"https:\/\/accesbeaute.ca\/en\/#website","url":"https:\/\/accesbeaute.ca\/en\/","name":"Acc\u00e8s Beaut\u00e9","description":"Achat de produits de beaut\u00e9 en ligne","potentialAction":[{"@type":"SearchAction","target":{"@type":"EntryPoint","urlTemplate":"https:\/\/accesbeaute.ca\/en\/?s={search_term_string}"},"query-input":{"@type":"PropertyValueSpecification","valueRequired":true,"valueName":"search_term_string"}}],"inLanguage":"en-US"}]}},"_links":{"self":[{"href":"https:\/\/accesbeaute.ca\/en\/wp-json\/wp\/v2\/product\/1800","targetHints":{"allow":["GET"]}}],"collection":[{"href":"https:\/\/accesbeaute.ca\/en\/wp-json\/wp\/v2\/product"}],"about":[{"href":"https:\/\/accesbeaute.ca\/en\/wp-json\/wp\/v2\/types\/product"}],"wp:featuredmedia":[{"embeddable":true,"href":"https:\/\/accesbeaute.ca\/en\/wp-json\/wp\/v2\/media\/1801"}],"wp:attachment":[{"href":"https:\/\/accesbeaute.ca\/en\/wp-json\/wp\/v2\/media?parent=1800"}],"wp:term":[{"taxonomy":"product_brand","embeddable":true,"href":"https:\/\/accesbeaute.ca\/en\/wp-json\/wp\/v2\/product_brand?post=1800"},{"taxonomy":"product_cat","embeddable":true,"href":"https:\/\/accesbeaute.ca\/en\/wp-json\/wp\/v2\/product_cat?post=1800"},{"taxonomy":"product_tag","embeddable":true,"href":"https:\/\/accesbeaute.ca\/en\/wp-json\/wp\/v2\/product_tag?post=1800"}],"curies":[{"name":"wp","href":"https:\/\/api.w.org\/{rel}","templated":true}]}}