{"id":1802,"date":"2018-12-12T18:57:47","date_gmt":"2018-12-12T18:57:47","guid":{"rendered":"https:\/\/accesbeaute.ca\/achat\/gommage-de-larchipel-exfoliating-purifying-powder-algologie\/"},"modified":"2020-12-02T14:43:17","modified_gmt":"2020-12-02T14:43:17","slug":"gommage-de-larchipel-exfoliating-purifying-powder-algologie","status":"publish","type":"product","link":"https:\/\/accesbeaute.ca\/en\/buy\/gommage-de-larchipel-exfoliating-purifying-powder-algologie\/","title":{"rendered":"Gommage de l&#8217;Archipel &#8211; Exfoliating &#038; Purifying Powder"},"content":{"rendered":"<ul>\n<li>Desinfect impurities.<\/li>\n<li>The skin breathes, the complexion is glowing.<\/li>\n<li>The skin is soft and clear.<\/li>\n<li>Day after day the skin texture is refined.<\/li>\n<li>Double exfoliation: Salicylic acid + Lithotamnium powder.<\/li>\n<li>Ideal to be used everyday.<\/li>\n<li>Size: 30 g<\/li>\n<\/ul>\n","protected":false},"excerpt":{"rendered":"<hr class=\"ligne-grise\" \/>\n<p><strong>Brand:<\/strong> <a href=\"\/buy\/algologie\">Algologie<\/a><\/p>\n<p>A gentle exfoliation that combines lithothamnium powder and salicylic acid to eliminate dead skin cells and refine skin texture day after day. The skin is instantly clear and velvety and the complexion is more even.<\/p>\n","protected":false},"featured_media":1588,"template":"","meta":{"_et_pb_use_builder":"","_et_pb_old_content":"","_et_gb_content_width":""},"product_brand":[],"product_cat":[201,221],"product_tag":[202],"class_list":{"0":"post-1802","1":"product","2":"type-product","3":"status-publish","4":"has-post-thumbnail","6":"product_cat-algologie-en","7":"product_cat-exfoliants-et-gommages","8":"product_tag-algologie-en","10":"first","11":"instock","12":"taxable","13":"shipping-taxable","14":"purchasable","15":"product-type-simple"},"yoast_head":"<!-- This site is optimized with the Yoast SEO plugin v27.3 - https:\/\/yoast.com\/product\/yoast-seo-wordpress\/ -->\n<title>Gommage de l&#039;Archipel - Exfoliating &amp; Purifying Powder  - Achat en ligne<\/title>\n<meta name=\"description\" content=\"%\" \/>\n<meta name=\"robots\" content=\"index, follow, max-snippet:-1, max-image-preview:large, max-video-preview:-1\" \/>\n<link rel=\"canonical\" href=\"https:\/\/accesbeaute.ca\/en\/buy\/gommage-de-larchipel-exfoliating-purifying-powder-algologie\/\" \/>\n<meta property=\"og:locale\" content=\"en_US\" \/>\n<meta property=\"og:type\" content=\"article\" \/>\n<meta property=\"og:title\" content=\"Gommage de l&#039;Archipel - Exfoliating &amp; Purifying Powder  - Achat en ligne\" \/>\n<meta property=\"og:description\" content=\"%\" \/>\n<meta property=\"og:url\" content=\"https:\/\/accesbeaute.ca\/en\/buy\/gommage-de-larchipel-exfoliating-purifying-powder-algologie\/\" \/>\n<meta property=\"og:site_name\" content=\"Acc\u00e8s Beaut\u00e9\" \/>\n<meta property=\"article:modified_time\" content=\"2020-12-02T14:43:17+00:00\" \/>\n<meta property=\"og:image\" content=\"https:\/\/accesbeaute.ca\/wp-content\/uploads\/2018\/12\/gommage-de-l-archipel-algologie.jpg\" \/>\n\t<meta property=\"og:image:width\" content=\"1000\" \/>\n\t<meta property=\"og:image:height\" content=\"1000\" \/>\n\t<meta property=\"og:image:type\" content=\"image\/jpeg\" \/>\n<meta name=\"twitter:card\" content=\"summary_large_image\" \/>\n<script type=\"application\/ld+json\" class=\"yoast-schema-graph\">{\"@context\":\"https:\\\/\\\/schema.org\",\"@graph\":[{\"@type\":\"WebPage\",\"@id\":\"https:\\\/\\\/accesbeaute.ca\\\/en\\\/buy\\\/gommage-de-larchipel-exfoliating-purifying-powder-algologie\\\/\",\"url\":\"https:\\\/\\\/accesbeaute.ca\\\/en\\\/buy\\\/gommage-de-larchipel-exfoliating-purifying-powder-algologie\\\/\",\"name\":\"Gommage de l'Archipel - Exfoliating & Purifying Powder - Achat en ligne\",\"isPartOf\":{\"@id\":\"https:\\\/\\\/accesbeaute.ca\\\/en\\\/#website\"},\"primaryImageOfPage\":{\"@id\":\"https:\\\/\\\/accesbeaute.ca\\\/en\\\/buy\\\/gommage-de-larchipel-exfoliating-purifying-powder-algologie\\\/#primaryimage\"},\"image\":{\"@id\":\"https:\\\/\\\/accesbeaute.ca\\\/en\\\/buy\\\/gommage-de-larchipel-exfoliating-purifying-powder-algologie\\\/#primaryimage\"},\"thumbnailUrl\":\"https:\\\/\\\/accesbeaute.ca\\\/wp-content\\\/uploads\\\/2018\\\/12\\\/gommage-de-l-archipel-algologie.jpg\",\"datePublished\":\"2018-12-12T18:57:47+00:00\",\"dateModified\":\"2020-12-02T14:43:17+00:00\",\"description\":\"%\",\"breadcrumb\":{\"@id\":\"https:\\\/\\\/accesbeaute.ca\\\/en\\\/buy\\\/gommage-de-larchipel-exfoliating-purifying-powder-algologie\\\/#breadcrumb\"},\"inLanguage\":\"en-US\",\"potentialAction\":[{\"@type\":\"ReadAction\",\"target\":[\"https:\\\/\\\/accesbeaute.ca\\\/en\\\/buy\\\/gommage-de-larchipel-exfoliating-purifying-powder-algologie\\\/\"]}]},{\"@type\":\"ImageObject\",\"inLanguage\":\"en-US\",\"@id\":\"https:\\\/\\\/accesbeaute.ca\\\/en\\\/buy\\\/gommage-de-larchipel-exfoliating-purifying-powder-algologie\\\/#primaryimage\",\"url\":\"https:\\\/\\\/accesbeaute.ca\\\/wp-content\\\/uploads\\\/2018\\\/12\\\/gommage-de-l-archipel-algologie.jpg\",\"contentUrl\":\"https:\\\/\\\/accesbeaute.ca\\\/wp-content\\\/uploads\\\/2018\\\/12\\\/gommage-de-l-archipel-algologie.jpg\",\"width\":1000,\"height\":1000,\"caption\":\"Gommage de l'Archipel - Poudre exfoliante et purifiante Algologie\"},{\"@type\":\"BreadcrumbList\",\"@id\":\"https:\\\/\\\/accesbeaute.ca\\\/en\\\/buy\\\/gommage-de-larchipel-exfoliating-purifying-powder-algologie\\\/#breadcrumb\",\"itemListElement\":[{\"@type\":\"ListItem\",\"position\":1,\"name\":\"Accueil\",\"item\":\"https:\\\/\\\/accesbeaute.ca\\\/en\\\/\"},{\"@type\":\"ListItem\",\"position\":2,\"name\":\"Boutique\",\"item\":\"https:\\\/\\\/accesbeaute.ca\\\/boutique\\\/\"},{\"@type\":\"ListItem\",\"position\":3,\"name\":\"Algologie\",\"item\":\"https:\\\/\\\/accesbeaute.ca\\\/en\\\/acheter\\\/algologie-en\\\/\"},{\"@type\":\"ListItem\",\"position\":4,\"name\":\"Gommage de l&#8217;Archipel &#8211; Exfoliating &#038; Purifying Powder\"}]},{\"@type\":\"WebSite\",\"@id\":\"https:\\\/\\\/accesbeaute.ca\\\/en\\\/#website\",\"url\":\"https:\\\/\\\/accesbeaute.ca\\\/en\\\/\",\"name\":\"Acc\u00e8s Beaut\u00e9\",\"description\":\"Achat de produits de beaut\u00e9 en ligne\",\"potentialAction\":[{\"@type\":\"SearchAction\",\"target\":{\"@type\":\"EntryPoint\",\"urlTemplate\":\"https:\\\/\\\/accesbeaute.ca\\\/en\\\/?s={search_term_string}\"},\"query-input\":{\"@type\":\"PropertyValueSpecification\",\"valueRequired\":true,\"valueName\":\"search_term_string\"}}],\"inLanguage\":\"en-US\"}]}<\/script>\n<!-- \/ Yoast SEO plugin. -->","yoast_head_json":{"title":"Gommage de l'Archipel - Exfoliating & Purifying Powder  - Achat en ligne","description":"%","robots":{"index":"index","follow":"follow","max-snippet":"max-snippet:-1","max-image-preview":"max-image-preview:large","max-video-preview":"max-video-preview:-1"},"canonical":"https:\/\/accesbeaute.ca\/en\/buy\/gommage-de-larchipel-exfoliating-purifying-powder-algologie\/","og_locale":"en_US","og_type":"article","og_title":"Gommage de l'Archipel - Exfoliating & Purifying Powder  - Achat en ligne","og_description":"%","og_url":"https:\/\/accesbeaute.ca\/en\/buy\/gommage-de-larchipel-exfoliating-purifying-powder-algologie\/","og_site_name":"Acc\u00e8s Beaut\u00e9","article_modified_time":"2020-12-02T14:43:17+00:00","og_image":[{"width":1000,"height":1000,"url":"https:\/\/accesbeaute.ca\/wp-content\/uploads\/2018\/12\/gommage-de-l-archipel-algologie.jpg","type":"image\/jpeg"}],"twitter_card":"summary_large_image","schema":{"@context":"https:\/\/schema.org","@graph":[{"@type":"WebPage","@id":"https:\/\/accesbeaute.ca\/en\/buy\/gommage-de-larchipel-exfoliating-purifying-powder-algologie\/","url":"https:\/\/accesbeaute.ca\/en\/buy\/gommage-de-larchipel-exfoliating-purifying-powder-algologie\/","name":"Gommage de l'Archipel - Exfoliating & Purifying Powder - Achat en ligne","isPartOf":{"@id":"https:\/\/accesbeaute.ca\/en\/#website"},"primaryImageOfPage":{"@id":"https:\/\/accesbeaute.ca\/en\/buy\/gommage-de-larchipel-exfoliating-purifying-powder-algologie\/#primaryimage"},"image":{"@id":"https:\/\/accesbeaute.ca\/en\/buy\/gommage-de-larchipel-exfoliating-purifying-powder-algologie\/#primaryimage"},"thumbnailUrl":"https:\/\/accesbeaute.ca\/wp-content\/uploads\/2018\/12\/gommage-de-l-archipel-algologie.jpg","datePublished":"2018-12-12T18:57:47+00:00","dateModified":"2020-12-02T14:43:17+00:00","description":"%","breadcrumb":{"@id":"https:\/\/accesbeaute.ca\/en\/buy\/gommage-de-larchipel-exfoliating-purifying-powder-algologie\/#breadcrumb"},"inLanguage":"en-US","potentialAction":[{"@type":"ReadAction","target":["https:\/\/accesbeaute.ca\/en\/buy\/gommage-de-larchipel-exfoliating-purifying-powder-algologie\/"]}]},{"@type":"ImageObject","inLanguage":"en-US","@id":"https:\/\/accesbeaute.ca\/en\/buy\/gommage-de-larchipel-exfoliating-purifying-powder-algologie\/#primaryimage","url":"https:\/\/accesbeaute.ca\/wp-content\/uploads\/2018\/12\/gommage-de-l-archipel-algologie.jpg","contentUrl":"https:\/\/accesbeaute.ca\/wp-content\/uploads\/2018\/12\/gommage-de-l-archipel-algologie.jpg","width":1000,"height":1000,"caption":"Gommage de l'Archipel - Poudre exfoliante et purifiante Algologie"},{"@type":"BreadcrumbList","@id":"https:\/\/accesbeaute.ca\/en\/buy\/gommage-de-larchipel-exfoliating-purifying-powder-algologie\/#breadcrumb","itemListElement":[{"@type":"ListItem","position":1,"name":"Accueil","item":"https:\/\/accesbeaute.ca\/en\/"},{"@type":"ListItem","position":2,"name":"Boutique","item":"https:\/\/accesbeaute.ca\/boutique\/"},{"@type":"ListItem","position":3,"name":"Algologie","item":"https:\/\/accesbeaute.ca\/en\/acheter\/algologie-en\/"},{"@type":"ListItem","position":4,"name":"Gommage de l&#8217;Archipel &#8211; Exfoliating &#038; Purifying Powder"}]},{"@type":"WebSite","@id":"https:\/\/accesbeaute.ca\/en\/#website","url":"https:\/\/accesbeaute.ca\/en\/","name":"Acc\u00e8s Beaut\u00e9","description":"Achat de produits de beaut\u00e9 en ligne","potentialAction":[{"@type":"SearchAction","target":{"@type":"EntryPoint","urlTemplate":"https:\/\/accesbeaute.ca\/en\/?s={search_term_string}"},"query-input":{"@type":"PropertyValueSpecification","valueRequired":true,"valueName":"search_term_string"}}],"inLanguage":"en-US"}]}},"_links":{"self":[{"href":"https:\/\/accesbeaute.ca\/en\/wp-json\/wp\/v2\/product\/1802","targetHints":{"allow":["GET"]}}],"collection":[{"href":"https:\/\/accesbeaute.ca\/en\/wp-json\/wp\/v2\/product"}],"about":[{"href":"https:\/\/accesbeaute.ca\/en\/wp-json\/wp\/v2\/types\/product"}],"wp:featuredmedia":[{"embeddable":true,"href":"https:\/\/accesbeaute.ca\/en\/wp-json\/wp\/v2\/media\/1588"}],"wp:attachment":[{"href":"https:\/\/accesbeaute.ca\/en\/wp-json\/wp\/v2\/media?parent=1802"}],"wp:term":[{"taxonomy":"product_brand","embeddable":true,"href":"https:\/\/accesbeaute.ca\/en\/wp-json\/wp\/v2\/product_brand?post=1802"},{"taxonomy":"product_cat","embeddable":true,"href":"https:\/\/accesbeaute.ca\/en\/wp-json\/wp\/v2\/product_cat?post=1802"},{"taxonomy":"product_tag","embeddable":true,"href":"https:\/\/accesbeaute.ca\/en\/wp-json\/wp\/v2\/product_tag?post=1802"}],"curies":[{"name":"wp","href":"https:\/\/api.w.org\/{rel}","templated":true}]}}