{"id":1807,"date":"2018-07-28T18:06:49","date_gmt":"2018-07-28T18:06:49","guid":{"rendered":"https:\/\/accesbeaute.ca\/achat\/creme-de-la-presquile-redensifying-plumping-cream-algologie\/"},"modified":"2024-06-23T18:26:51","modified_gmt":"2024-06-23T18:26:51","slug":"creme-de-la-presquile-redensifying-plumping-cream-algologie","status":"publish","type":"product","link":"https:\/\/accesbeaute.ca\/en\/buy\/creme-de-la-presquile-redensifying-plumping-cream-algologie\/","title":{"rendered":"Cr\u00e8me de la Presqu&#8217;\u00eele &#8211; Redensifying &#038; Plumping Cream"},"content":{"rendered":"<ul>\n<li>The global anti-aging cream for mature skin<\/li>\n<li>Treatment targeting density loss and cell regeneration<\/li>\n<li>The skin is moisturized, more supple and comfortable<\/li>\n<li>The skin is denser, firmer and plumped<\/li>\n<li>Smoothes wrinkles and redefines the oval of the face<\/li>\n<li>The complexion is even, smooth and luminous<\/li>\n<li>A rich and creamy texture that envelops the skin<\/li>\n<li>An immediate feeling of comfort<\/li>\n<li>A visibly brighter complexion<\/li>\n<li>Suitable for all types of mature skin<\/li>\n<li>Size: 50 ml \/ 1.69 fl oz<\/li>\n<\/ul>\n<p><strong>For your skin&#8217;s well-being: <\/strong><\/p>\n<ul>\n<li>More than 95% of the ingredients are from natural origin.<\/li>\n<li>Algologie is certified Ecocert and is committed to not using\u00a0parabens, silicones, mineral oils, phthalates, propylene glycol and PEG.<\/li>\n<\/ul>\n","protected":false},"excerpt":{"rendered":"<hr class=\"ligne-grise\" \/>\n<p><strong>Brand:<\/strong> <a href=\"\/buy\/algologie\">Algologie<\/a><\/p>\n<p>Global action against all the signs of aging of mature and demanding skin.<\/p>\n","protected":false},"featured_media":1808,"template":"","meta":{"_et_pb_use_builder":"","_et_pb_old_content":"","_et_gb_content_width":""},"product_brand":[],"product_cat":[201,209,191,213,228,218,219],"product_tag":[202],"class_list":{"0":"post-1807","1":"product","2":"type-product","3":"status-publish","4":"has-post-thumbnail","6":"product_cat-algologie-en","7":"product_cat-creme-hydratante-en","8":"product_cat-produits-de-beaute-pour-tout-type-de-peau-en","9":"product_cat-produit-de-beaute-peau-seche-et-deshydratee-en","10":"product_cat-produits-pour-relachement-cutane","11":"product_cat-soins-cremes-antirides","12":"product_cat-soins-anti-age","13":"product_tag-algologie-en","15":"first","16":"instock","17":"taxable","18":"shipping-taxable","19":"purchasable","20":"product-type-simple"},"yoast_head":"<!-- This site is optimized with the Yoast SEO plugin v27.3 - https:\/\/yoast.com\/product\/yoast-seo-wordpress\/ -->\n<title>Cr\u00e8me de la Presqu&#039;\u00eele - Redensifying &amp; Plumping Cream  - Achat en ligne<\/title>\n<meta name=\"description\" content=\"%\" \/>\n<meta name=\"robots\" content=\"index, follow, max-snippet:-1, max-image-preview:large, max-video-preview:-1\" \/>\n<link rel=\"canonical\" href=\"https:\/\/accesbeaute.ca\/en\/buy\/creme-de-la-presquile-redensifying-plumping-cream-algologie\/\" \/>\n<meta property=\"og:locale\" content=\"en_US\" \/>\n<meta property=\"og:type\" content=\"article\" \/>\n<meta property=\"og:title\" content=\"Cr\u00e8me de la Presqu&#039;\u00eele - Redensifying &amp; Plumping Cream  - Achat en ligne\" \/>\n<meta property=\"og:description\" content=\"%\" \/>\n<meta property=\"og:url\" content=\"https:\/\/accesbeaute.ca\/en\/buy\/creme-de-la-presquile-redensifying-plumping-cream-algologie\/\" \/>\n<meta property=\"og:site_name\" content=\"Acc\u00e8s Beaut\u00e9\" \/>\n<meta property=\"article:modified_time\" content=\"2024-06-23T18:26:51+00:00\" \/>\n<meta property=\"og:image\" content=\"https:\/\/accesbeaute.ca\/wp-content\/uploads\/2018\/07\/creme-de-la-presqu-ile-algologie.jpg\" \/>\n\t<meta property=\"og:image:width\" content=\"650\" \/>\n\t<meta property=\"og:image:height\" content=\"650\" \/>\n\t<meta property=\"og:image:type\" content=\"image\/jpeg\" \/>\n<meta name=\"twitter:card\" content=\"summary_large_image\" \/>\n<meta name=\"twitter:label1\" content=\"Est. reading time\" \/>\n\t<meta name=\"twitter:data1\" content=\"1 minute\" \/>\n<script type=\"application\/ld+json\" class=\"yoast-schema-graph\">{\"@context\":\"https:\\\/\\\/schema.org\",\"@graph\":[{\"@type\":\"WebPage\",\"@id\":\"https:\\\/\\\/accesbeaute.ca\\\/en\\\/buy\\\/creme-de-la-presquile-redensifying-plumping-cream-algologie\\\/\",\"url\":\"https:\\\/\\\/accesbeaute.ca\\\/en\\\/buy\\\/creme-de-la-presquile-redensifying-plumping-cream-algologie\\\/\",\"name\":\"Cr\u00e8me de la Presqu'\u00eele - Redensifying & Plumping Cream - Achat en ligne\",\"isPartOf\":{\"@id\":\"https:\\\/\\\/accesbeaute.ca\\\/en\\\/#website\"},\"primaryImageOfPage\":{\"@id\":\"https:\\\/\\\/accesbeaute.ca\\\/en\\\/buy\\\/creme-de-la-presquile-redensifying-plumping-cream-algologie\\\/#primaryimage\"},\"image\":{\"@id\":\"https:\\\/\\\/accesbeaute.ca\\\/en\\\/buy\\\/creme-de-la-presquile-redensifying-plumping-cream-algologie\\\/#primaryimage\"},\"thumbnailUrl\":\"https:\\\/\\\/accesbeaute.ca\\\/wp-content\\\/uploads\\\/2018\\\/07\\\/creme-de-la-presqu-ile-algologie.jpg\",\"datePublished\":\"2018-07-28T18:06:49+00:00\",\"dateModified\":\"2024-06-23T18:26:51+00:00\",\"description\":\"%\",\"breadcrumb\":{\"@id\":\"https:\\\/\\\/accesbeaute.ca\\\/en\\\/buy\\\/creme-de-la-presquile-redensifying-plumping-cream-algologie\\\/#breadcrumb\"},\"inLanguage\":\"en-US\",\"potentialAction\":[{\"@type\":\"ReadAction\",\"target\":[\"https:\\\/\\\/accesbeaute.ca\\\/en\\\/buy\\\/creme-de-la-presquile-redensifying-plumping-cream-algologie\\\/\"]}]},{\"@type\":\"ImageObject\",\"inLanguage\":\"en-US\",\"@id\":\"https:\\\/\\\/accesbeaute.ca\\\/en\\\/buy\\\/creme-de-la-presquile-redensifying-plumping-cream-algologie\\\/#primaryimage\",\"url\":\"https:\\\/\\\/accesbeaute.ca\\\/wp-content\\\/uploads\\\/2018\\\/07\\\/creme-de-la-presqu-ile-algologie.jpg\",\"contentUrl\":\"https:\\\/\\\/accesbeaute.ca\\\/wp-content\\\/uploads\\\/2018\\\/07\\\/creme-de-la-presqu-ile-algologie.jpg\",\"width\":650,\"height\":650,\"caption\":\"Cr\u00e8me de la Presqu'\u00eele - Redensifying & Plumping Cream Algologie\"},{\"@type\":\"BreadcrumbList\",\"@id\":\"https:\\\/\\\/accesbeaute.ca\\\/en\\\/buy\\\/creme-de-la-presquile-redensifying-plumping-cream-algologie\\\/#breadcrumb\",\"itemListElement\":[{\"@type\":\"ListItem\",\"position\":1,\"name\":\"Accueil\",\"item\":\"https:\\\/\\\/accesbeaute.ca\\\/en\\\/\"},{\"@type\":\"ListItem\",\"position\":2,\"name\":\"Boutique\",\"item\":\"https:\\\/\\\/accesbeaute.ca\\\/boutique\\\/\"},{\"@type\":\"ListItem\",\"position\":3,\"name\":\"Algologie\",\"item\":\"https:\\\/\\\/accesbeaute.ca\\\/en\\\/acheter\\\/algologie-en\\\/\"},{\"@type\":\"ListItem\",\"position\":4,\"name\":\"Cr\u00e8me de la Presqu&rsquo;\u00eele &#8211; Redensifying &#038; Plumping Cream\"}]},{\"@type\":\"WebSite\",\"@id\":\"https:\\\/\\\/accesbeaute.ca\\\/en\\\/#website\",\"url\":\"https:\\\/\\\/accesbeaute.ca\\\/en\\\/\",\"name\":\"Acc\u00e8s Beaut\u00e9\",\"description\":\"Achat de produits de beaut\u00e9 en ligne\",\"potentialAction\":[{\"@type\":\"SearchAction\",\"target\":{\"@type\":\"EntryPoint\",\"urlTemplate\":\"https:\\\/\\\/accesbeaute.ca\\\/en\\\/?s={search_term_string}\"},\"query-input\":{\"@type\":\"PropertyValueSpecification\",\"valueRequired\":true,\"valueName\":\"search_term_string\"}}],\"inLanguage\":\"en-US\"}]}<\/script>\n<!-- \/ Yoast SEO plugin. -->","yoast_head_json":{"title":"Cr\u00e8me de la Presqu'\u00eele - Redensifying & Plumping Cream  - Achat en ligne","description":"%","robots":{"index":"index","follow":"follow","max-snippet":"max-snippet:-1","max-image-preview":"max-image-preview:large","max-video-preview":"max-video-preview:-1"},"canonical":"https:\/\/accesbeaute.ca\/en\/buy\/creme-de-la-presquile-redensifying-plumping-cream-algologie\/","og_locale":"en_US","og_type":"article","og_title":"Cr\u00e8me de la Presqu'\u00eele - Redensifying & Plumping Cream  - Achat en ligne","og_description":"%","og_url":"https:\/\/accesbeaute.ca\/en\/buy\/creme-de-la-presquile-redensifying-plumping-cream-algologie\/","og_site_name":"Acc\u00e8s Beaut\u00e9","article_modified_time":"2024-06-23T18:26:51+00:00","og_image":[{"width":650,"height":650,"url":"https:\/\/accesbeaute.ca\/wp-content\/uploads\/2018\/07\/creme-de-la-presqu-ile-algologie.jpg","type":"image\/jpeg"}],"twitter_card":"summary_large_image","twitter_misc":{"Est. reading time":"1 minute"},"schema":{"@context":"https:\/\/schema.org","@graph":[{"@type":"WebPage","@id":"https:\/\/accesbeaute.ca\/en\/buy\/creme-de-la-presquile-redensifying-plumping-cream-algologie\/","url":"https:\/\/accesbeaute.ca\/en\/buy\/creme-de-la-presquile-redensifying-plumping-cream-algologie\/","name":"Cr\u00e8me de la Presqu'\u00eele - Redensifying & Plumping Cream - Achat en ligne","isPartOf":{"@id":"https:\/\/accesbeaute.ca\/en\/#website"},"primaryImageOfPage":{"@id":"https:\/\/accesbeaute.ca\/en\/buy\/creme-de-la-presquile-redensifying-plumping-cream-algologie\/#primaryimage"},"image":{"@id":"https:\/\/accesbeaute.ca\/en\/buy\/creme-de-la-presquile-redensifying-plumping-cream-algologie\/#primaryimage"},"thumbnailUrl":"https:\/\/accesbeaute.ca\/wp-content\/uploads\/2018\/07\/creme-de-la-presqu-ile-algologie.jpg","datePublished":"2018-07-28T18:06:49+00:00","dateModified":"2024-06-23T18:26:51+00:00","description":"%","breadcrumb":{"@id":"https:\/\/accesbeaute.ca\/en\/buy\/creme-de-la-presquile-redensifying-plumping-cream-algologie\/#breadcrumb"},"inLanguage":"en-US","potentialAction":[{"@type":"ReadAction","target":["https:\/\/accesbeaute.ca\/en\/buy\/creme-de-la-presquile-redensifying-plumping-cream-algologie\/"]}]},{"@type":"ImageObject","inLanguage":"en-US","@id":"https:\/\/accesbeaute.ca\/en\/buy\/creme-de-la-presquile-redensifying-plumping-cream-algologie\/#primaryimage","url":"https:\/\/accesbeaute.ca\/wp-content\/uploads\/2018\/07\/creme-de-la-presqu-ile-algologie.jpg","contentUrl":"https:\/\/accesbeaute.ca\/wp-content\/uploads\/2018\/07\/creme-de-la-presqu-ile-algologie.jpg","width":650,"height":650,"caption":"Cr\u00e8me de la Presqu'\u00eele - Redensifying & Plumping Cream Algologie"},{"@type":"BreadcrumbList","@id":"https:\/\/accesbeaute.ca\/en\/buy\/creme-de-la-presquile-redensifying-plumping-cream-algologie\/#breadcrumb","itemListElement":[{"@type":"ListItem","position":1,"name":"Accueil","item":"https:\/\/accesbeaute.ca\/en\/"},{"@type":"ListItem","position":2,"name":"Boutique","item":"https:\/\/accesbeaute.ca\/boutique\/"},{"@type":"ListItem","position":3,"name":"Algologie","item":"https:\/\/accesbeaute.ca\/en\/acheter\/algologie-en\/"},{"@type":"ListItem","position":4,"name":"Cr\u00e8me de la Presqu&rsquo;\u00eele &#8211; Redensifying &#038; Plumping Cream"}]},{"@type":"WebSite","@id":"https:\/\/accesbeaute.ca\/en\/#website","url":"https:\/\/accesbeaute.ca\/en\/","name":"Acc\u00e8s Beaut\u00e9","description":"Achat de produits de beaut\u00e9 en ligne","potentialAction":[{"@type":"SearchAction","target":{"@type":"EntryPoint","urlTemplate":"https:\/\/accesbeaute.ca\/en\/?s={search_term_string}"},"query-input":{"@type":"PropertyValueSpecification","valueRequired":true,"valueName":"search_term_string"}}],"inLanguage":"en-US"}]}},"_links":{"self":[{"href":"https:\/\/accesbeaute.ca\/en\/wp-json\/wp\/v2\/product\/1807","targetHints":{"allow":["GET"]}}],"collection":[{"href":"https:\/\/accesbeaute.ca\/en\/wp-json\/wp\/v2\/product"}],"about":[{"href":"https:\/\/accesbeaute.ca\/en\/wp-json\/wp\/v2\/types\/product"}],"wp:featuredmedia":[{"embeddable":true,"href":"https:\/\/accesbeaute.ca\/en\/wp-json\/wp\/v2\/media\/1808"}],"wp:attachment":[{"href":"https:\/\/accesbeaute.ca\/en\/wp-json\/wp\/v2\/media?parent=1807"}],"wp:term":[{"taxonomy":"product_brand","embeddable":true,"href":"https:\/\/accesbeaute.ca\/en\/wp-json\/wp\/v2\/product_brand?post=1807"},{"taxonomy":"product_cat","embeddable":true,"href":"https:\/\/accesbeaute.ca\/en\/wp-json\/wp\/v2\/product_cat?post=1807"},{"taxonomy":"product_tag","embeddable":true,"href":"https:\/\/accesbeaute.ca\/en\/wp-json\/wp\/v2\/product_tag?post=1807"}],"curies":[{"name":"wp","href":"https:\/\/api.w.org\/{rel}","templated":true}]}}