{"id":1809,"date":"2018-07-28T18:06:49","date_gmt":"2018-07-28T18:06:49","guid":{"rendered":"https:\/\/accesbeaute.ca\/achat\/baume-de-la-presquile-plumping-eye-lip-contour-balm-algologie\/"},"modified":"2024-06-18T02:00:32","modified_gmt":"2024-06-18T02:00:32","slug":"baume-de-la-presquile-plumping-eye-lip-contour-balm-algologie","status":"publish","type":"product","link":"https:\/\/accesbeaute.ca\/en\/buy\/baume-de-la-presquile-plumping-eye-lip-contour-balm-algologie\/","title":{"rendered":"Baume de la Presqu&#8217;\u00eele &#8211; Plumping Eye &#038; Lip Contour Balm &#8211; Algologie"},"content":{"rendered":"<ul>\n<li>Fine lines and wrinkles are smoothed<\/li>\n<li>The eyes look bright and regain a youthful appearance<\/li>\n<li>The lip contour is redefined<\/li>\n<li>The 3-in-1 treatment to help reduce dark circles, puffiness and wrinkles<\/li>\n<li>Effective on both the eye and lip contour<\/li>\n<li>A creamy balm with a silky feel<\/li>\n<li>Brings targeted correction and brightens the eyes<\/li>\n<li>Size: 15 ml \/ 0.5 fl oz<\/li>\n<\/ul>\n<p><strong>For your skin&#8217;s well-being: <\/strong><\/p>\n<ul>\n<li>More than 95% of the ingredients are from natural origin.<\/li>\n<li>Algologie is certified Ecocert and is committed to not using\u00a0parabens, silicones, mineral oils, phthalates, propylene glycol and PEG.<\/li>\n<\/ul>\n","protected":false},"excerpt":{"rendered":"<hr class=\"ligne-grise\" \/>\n<p><strong>Brand:<\/strong> <a href=\"\/buy\/algologie\">Algologie<\/a><\/p>\n<p>A high-performance treatment that combines the power of ALGO 4 with targeted ingredients for eyes that glow with youth and lips that are visibly lifted.<\/p>\n","protected":false},"featured_media":1810,"template":"","meta":{"_et_pb_use_builder":"","_et_pb_old_content":"","_et_gb_content_width":""},"product_brand":[],"product_cat":[201,209,226,227,218,215],"product_tag":[202],"class_list":{"0":"post-1809","1":"product","2":"type-product","3":"status-publish","4":"has-post-thumbnail","6":"product_cat-algologie-en","7":"product_cat-creme-hydratante-en","8":"product_cat-produits-pour-poches-et-cernes","9":"product_cat-produits-pour-soins-des-yeux","10":"product_cat-soins-cremes-antirides","11":"product_cat-soin-pour-les-levres-en","12":"product_tag-algologie-en","14":"first","15":"instock","16":"sale","17":"taxable","18":"shipping-taxable","19":"purchasable","20":"product-type-simple"},"yoast_head":"<!-- This site is optimized with the Yoast SEO plugin v27.3 - https:\/\/yoast.com\/product\/yoast-seo-wordpress\/ -->\n<title>Baume de la Presqu&#039;\u00eele - Plumping Eye &amp; Lip Contour Balm - Algologie  - Achat en ligne<\/title>\n<meta name=\"description\" content=\"%\" \/>\n<meta name=\"robots\" content=\"index, follow, max-snippet:-1, max-image-preview:large, max-video-preview:-1\" \/>\n<link rel=\"canonical\" href=\"https:\/\/accesbeaute.ca\/en\/buy\/baume-de-la-presquile-plumping-eye-lip-contour-balm-algologie\/\" \/>\n<meta property=\"og:locale\" content=\"en_US\" \/>\n<meta property=\"og:type\" content=\"article\" \/>\n<meta property=\"og:title\" content=\"Baume de la Presqu&#039;\u00eele - Plumping Eye &amp; Lip Contour Balm - Algologie  - Achat en ligne\" \/>\n<meta property=\"og:description\" content=\"%\" \/>\n<meta property=\"og:url\" content=\"https:\/\/accesbeaute.ca\/en\/buy\/baume-de-la-presquile-plumping-eye-lip-contour-balm-algologie\/\" \/>\n<meta property=\"og:site_name\" content=\"Acc\u00e8s Beaut\u00e9\" \/>\n<meta property=\"article:modified_time\" content=\"2024-06-18T02:00:32+00:00\" \/>\n<meta property=\"og:image\" content=\"https:\/\/accesbeaute.ca\/wp-content\/uploads\/2018\/07\/baume-de-la-presqu-ile-contour-yeux-et-levres-gamme-anti-age-global-par-algologie.jpg\" \/>\n\t<meta property=\"og:image:width\" content=\"600\" \/>\n\t<meta property=\"og:image:height\" content=\"600\" \/>\n\t<meta property=\"og:image:type\" content=\"image\/jpeg\" \/>\n<meta name=\"twitter:card\" content=\"summary_large_image\" \/>\n<script type=\"application\/ld+json\" class=\"yoast-schema-graph\">{\"@context\":\"https:\\\/\\\/schema.org\",\"@graph\":[{\"@type\":\"WebPage\",\"@id\":\"https:\\\/\\\/accesbeaute.ca\\\/en\\\/buy\\\/baume-de-la-presquile-plumping-eye-lip-contour-balm-algologie\\\/\",\"url\":\"https:\\\/\\\/accesbeaute.ca\\\/en\\\/buy\\\/baume-de-la-presquile-plumping-eye-lip-contour-balm-algologie\\\/\",\"name\":\"Baume de la Presqu'\u00eele - Plumping Eye & Lip Contour Balm - Algologie - Achat en ligne\",\"isPartOf\":{\"@id\":\"https:\\\/\\\/accesbeaute.ca\\\/en\\\/#website\"},\"primaryImageOfPage\":{\"@id\":\"https:\\\/\\\/accesbeaute.ca\\\/en\\\/buy\\\/baume-de-la-presquile-plumping-eye-lip-contour-balm-algologie\\\/#primaryimage\"},\"image\":{\"@id\":\"https:\\\/\\\/accesbeaute.ca\\\/en\\\/buy\\\/baume-de-la-presquile-plumping-eye-lip-contour-balm-algologie\\\/#primaryimage\"},\"thumbnailUrl\":\"https:\\\/\\\/accesbeaute.ca\\\/wp-content\\\/uploads\\\/2018\\\/07\\\/baume-de-la-presqu-ile-contour-yeux-et-levres-gamme-anti-age-global-par-algologie.jpg\",\"datePublished\":\"2018-07-28T18:06:49+00:00\",\"dateModified\":\"2024-06-18T02:00:32+00:00\",\"description\":\"%\",\"breadcrumb\":{\"@id\":\"https:\\\/\\\/accesbeaute.ca\\\/en\\\/buy\\\/baume-de-la-presquile-plumping-eye-lip-contour-balm-algologie\\\/#breadcrumb\"},\"inLanguage\":\"en-US\",\"potentialAction\":[{\"@type\":\"ReadAction\",\"target\":[\"https:\\\/\\\/accesbeaute.ca\\\/en\\\/buy\\\/baume-de-la-presquile-plumping-eye-lip-contour-balm-algologie\\\/\"]}]},{\"@type\":\"ImageObject\",\"inLanguage\":\"en-US\",\"@id\":\"https:\\\/\\\/accesbeaute.ca\\\/en\\\/buy\\\/baume-de-la-presquile-plumping-eye-lip-contour-balm-algologie\\\/#primaryimage\",\"url\":\"https:\\\/\\\/accesbeaute.ca\\\/wp-content\\\/uploads\\\/2018\\\/07\\\/baume-de-la-presqu-ile-contour-yeux-et-levres-gamme-anti-age-global-par-algologie.jpg\",\"contentUrl\":\"https:\\\/\\\/accesbeaute.ca\\\/wp-content\\\/uploads\\\/2018\\\/07\\\/baume-de-la-presqu-ile-contour-yeux-et-levres-gamme-anti-age-global-par-algologie.jpg\",\"width\":600,\"height\":600,\"caption\":\"Baume de la Presqu'\u00eele - Plumping Eye & Lip Contour Balm Algologie\"},{\"@type\":\"BreadcrumbList\",\"@id\":\"https:\\\/\\\/accesbeaute.ca\\\/en\\\/buy\\\/baume-de-la-presquile-plumping-eye-lip-contour-balm-algologie\\\/#breadcrumb\",\"itemListElement\":[{\"@type\":\"ListItem\",\"position\":1,\"name\":\"Accueil\",\"item\":\"https:\\\/\\\/accesbeaute.ca\\\/en\\\/\"},{\"@type\":\"ListItem\",\"position\":2,\"name\":\"Boutique\",\"item\":\"https:\\\/\\\/accesbeaute.ca\\\/boutique\\\/\"},{\"@type\":\"ListItem\",\"position\":3,\"name\":\"Algologie\",\"item\":\"https:\\\/\\\/accesbeaute.ca\\\/en\\\/acheter\\\/algologie-en\\\/\"},{\"@type\":\"ListItem\",\"position\":4,\"name\":\"Baume de la Presqu&#8217;\u00eele &#8211; Plumping Eye &#038; Lip Contour Balm &#8211; Algologie\"}]},{\"@type\":\"WebSite\",\"@id\":\"https:\\\/\\\/accesbeaute.ca\\\/en\\\/#website\",\"url\":\"https:\\\/\\\/accesbeaute.ca\\\/en\\\/\",\"name\":\"Acc\u00e8s Beaut\u00e9\",\"description\":\"Achat de produits de beaut\u00e9 en ligne\",\"potentialAction\":[{\"@type\":\"SearchAction\",\"target\":{\"@type\":\"EntryPoint\",\"urlTemplate\":\"https:\\\/\\\/accesbeaute.ca\\\/en\\\/?s={search_term_string}\"},\"query-input\":{\"@type\":\"PropertyValueSpecification\",\"valueRequired\":true,\"valueName\":\"search_term_string\"}}],\"inLanguage\":\"en-US\"}]}<\/script>\n<!-- \/ Yoast SEO plugin. -->","yoast_head_json":{"title":"Baume de la Presqu'\u00eele - Plumping Eye & Lip Contour Balm - Algologie  - Achat en ligne","description":"%","robots":{"index":"index","follow":"follow","max-snippet":"max-snippet:-1","max-image-preview":"max-image-preview:large","max-video-preview":"max-video-preview:-1"},"canonical":"https:\/\/accesbeaute.ca\/en\/buy\/baume-de-la-presquile-plumping-eye-lip-contour-balm-algologie\/","og_locale":"en_US","og_type":"article","og_title":"Baume de la Presqu'\u00eele - Plumping Eye & Lip Contour Balm - Algologie  - Achat en ligne","og_description":"%","og_url":"https:\/\/accesbeaute.ca\/en\/buy\/baume-de-la-presquile-plumping-eye-lip-contour-balm-algologie\/","og_site_name":"Acc\u00e8s Beaut\u00e9","article_modified_time":"2024-06-18T02:00:32+00:00","og_image":[{"width":600,"height":600,"url":"https:\/\/accesbeaute.ca\/wp-content\/uploads\/2018\/07\/baume-de-la-presqu-ile-contour-yeux-et-levres-gamme-anti-age-global-par-algologie.jpg","type":"image\/jpeg"}],"twitter_card":"summary_large_image","schema":{"@context":"https:\/\/schema.org","@graph":[{"@type":"WebPage","@id":"https:\/\/accesbeaute.ca\/en\/buy\/baume-de-la-presquile-plumping-eye-lip-contour-balm-algologie\/","url":"https:\/\/accesbeaute.ca\/en\/buy\/baume-de-la-presquile-plumping-eye-lip-contour-balm-algologie\/","name":"Baume de la Presqu'\u00eele - Plumping Eye & Lip Contour Balm - Algologie - Achat en ligne","isPartOf":{"@id":"https:\/\/accesbeaute.ca\/en\/#website"},"primaryImageOfPage":{"@id":"https:\/\/accesbeaute.ca\/en\/buy\/baume-de-la-presquile-plumping-eye-lip-contour-balm-algologie\/#primaryimage"},"image":{"@id":"https:\/\/accesbeaute.ca\/en\/buy\/baume-de-la-presquile-plumping-eye-lip-contour-balm-algologie\/#primaryimage"},"thumbnailUrl":"https:\/\/accesbeaute.ca\/wp-content\/uploads\/2018\/07\/baume-de-la-presqu-ile-contour-yeux-et-levres-gamme-anti-age-global-par-algologie.jpg","datePublished":"2018-07-28T18:06:49+00:00","dateModified":"2024-06-18T02:00:32+00:00","description":"%","breadcrumb":{"@id":"https:\/\/accesbeaute.ca\/en\/buy\/baume-de-la-presquile-plumping-eye-lip-contour-balm-algologie\/#breadcrumb"},"inLanguage":"en-US","potentialAction":[{"@type":"ReadAction","target":["https:\/\/accesbeaute.ca\/en\/buy\/baume-de-la-presquile-plumping-eye-lip-contour-balm-algologie\/"]}]},{"@type":"ImageObject","inLanguage":"en-US","@id":"https:\/\/accesbeaute.ca\/en\/buy\/baume-de-la-presquile-plumping-eye-lip-contour-balm-algologie\/#primaryimage","url":"https:\/\/accesbeaute.ca\/wp-content\/uploads\/2018\/07\/baume-de-la-presqu-ile-contour-yeux-et-levres-gamme-anti-age-global-par-algologie.jpg","contentUrl":"https:\/\/accesbeaute.ca\/wp-content\/uploads\/2018\/07\/baume-de-la-presqu-ile-contour-yeux-et-levres-gamme-anti-age-global-par-algologie.jpg","width":600,"height":600,"caption":"Baume de la Presqu'\u00eele - Plumping Eye & Lip Contour Balm Algologie"},{"@type":"BreadcrumbList","@id":"https:\/\/accesbeaute.ca\/en\/buy\/baume-de-la-presquile-plumping-eye-lip-contour-balm-algologie\/#breadcrumb","itemListElement":[{"@type":"ListItem","position":1,"name":"Accueil","item":"https:\/\/accesbeaute.ca\/en\/"},{"@type":"ListItem","position":2,"name":"Boutique","item":"https:\/\/accesbeaute.ca\/boutique\/"},{"@type":"ListItem","position":3,"name":"Algologie","item":"https:\/\/accesbeaute.ca\/en\/acheter\/algologie-en\/"},{"@type":"ListItem","position":4,"name":"Baume de la Presqu&#8217;\u00eele &#8211; Plumping Eye &#038; Lip Contour Balm &#8211; Algologie"}]},{"@type":"WebSite","@id":"https:\/\/accesbeaute.ca\/en\/#website","url":"https:\/\/accesbeaute.ca\/en\/","name":"Acc\u00e8s Beaut\u00e9","description":"Achat de produits de beaut\u00e9 en ligne","potentialAction":[{"@type":"SearchAction","target":{"@type":"EntryPoint","urlTemplate":"https:\/\/accesbeaute.ca\/en\/?s={search_term_string}"},"query-input":{"@type":"PropertyValueSpecification","valueRequired":true,"valueName":"search_term_string"}}],"inLanguage":"en-US"}]}},"_links":{"self":[{"href":"https:\/\/accesbeaute.ca\/en\/wp-json\/wp\/v2\/product\/1809","targetHints":{"allow":["GET"]}}],"collection":[{"href":"https:\/\/accesbeaute.ca\/en\/wp-json\/wp\/v2\/product"}],"about":[{"href":"https:\/\/accesbeaute.ca\/en\/wp-json\/wp\/v2\/types\/product"}],"wp:featuredmedia":[{"embeddable":true,"href":"https:\/\/accesbeaute.ca\/en\/wp-json\/wp\/v2\/media\/1810"}],"wp:attachment":[{"href":"https:\/\/accesbeaute.ca\/en\/wp-json\/wp\/v2\/media?parent=1809"}],"wp:term":[{"taxonomy":"product_brand","embeddable":true,"href":"https:\/\/accesbeaute.ca\/en\/wp-json\/wp\/v2\/product_brand?post=1809"},{"taxonomy":"product_cat","embeddable":true,"href":"https:\/\/accesbeaute.ca\/en\/wp-json\/wp\/v2\/product_cat?post=1809"},{"taxonomy":"product_tag","embeddable":true,"href":"https:\/\/accesbeaute.ca\/en\/wp-json\/wp\/v2\/product_tag?post=1809"}],"curies":[{"name":"wp","href":"https:\/\/api.w.org\/{rel}","templated":true}]}}