{"id":1816,"date":"2018-07-28T18:06:47","date_gmt":"2018-07-28T18:06:47","guid":{"rendered":"https:\/\/accesbeaute.ca\/achat\/lait-du-jardin-marin-revitalising-moisturising-body-milk-algologie\/"},"modified":"2024-07-05T01:21:08","modified_gmt":"2024-07-05T01:21:08","slug":"lait-du-jardin-marin-revitalising-moisturising-body-milk-algologie","status":"publish","type":"product","link":"https:\/\/accesbeaute.ca\/en\/buy\/lait-du-jardin-marin-revitalising-moisturising-body-milk-algologie\/","title":{"rendered":"Lait du Jardin Marin &#8211; Revitalising &#038; Moisturising Body Milk &#8211; Algologie"},"content":{"rendered":"<ul>\n<li>Delicately scented, the skin is moisturised. It regains softness and suppleness.<\/li>\n<li>A milky, smooth creamy texture.<\/li>\n<li>Texture that penetrates in a flash.<\/li>\n<li>Instant hydration and softness.<\/li>\n<li>Leaves a delicately perfumed, velvety veil.<\/li>\n<li>Size: 200 ml \/ 6.76 fl oz<\/li>\n<\/ul>\n<p><strong>For your skin&#8217;s well-being:<\/strong><\/p>\n<ul>\n<li>More than 95% of the ingredients are of natural origin.<\/li>\n<li>Algologie is certified Ecocert and is committed to not using parabens, silicones, mineral oils, phthalates, propylene glycol and PEG.<\/li>\n<\/ul>\n","protected":false},"excerpt":{"rendered":"<hr class=\"ligne-grise\" \/>\n<p><strong>Brand:<\/strong> <a href=\"\/buy\/algologie\">Algologie<\/a><\/p>\n<p>This particularly creamy moisturiser combines the power of Algo 4\u00ae with rejuvenating and nourishing ingredients (Centella Asiatica and Shea Butter) for a soft and supple skin.<\/p>\n","protected":false},"featured_media":0,"template":"","meta":{"_et_pb_use_builder":"","_et_pb_old_content":"","_et_gb_content_width":""},"product_brand":[],"product_cat":[201,191,213,214],"product_tag":[202],"class_list":{"0":"post-1816","1":"product","2":"type-product","3":"status-publish","5":"product_cat-algologie-en","6":"product_cat-produits-de-beaute-pour-tout-type-de-peau-en","7":"product_cat-produit-de-beaute-peau-seche-et-deshydratee-en","8":"product_cat-produit-de-beaute-soin-du-corps-en","9":"product_tag-algologie-en","11":"first","12":"instock","13":"taxable","14":"shipping-taxable","15":"purchasable","16":"product-type-simple"},"yoast_head":"<!-- This site is optimized with the Yoast SEO plugin v27.3 - https:\/\/yoast.com\/product\/yoast-seo-wordpress\/ -->\n<title>Lait du Jardin Marin - Revitalising &amp; Moisturising Body Milk - Algologie  - Achat en ligne<\/title>\n<meta name=\"description\" content=\"%\" \/>\n<meta name=\"robots\" content=\"index, follow, max-snippet:-1, max-image-preview:large, max-video-preview:-1\" \/>\n<link rel=\"canonical\" href=\"https:\/\/accesbeaute.ca\/en\/buy\/lait-du-jardin-marin-revitalising-moisturising-body-milk-algologie\/\" \/>\n<meta property=\"og:locale\" content=\"en_US\" \/>\n<meta property=\"og:type\" content=\"article\" \/>\n<meta property=\"og:title\" content=\"Lait du Jardin Marin - Revitalising &amp; Moisturising Body Milk - Algologie  - Achat en ligne\" \/>\n<meta property=\"og:description\" content=\"%\" \/>\n<meta property=\"og:url\" content=\"https:\/\/accesbeaute.ca\/en\/buy\/lait-du-jardin-marin-revitalising-moisturising-body-milk-algologie\/\" \/>\n<meta property=\"og:site_name\" content=\"Acc\u00e8s Beaut\u00e9\" \/>\n<meta property=\"article:modified_time\" content=\"2024-07-05T01:21:08+00:00\" \/>\n<meta name=\"twitter:card\" content=\"summary_large_image\" \/>\n<script type=\"application\/ld+json\" class=\"yoast-schema-graph\">{\"@context\":\"https:\\\/\\\/schema.org\",\"@graph\":[{\"@type\":\"WebPage\",\"@id\":\"https:\\\/\\\/accesbeaute.ca\\\/en\\\/buy\\\/lait-du-jardin-marin-revitalising-moisturising-body-milk-algologie\\\/\",\"url\":\"https:\\\/\\\/accesbeaute.ca\\\/en\\\/buy\\\/lait-du-jardin-marin-revitalising-moisturising-body-milk-algologie\\\/\",\"name\":\"Lait du Jardin Marin - Revitalising & Moisturising Body Milk - Algologie - Achat en ligne\",\"isPartOf\":{\"@id\":\"https:\\\/\\\/accesbeaute.ca\\\/en\\\/#website\"},\"datePublished\":\"2018-07-28T18:06:47+00:00\",\"dateModified\":\"2024-07-05T01:21:08+00:00\",\"description\":\"%\",\"breadcrumb\":{\"@id\":\"https:\\\/\\\/accesbeaute.ca\\\/en\\\/buy\\\/lait-du-jardin-marin-revitalising-moisturising-body-milk-algologie\\\/#breadcrumb\"},\"inLanguage\":\"en-US\",\"potentialAction\":[{\"@type\":\"ReadAction\",\"target\":[\"https:\\\/\\\/accesbeaute.ca\\\/en\\\/buy\\\/lait-du-jardin-marin-revitalising-moisturising-body-milk-algologie\\\/\"]}]},{\"@type\":\"BreadcrumbList\",\"@id\":\"https:\\\/\\\/accesbeaute.ca\\\/en\\\/buy\\\/lait-du-jardin-marin-revitalising-moisturising-body-milk-algologie\\\/#breadcrumb\",\"itemListElement\":[{\"@type\":\"ListItem\",\"position\":1,\"name\":\"Accueil\",\"item\":\"https:\\\/\\\/accesbeaute.ca\\\/en\\\/\"},{\"@type\":\"ListItem\",\"position\":2,\"name\":\"Boutique\",\"item\":\"https:\\\/\\\/accesbeaute.ca\\\/boutique\\\/\"},{\"@type\":\"ListItem\",\"position\":3,\"name\":\"Produits de beaut\u00e9\",\"item\":\"https:\\\/\\\/accesbeaute.ca\\\/acheter\\\/produits-de-beaute\\\/\"},{\"@type\":\"ListItem\",\"position\":4,\"name\":\"Soins jeunesse\",\"item\":\"https:\\\/\\\/accesbeaute.ca\\\/acheter\\\/soin-jeunesse\\\/\"},{\"@type\":\"ListItem\",\"position\":5,\"name\":\"Produits pour soins du corps\",\"item\":\"https:\\\/\\\/accesbeaute.ca\\\/en\\\/acheter\\\/produit-de-beaute-soin-du-corps-en\\\/\"},{\"@type\":\"ListItem\",\"position\":6,\"name\":\"Lait du Jardin Marin &#8211; Revitalising &#038; Moisturising Body Milk &#8211; Algologie\"}]},{\"@type\":\"WebSite\",\"@id\":\"https:\\\/\\\/accesbeaute.ca\\\/en\\\/#website\",\"url\":\"https:\\\/\\\/accesbeaute.ca\\\/en\\\/\",\"name\":\"Acc\u00e8s Beaut\u00e9\",\"description\":\"Achat de produits de beaut\u00e9 en ligne\",\"potentialAction\":[{\"@type\":\"SearchAction\",\"target\":{\"@type\":\"EntryPoint\",\"urlTemplate\":\"https:\\\/\\\/accesbeaute.ca\\\/en\\\/?s={search_term_string}\"},\"query-input\":{\"@type\":\"PropertyValueSpecification\",\"valueRequired\":true,\"valueName\":\"search_term_string\"}}],\"inLanguage\":\"en-US\"}]}<\/script>\n<!-- \/ Yoast SEO plugin. -->","yoast_head_json":{"title":"Lait du Jardin Marin - Revitalising & Moisturising Body Milk - Algologie  - Achat en ligne","description":"%","robots":{"index":"index","follow":"follow","max-snippet":"max-snippet:-1","max-image-preview":"max-image-preview:large","max-video-preview":"max-video-preview:-1"},"canonical":"https:\/\/accesbeaute.ca\/en\/buy\/lait-du-jardin-marin-revitalising-moisturising-body-milk-algologie\/","og_locale":"en_US","og_type":"article","og_title":"Lait du Jardin Marin - Revitalising & Moisturising Body Milk - Algologie  - Achat en ligne","og_description":"%","og_url":"https:\/\/accesbeaute.ca\/en\/buy\/lait-du-jardin-marin-revitalising-moisturising-body-milk-algologie\/","og_site_name":"Acc\u00e8s Beaut\u00e9","article_modified_time":"2024-07-05T01:21:08+00:00","twitter_card":"summary_large_image","schema":{"@context":"https:\/\/schema.org","@graph":[{"@type":"WebPage","@id":"https:\/\/accesbeaute.ca\/en\/buy\/lait-du-jardin-marin-revitalising-moisturising-body-milk-algologie\/","url":"https:\/\/accesbeaute.ca\/en\/buy\/lait-du-jardin-marin-revitalising-moisturising-body-milk-algologie\/","name":"Lait du Jardin Marin - Revitalising & Moisturising Body Milk - Algologie - Achat en ligne","isPartOf":{"@id":"https:\/\/accesbeaute.ca\/en\/#website"},"datePublished":"2018-07-28T18:06:47+00:00","dateModified":"2024-07-05T01:21:08+00:00","description":"%","breadcrumb":{"@id":"https:\/\/accesbeaute.ca\/en\/buy\/lait-du-jardin-marin-revitalising-moisturising-body-milk-algologie\/#breadcrumb"},"inLanguage":"en-US","potentialAction":[{"@type":"ReadAction","target":["https:\/\/accesbeaute.ca\/en\/buy\/lait-du-jardin-marin-revitalising-moisturising-body-milk-algologie\/"]}]},{"@type":"BreadcrumbList","@id":"https:\/\/accesbeaute.ca\/en\/buy\/lait-du-jardin-marin-revitalising-moisturising-body-milk-algologie\/#breadcrumb","itemListElement":[{"@type":"ListItem","position":1,"name":"Accueil","item":"https:\/\/accesbeaute.ca\/en\/"},{"@type":"ListItem","position":2,"name":"Boutique","item":"https:\/\/accesbeaute.ca\/boutique\/"},{"@type":"ListItem","position":3,"name":"Produits de beaut\u00e9","item":"https:\/\/accesbeaute.ca\/acheter\/produits-de-beaute\/"},{"@type":"ListItem","position":4,"name":"Soins jeunesse","item":"https:\/\/accesbeaute.ca\/acheter\/soin-jeunesse\/"},{"@type":"ListItem","position":5,"name":"Produits pour soins du corps","item":"https:\/\/accesbeaute.ca\/en\/acheter\/produit-de-beaute-soin-du-corps-en\/"},{"@type":"ListItem","position":6,"name":"Lait du Jardin Marin &#8211; Revitalising &#038; Moisturising Body Milk &#8211; Algologie"}]},{"@type":"WebSite","@id":"https:\/\/accesbeaute.ca\/en\/#website","url":"https:\/\/accesbeaute.ca\/en\/","name":"Acc\u00e8s Beaut\u00e9","description":"Achat de produits de beaut\u00e9 en ligne","potentialAction":[{"@type":"SearchAction","target":{"@type":"EntryPoint","urlTemplate":"https:\/\/accesbeaute.ca\/en\/?s={search_term_string}"},"query-input":{"@type":"PropertyValueSpecification","valueRequired":true,"valueName":"search_term_string"}}],"inLanguage":"en-US"}]}},"_links":{"self":[{"href":"https:\/\/accesbeaute.ca\/en\/wp-json\/wp\/v2\/product\/1816","targetHints":{"allow":["GET"]}}],"collection":[{"href":"https:\/\/accesbeaute.ca\/en\/wp-json\/wp\/v2\/product"}],"about":[{"href":"https:\/\/accesbeaute.ca\/en\/wp-json\/wp\/v2\/types\/product"}],"wp:attachment":[{"href":"https:\/\/accesbeaute.ca\/en\/wp-json\/wp\/v2\/media?parent=1816"}],"wp:term":[{"taxonomy":"product_brand","embeddable":true,"href":"https:\/\/accesbeaute.ca\/en\/wp-json\/wp\/v2\/product_brand?post=1816"},{"taxonomy":"product_cat","embeddable":true,"href":"https:\/\/accesbeaute.ca\/en\/wp-json\/wp\/v2\/product_cat?post=1816"},{"taxonomy":"product_tag","embeddable":true,"href":"https:\/\/accesbeaute.ca\/en\/wp-json\/wp\/v2\/product_tag?post=1816"}],"curies":[{"name":"wp","href":"https:\/\/api.w.org\/{rel}","templated":true}]}}