{"id":1859,"date":"2018-07-28T18:09:29","date_gmt":"2018-07-28T18:09:29","guid":{"rendered":"https:\/\/accesbeaute.ca\/achat\/excellience-volusculpt-concentrated-lifting-3d-cure-laboratoire-dr-renaud\/"},"modified":"2021-11-12T18:16:26","modified_gmt":"2021-11-12T18:16:26","slug":"excellience-volusculpt-concentrated-lifting-3d-cure-laboratoire-dr-renaud","status":"publish","type":"product","link":"https:\/\/accesbeaute.ca\/en\/buy\/excellience-volusculpt-concentrated-lifting-3d-cure-laboratoire-dr-renaud\/","title":{"rendered":"Excellience VoluSculpt Concentrated Lifting-3D Cure"},"content":{"rendered":"<ul>\n<li>Reduces the appearance of vertical wrinkles in just 7 days<\/li>\n<li>Remodels, lifts and firms\u00a0with VoluSculpt complex\u00a0(Swertiamarin, Indian gentian leaf extract, palmitoyl isoleucine and acetyl tetrapeptide-2)<\/li>\n<li>Fills wrinkles from within and smooths skin with apple and argan PhytoCell\u00ae<\/li>\n<li>Hydrates with hyaluronic acid<\/li>\n<li>The vertical lines seem filled-in.<\/li>\n<li>The appearance of the skin is redensified and the volumes re-positioned.<\/li>\n<li>The oval seems more defined, thickened areas of the face appear lightened.<\/li>\n<li>The face looks then resculpted, as if lifted in appearance.<\/li>\n<li>Size: 30 ml \/ 1 fl oz<\/li>\n<\/ul>\n","protected":false},"excerpt":{"rendered":"<hr class=\"ligne-grise\" \/>\n<p><strong>Brand:<\/strong> <a href=\"\/buy\/laboratoire-dr-renaud\">Laboratoire Dr Renaud<\/a><\/p>\n<p>Excellience VoluSculpt helps correct the appearance of aging signs related to alteration of firmness: vertical wrinkles, loss of firmness, less well-defined contours, thickening of the lower face, etc. <\/p>\n","protected":false},"featured_media":1861,"template":"","meta":{"_et_pb_use_builder":"","_et_pb_old_content":"","_et_gb_content_width":""},"product_brand":[],"product_cat":[210,233,238,228,218,219],"product_tag":[234],"class_list":{"0":"post-1859","1":"product","2":"type-product","3":"status-publish","4":"has-post-thumbnail","6":"product_cat-fabrique-au-canada-en","7":"product_cat-laboratoire-dr-renaud-en","8":"product_cat-produits-de-beaute-pour-le-teint","9":"product_cat-produits-pour-relachement-cutane","10":"product_cat-soins-cremes-antirides","11":"product_cat-soins-anti-age","12":"product_tag-laboratoire-dr-renaud-en","14":"first","15":"instock","16":"taxable","17":"shipping-taxable","18":"purchasable","19":"product-type-simple"},"yoast_head":"<!-- This site is optimized with the Yoast SEO plugin v27.3 - https:\/\/yoast.com\/product\/yoast-seo-wordpress\/ -->\n<title>Excellience VoluSculpt Concentrated Lifting-3D Cure  - Achat en ligne<\/title>\n<meta name=\"description\" content=\"%\" \/>\n<meta name=\"robots\" content=\"index, follow, max-snippet:-1, max-image-preview:large, max-video-preview:-1\" \/>\n<link rel=\"canonical\" href=\"https:\/\/accesbeaute.ca\/en\/buy\/excellience-volusculpt-concentrated-lifting-3d-cure-laboratoire-dr-renaud\/\" \/>\n<meta property=\"og:locale\" content=\"en_US\" \/>\n<meta property=\"og:type\" content=\"article\" \/>\n<meta property=\"og:title\" content=\"Excellience VoluSculpt Concentrated Lifting-3D Cure  - Achat en ligne\" \/>\n<meta property=\"og:description\" content=\"%\" \/>\n<meta property=\"og:url\" content=\"https:\/\/accesbeaute.ca\/en\/buy\/excellience-volusculpt-concentrated-lifting-3d-cure-laboratoire-dr-renaud\/\" \/>\n<meta property=\"og:site_name\" content=\"Acc\u00e8s Beaut\u00e9\" \/>\n<meta property=\"article:modified_time\" content=\"2021-11-12T18:16:26+00:00\" \/>\n<meta property=\"og:image\" content=\"https:\/\/accesbeaute.ca\/wp-content\/uploads\/2018\/07\/excellience-volusculpt-laboratoire-dr-renaud.jpg\" \/>\n\t<meta property=\"og:image:width\" content=\"1047\" \/>\n\t<meta property=\"og:image:height\" content=\"1047\" \/>\n\t<meta property=\"og:image:type\" content=\"image\/jpeg\" \/>\n<meta name=\"twitter:card\" content=\"summary_large_image\" \/>\n<script type=\"application\/ld+json\" class=\"yoast-schema-graph\">{\"@context\":\"https:\\\/\\\/schema.org\",\"@graph\":[{\"@type\":\"WebPage\",\"@id\":\"https:\\\/\\\/accesbeaute.ca\\\/en\\\/buy\\\/excellience-volusculpt-concentrated-lifting-3d-cure-laboratoire-dr-renaud\\\/\",\"url\":\"https:\\\/\\\/accesbeaute.ca\\\/en\\\/buy\\\/excellience-volusculpt-concentrated-lifting-3d-cure-laboratoire-dr-renaud\\\/\",\"name\":\"Excellience VoluSculpt Concentrated Lifting-3D Cure - Achat en ligne\",\"isPartOf\":{\"@id\":\"https:\\\/\\\/accesbeaute.ca\\\/en\\\/#website\"},\"primaryImageOfPage\":{\"@id\":\"https:\\\/\\\/accesbeaute.ca\\\/en\\\/buy\\\/excellience-volusculpt-concentrated-lifting-3d-cure-laboratoire-dr-renaud\\\/#primaryimage\"},\"image\":{\"@id\":\"https:\\\/\\\/accesbeaute.ca\\\/en\\\/buy\\\/excellience-volusculpt-concentrated-lifting-3d-cure-laboratoire-dr-renaud\\\/#primaryimage\"},\"thumbnailUrl\":\"https:\\\/\\\/accesbeaute.ca\\\/wp-content\\\/uploads\\\/2018\\\/07\\\/excellience-volusculpt-laboratoire-dr-renaud.jpg\",\"datePublished\":\"2018-07-28T18:09:29+00:00\",\"dateModified\":\"2021-11-12T18:16:26+00:00\",\"description\":\"%\",\"breadcrumb\":{\"@id\":\"https:\\\/\\\/accesbeaute.ca\\\/en\\\/buy\\\/excellience-volusculpt-concentrated-lifting-3d-cure-laboratoire-dr-renaud\\\/#breadcrumb\"},\"inLanguage\":\"en-US\",\"potentialAction\":[{\"@type\":\"ReadAction\",\"target\":[\"https:\\\/\\\/accesbeaute.ca\\\/en\\\/buy\\\/excellience-volusculpt-concentrated-lifting-3d-cure-laboratoire-dr-renaud\\\/\"]}]},{\"@type\":\"ImageObject\",\"inLanguage\":\"en-US\",\"@id\":\"https:\\\/\\\/accesbeaute.ca\\\/en\\\/buy\\\/excellience-volusculpt-concentrated-lifting-3d-cure-laboratoire-dr-renaud\\\/#primaryimage\",\"url\":\"https:\\\/\\\/accesbeaute.ca\\\/wp-content\\\/uploads\\\/2018\\\/07\\\/excellience-volusculpt-laboratoire-dr-renaud.jpg\",\"contentUrl\":\"https:\\\/\\\/accesbeaute.ca\\\/wp-content\\\/uploads\\\/2018\\\/07\\\/excellience-volusculpt-laboratoire-dr-renaud.jpg\",\"width\":1047,\"height\":1047,\"caption\":\"Excellience VoluSculpt Concentrated Lifting-3D Cure Dr Renaud\"},{\"@type\":\"BreadcrumbList\",\"@id\":\"https:\\\/\\\/accesbeaute.ca\\\/en\\\/buy\\\/excellience-volusculpt-concentrated-lifting-3d-cure-laboratoire-dr-renaud\\\/#breadcrumb\",\"itemListElement\":[{\"@type\":\"ListItem\",\"position\":1,\"name\":\"Accueil\",\"item\":\"https:\\\/\\\/accesbeaute.ca\\\/en\\\/\"},{\"@type\":\"ListItem\",\"position\":2,\"name\":\"Boutique\",\"item\":\"https:\\\/\\\/accesbeaute.ca\\\/boutique\\\/\"},{\"@type\":\"ListItem\",\"position\":3,\"name\":\"Fabriqu\u00e9 au Canada\",\"item\":\"https:\\\/\\\/accesbeaute.ca\\\/en\\\/acheter\\\/fabrique-au-canada-en\\\/\"},{\"@type\":\"ListItem\",\"position\":4,\"name\":\"Excellience VoluSculpt Concentrated Lifting-3D Cure\"}]},{\"@type\":\"WebSite\",\"@id\":\"https:\\\/\\\/accesbeaute.ca\\\/en\\\/#website\",\"url\":\"https:\\\/\\\/accesbeaute.ca\\\/en\\\/\",\"name\":\"Acc\u00e8s Beaut\u00e9\",\"description\":\"Achat de produits de beaut\u00e9 en ligne\",\"potentialAction\":[{\"@type\":\"SearchAction\",\"target\":{\"@type\":\"EntryPoint\",\"urlTemplate\":\"https:\\\/\\\/accesbeaute.ca\\\/en\\\/?s={search_term_string}\"},\"query-input\":{\"@type\":\"PropertyValueSpecification\",\"valueRequired\":true,\"valueName\":\"search_term_string\"}}],\"inLanguage\":\"en-US\"}]}<\/script>\n<!-- \/ Yoast SEO plugin. -->","yoast_head_json":{"title":"Excellience VoluSculpt Concentrated Lifting-3D Cure  - Achat en ligne","description":"%","robots":{"index":"index","follow":"follow","max-snippet":"max-snippet:-1","max-image-preview":"max-image-preview:large","max-video-preview":"max-video-preview:-1"},"canonical":"https:\/\/accesbeaute.ca\/en\/buy\/excellience-volusculpt-concentrated-lifting-3d-cure-laboratoire-dr-renaud\/","og_locale":"en_US","og_type":"article","og_title":"Excellience VoluSculpt Concentrated Lifting-3D Cure  - Achat en ligne","og_description":"%","og_url":"https:\/\/accesbeaute.ca\/en\/buy\/excellience-volusculpt-concentrated-lifting-3d-cure-laboratoire-dr-renaud\/","og_site_name":"Acc\u00e8s Beaut\u00e9","article_modified_time":"2021-11-12T18:16:26+00:00","og_image":[{"width":1047,"height":1047,"url":"https:\/\/accesbeaute.ca\/wp-content\/uploads\/2018\/07\/excellience-volusculpt-laboratoire-dr-renaud.jpg","type":"image\/jpeg"}],"twitter_card":"summary_large_image","schema":{"@context":"https:\/\/schema.org","@graph":[{"@type":"WebPage","@id":"https:\/\/accesbeaute.ca\/en\/buy\/excellience-volusculpt-concentrated-lifting-3d-cure-laboratoire-dr-renaud\/","url":"https:\/\/accesbeaute.ca\/en\/buy\/excellience-volusculpt-concentrated-lifting-3d-cure-laboratoire-dr-renaud\/","name":"Excellience VoluSculpt Concentrated Lifting-3D Cure - Achat en ligne","isPartOf":{"@id":"https:\/\/accesbeaute.ca\/en\/#website"},"primaryImageOfPage":{"@id":"https:\/\/accesbeaute.ca\/en\/buy\/excellience-volusculpt-concentrated-lifting-3d-cure-laboratoire-dr-renaud\/#primaryimage"},"image":{"@id":"https:\/\/accesbeaute.ca\/en\/buy\/excellience-volusculpt-concentrated-lifting-3d-cure-laboratoire-dr-renaud\/#primaryimage"},"thumbnailUrl":"https:\/\/accesbeaute.ca\/wp-content\/uploads\/2018\/07\/excellience-volusculpt-laboratoire-dr-renaud.jpg","datePublished":"2018-07-28T18:09:29+00:00","dateModified":"2021-11-12T18:16:26+00:00","description":"%","breadcrumb":{"@id":"https:\/\/accesbeaute.ca\/en\/buy\/excellience-volusculpt-concentrated-lifting-3d-cure-laboratoire-dr-renaud\/#breadcrumb"},"inLanguage":"en-US","potentialAction":[{"@type":"ReadAction","target":["https:\/\/accesbeaute.ca\/en\/buy\/excellience-volusculpt-concentrated-lifting-3d-cure-laboratoire-dr-renaud\/"]}]},{"@type":"ImageObject","inLanguage":"en-US","@id":"https:\/\/accesbeaute.ca\/en\/buy\/excellience-volusculpt-concentrated-lifting-3d-cure-laboratoire-dr-renaud\/#primaryimage","url":"https:\/\/accesbeaute.ca\/wp-content\/uploads\/2018\/07\/excellience-volusculpt-laboratoire-dr-renaud.jpg","contentUrl":"https:\/\/accesbeaute.ca\/wp-content\/uploads\/2018\/07\/excellience-volusculpt-laboratoire-dr-renaud.jpg","width":1047,"height":1047,"caption":"Excellience VoluSculpt Concentrated Lifting-3D Cure Dr Renaud"},{"@type":"BreadcrumbList","@id":"https:\/\/accesbeaute.ca\/en\/buy\/excellience-volusculpt-concentrated-lifting-3d-cure-laboratoire-dr-renaud\/#breadcrumb","itemListElement":[{"@type":"ListItem","position":1,"name":"Accueil","item":"https:\/\/accesbeaute.ca\/en\/"},{"@type":"ListItem","position":2,"name":"Boutique","item":"https:\/\/accesbeaute.ca\/boutique\/"},{"@type":"ListItem","position":3,"name":"Fabriqu\u00e9 au Canada","item":"https:\/\/accesbeaute.ca\/en\/acheter\/fabrique-au-canada-en\/"},{"@type":"ListItem","position":4,"name":"Excellience VoluSculpt Concentrated Lifting-3D Cure"}]},{"@type":"WebSite","@id":"https:\/\/accesbeaute.ca\/en\/#website","url":"https:\/\/accesbeaute.ca\/en\/","name":"Acc\u00e8s Beaut\u00e9","description":"Achat de produits de beaut\u00e9 en ligne","potentialAction":[{"@type":"SearchAction","target":{"@type":"EntryPoint","urlTemplate":"https:\/\/accesbeaute.ca\/en\/?s={search_term_string}"},"query-input":{"@type":"PropertyValueSpecification","valueRequired":true,"valueName":"search_term_string"}}],"inLanguage":"en-US"}]}},"_links":{"self":[{"href":"https:\/\/accesbeaute.ca\/en\/wp-json\/wp\/v2\/product\/1859","targetHints":{"allow":["GET"]}}],"collection":[{"href":"https:\/\/accesbeaute.ca\/en\/wp-json\/wp\/v2\/product"}],"about":[{"href":"https:\/\/accesbeaute.ca\/en\/wp-json\/wp\/v2\/types\/product"}],"wp:featuredmedia":[{"embeddable":true,"href":"https:\/\/accesbeaute.ca\/en\/wp-json\/wp\/v2\/media\/1861"}],"wp:attachment":[{"href":"https:\/\/accesbeaute.ca\/en\/wp-json\/wp\/v2\/media?parent=1859"}],"wp:term":[{"taxonomy":"product_brand","embeddable":true,"href":"https:\/\/accesbeaute.ca\/en\/wp-json\/wp\/v2\/product_brand?post=1859"},{"taxonomy":"product_cat","embeddable":true,"href":"https:\/\/accesbeaute.ca\/en\/wp-json\/wp\/v2\/product_cat?post=1859"},{"taxonomy":"product_tag","embeddable":true,"href":"https:\/\/accesbeaute.ca\/en\/wp-json\/wp\/v2\/product_tag?post=1859"}],"curies":[{"name":"wp","href":"https:\/\/api.w.org\/{rel}","templated":true}]}}