{"id":1866,"date":"2018-07-28T18:09:29","date_gmt":"2018-07-28T18:09:29","guid":{"rendered":"https:\/\/accesbeaute.ca\/achat\/anti-ageing-sunscreen-lotion-broad-spectrum-spf-20-body-laboratoire-dr-renaud\/"},"modified":"2026-04-07T00:03:16","modified_gmt":"2026-04-07T00:03:16","slug":"anti-ageing-sunscreen-lotion-broad-spectrum-spf-20-body-laboratoire-dr-renaud","status":"publish","type":"product","link":"https:\/\/accesbeaute.ca\/en\/buy\/anti-ageing-sunscreen-lotion-broad-spectrum-spf-20-body-laboratoire-dr-renaud\/","title":{"rendered":"Anti-Ageing Sunscreen Lotion Broad Spectrum SPF 20"},"content":{"rendered":"<ul>\n<li>Must-have sun protection for face and body<\/li>\n<li>Protects against UVB and UVA rays\u00a0with octisalate, homosalate and avobenzone<\/li>\n<li>Protects against infrared rays<\/li>\n<li>Prevents photo-ageing\u00a0with Venuceane anti-ageing bioprotector and jasmine flower extract<\/li>\n<li>Stimulates skin\u2019s self-protection mechanism by boosting the tanning process with tyrosine and loofa oil<\/li>\n<li>Ideal for outdoor activities, swimming and other water sports<\/li>\n<li>May be applied to wet, damp or dry skin<\/li>\n<li>Size: 200 ml \/ 6.76 fl oz<\/li>\n<\/ul>\n","protected":false},"excerpt":{"rendered":"<hr class=\"ligne-grise\" \/>\n<p><strong>Marque :<\/strong> <a href=\"\/acheter\/laboratoire-dr-renaud\">Laboratoire Dr Renaud<\/a><\/p>\n<p>Anti-sand, sweat-resistant, protecting sun cream. Slows the appearance of photo-induced ageing signs caused by UVA, UVB and Infrareds.<\/p>\n","protected":false},"featured_media":4276,"template":"","meta":{"_et_pb_use_builder":"","_et_pb_old_content":"","_et_gb_content_width":""},"product_brand":[],"product_cat":[209,210,233,193,219,225],"product_tag":[234],"class_list":{"0":"post-1866","1":"product","2":"type-product","3":"status-publish","4":"has-post-thumbnail","6":"product_cat-creme-hydratante-en","7":"product_cat-fabrique-au-canada-en","8":"product_cat-laboratoire-dr-renaud-en","9":"product_cat-produit-de-beaute-peau-sensible-ou-reactive-en","10":"product_cat-soins-anti-age","11":"product_cat-soins-et-cremes-solaires","12":"product_tag-laboratoire-dr-renaud-en","14":"first","15":"instock","16":"taxable","17":"shipping-taxable","18":"purchasable","19":"product-type-simple"},"yoast_head":"<!-- This site is optimized with the Yoast SEO plugin v27.3 - https:\/\/yoast.com\/product\/yoast-seo-wordpress\/ -->\n<title>Anti-Ageing Sunscreen Lotion Broad Spectrum SPF 20  - Achat en ligne<\/title>\n<meta name=\"description\" content=\"%\" \/>\n<meta name=\"robots\" content=\"index, follow, max-snippet:-1, max-image-preview:large, max-video-preview:-1\" \/>\n<link rel=\"canonical\" href=\"https:\/\/accesbeaute.ca\/en\/buy\/anti-ageing-sunscreen-lotion-broad-spectrum-spf-20-body-laboratoire-dr-renaud\/\" \/>\n<meta property=\"og:locale\" content=\"en_US\" \/>\n<meta property=\"og:type\" content=\"article\" \/>\n<meta property=\"og:title\" content=\"Anti-Ageing Sunscreen Lotion Broad Spectrum SPF 20  - Achat en ligne\" \/>\n<meta property=\"og:description\" content=\"%\" \/>\n<meta property=\"og:url\" content=\"https:\/\/accesbeaute.ca\/en\/buy\/anti-ageing-sunscreen-lotion-broad-spectrum-spf-20-body-laboratoire-dr-renaud\/\" \/>\n<meta property=\"og:site_name\" content=\"Acc\u00e8s Beaut\u00e9\" \/>\n<meta property=\"article:modified_time\" content=\"2026-04-07T00:03:16+00:00\" \/>\n<meta property=\"og:image\" content=\"https:\/\/accesbeaute.ca\/wp-content\/uploads\/2018\/07\/cell-defense-fps-30-laboratoire-dr-renaud-1.jpg\" \/>\n\t<meta property=\"og:image:width\" content=\"1200\" \/>\n\t<meta property=\"og:image:height\" content=\"1200\" \/>\n\t<meta property=\"og:image:type\" content=\"image\/jpeg\" \/>\n<meta name=\"twitter:card\" content=\"summary_large_image\" \/>\n<script type=\"application\/ld+json\" class=\"yoast-schema-graph\">{\"@context\":\"https:\\\/\\\/schema.org\",\"@graph\":[{\"@type\":\"WebPage\",\"@id\":\"https:\\\/\\\/accesbeaute.ca\\\/en\\\/buy\\\/anti-ageing-sunscreen-lotion-broad-spectrum-spf-20-body-laboratoire-dr-renaud\\\/\",\"url\":\"https:\\\/\\\/accesbeaute.ca\\\/en\\\/buy\\\/anti-ageing-sunscreen-lotion-broad-spectrum-spf-20-body-laboratoire-dr-renaud\\\/\",\"name\":\"Anti-Ageing Sunscreen Lotion Broad Spectrum SPF 20 - Achat en ligne\",\"isPartOf\":{\"@id\":\"https:\\\/\\\/accesbeaute.ca\\\/en\\\/#website\"},\"primaryImageOfPage\":{\"@id\":\"https:\\\/\\\/accesbeaute.ca\\\/en\\\/buy\\\/anti-ageing-sunscreen-lotion-broad-spectrum-spf-20-body-laboratoire-dr-renaud\\\/#primaryimage\"},\"image\":{\"@id\":\"https:\\\/\\\/accesbeaute.ca\\\/en\\\/buy\\\/anti-ageing-sunscreen-lotion-broad-spectrum-spf-20-body-laboratoire-dr-renaud\\\/#primaryimage\"},\"thumbnailUrl\":\"https:\\\/\\\/accesbeaute.ca\\\/wp-content\\\/uploads\\\/2018\\\/07\\\/cell-defense-fps-30-laboratoire-dr-renaud-1.jpg\",\"datePublished\":\"2018-07-28T18:09:29+00:00\",\"dateModified\":\"2026-04-07T00:03:16+00:00\",\"description\":\"%\",\"breadcrumb\":{\"@id\":\"https:\\\/\\\/accesbeaute.ca\\\/en\\\/buy\\\/anti-ageing-sunscreen-lotion-broad-spectrum-spf-20-body-laboratoire-dr-renaud\\\/#breadcrumb\"},\"inLanguage\":\"en-US\",\"potentialAction\":[{\"@type\":\"ReadAction\",\"target\":[\"https:\\\/\\\/accesbeaute.ca\\\/en\\\/buy\\\/anti-ageing-sunscreen-lotion-broad-spectrum-spf-20-body-laboratoire-dr-renaud\\\/\"]}]},{\"@type\":\"ImageObject\",\"inLanguage\":\"en-US\",\"@id\":\"https:\\\/\\\/accesbeaute.ca\\\/en\\\/buy\\\/anti-ageing-sunscreen-lotion-broad-spectrum-spf-20-body-laboratoire-dr-renaud\\\/#primaryimage\",\"url\":\"https:\\\/\\\/accesbeaute.ca\\\/wp-content\\\/uploads\\\/2018\\\/07\\\/cell-defense-fps-30-laboratoire-dr-renaud-1.jpg\",\"contentUrl\":\"https:\\\/\\\/accesbeaute.ca\\\/wp-content\\\/uploads\\\/2018\\\/07\\\/cell-defense-fps-30-laboratoire-dr-renaud-1.jpg\",\"width\":1200,\"height\":1200},{\"@type\":\"BreadcrumbList\",\"@id\":\"https:\\\/\\\/accesbeaute.ca\\\/en\\\/buy\\\/anti-ageing-sunscreen-lotion-broad-spectrum-spf-20-body-laboratoire-dr-renaud\\\/#breadcrumb\",\"itemListElement\":[{\"@type\":\"ListItem\",\"position\":1,\"name\":\"Accueil\",\"item\":\"https:\\\/\\\/accesbeaute.ca\\\/en\\\/\"},{\"@type\":\"ListItem\",\"position\":2,\"name\":\"Boutique\",\"item\":\"https:\\\/\\\/accesbeaute.ca\\\/boutique\\\/\"},{\"@type\":\"ListItem\",\"position\":3,\"name\":\"Cr\u00e8mes hydratantes\",\"item\":\"https:\\\/\\\/accesbeaute.ca\\\/en\\\/acheter\\\/creme-hydratante-en\\\/\"},{\"@type\":\"ListItem\",\"position\":4,\"name\":\"Anti-Ageing Sunscreen Lotion Broad Spectrum SPF 20\"}]},{\"@type\":\"WebSite\",\"@id\":\"https:\\\/\\\/accesbeaute.ca\\\/en\\\/#website\",\"url\":\"https:\\\/\\\/accesbeaute.ca\\\/en\\\/\",\"name\":\"Acc\u00e8s Beaut\u00e9\",\"description\":\"Achat de produits de beaut\u00e9 en ligne\",\"potentialAction\":[{\"@type\":\"SearchAction\",\"target\":{\"@type\":\"EntryPoint\",\"urlTemplate\":\"https:\\\/\\\/accesbeaute.ca\\\/en\\\/?s={search_term_string}\"},\"query-input\":{\"@type\":\"PropertyValueSpecification\",\"valueRequired\":true,\"valueName\":\"search_term_string\"}}],\"inLanguage\":\"en-US\"}]}<\/script>\n<!-- \/ Yoast SEO plugin. -->","yoast_head_json":{"title":"Anti-Ageing Sunscreen Lotion Broad Spectrum SPF 20  - Achat en ligne","description":"%","robots":{"index":"index","follow":"follow","max-snippet":"max-snippet:-1","max-image-preview":"max-image-preview:large","max-video-preview":"max-video-preview:-1"},"canonical":"https:\/\/accesbeaute.ca\/en\/buy\/anti-ageing-sunscreen-lotion-broad-spectrum-spf-20-body-laboratoire-dr-renaud\/","og_locale":"en_US","og_type":"article","og_title":"Anti-Ageing Sunscreen Lotion Broad Spectrum SPF 20  - Achat en ligne","og_description":"%","og_url":"https:\/\/accesbeaute.ca\/en\/buy\/anti-ageing-sunscreen-lotion-broad-spectrum-spf-20-body-laboratoire-dr-renaud\/","og_site_name":"Acc\u00e8s Beaut\u00e9","article_modified_time":"2026-04-07T00:03:16+00:00","og_image":[{"width":1200,"height":1200,"url":"https:\/\/accesbeaute.ca\/wp-content\/uploads\/2018\/07\/cell-defense-fps-30-laboratoire-dr-renaud-1.jpg","type":"image\/jpeg"}],"twitter_card":"summary_large_image","schema":{"@context":"https:\/\/schema.org","@graph":[{"@type":"WebPage","@id":"https:\/\/accesbeaute.ca\/en\/buy\/anti-ageing-sunscreen-lotion-broad-spectrum-spf-20-body-laboratoire-dr-renaud\/","url":"https:\/\/accesbeaute.ca\/en\/buy\/anti-ageing-sunscreen-lotion-broad-spectrum-spf-20-body-laboratoire-dr-renaud\/","name":"Anti-Ageing Sunscreen Lotion Broad Spectrum SPF 20 - Achat en ligne","isPartOf":{"@id":"https:\/\/accesbeaute.ca\/en\/#website"},"primaryImageOfPage":{"@id":"https:\/\/accesbeaute.ca\/en\/buy\/anti-ageing-sunscreen-lotion-broad-spectrum-spf-20-body-laboratoire-dr-renaud\/#primaryimage"},"image":{"@id":"https:\/\/accesbeaute.ca\/en\/buy\/anti-ageing-sunscreen-lotion-broad-spectrum-spf-20-body-laboratoire-dr-renaud\/#primaryimage"},"thumbnailUrl":"https:\/\/accesbeaute.ca\/wp-content\/uploads\/2018\/07\/cell-defense-fps-30-laboratoire-dr-renaud-1.jpg","datePublished":"2018-07-28T18:09:29+00:00","dateModified":"2026-04-07T00:03:16+00:00","description":"%","breadcrumb":{"@id":"https:\/\/accesbeaute.ca\/en\/buy\/anti-ageing-sunscreen-lotion-broad-spectrum-spf-20-body-laboratoire-dr-renaud\/#breadcrumb"},"inLanguage":"en-US","potentialAction":[{"@type":"ReadAction","target":["https:\/\/accesbeaute.ca\/en\/buy\/anti-ageing-sunscreen-lotion-broad-spectrum-spf-20-body-laboratoire-dr-renaud\/"]}]},{"@type":"ImageObject","inLanguage":"en-US","@id":"https:\/\/accesbeaute.ca\/en\/buy\/anti-ageing-sunscreen-lotion-broad-spectrum-spf-20-body-laboratoire-dr-renaud\/#primaryimage","url":"https:\/\/accesbeaute.ca\/wp-content\/uploads\/2018\/07\/cell-defense-fps-30-laboratoire-dr-renaud-1.jpg","contentUrl":"https:\/\/accesbeaute.ca\/wp-content\/uploads\/2018\/07\/cell-defense-fps-30-laboratoire-dr-renaud-1.jpg","width":1200,"height":1200},{"@type":"BreadcrumbList","@id":"https:\/\/accesbeaute.ca\/en\/buy\/anti-ageing-sunscreen-lotion-broad-spectrum-spf-20-body-laboratoire-dr-renaud\/#breadcrumb","itemListElement":[{"@type":"ListItem","position":1,"name":"Accueil","item":"https:\/\/accesbeaute.ca\/en\/"},{"@type":"ListItem","position":2,"name":"Boutique","item":"https:\/\/accesbeaute.ca\/boutique\/"},{"@type":"ListItem","position":3,"name":"Cr\u00e8mes hydratantes","item":"https:\/\/accesbeaute.ca\/en\/acheter\/creme-hydratante-en\/"},{"@type":"ListItem","position":4,"name":"Anti-Ageing Sunscreen Lotion Broad Spectrum SPF 20"}]},{"@type":"WebSite","@id":"https:\/\/accesbeaute.ca\/en\/#website","url":"https:\/\/accesbeaute.ca\/en\/","name":"Acc\u00e8s Beaut\u00e9","description":"Achat de produits de beaut\u00e9 en ligne","potentialAction":[{"@type":"SearchAction","target":{"@type":"EntryPoint","urlTemplate":"https:\/\/accesbeaute.ca\/en\/?s={search_term_string}"},"query-input":{"@type":"PropertyValueSpecification","valueRequired":true,"valueName":"search_term_string"}}],"inLanguage":"en-US"}]}},"_links":{"self":[{"href":"https:\/\/accesbeaute.ca\/en\/wp-json\/wp\/v2\/product\/1866","targetHints":{"allow":["GET"]}}],"collection":[{"href":"https:\/\/accesbeaute.ca\/en\/wp-json\/wp\/v2\/product"}],"about":[{"href":"https:\/\/accesbeaute.ca\/en\/wp-json\/wp\/v2\/types\/product"}],"wp:featuredmedia":[{"embeddable":true,"href":"https:\/\/accesbeaute.ca\/en\/wp-json\/wp\/v2\/media\/4276"}],"wp:attachment":[{"href":"https:\/\/accesbeaute.ca\/en\/wp-json\/wp\/v2\/media?parent=1866"}],"wp:term":[{"taxonomy":"product_brand","embeddable":true,"href":"https:\/\/accesbeaute.ca\/en\/wp-json\/wp\/v2\/product_brand?post=1866"},{"taxonomy":"product_cat","embeddable":true,"href":"https:\/\/accesbeaute.ca\/en\/wp-json\/wp\/v2\/product_cat?post=1866"},{"taxonomy":"product_tag","embeddable":true,"href":"https:\/\/accesbeaute.ca\/en\/wp-json\/wp\/v2\/product_tag?post=1866"}],"curies":[{"name":"wp","href":"https:\/\/api.w.org\/{rel}","templated":true}]}}