{"id":1881,"date":"2018-07-28T18:09:28","date_gmt":"2018-07-28T18:09:28","guid":{"rendered":"https:\/\/accesbeaute.ca\/achat\/excellience-youth-enhancer-night-laboratoire-dr-renaud\/"},"modified":"2026-04-07T00:03:16","modified_gmt":"2026-04-07T00:03:16","slug":"excellience-youth-enhancer-night-laboratoire-dr-renaud","status":"publish","type":"product","link":"https:\/\/accesbeaute.ca\/en\/buy\/excellience-youth-enhancer-night-laboratoire-dr-renaud\/","title":{"rendered":"ExCellience Youth Enhancer &#8211; Night"},"content":{"rendered":"<ul>\n<li>Provides evenness and luminosity<\/li>\n<li>Restores radiance<\/li>\n<li>Recreates an optimal environment for skin stem cells Smooths skin<\/li>\n<li>Tones and firms skin\u00a0with argan PhytoCell\u00ae<\/li>\n<li>Prolongs skin\u2019s youthful appearance with orsirtine, a rice extract<\/li>\n<li>Firms skin\u00a0with high-performance active ingredients Dermican, ChroNOline, Arganyl and Euro BT<\/li>\n<li>Hydrates\u00a0with Pentavitin\u00ae and Filaggryl, a protein<\/li>\n<li>Size: 50 ml \/ 1.69 fl oz<\/li>\n<\/ul>\n<p>Your sleep has never been this regenerating!<\/p>\n<p>ExCellience Youth Enhancer \u2013 Night relies on Sirtuins \u2013 longevity guardians present in our skin cells \u2013 which allow to fight ageing signs, mainly wrinkles, sagging of skin and loss of radiance.<\/p>\n<p>Owing to a rice extract with exceptional properties, the production of Sirtuins is boosted and the lifespan of each skin cell is substantially increased \u2013 the effects of time are slowed and the skin stays young longer. Smoothed from within, it recovers elasticity and tonicity. Wrinkles are decreased significantly day after day.<\/p>\n","protected":false},"excerpt":{"rendered":"<hr class=\"ligne-grise\" \/>\n<p><strong>Brand:<\/strong> <a href=\"\/buy\/laboratoire-dr-renaud\">Laboratoire Dr Renaud<\/a><\/p>\n<p>ExCellience Youth Enhancer \u2013 Night relies on Sirtuins which allow to fight ageing signs, mainly wrinkles, sagging of skin and loss of radiance. <\/p>\n","protected":false},"featured_media":1883,"template":"","meta":{"_et_pb_use_builder":"","_et_pb_old_content":"","_et_gb_content_width":""},"product_brand":[],"product_cat":[220,210,233,193,228,195,218,219],"product_tag":[234],"class_list":{"0":"post-1881","1":"product","2":"type-product","3":"status-publish","4":"has-post-thumbnail","6":"product_cat-cremes-de-nuit","7":"product_cat-fabrique-au-canada-en","8":"product_cat-laboratoire-dr-renaud-en","9":"product_cat-produit-de-beaute-peau-sensible-ou-reactive-en","10":"product_cat-produits-pour-relachement-cutane","11":"product_cat-produit-de-beaute-teint-terne-en","12":"product_cat-soins-cremes-antirides","13":"product_cat-soins-anti-age","14":"product_tag-laboratoire-dr-renaud-en","16":"first","17":"instock","18":"taxable","19":"shipping-taxable","20":"purchasable","21":"product-type-simple"},"yoast_head":"<!-- This site is optimized with the Yoast SEO plugin v27.3 - https:\/\/yoast.com\/product\/yoast-seo-wordpress\/ -->\n<title>ExCellience Youth Enhancer - Night  - Achat en ligne<\/title>\n<meta name=\"description\" content=\"%\" \/>\n<meta name=\"robots\" content=\"index, follow, max-snippet:-1, max-image-preview:large, max-video-preview:-1\" \/>\n<link rel=\"canonical\" href=\"https:\/\/accesbeaute.ca\/en\/buy\/excellience-youth-enhancer-night-laboratoire-dr-renaud\/\" \/>\n<meta property=\"og:locale\" content=\"en_US\" \/>\n<meta property=\"og:type\" content=\"article\" \/>\n<meta property=\"og:title\" content=\"ExCellience Youth Enhancer - Night  - Achat en ligne\" \/>\n<meta property=\"og:description\" content=\"%\" \/>\n<meta property=\"og:url\" content=\"https:\/\/accesbeaute.ca\/en\/buy\/excellience-youth-enhancer-night-laboratoire-dr-renaud\/\" \/>\n<meta property=\"og:site_name\" content=\"Acc\u00e8s Beaut\u00e9\" \/>\n<meta property=\"article:modified_time\" content=\"2026-04-07T00:03:16+00:00\" \/>\n<meta property=\"og:image\" content=\"https:\/\/accesbeaute.ca\/wp-content\/uploads\/2018\/07\/excellience-nuit-laboratoire-dr-renaud-1.jpg\" \/>\n\t<meta property=\"og:image:width\" content=\"900\" \/>\n\t<meta property=\"og:image:height\" content=\"900\" \/>\n\t<meta property=\"og:image:type\" content=\"image\/jpeg\" \/>\n<meta name=\"twitter:card\" content=\"summary_large_image\" \/>\n<meta name=\"twitter:label1\" content=\"Est. reading time\" \/>\n\t<meta name=\"twitter:data1\" content=\"1 minute\" \/>\n<script type=\"application\/ld+json\" class=\"yoast-schema-graph\">{\"@context\":\"https:\\\/\\\/schema.org\",\"@graph\":[{\"@type\":\"WebPage\",\"@id\":\"https:\\\/\\\/accesbeaute.ca\\\/en\\\/buy\\\/excellience-youth-enhancer-night-laboratoire-dr-renaud\\\/\",\"url\":\"https:\\\/\\\/accesbeaute.ca\\\/en\\\/buy\\\/excellience-youth-enhancer-night-laboratoire-dr-renaud\\\/\",\"name\":\"ExCellience Youth Enhancer - Night - Achat en ligne\",\"isPartOf\":{\"@id\":\"https:\\\/\\\/accesbeaute.ca\\\/en\\\/#website\"},\"primaryImageOfPage\":{\"@id\":\"https:\\\/\\\/accesbeaute.ca\\\/en\\\/buy\\\/excellience-youth-enhancer-night-laboratoire-dr-renaud\\\/#primaryimage\"},\"image\":{\"@id\":\"https:\\\/\\\/accesbeaute.ca\\\/en\\\/buy\\\/excellience-youth-enhancer-night-laboratoire-dr-renaud\\\/#primaryimage\"},\"thumbnailUrl\":\"https:\\\/\\\/accesbeaute.ca\\\/wp-content\\\/uploads\\\/2018\\\/07\\\/excellience-nuit-laboratoire-dr-renaud-1.jpg\",\"datePublished\":\"2018-07-28T18:09:28+00:00\",\"dateModified\":\"2026-04-07T00:03:16+00:00\",\"description\":\"%\",\"breadcrumb\":{\"@id\":\"https:\\\/\\\/accesbeaute.ca\\\/en\\\/buy\\\/excellience-youth-enhancer-night-laboratoire-dr-renaud\\\/#breadcrumb\"},\"inLanguage\":\"en-US\",\"potentialAction\":[{\"@type\":\"ReadAction\",\"target\":[\"https:\\\/\\\/accesbeaute.ca\\\/en\\\/buy\\\/excellience-youth-enhancer-night-laboratoire-dr-renaud\\\/\"]}]},{\"@type\":\"ImageObject\",\"inLanguage\":\"en-US\",\"@id\":\"https:\\\/\\\/accesbeaute.ca\\\/en\\\/buy\\\/excellience-youth-enhancer-night-laboratoire-dr-renaud\\\/#primaryimage\",\"url\":\"https:\\\/\\\/accesbeaute.ca\\\/wp-content\\\/uploads\\\/2018\\\/07\\\/excellience-nuit-laboratoire-dr-renaud-1.jpg\",\"contentUrl\":\"https:\\\/\\\/accesbeaute.ca\\\/wp-content\\\/uploads\\\/2018\\\/07\\\/excellience-nuit-laboratoire-dr-renaud-1.jpg\",\"width\":900,\"height\":900,\"caption\":\"ExCellience Youth Enhancer - Night Laboratoire Dr Renaud\"},{\"@type\":\"BreadcrumbList\",\"@id\":\"https:\\\/\\\/accesbeaute.ca\\\/en\\\/buy\\\/excellience-youth-enhancer-night-laboratoire-dr-renaud\\\/#breadcrumb\",\"itemListElement\":[{\"@type\":\"ListItem\",\"position\":1,\"name\":\"Accueil\",\"item\":\"https:\\\/\\\/accesbeaute.ca\\\/en\\\/\"},{\"@type\":\"ListItem\",\"position\":2,\"name\":\"Boutique\",\"item\":\"https:\\\/\\\/accesbeaute.ca\\\/boutique\\\/\"},{\"@type\":\"ListItem\",\"position\":3,\"name\":\"Cr\u00e8mes de nuit\",\"item\":\"https:\\\/\\\/accesbeaute.ca\\\/en\\\/acheter\\\/cremes-de-nuit\\\/\"},{\"@type\":\"ListItem\",\"position\":4,\"name\":\"ExCellience Youth Enhancer &#8211; Night\"}]},{\"@type\":\"WebSite\",\"@id\":\"https:\\\/\\\/accesbeaute.ca\\\/en\\\/#website\",\"url\":\"https:\\\/\\\/accesbeaute.ca\\\/en\\\/\",\"name\":\"Acc\u00e8s Beaut\u00e9\",\"description\":\"Achat de produits de beaut\u00e9 en ligne\",\"potentialAction\":[{\"@type\":\"SearchAction\",\"target\":{\"@type\":\"EntryPoint\",\"urlTemplate\":\"https:\\\/\\\/accesbeaute.ca\\\/en\\\/?s={search_term_string}\"},\"query-input\":{\"@type\":\"PropertyValueSpecification\",\"valueRequired\":true,\"valueName\":\"search_term_string\"}}],\"inLanguage\":\"en-US\"}]}<\/script>\n<!-- \/ Yoast SEO plugin. -->","yoast_head_json":{"title":"ExCellience Youth Enhancer - Night  - Achat en ligne","description":"%","robots":{"index":"index","follow":"follow","max-snippet":"max-snippet:-1","max-image-preview":"max-image-preview:large","max-video-preview":"max-video-preview:-1"},"canonical":"https:\/\/accesbeaute.ca\/en\/buy\/excellience-youth-enhancer-night-laboratoire-dr-renaud\/","og_locale":"en_US","og_type":"article","og_title":"ExCellience Youth Enhancer - Night  - Achat en ligne","og_description":"%","og_url":"https:\/\/accesbeaute.ca\/en\/buy\/excellience-youth-enhancer-night-laboratoire-dr-renaud\/","og_site_name":"Acc\u00e8s Beaut\u00e9","article_modified_time":"2026-04-07T00:03:16+00:00","og_image":[{"width":900,"height":900,"url":"https:\/\/accesbeaute.ca\/wp-content\/uploads\/2018\/07\/excellience-nuit-laboratoire-dr-renaud-1.jpg","type":"image\/jpeg"}],"twitter_card":"summary_large_image","twitter_misc":{"Est. reading time":"1 minute"},"schema":{"@context":"https:\/\/schema.org","@graph":[{"@type":"WebPage","@id":"https:\/\/accesbeaute.ca\/en\/buy\/excellience-youth-enhancer-night-laboratoire-dr-renaud\/","url":"https:\/\/accesbeaute.ca\/en\/buy\/excellience-youth-enhancer-night-laboratoire-dr-renaud\/","name":"ExCellience Youth Enhancer - Night - Achat en ligne","isPartOf":{"@id":"https:\/\/accesbeaute.ca\/en\/#website"},"primaryImageOfPage":{"@id":"https:\/\/accesbeaute.ca\/en\/buy\/excellience-youth-enhancer-night-laboratoire-dr-renaud\/#primaryimage"},"image":{"@id":"https:\/\/accesbeaute.ca\/en\/buy\/excellience-youth-enhancer-night-laboratoire-dr-renaud\/#primaryimage"},"thumbnailUrl":"https:\/\/accesbeaute.ca\/wp-content\/uploads\/2018\/07\/excellience-nuit-laboratoire-dr-renaud-1.jpg","datePublished":"2018-07-28T18:09:28+00:00","dateModified":"2026-04-07T00:03:16+00:00","description":"%","breadcrumb":{"@id":"https:\/\/accesbeaute.ca\/en\/buy\/excellience-youth-enhancer-night-laboratoire-dr-renaud\/#breadcrumb"},"inLanguage":"en-US","potentialAction":[{"@type":"ReadAction","target":["https:\/\/accesbeaute.ca\/en\/buy\/excellience-youth-enhancer-night-laboratoire-dr-renaud\/"]}]},{"@type":"ImageObject","inLanguage":"en-US","@id":"https:\/\/accesbeaute.ca\/en\/buy\/excellience-youth-enhancer-night-laboratoire-dr-renaud\/#primaryimage","url":"https:\/\/accesbeaute.ca\/wp-content\/uploads\/2018\/07\/excellience-nuit-laboratoire-dr-renaud-1.jpg","contentUrl":"https:\/\/accesbeaute.ca\/wp-content\/uploads\/2018\/07\/excellience-nuit-laboratoire-dr-renaud-1.jpg","width":900,"height":900,"caption":"ExCellience Youth Enhancer - Night Laboratoire Dr Renaud"},{"@type":"BreadcrumbList","@id":"https:\/\/accesbeaute.ca\/en\/buy\/excellience-youth-enhancer-night-laboratoire-dr-renaud\/#breadcrumb","itemListElement":[{"@type":"ListItem","position":1,"name":"Accueil","item":"https:\/\/accesbeaute.ca\/en\/"},{"@type":"ListItem","position":2,"name":"Boutique","item":"https:\/\/accesbeaute.ca\/boutique\/"},{"@type":"ListItem","position":3,"name":"Cr\u00e8mes de nuit","item":"https:\/\/accesbeaute.ca\/en\/acheter\/cremes-de-nuit\/"},{"@type":"ListItem","position":4,"name":"ExCellience Youth Enhancer &#8211; Night"}]},{"@type":"WebSite","@id":"https:\/\/accesbeaute.ca\/en\/#website","url":"https:\/\/accesbeaute.ca\/en\/","name":"Acc\u00e8s Beaut\u00e9","description":"Achat de produits de beaut\u00e9 en ligne","potentialAction":[{"@type":"SearchAction","target":{"@type":"EntryPoint","urlTemplate":"https:\/\/accesbeaute.ca\/en\/?s={search_term_string}"},"query-input":{"@type":"PropertyValueSpecification","valueRequired":true,"valueName":"search_term_string"}}],"inLanguage":"en-US"}]}},"_links":{"self":[{"href":"https:\/\/accesbeaute.ca\/en\/wp-json\/wp\/v2\/product\/1881","targetHints":{"allow":["GET"]}}],"collection":[{"href":"https:\/\/accesbeaute.ca\/en\/wp-json\/wp\/v2\/product"}],"about":[{"href":"https:\/\/accesbeaute.ca\/en\/wp-json\/wp\/v2\/types\/product"}],"wp:featuredmedia":[{"embeddable":true,"href":"https:\/\/accesbeaute.ca\/en\/wp-json\/wp\/v2\/media\/1883"}],"wp:attachment":[{"href":"https:\/\/accesbeaute.ca\/en\/wp-json\/wp\/v2\/media?parent=1881"}],"wp:term":[{"taxonomy":"product_brand","embeddable":true,"href":"https:\/\/accesbeaute.ca\/en\/wp-json\/wp\/v2\/product_brand?post=1881"},{"taxonomy":"product_cat","embeddable":true,"href":"https:\/\/accesbeaute.ca\/en\/wp-json\/wp\/v2\/product_cat?post=1881"},{"taxonomy":"product_tag","embeddable":true,"href":"https:\/\/accesbeaute.ca\/en\/wp-json\/wp\/v2\/product_tag?post=1881"}],"curies":[{"name":"wp","href":"https:\/\/api.w.org\/{rel}","templated":true}]}}