{"id":1917,"date":"2018-07-28T18:09:27","date_gmt":"2018-07-28T18:09:27","guid":{"rendered":"https:\/\/accesbeaute.ca\/achat\/pure-kronoxyl-eye-contour-youth-integral-cure-laboratoire-dr-renaud\/"},"modified":"2021-11-03T13:54:50","modified_gmt":"2021-11-03T13:54:50","slug":"pure-kronoxyl-eye-contour-youth-integral-cure-laboratoire-dr-renaud","status":"publish","type":"product","link":"https:\/\/accesbeaute.ca\/en\/buy\/pure-kronoxyl-eye-contour-youth-integral-cure-laboratoire-dr-renaud\/","title":{"rendered":"Pure Kronoxyl &#8211; Eye Contour Youth Integral Cure"},"content":{"rendered":"<ul>\n<li>Helps correct the 3 types of wrinkles: at the surface, from within and in depth through its Botox\u00a0like effect on expression lines<\/li>\n<li>Decreases the bluish aspect of dark circles<\/li>\n<li>Reduces the look of puffiness<\/li>\n<li>Improves the texture and glow<\/li>\n<li>Helps prevent cutaneous ageing<\/li>\n<li>Size: Night treatment (5 ml)<\/li>\n<li>Size: Day treatment (5 ml)<\/li>\n<li>Patches (4 pairs)<\/li>\n<\/ul>\n","protected":false},"excerpt":{"rendered":"<hr class=\"ligne-grise\" \/>\n<p><strong>Brand:<\/strong> <a href=\"\/buy\/laboratoire-dr-renaud\">Laboratoire Dr Renaud<\/a><\/p>\n<p>A truly anti-ageing cure created to correct and prevent the multiple and specific ageing signs of the eye contour area \u2013 wrinkles, dark circles and puffy eyelids.<\/p>\n","protected":false},"featured_media":1919,"template":"","meta":{"_et_pb_use_builder":"","_et_pb_old_content":"","_et_gb_content_width":""},"product_brand":[],"product_cat":[210,233,226,227,222,218,219],"product_tag":[234],"class_list":{"0":"post-1917","1":"product","2":"type-product","3":"status-publish","4":"has-post-thumbnail","6":"product_cat-fabrique-au-canada-en","7":"product_cat-laboratoire-dr-renaud-en","8":"product_cat-produits-pour-poches-et-cernes","9":"product_cat-produits-pour-soins-des-yeux","10":"product_cat-serums-rajeunissants","11":"product_cat-soins-cremes-antirides","12":"product_cat-soins-anti-age","13":"product_tag-laboratoire-dr-renaud-en","15":"first","16":"instock","17":"taxable","18":"shipping-taxable","19":"purchasable","20":"product-type-simple"},"yoast_head":"<!-- This site is optimized with the Yoast SEO plugin v27.3 - https:\/\/yoast.com\/product\/yoast-seo-wordpress\/ -->\n<title>Pure Kronoxyl - Eye Contour Youth Integral Cure  - Achat en ligne<\/title>\n<meta name=\"description\" content=\"%\" \/>\n<meta name=\"robots\" content=\"index, follow, max-snippet:-1, max-image-preview:large, max-video-preview:-1\" \/>\n<link rel=\"canonical\" href=\"https:\/\/accesbeaute.ca\/en\/buy\/pure-kronoxyl-eye-contour-youth-integral-cure-laboratoire-dr-renaud\/\" \/>\n<meta property=\"og:locale\" content=\"en_US\" \/>\n<meta property=\"og:type\" content=\"article\" \/>\n<meta property=\"og:title\" content=\"Pure Kronoxyl - Eye Contour Youth Integral Cure  - Achat en ligne\" \/>\n<meta property=\"og:description\" content=\"%\" \/>\n<meta property=\"og:url\" content=\"https:\/\/accesbeaute.ca\/en\/buy\/pure-kronoxyl-eye-contour-youth-integral-cure-laboratoire-dr-renaud\/\" \/>\n<meta property=\"og:site_name\" content=\"Acc\u00e8s Beaut\u00e9\" \/>\n<meta property=\"article:modified_time\" content=\"2021-11-03T13:54:50+00:00\" \/>\n<meta property=\"og:image\" content=\"https:\/\/accesbeaute.ca\/wp-content\/uploads\/2018\/07\/Pure-cure-integrale-contour-des-yeux-laboratoire-dr-renaud.jpg\" \/>\n\t<meta property=\"og:image:width\" content=\"660\" \/>\n\t<meta property=\"og:image:height\" content=\"660\" \/>\n\t<meta property=\"og:image:type\" content=\"image\/jpeg\" \/>\n<meta name=\"twitter:card\" content=\"summary_large_image\" \/>\n<script type=\"application\/ld+json\" class=\"yoast-schema-graph\">{\"@context\":\"https:\\\/\\\/schema.org\",\"@graph\":[{\"@type\":\"WebPage\",\"@id\":\"https:\\\/\\\/accesbeaute.ca\\\/en\\\/buy\\\/pure-kronoxyl-eye-contour-youth-integral-cure-laboratoire-dr-renaud\\\/\",\"url\":\"https:\\\/\\\/accesbeaute.ca\\\/en\\\/buy\\\/pure-kronoxyl-eye-contour-youth-integral-cure-laboratoire-dr-renaud\\\/\",\"name\":\"Pure Kronoxyl - Eye Contour Youth Integral Cure - Achat en ligne\",\"isPartOf\":{\"@id\":\"https:\\\/\\\/accesbeaute.ca\\\/en\\\/#website\"},\"primaryImageOfPage\":{\"@id\":\"https:\\\/\\\/accesbeaute.ca\\\/en\\\/buy\\\/pure-kronoxyl-eye-contour-youth-integral-cure-laboratoire-dr-renaud\\\/#primaryimage\"},\"image\":{\"@id\":\"https:\\\/\\\/accesbeaute.ca\\\/en\\\/buy\\\/pure-kronoxyl-eye-contour-youth-integral-cure-laboratoire-dr-renaud\\\/#primaryimage\"},\"thumbnailUrl\":\"https:\\\/\\\/accesbeaute.ca\\\/wp-content\\\/uploads\\\/2018\\\/07\\\/Pure-cure-integrale-contour-des-yeux-laboratoire-dr-renaud.jpg\",\"datePublished\":\"2018-07-28T18:09:27+00:00\",\"dateModified\":\"2021-11-03T13:54:50+00:00\",\"description\":\"%\",\"breadcrumb\":{\"@id\":\"https:\\\/\\\/accesbeaute.ca\\\/en\\\/buy\\\/pure-kronoxyl-eye-contour-youth-integral-cure-laboratoire-dr-renaud\\\/#breadcrumb\"},\"inLanguage\":\"en-US\",\"potentialAction\":[{\"@type\":\"ReadAction\",\"target\":[\"https:\\\/\\\/accesbeaute.ca\\\/en\\\/buy\\\/pure-kronoxyl-eye-contour-youth-integral-cure-laboratoire-dr-renaud\\\/\"]}]},{\"@type\":\"ImageObject\",\"inLanguage\":\"en-US\",\"@id\":\"https:\\\/\\\/accesbeaute.ca\\\/en\\\/buy\\\/pure-kronoxyl-eye-contour-youth-integral-cure-laboratoire-dr-renaud\\\/#primaryimage\",\"url\":\"https:\\\/\\\/accesbeaute.ca\\\/wp-content\\\/uploads\\\/2018\\\/07\\\/Pure-cure-integrale-contour-des-yeux-laboratoire-dr-renaud.jpg\",\"contentUrl\":\"https:\\\/\\\/accesbeaute.ca\\\/wp-content\\\/uploads\\\/2018\\\/07\\\/Pure-cure-integrale-contour-des-yeux-laboratoire-dr-renaud.jpg\",\"width\":660,\"height\":660,\"caption\":\"Pure Kronoxyl - Eye Contour Youth Integral Cure Laboratoire Dr Renaud\"},{\"@type\":\"BreadcrumbList\",\"@id\":\"https:\\\/\\\/accesbeaute.ca\\\/en\\\/buy\\\/pure-kronoxyl-eye-contour-youth-integral-cure-laboratoire-dr-renaud\\\/#breadcrumb\",\"itemListElement\":[{\"@type\":\"ListItem\",\"position\":1,\"name\":\"Accueil\",\"item\":\"https:\\\/\\\/accesbeaute.ca\\\/en\\\/\"},{\"@type\":\"ListItem\",\"position\":2,\"name\":\"Boutique\",\"item\":\"https:\\\/\\\/accesbeaute.ca\\\/boutique\\\/\"},{\"@type\":\"ListItem\",\"position\":3,\"name\":\"Fabriqu\u00e9 au Canada\",\"item\":\"https:\\\/\\\/accesbeaute.ca\\\/en\\\/acheter\\\/fabrique-au-canada-en\\\/\"},{\"@type\":\"ListItem\",\"position\":4,\"name\":\"Pure Kronoxyl &#8211; Eye Contour Youth Integral Cure\"}]},{\"@type\":\"WebSite\",\"@id\":\"https:\\\/\\\/accesbeaute.ca\\\/en\\\/#website\",\"url\":\"https:\\\/\\\/accesbeaute.ca\\\/en\\\/\",\"name\":\"Acc\u00e8s Beaut\u00e9\",\"description\":\"Achat de produits de beaut\u00e9 en ligne\",\"potentialAction\":[{\"@type\":\"SearchAction\",\"target\":{\"@type\":\"EntryPoint\",\"urlTemplate\":\"https:\\\/\\\/accesbeaute.ca\\\/en\\\/?s={search_term_string}\"},\"query-input\":{\"@type\":\"PropertyValueSpecification\",\"valueRequired\":true,\"valueName\":\"search_term_string\"}}],\"inLanguage\":\"en-US\"}]}<\/script>\n<!-- \/ Yoast SEO plugin. -->","yoast_head_json":{"title":"Pure Kronoxyl - Eye Contour Youth Integral Cure  - Achat en ligne","description":"%","robots":{"index":"index","follow":"follow","max-snippet":"max-snippet:-1","max-image-preview":"max-image-preview:large","max-video-preview":"max-video-preview:-1"},"canonical":"https:\/\/accesbeaute.ca\/en\/buy\/pure-kronoxyl-eye-contour-youth-integral-cure-laboratoire-dr-renaud\/","og_locale":"en_US","og_type":"article","og_title":"Pure Kronoxyl - Eye Contour Youth Integral Cure  - Achat en ligne","og_description":"%","og_url":"https:\/\/accesbeaute.ca\/en\/buy\/pure-kronoxyl-eye-contour-youth-integral-cure-laboratoire-dr-renaud\/","og_site_name":"Acc\u00e8s Beaut\u00e9","article_modified_time":"2021-11-03T13:54:50+00:00","og_image":[{"width":660,"height":660,"url":"https:\/\/accesbeaute.ca\/wp-content\/uploads\/2018\/07\/Pure-cure-integrale-contour-des-yeux-laboratoire-dr-renaud.jpg","type":"image\/jpeg"}],"twitter_card":"summary_large_image","schema":{"@context":"https:\/\/schema.org","@graph":[{"@type":"WebPage","@id":"https:\/\/accesbeaute.ca\/en\/buy\/pure-kronoxyl-eye-contour-youth-integral-cure-laboratoire-dr-renaud\/","url":"https:\/\/accesbeaute.ca\/en\/buy\/pure-kronoxyl-eye-contour-youth-integral-cure-laboratoire-dr-renaud\/","name":"Pure Kronoxyl - Eye Contour Youth Integral Cure - Achat en ligne","isPartOf":{"@id":"https:\/\/accesbeaute.ca\/en\/#website"},"primaryImageOfPage":{"@id":"https:\/\/accesbeaute.ca\/en\/buy\/pure-kronoxyl-eye-contour-youth-integral-cure-laboratoire-dr-renaud\/#primaryimage"},"image":{"@id":"https:\/\/accesbeaute.ca\/en\/buy\/pure-kronoxyl-eye-contour-youth-integral-cure-laboratoire-dr-renaud\/#primaryimage"},"thumbnailUrl":"https:\/\/accesbeaute.ca\/wp-content\/uploads\/2018\/07\/Pure-cure-integrale-contour-des-yeux-laboratoire-dr-renaud.jpg","datePublished":"2018-07-28T18:09:27+00:00","dateModified":"2021-11-03T13:54:50+00:00","description":"%","breadcrumb":{"@id":"https:\/\/accesbeaute.ca\/en\/buy\/pure-kronoxyl-eye-contour-youth-integral-cure-laboratoire-dr-renaud\/#breadcrumb"},"inLanguage":"en-US","potentialAction":[{"@type":"ReadAction","target":["https:\/\/accesbeaute.ca\/en\/buy\/pure-kronoxyl-eye-contour-youth-integral-cure-laboratoire-dr-renaud\/"]}]},{"@type":"ImageObject","inLanguage":"en-US","@id":"https:\/\/accesbeaute.ca\/en\/buy\/pure-kronoxyl-eye-contour-youth-integral-cure-laboratoire-dr-renaud\/#primaryimage","url":"https:\/\/accesbeaute.ca\/wp-content\/uploads\/2018\/07\/Pure-cure-integrale-contour-des-yeux-laboratoire-dr-renaud.jpg","contentUrl":"https:\/\/accesbeaute.ca\/wp-content\/uploads\/2018\/07\/Pure-cure-integrale-contour-des-yeux-laboratoire-dr-renaud.jpg","width":660,"height":660,"caption":"Pure Kronoxyl - Eye Contour Youth Integral Cure Laboratoire Dr Renaud"},{"@type":"BreadcrumbList","@id":"https:\/\/accesbeaute.ca\/en\/buy\/pure-kronoxyl-eye-contour-youth-integral-cure-laboratoire-dr-renaud\/#breadcrumb","itemListElement":[{"@type":"ListItem","position":1,"name":"Accueil","item":"https:\/\/accesbeaute.ca\/en\/"},{"@type":"ListItem","position":2,"name":"Boutique","item":"https:\/\/accesbeaute.ca\/boutique\/"},{"@type":"ListItem","position":3,"name":"Fabriqu\u00e9 au Canada","item":"https:\/\/accesbeaute.ca\/en\/acheter\/fabrique-au-canada-en\/"},{"@type":"ListItem","position":4,"name":"Pure Kronoxyl &#8211; Eye Contour Youth Integral Cure"}]},{"@type":"WebSite","@id":"https:\/\/accesbeaute.ca\/en\/#website","url":"https:\/\/accesbeaute.ca\/en\/","name":"Acc\u00e8s Beaut\u00e9","description":"Achat de produits de beaut\u00e9 en ligne","potentialAction":[{"@type":"SearchAction","target":{"@type":"EntryPoint","urlTemplate":"https:\/\/accesbeaute.ca\/en\/?s={search_term_string}"},"query-input":{"@type":"PropertyValueSpecification","valueRequired":true,"valueName":"search_term_string"}}],"inLanguage":"en-US"}]}},"_links":{"self":[{"href":"https:\/\/accesbeaute.ca\/en\/wp-json\/wp\/v2\/product\/1917","targetHints":{"allow":["GET"]}}],"collection":[{"href":"https:\/\/accesbeaute.ca\/en\/wp-json\/wp\/v2\/product"}],"about":[{"href":"https:\/\/accesbeaute.ca\/en\/wp-json\/wp\/v2\/types\/product"}],"wp:featuredmedia":[{"embeddable":true,"href":"https:\/\/accesbeaute.ca\/en\/wp-json\/wp\/v2\/media\/1919"}],"wp:attachment":[{"href":"https:\/\/accesbeaute.ca\/en\/wp-json\/wp\/v2\/media?parent=1917"}],"wp:term":[{"taxonomy":"product_brand","embeddable":true,"href":"https:\/\/accesbeaute.ca\/en\/wp-json\/wp\/v2\/product_brand?post=1917"},{"taxonomy":"product_cat","embeddable":true,"href":"https:\/\/accesbeaute.ca\/en\/wp-json\/wp\/v2\/product_cat?post=1917"},{"taxonomy":"product_tag","embeddable":true,"href":"https:\/\/accesbeaute.ca\/en\/wp-json\/wp\/v2\/product_tag?post=1917"}],"curies":[{"name":"wp","href":"https:\/\/api.w.org\/{rel}","templated":true}]}}