{"id":1926,"date":"2018-07-28T18:09:26","date_gmt":"2018-07-28T18:09:26","guid":{"rendered":"https:\/\/accesbeaute.ca\/achat\/uv-science-spf-30-rich-emulsion-laboratoire-dr-renaud\/"},"modified":"2021-04-30T15:23:49","modified_gmt":"2021-04-30T15:23:49","slug":"uv-science-spf-30-rich-emulsion-laboratoire-dr-renaud","status":"publish","type":"product","link":"https:\/\/accesbeaute.ca\/en\/buy\/uv-science-spf-30-rich-emulsion-laboratoire-dr-renaud\/","title":{"rendered":"UV-Science SPF 30 &#8211; Rich Emulsion"},"content":{"rendered":"<ul>\n<li>Face Protecting, Anti-Ageing Sunblock Cream.<\/li>\n<li>\n<p class=\"p1\">Prevents the appearance of brown spots<\/p>\n<\/li>\n<li>\n<p class=\"p1\">Fights the appearance of wrinkles and protects from premature ageing<\/p>\n<\/li>\n<li>\n<p class=\"p1\">For all, men and women<\/p>\n<\/li>\n<li>\n<p class=\"p1\">Adapted to all skin types for daily use<\/p>\n<\/li>\n<li>\n<p class=\"p1\">Moisturizing formulation, make-up base<\/p>\n<\/li>\n<li>\n<p class=\"p1\">Without parabens, fragrance-free<\/p>\n<\/li>\n<li>\n<p class=\"p1\">Size: 50 ml \/ 1.69 fl oz<\/p>\n<\/li>\n<\/ul>\n","protected":false},"excerpt":{"rendered":"<hr class=\"ligne-grise\" \/>\n<p><strong>Brand:<\/strong> <a href=\"\/buy\/laboratoire-dr-renaud\">Laboratoire Dr Renaud<\/a><\/p>\n<p>Face Protecting, Anti-Ageing Sunblock Cream. <\/p>\n","protected":false},"featured_media":1928,"template":"","meta":{"_et_pb_use_builder":"","_et_pb_old_content":"","_et_gb_content_width":""},"product_brand":[],"product_cat":[209,210,233,213,219,225],"product_tag":[234],"class_list":{"0":"post-1926","1":"product","2":"type-product","3":"status-publish","4":"has-post-thumbnail","6":"product_cat-creme-hydratante-en","7":"product_cat-fabrique-au-canada-en","8":"product_cat-laboratoire-dr-renaud-en","9":"product_cat-produit-de-beaute-peau-seche-et-deshydratee-en","10":"product_cat-soins-anti-age","11":"product_cat-soins-et-cremes-solaires","12":"product_tag-laboratoire-dr-renaud-en","14":"first","15":"instock","16":"sale","17":"taxable","18":"shipping-taxable","19":"purchasable","20":"product-type-simple"},"yoast_head":"<!-- This site is optimized with the Yoast SEO plugin v27.3 - https:\/\/yoast.com\/product\/yoast-seo-wordpress\/ -->\n<title>UV-Science SPF 30 - Rich Emulsion  - Achat en ligne<\/title>\n<meta name=\"description\" content=\"%\" \/>\n<meta name=\"robots\" content=\"index, follow, max-snippet:-1, max-image-preview:large, max-video-preview:-1\" \/>\n<link rel=\"canonical\" href=\"https:\/\/accesbeaute.ca\/en\/buy\/uv-science-spf-30-rich-emulsion-laboratoire-dr-renaud\/\" \/>\n<meta property=\"og:locale\" content=\"en_US\" \/>\n<meta property=\"og:type\" content=\"article\" \/>\n<meta property=\"og:title\" content=\"UV-Science SPF 30 - Rich Emulsion  - Achat en ligne\" \/>\n<meta property=\"og:description\" content=\"%\" \/>\n<meta property=\"og:url\" content=\"https:\/\/accesbeaute.ca\/en\/buy\/uv-science-spf-30-rich-emulsion-laboratoire-dr-renaud\/\" \/>\n<meta property=\"og:site_name\" content=\"Acc\u00e8s Beaut\u00e9\" \/>\n<meta property=\"article:modified_time\" content=\"2021-04-30T15:23:49+00:00\" \/>\n<meta property=\"og:image\" content=\"https:\/\/accesbeaute.ca\/wp-content\/uploads\/2018\/07\/uv-science-fps-30-emulsion-riche-laboratoire-dr-renaud.jpg\" \/>\n\t<meta property=\"og:image:width\" content=\"900\" \/>\n\t<meta property=\"og:image:height\" content=\"900\" \/>\n\t<meta property=\"og:image:type\" content=\"image\/jpeg\" \/>\n<meta name=\"twitter:card\" content=\"summary_large_image\" \/>\n<script type=\"application\/ld+json\" class=\"yoast-schema-graph\">{\"@context\":\"https:\\\/\\\/schema.org\",\"@graph\":[{\"@type\":\"WebPage\",\"@id\":\"https:\\\/\\\/accesbeaute.ca\\\/en\\\/buy\\\/uv-science-spf-30-rich-emulsion-laboratoire-dr-renaud\\\/\",\"url\":\"https:\\\/\\\/accesbeaute.ca\\\/en\\\/buy\\\/uv-science-spf-30-rich-emulsion-laboratoire-dr-renaud\\\/\",\"name\":\"UV-Science SPF 30 - Rich Emulsion - Achat en ligne\",\"isPartOf\":{\"@id\":\"https:\\\/\\\/accesbeaute.ca\\\/en\\\/#website\"},\"primaryImageOfPage\":{\"@id\":\"https:\\\/\\\/accesbeaute.ca\\\/en\\\/buy\\\/uv-science-spf-30-rich-emulsion-laboratoire-dr-renaud\\\/#primaryimage\"},\"image\":{\"@id\":\"https:\\\/\\\/accesbeaute.ca\\\/en\\\/buy\\\/uv-science-spf-30-rich-emulsion-laboratoire-dr-renaud\\\/#primaryimage\"},\"thumbnailUrl\":\"https:\\\/\\\/accesbeaute.ca\\\/wp-content\\\/uploads\\\/2018\\\/07\\\/uv-science-fps-30-emulsion-riche-laboratoire-dr-renaud.jpg\",\"datePublished\":\"2018-07-28T18:09:26+00:00\",\"dateModified\":\"2021-04-30T15:23:49+00:00\",\"description\":\"%\",\"breadcrumb\":{\"@id\":\"https:\\\/\\\/accesbeaute.ca\\\/en\\\/buy\\\/uv-science-spf-30-rich-emulsion-laboratoire-dr-renaud\\\/#breadcrumb\"},\"inLanguage\":\"en-US\",\"potentialAction\":[{\"@type\":\"ReadAction\",\"target\":[\"https:\\\/\\\/accesbeaute.ca\\\/en\\\/buy\\\/uv-science-spf-30-rich-emulsion-laboratoire-dr-renaud\\\/\"]}]},{\"@type\":\"ImageObject\",\"inLanguage\":\"en-US\",\"@id\":\"https:\\\/\\\/accesbeaute.ca\\\/en\\\/buy\\\/uv-science-spf-30-rich-emulsion-laboratoire-dr-renaud\\\/#primaryimage\",\"url\":\"https:\\\/\\\/accesbeaute.ca\\\/wp-content\\\/uploads\\\/2018\\\/07\\\/uv-science-fps-30-emulsion-riche-laboratoire-dr-renaud.jpg\",\"contentUrl\":\"https:\\\/\\\/accesbeaute.ca\\\/wp-content\\\/uploads\\\/2018\\\/07\\\/uv-science-fps-30-emulsion-riche-laboratoire-dr-renaud.jpg\",\"width\":900,\"height\":900,\"caption\":\"UV-Science SPF 30 - Rich Emulsion Laboratoire Dr Renaud Laboratoire Dr Renaud\"},{\"@type\":\"BreadcrumbList\",\"@id\":\"https:\\\/\\\/accesbeaute.ca\\\/en\\\/buy\\\/uv-science-spf-30-rich-emulsion-laboratoire-dr-renaud\\\/#breadcrumb\",\"itemListElement\":[{\"@type\":\"ListItem\",\"position\":1,\"name\":\"Accueil\",\"item\":\"https:\\\/\\\/accesbeaute.ca\\\/en\\\/\"},{\"@type\":\"ListItem\",\"position\":2,\"name\":\"Boutique\",\"item\":\"https:\\\/\\\/accesbeaute.ca\\\/boutique\\\/\"},{\"@type\":\"ListItem\",\"position\":3,\"name\":\"Cr\u00e8mes hydratantes\",\"item\":\"https:\\\/\\\/accesbeaute.ca\\\/en\\\/acheter\\\/creme-hydratante-en\\\/\"},{\"@type\":\"ListItem\",\"position\":4,\"name\":\"UV-Science SPF 30 &#8211; Rich Emulsion\"}]},{\"@type\":\"WebSite\",\"@id\":\"https:\\\/\\\/accesbeaute.ca\\\/en\\\/#website\",\"url\":\"https:\\\/\\\/accesbeaute.ca\\\/en\\\/\",\"name\":\"Acc\u00e8s Beaut\u00e9\",\"description\":\"Achat de produits de beaut\u00e9 en ligne\",\"potentialAction\":[{\"@type\":\"SearchAction\",\"target\":{\"@type\":\"EntryPoint\",\"urlTemplate\":\"https:\\\/\\\/accesbeaute.ca\\\/en\\\/?s={search_term_string}\"},\"query-input\":{\"@type\":\"PropertyValueSpecification\",\"valueRequired\":true,\"valueName\":\"search_term_string\"}}],\"inLanguage\":\"en-US\"}]}<\/script>\n<!-- \/ Yoast SEO plugin. -->","yoast_head_json":{"title":"UV-Science SPF 30 - Rich Emulsion  - Achat en ligne","description":"%","robots":{"index":"index","follow":"follow","max-snippet":"max-snippet:-1","max-image-preview":"max-image-preview:large","max-video-preview":"max-video-preview:-1"},"canonical":"https:\/\/accesbeaute.ca\/en\/buy\/uv-science-spf-30-rich-emulsion-laboratoire-dr-renaud\/","og_locale":"en_US","og_type":"article","og_title":"UV-Science SPF 30 - Rich Emulsion  - Achat en ligne","og_description":"%","og_url":"https:\/\/accesbeaute.ca\/en\/buy\/uv-science-spf-30-rich-emulsion-laboratoire-dr-renaud\/","og_site_name":"Acc\u00e8s Beaut\u00e9","article_modified_time":"2021-04-30T15:23:49+00:00","og_image":[{"width":900,"height":900,"url":"https:\/\/accesbeaute.ca\/wp-content\/uploads\/2018\/07\/uv-science-fps-30-emulsion-riche-laboratoire-dr-renaud.jpg","type":"image\/jpeg"}],"twitter_card":"summary_large_image","schema":{"@context":"https:\/\/schema.org","@graph":[{"@type":"WebPage","@id":"https:\/\/accesbeaute.ca\/en\/buy\/uv-science-spf-30-rich-emulsion-laboratoire-dr-renaud\/","url":"https:\/\/accesbeaute.ca\/en\/buy\/uv-science-spf-30-rich-emulsion-laboratoire-dr-renaud\/","name":"UV-Science SPF 30 - Rich Emulsion - Achat en ligne","isPartOf":{"@id":"https:\/\/accesbeaute.ca\/en\/#website"},"primaryImageOfPage":{"@id":"https:\/\/accesbeaute.ca\/en\/buy\/uv-science-spf-30-rich-emulsion-laboratoire-dr-renaud\/#primaryimage"},"image":{"@id":"https:\/\/accesbeaute.ca\/en\/buy\/uv-science-spf-30-rich-emulsion-laboratoire-dr-renaud\/#primaryimage"},"thumbnailUrl":"https:\/\/accesbeaute.ca\/wp-content\/uploads\/2018\/07\/uv-science-fps-30-emulsion-riche-laboratoire-dr-renaud.jpg","datePublished":"2018-07-28T18:09:26+00:00","dateModified":"2021-04-30T15:23:49+00:00","description":"%","breadcrumb":{"@id":"https:\/\/accesbeaute.ca\/en\/buy\/uv-science-spf-30-rich-emulsion-laboratoire-dr-renaud\/#breadcrumb"},"inLanguage":"en-US","potentialAction":[{"@type":"ReadAction","target":["https:\/\/accesbeaute.ca\/en\/buy\/uv-science-spf-30-rich-emulsion-laboratoire-dr-renaud\/"]}]},{"@type":"ImageObject","inLanguage":"en-US","@id":"https:\/\/accesbeaute.ca\/en\/buy\/uv-science-spf-30-rich-emulsion-laboratoire-dr-renaud\/#primaryimage","url":"https:\/\/accesbeaute.ca\/wp-content\/uploads\/2018\/07\/uv-science-fps-30-emulsion-riche-laboratoire-dr-renaud.jpg","contentUrl":"https:\/\/accesbeaute.ca\/wp-content\/uploads\/2018\/07\/uv-science-fps-30-emulsion-riche-laboratoire-dr-renaud.jpg","width":900,"height":900,"caption":"UV-Science SPF 30 - Rich Emulsion Laboratoire Dr Renaud Laboratoire Dr Renaud"},{"@type":"BreadcrumbList","@id":"https:\/\/accesbeaute.ca\/en\/buy\/uv-science-spf-30-rich-emulsion-laboratoire-dr-renaud\/#breadcrumb","itemListElement":[{"@type":"ListItem","position":1,"name":"Accueil","item":"https:\/\/accesbeaute.ca\/en\/"},{"@type":"ListItem","position":2,"name":"Boutique","item":"https:\/\/accesbeaute.ca\/boutique\/"},{"@type":"ListItem","position":3,"name":"Cr\u00e8mes hydratantes","item":"https:\/\/accesbeaute.ca\/en\/acheter\/creme-hydratante-en\/"},{"@type":"ListItem","position":4,"name":"UV-Science SPF 30 &#8211; Rich Emulsion"}]},{"@type":"WebSite","@id":"https:\/\/accesbeaute.ca\/en\/#website","url":"https:\/\/accesbeaute.ca\/en\/","name":"Acc\u00e8s Beaut\u00e9","description":"Achat de produits de beaut\u00e9 en ligne","potentialAction":[{"@type":"SearchAction","target":{"@type":"EntryPoint","urlTemplate":"https:\/\/accesbeaute.ca\/en\/?s={search_term_string}"},"query-input":{"@type":"PropertyValueSpecification","valueRequired":true,"valueName":"search_term_string"}}],"inLanguage":"en-US"}]}},"_links":{"self":[{"href":"https:\/\/accesbeaute.ca\/en\/wp-json\/wp\/v2\/product\/1926","targetHints":{"allow":["GET"]}}],"collection":[{"href":"https:\/\/accesbeaute.ca\/en\/wp-json\/wp\/v2\/product"}],"about":[{"href":"https:\/\/accesbeaute.ca\/en\/wp-json\/wp\/v2\/types\/product"}],"wp:featuredmedia":[{"embeddable":true,"href":"https:\/\/accesbeaute.ca\/en\/wp-json\/wp\/v2\/media\/1928"}],"wp:attachment":[{"href":"https:\/\/accesbeaute.ca\/en\/wp-json\/wp\/v2\/media?parent=1926"}],"wp:term":[{"taxonomy":"product_brand","embeddable":true,"href":"https:\/\/accesbeaute.ca\/en\/wp-json\/wp\/v2\/product_brand?post=1926"},{"taxonomy":"product_cat","embeddable":true,"href":"https:\/\/accesbeaute.ca\/en\/wp-json\/wp\/v2\/product_cat?post=1926"},{"taxonomy":"product_tag","embeddable":true,"href":"https:\/\/accesbeaute.ca\/en\/wp-json\/wp\/v2\/product_tag?post=1926"}],"curies":[{"name":"wp","href":"https:\/\/api.w.org\/{rel}","templated":true}]}}