{"id":2023,"date":"2018-07-28T18:07:15","date_gmt":"2018-07-28T18:07:15","guid":{"rendered":"https:\/\/accesbeaute.ca\/?post_type=product&#038;p=2023"},"modified":"2026-04-07T00:03:17","modified_gmt":"2026-04-07T00:03:17","slug":"soft-feet-cream-milk-and-honey-for-well-cared-feet-and-legs-fusskraft","status":"publish","type":"product","link":"https:\/\/accesbeaute.ca\/en\/buy\/soft-feet-cream-milk-and-honey-for-well-cared-feet-and-legs-fusskraft\/","title":{"rendered":"Soft Feet Cream &#8211; Milk and honey for well cared feet and legs- Fusskraft"},"content":{"rendered":"<p>GEHWOL FUSSKRAFT Soft Feet Cream contains vitamin-rich avocado oil and other valuable lipids in a gently caring base. A special deep- acting hyaluron is absorbed by the skin, supporting skin regeneration and strengthening the skin&#8217;s own defences. In combination with urea, hyaluron also binds moisture in deeper skin layers and protects against callus formation. Milk peptides and honey extract render the skin noticeably more supple and visibly smoother. GEHWOL FUSSKRAFT Soft Feet Cream is a moisturising foot and leg care product which is easily absorbed, leaving behind the feeling of silky soft skin. The pleasant scent refreshes and lends the security of well cared for feet. Protects against foot fungus. Apply once or twice a day to care for foot skin. Do not store over 30\u00b0 C! Dermatologically tested. Also highly suitable for diabetics.<\/p>\n","protected":false},"excerpt":{"rendered":"<hr class=\"ligne-grise\" \/>\n<p><strong>Brand:<\/strong> <a href=\"\/buy\/gehwol\">Gehwol<\/a><\/p>\n<p>Milk &amp; honey for well cared feet and legs.\u00a0Contains essential lipids and a special hyaluron that contributes to skin regeneration and reinforces skin&#8217;s natural protective attributes.<\/p>\n","protected":false},"featured_media":2024,"template":"","meta":{"_et_pb_use_builder":"","_et_pb_old_content":"","_et_gb_content_width":""},"product_brand":[],"product_cat":[197,214,241,245,244],"product_tag":[203],"class_list":{"0":"post-2023","1":"product","2":"type-product","3":"status-publish","4":"has-post-thumbnail","6":"product_cat-gehwol-en","7":"product_cat-produit-de-beaute-soin-du-corps-en","8":"product_cat-soins-adoucissants-pour-les-pieds-en","9":"product_cat-soins-pour-la-peau-seche-et-rugueuse-des-pieds","10":"product_cat-soins-pour-les-jambes-lourdes-et-fatiguees-en","11":"product_tag-gehwol-en","13":"first","14":"instock","15":"taxable","16":"shipping-taxable","17":"purchasable","18":"product-type-simple"},"yoast_head":"<!-- This site is optimized with the Yoast SEO plugin v27.3 - https:\/\/yoast.com\/product\/yoast-seo-wordpress\/ -->\n<title>Soft Feet Cream - Milk and honey for well cared feet and legs- Fusskraft  - Achat en ligne<\/title>\n<meta name=\"description\" content=\"%\" \/>\n<meta name=\"robots\" content=\"index, follow, max-snippet:-1, max-image-preview:large, max-video-preview:-1\" \/>\n<link rel=\"canonical\" href=\"https:\/\/accesbeaute.ca\/en\/buy\/soft-feet-cream-milk-and-honey-for-well-cared-feet-and-legs-fusskraft\/\" \/>\n<meta property=\"og:locale\" content=\"en_US\" \/>\n<meta property=\"og:type\" content=\"article\" \/>\n<meta property=\"og:title\" content=\"Soft Feet Cream - Milk and honey for well cared feet and legs- Fusskraft  - Achat en ligne\" \/>\n<meta property=\"og:description\" content=\"%\" \/>\n<meta property=\"og:url\" content=\"https:\/\/accesbeaute.ca\/en\/buy\/soft-feet-cream-milk-and-honey-for-well-cared-feet-and-legs-fusskraft\/\" \/>\n<meta property=\"og:site_name\" content=\"Acc\u00e8s Beaut\u00e9\" \/>\n<meta property=\"article:modified_time\" content=\"2026-04-07T00:03:17+00:00\" \/>\n<meta property=\"og:image\" content=\"https:\/\/accesbeaute.ca\/wp-content\/uploads\/2018\/07\/creme-fusskraft-soft-feet-lait-et-miel-pour-pieds-et-jambes-par-gehwol.jpg\" \/>\n\t<meta property=\"og:image:width\" content=\"1200\" \/>\n\t<meta property=\"og:image:height\" content=\"1200\" \/>\n\t<meta property=\"og:image:type\" content=\"image\/jpeg\" \/>\n<meta name=\"twitter:card\" content=\"summary_large_image\" \/>\n<meta name=\"twitter:label1\" content=\"Est. reading time\" \/>\n\t<meta name=\"twitter:data1\" content=\"1 minute\" \/>\n<script type=\"application\/ld+json\" class=\"yoast-schema-graph\">{\"@context\":\"https:\\\/\\\/schema.org\",\"@graph\":[{\"@type\":\"WebPage\",\"@id\":\"https:\\\/\\\/accesbeaute.ca\\\/en\\\/buy\\\/soft-feet-cream-milk-and-honey-for-well-cared-feet-and-legs-fusskraft\\\/\",\"url\":\"https:\\\/\\\/accesbeaute.ca\\\/en\\\/buy\\\/soft-feet-cream-milk-and-honey-for-well-cared-feet-and-legs-fusskraft\\\/\",\"name\":\"Soft Feet Cream - Milk and honey for well cared feet and legs- Fusskraft - Achat en ligne\",\"isPartOf\":{\"@id\":\"https:\\\/\\\/accesbeaute.ca\\\/en\\\/#website\"},\"primaryImageOfPage\":{\"@id\":\"https:\\\/\\\/accesbeaute.ca\\\/en\\\/buy\\\/soft-feet-cream-milk-and-honey-for-well-cared-feet-and-legs-fusskraft\\\/#primaryimage\"},\"image\":{\"@id\":\"https:\\\/\\\/accesbeaute.ca\\\/en\\\/buy\\\/soft-feet-cream-milk-and-honey-for-well-cared-feet-and-legs-fusskraft\\\/#primaryimage\"},\"thumbnailUrl\":\"https:\\\/\\\/accesbeaute.ca\\\/wp-content\\\/uploads\\\/2018\\\/07\\\/creme-fusskraft-soft-feet-lait-et-miel-pour-pieds-et-jambes-par-gehwol.jpg\",\"datePublished\":\"2018-07-28T18:07:15+00:00\",\"dateModified\":\"2026-04-07T00:03:17+00:00\",\"description\":\"%\",\"breadcrumb\":{\"@id\":\"https:\\\/\\\/accesbeaute.ca\\\/en\\\/buy\\\/soft-feet-cream-milk-and-honey-for-well-cared-feet-and-legs-fusskraft\\\/#breadcrumb\"},\"inLanguage\":\"en-US\",\"potentialAction\":[{\"@type\":\"ReadAction\",\"target\":[\"https:\\\/\\\/accesbeaute.ca\\\/en\\\/buy\\\/soft-feet-cream-milk-and-honey-for-well-cared-feet-and-legs-fusskraft\\\/\"]}]},{\"@type\":\"ImageObject\",\"inLanguage\":\"en-US\",\"@id\":\"https:\\\/\\\/accesbeaute.ca\\\/en\\\/buy\\\/soft-feet-cream-milk-and-honey-for-well-cared-feet-and-legs-fusskraft\\\/#primaryimage\",\"url\":\"https:\\\/\\\/accesbeaute.ca\\\/wp-content\\\/uploads\\\/2018\\\/07\\\/creme-fusskraft-soft-feet-lait-et-miel-pour-pieds-et-jambes-par-gehwol.jpg\",\"contentUrl\":\"https:\\\/\\\/accesbeaute.ca\\\/wp-content\\\/uploads\\\/2018\\\/07\\\/creme-fusskraft-soft-feet-lait-et-miel-pour-pieds-et-jambes-par-gehwol.jpg\",\"width\":1200,\"height\":1200,\"caption\":\"Soft Feet Cream - Fusskraft Gehwol\"},{\"@type\":\"BreadcrumbList\",\"@id\":\"https:\\\/\\\/accesbeaute.ca\\\/en\\\/buy\\\/soft-feet-cream-milk-and-honey-for-well-cared-feet-and-legs-fusskraft\\\/#breadcrumb\",\"itemListElement\":[{\"@type\":\"ListItem\",\"position\":1,\"name\":\"Accueil\",\"item\":\"https:\\\/\\\/accesbeaute.ca\\\/en\\\/\"},{\"@type\":\"ListItem\",\"position\":2,\"name\":\"Boutique\",\"item\":\"https:\\\/\\\/accesbeaute.ca\\\/boutique\\\/\"},{\"@type\":\"ListItem\",\"position\":3,\"name\":\"Produits de beaut\u00e9\",\"item\":\"https:\\\/\\\/accesbeaute.ca\\\/acheter\\\/produits-de-beaute\\\/\"},{\"@type\":\"ListItem\",\"position\":4,\"name\":\"Soins des pieds\",\"item\":\"https:\\\/\\\/accesbeaute.ca\\\/acheter\\\/soin-des-pieds\\\/\"},{\"@type\":\"ListItem\",\"position\":5,\"name\":\"Soins adoucissants pour les pieds\",\"item\":\"https:\\\/\\\/accesbeaute.ca\\\/en\\\/acheter\\\/soins-adoucissants-pour-les-pieds-en\\\/\"},{\"@type\":\"ListItem\",\"position\":6,\"name\":\"Soft Feet Cream &#8211; Milk and honey for well cared feet and legs- Fusskraft\"}]},{\"@type\":\"WebSite\",\"@id\":\"https:\\\/\\\/accesbeaute.ca\\\/en\\\/#website\",\"url\":\"https:\\\/\\\/accesbeaute.ca\\\/en\\\/\",\"name\":\"Acc\u00e8s Beaut\u00e9\",\"description\":\"Achat de produits de beaut\u00e9 en ligne\",\"potentialAction\":[{\"@type\":\"SearchAction\",\"target\":{\"@type\":\"EntryPoint\",\"urlTemplate\":\"https:\\\/\\\/accesbeaute.ca\\\/en\\\/?s={search_term_string}\"},\"query-input\":{\"@type\":\"PropertyValueSpecification\",\"valueRequired\":true,\"valueName\":\"search_term_string\"}}],\"inLanguage\":\"en-US\"}]}<\/script>\n<!-- \/ Yoast SEO plugin. -->","yoast_head_json":{"title":"Soft Feet Cream - Milk and honey for well cared feet and legs- Fusskraft  - Achat en ligne","description":"%","robots":{"index":"index","follow":"follow","max-snippet":"max-snippet:-1","max-image-preview":"max-image-preview:large","max-video-preview":"max-video-preview:-1"},"canonical":"https:\/\/accesbeaute.ca\/en\/buy\/soft-feet-cream-milk-and-honey-for-well-cared-feet-and-legs-fusskraft\/","og_locale":"en_US","og_type":"article","og_title":"Soft Feet Cream - Milk and honey for well cared feet and legs- Fusskraft  - Achat en ligne","og_description":"%","og_url":"https:\/\/accesbeaute.ca\/en\/buy\/soft-feet-cream-milk-and-honey-for-well-cared-feet-and-legs-fusskraft\/","og_site_name":"Acc\u00e8s Beaut\u00e9","article_modified_time":"2026-04-07T00:03:17+00:00","og_image":[{"width":1200,"height":1200,"url":"https:\/\/accesbeaute.ca\/wp-content\/uploads\/2018\/07\/creme-fusskraft-soft-feet-lait-et-miel-pour-pieds-et-jambes-par-gehwol.jpg","type":"image\/jpeg"}],"twitter_card":"summary_large_image","twitter_misc":{"Est. reading time":"1 minute"},"schema":{"@context":"https:\/\/schema.org","@graph":[{"@type":"WebPage","@id":"https:\/\/accesbeaute.ca\/en\/buy\/soft-feet-cream-milk-and-honey-for-well-cared-feet-and-legs-fusskraft\/","url":"https:\/\/accesbeaute.ca\/en\/buy\/soft-feet-cream-milk-and-honey-for-well-cared-feet-and-legs-fusskraft\/","name":"Soft Feet Cream - Milk and honey for well cared feet and legs- Fusskraft - Achat en ligne","isPartOf":{"@id":"https:\/\/accesbeaute.ca\/en\/#website"},"primaryImageOfPage":{"@id":"https:\/\/accesbeaute.ca\/en\/buy\/soft-feet-cream-milk-and-honey-for-well-cared-feet-and-legs-fusskraft\/#primaryimage"},"image":{"@id":"https:\/\/accesbeaute.ca\/en\/buy\/soft-feet-cream-milk-and-honey-for-well-cared-feet-and-legs-fusskraft\/#primaryimage"},"thumbnailUrl":"https:\/\/accesbeaute.ca\/wp-content\/uploads\/2018\/07\/creme-fusskraft-soft-feet-lait-et-miel-pour-pieds-et-jambes-par-gehwol.jpg","datePublished":"2018-07-28T18:07:15+00:00","dateModified":"2026-04-07T00:03:17+00:00","description":"%","breadcrumb":{"@id":"https:\/\/accesbeaute.ca\/en\/buy\/soft-feet-cream-milk-and-honey-for-well-cared-feet-and-legs-fusskraft\/#breadcrumb"},"inLanguage":"en-US","potentialAction":[{"@type":"ReadAction","target":["https:\/\/accesbeaute.ca\/en\/buy\/soft-feet-cream-milk-and-honey-for-well-cared-feet-and-legs-fusskraft\/"]}]},{"@type":"ImageObject","inLanguage":"en-US","@id":"https:\/\/accesbeaute.ca\/en\/buy\/soft-feet-cream-milk-and-honey-for-well-cared-feet-and-legs-fusskraft\/#primaryimage","url":"https:\/\/accesbeaute.ca\/wp-content\/uploads\/2018\/07\/creme-fusskraft-soft-feet-lait-et-miel-pour-pieds-et-jambes-par-gehwol.jpg","contentUrl":"https:\/\/accesbeaute.ca\/wp-content\/uploads\/2018\/07\/creme-fusskraft-soft-feet-lait-et-miel-pour-pieds-et-jambes-par-gehwol.jpg","width":1200,"height":1200,"caption":"Soft Feet Cream - Fusskraft Gehwol"},{"@type":"BreadcrumbList","@id":"https:\/\/accesbeaute.ca\/en\/buy\/soft-feet-cream-milk-and-honey-for-well-cared-feet-and-legs-fusskraft\/#breadcrumb","itemListElement":[{"@type":"ListItem","position":1,"name":"Accueil","item":"https:\/\/accesbeaute.ca\/en\/"},{"@type":"ListItem","position":2,"name":"Boutique","item":"https:\/\/accesbeaute.ca\/boutique\/"},{"@type":"ListItem","position":3,"name":"Produits de beaut\u00e9","item":"https:\/\/accesbeaute.ca\/acheter\/produits-de-beaute\/"},{"@type":"ListItem","position":4,"name":"Soins des pieds","item":"https:\/\/accesbeaute.ca\/acheter\/soin-des-pieds\/"},{"@type":"ListItem","position":5,"name":"Soins adoucissants pour les pieds","item":"https:\/\/accesbeaute.ca\/en\/acheter\/soins-adoucissants-pour-les-pieds-en\/"},{"@type":"ListItem","position":6,"name":"Soft Feet Cream &#8211; Milk and honey for well cared feet and legs- Fusskraft"}]},{"@type":"WebSite","@id":"https:\/\/accesbeaute.ca\/en\/#website","url":"https:\/\/accesbeaute.ca\/en\/","name":"Acc\u00e8s Beaut\u00e9","description":"Achat de produits de beaut\u00e9 en ligne","potentialAction":[{"@type":"SearchAction","target":{"@type":"EntryPoint","urlTemplate":"https:\/\/accesbeaute.ca\/en\/?s={search_term_string}"},"query-input":{"@type":"PropertyValueSpecification","valueRequired":true,"valueName":"search_term_string"}}],"inLanguage":"en-US"}]}},"_links":{"self":[{"href":"https:\/\/accesbeaute.ca\/en\/wp-json\/wp\/v2\/product\/2023","targetHints":{"allow":["GET"]}}],"collection":[{"href":"https:\/\/accesbeaute.ca\/en\/wp-json\/wp\/v2\/product"}],"about":[{"href":"https:\/\/accesbeaute.ca\/en\/wp-json\/wp\/v2\/types\/product"}],"wp:featuredmedia":[{"embeddable":true,"href":"https:\/\/accesbeaute.ca\/en\/wp-json\/wp\/v2\/media\/2024"}],"wp:attachment":[{"href":"https:\/\/accesbeaute.ca\/en\/wp-json\/wp\/v2\/media?parent=2023"}],"wp:term":[{"taxonomy":"product_brand","embeddable":true,"href":"https:\/\/accesbeaute.ca\/en\/wp-json\/wp\/v2\/product_brand?post=2023"},{"taxonomy":"product_cat","embeddable":true,"href":"https:\/\/accesbeaute.ca\/en\/wp-json\/wp\/v2\/product_cat?post=2023"},{"taxonomy":"product_tag","embeddable":true,"href":"https:\/\/accesbeaute.ca\/en\/wp-json\/wp\/v2\/product_tag?post=2023"}],"curies":[{"name":"wp","href":"https:\/\/api.w.org\/{rel}","templated":true}]}}