{"id":2027,"date":"2018-07-28T18:07:15","date_gmt":"2018-07-28T18:07:15","guid":{"rendered":"https:\/\/accesbeaute.ca\/achat\/soft-feet-scrub-bamboo-and-jojoba-fusskraft-gehwol\/"},"modified":"2026-04-07T00:03:17","modified_gmt":"2026-04-07T00:03:17","slug":"soft-feet-scrub-bamboo-and-jojoba-fusskraft-gehwol","status":"publish","type":"product","link":"https:\/\/accesbeaute.ca\/en\/buy\/soft-feet-scrub-bamboo-and-jojoba-fusskraft-gehwol\/","title":{"rendered":"Soft Feet Scrub &#8211; Bamboo &#038; jojoba &#8211; Fusskraft"},"content":{"rendered":"<p>GEHWOL FUSSKRAFT Soft Feet Scrub gently and thoroughly removes dead skin cells, renewing and smoothing the skin surface. Natural bamboo granulate and jojoba wax support a gentle massage and activate skin circulation. Sugar crystals simplify rapid detachment of loose dead skin cells. Avocado oil and honey extract supply the skin with valuable care substances, while vitamin E protects it and prevents premature skin aging.<\/p>\n<p>The skin has better circulation and is prepared for subsequent care, making it easier for valuable active ingredients to be absorbed.<\/p>\n<p>It&#8217;s easiest to use the scrub in the shower.<\/p>\n<p>Moisten the skin thoroughly; apply the scrub and massage it in. The sugar crystals detach the coarser dead skin cells, while the bamboo granulate performs fine smoothing. After the massage, rinse off the remaining scrub bodies together with the dissolved dead skin cells. GEHWOL FUSSKRAFT Soft Feet Lotion or Soft Feet Cream ideally rounds out complete care for your feet and legs.<\/p>\n<p>Dermatologically tested.<br \/>\nAlso highly suitable for diabetics.<\/p>\n","protected":false},"excerpt":{"rendered":"<hr class=\"ligne-grise\" \/>\n<p><strong>Brand:<\/strong> <a href=\"\/buy\/gehwol\">Gehwol<\/a><\/p>\n<p>Bamboo &#038; jojoba for well cared feet and legs.<\/p>\n","protected":false},"featured_media":2028,"template":"","meta":{"_et_pb_use_builder":"","_et_pb_old_content":"","_et_gb_content_width":""},"product_brand":[],"product_cat":[197,214,241,244,242,243],"product_tag":[203],"class_list":{"0":"post-2027","1":"product","2":"type-product","3":"status-publish","4":"has-post-thumbnail","6":"product_cat-gehwol-en","7":"product_cat-produit-de-beaute-soin-du-corps-en","8":"product_cat-soins-adoucissants-pour-les-pieds-en","9":"product_cat-soins-pour-les-jambes-lourdes-et-fatiguees-en","10":"product_cat-soins-pour-les-pieds-brulants-et-fatigues-en","11":"product_cat-soins-revitalisants-pour-les-pieds-en","12":"product_tag-gehwol-en","14":"first","15":"instock","16":"taxable","17":"shipping-taxable","18":"purchasable","19":"product-type-simple"},"yoast_head":"<!-- This site is optimized with the Yoast SEO plugin v27.3 - https:\/\/yoast.com\/product\/yoast-seo-wordpress\/ -->\n<title>Soft Feet Scrub - Bamboo &amp; jojoba - Fusskraft  - Achat en ligne<\/title>\n<meta name=\"description\" content=\"%\" \/>\n<meta name=\"robots\" content=\"index, follow, max-snippet:-1, max-image-preview:large, max-video-preview:-1\" \/>\n<link rel=\"canonical\" href=\"https:\/\/accesbeaute.ca\/en\/buy\/soft-feet-scrub-bamboo-and-jojoba-fusskraft-gehwol\/\" \/>\n<meta property=\"og:locale\" content=\"en_US\" \/>\n<meta property=\"og:type\" content=\"article\" \/>\n<meta property=\"og:title\" content=\"Soft Feet Scrub - Bamboo &amp; jojoba - Fusskraft  - Achat en ligne\" \/>\n<meta property=\"og:description\" content=\"%\" \/>\n<meta property=\"og:url\" content=\"https:\/\/accesbeaute.ca\/en\/buy\/soft-feet-scrub-bamboo-and-jojoba-fusskraft-gehwol\/\" \/>\n<meta property=\"og:site_name\" content=\"Acc\u00e8s Beaut\u00e9\" \/>\n<meta property=\"article:modified_time\" content=\"2026-04-07T00:03:17+00:00\" \/>\n<meta property=\"og:image\" content=\"https:\/\/accesbeaute.ca\/wp-content\/uploads\/2018\/07\/peeling-fusskraft-soft-feet-scrub-soins-des-pieds-et-jambes-bambou-et-jojoba-par-gehwol.jpg\" \/>\n\t<meta property=\"og:image:width\" content=\"960\" \/>\n\t<meta property=\"og:image:height\" content=\"960\" \/>\n\t<meta property=\"og:image:type\" content=\"image\/jpeg\" \/>\n<meta name=\"twitter:card\" content=\"summary_large_image\" \/>\n<meta name=\"twitter:label1\" content=\"Est. reading time\" \/>\n\t<meta name=\"twitter:data1\" content=\"1 minute\" \/>\n<script type=\"application\/ld+json\" class=\"yoast-schema-graph\">{\"@context\":\"https:\\\/\\\/schema.org\",\"@graph\":[{\"@type\":\"WebPage\",\"@id\":\"https:\\\/\\\/accesbeaute.ca\\\/en\\\/buy\\\/soft-feet-scrub-bamboo-and-jojoba-fusskraft-gehwol\\\/\",\"url\":\"https:\\\/\\\/accesbeaute.ca\\\/en\\\/buy\\\/soft-feet-scrub-bamboo-and-jojoba-fusskraft-gehwol\\\/\",\"name\":\"Soft Feet Scrub - Bamboo & jojoba - Fusskraft - Achat en ligne\",\"isPartOf\":{\"@id\":\"https:\\\/\\\/accesbeaute.ca\\\/en\\\/#website\"},\"primaryImageOfPage\":{\"@id\":\"https:\\\/\\\/accesbeaute.ca\\\/en\\\/buy\\\/soft-feet-scrub-bamboo-and-jojoba-fusskraft-gehwol\\\/#primaryimage\"},\"image\":{\"@id\":\"https:\\\/\\\/accesbeaute.ca\\\/en\\\/buy\\\/soft-feet-scrub-bamboo-and-jojoba-fusskraft-gehwol\\\/#primaryimage\"},\"thumbnailUrl\":\"https:\\\/\\\/accesbeaute.ca\\\/wp-content\\\/uploads\\\/2018\\\/07\\\/peeling-fusskraft-soft-feet-scrub-soins-des-pieds-et-jambes-bambou-et-jojoba-par-gehwol.jpg\",\"datePublished\":\"2018-07-28T18:07:15+00:00\",\"dateModified\":\"2026-04-07T00:03:17+00:00\",\"description\":\"%\",\"breadcrumb\":{\"@id\":\"https:\\\/\\\/accesbeaute.ca\\\/en\\\/buy\\\/soft-feet-scrub-bamboo-and-jojoba-fusskraft-gehwol\\\/#breadcrumb\"},\"inLanguage\":\"en-US\",\"potentialAction\":[{\"@type\":\"ReadAction\",\"target\":[\"https:\\\/\\\/accesbeaute.ca\\\/en\\\/buy\\\/soft-feet-scrub-bamboo-and-jojoba-fusskraft-gehwol\\\/\"]}]},{\"@type\":\"ImageObject\",\"inLanguage\":\"en-US\",\"@id\":\"https:\\\/\\\/accesbeaute.ca\\\/en\\\/buy\\\/soft-feet-scrub-bamboo-and-jojoba-fusskraft-gehwol\\\/#primaryimage\",\"url\":\"https:\\\/\\\/accesbeaute.ca\\\/wp-content\\\/uploads\\\/2018\\\/07\\\/peeling-fusskraft-soft-feet-scrub-soins-des-pieds-et-jambes-bambou-et-jojoba-par-gehwol.jpg\",\"contentUrl\":\"https:\\\/\\\/accesbeaute.ca\\\/wp-content\\\/uploads\\\/2018\\\/07\\\/peeling-fusskraft-soft-feet-scrub-soins-des-pieds-et-jambes-bambou-et-jojoba-par-gehwol.jpg\",\"width\":960,\"height\":960,\"caption\":\"Soft Feet Scrub - Bamboo & jojoba - Fusskraft Gehwol\"},{\"@type\":\"BreadcrumbList\",\"@id\":\"https:\\\/\\\/accesbeaute.ca\\\/en\\\/buy\\\/soft-feet-scrub-bamboo-and-jojoba-fusskraft-gehwol\\\/#breadcrumb\",\"itemListElement\":[{\"@type\":\"ListItem\",\"position\":1,\"name\":\"Accueil\",\"item\":\"https:\\\/\\\/accesbeaute.ca\\\/en\\\/\"},{\"@type\":\"ListItem\",\"position\":2,\"name\":\"Boutique\",\"item\":\"https:\\\/\\\/accesbeaute.ca\\\/boutique\\\/\"},{\"@type\":\"ListItem\",\"position\":3,\"name\":\"Produits de beaut\u00e9\",\"item\":\"https:\\\/\\\/accesbeaute.ca\\\/acheter\\\/produits-de-beaute\\\/\"},{\"@type\":\"ListItem\",\"position\":4,\"name\":\"Soins des pieds\",\"item\":\"https:\\\/\\\/accesbeaute.ca\\\/acheter\\\/soin-des-pieds\\\/\"},{\"@type\":\"ListItem\",\"position\":5,\"name\":\"Soins revitalisants pour les pieds\",\"item\":\"https:\\\/\\\/accesbeaute.ca\\\/en\\\/acheter\\\/soins-revitalisants-pour-les-pieds-en\\\/\"},{\"@type\":\"ListItem\",\"position\":6,\"name\":\"Soft Feet Scrub &#8211; Bamboo &#038; jojoba &#8211; Fusskraft\"}]},{\"@type\":\"WebSite\",\"@id\":\"https:\\\/\\\/accesbeaute.ca\\\/en\\\/#website\",\"url\":\"https:\\\/\\\/accesbeaute.ca\\\/en\\\/\",\"name\":\"Acc\u00e8s Beaut\u00e9\",\"description\":\"Achat de produits de beaut\u00e9 en ligne\",\"potentialAction\":[{\"@type\":\"SearchAction\",\"target\":{\"@type\":\"EntryPoint\",\"urlTemplate\":\"https:\\\/\\\/accesbeaute.ca\\\/en\\\/?s={search_term_string}\"},\"query-input\":{\"@type\":\"PropertyValueSpecification\",\"valueRequired\":true,\"valueName\":\"search_term_string\"}}],\"inLanguage\":\"en-US\"}]}<\/script>\n<!-- \/ Yoast SEO plugin. -->","yoast_head_json":{"title":"Soft Feet Scrub - Bamboo & jojoba - Fusskraft  - Achat en ligne","description":"%","robots":{"index":"index","follow":"follow","max-snippet":"max-snippet:-1","max-image-preview":"max-image-preview:large","max-video-preview":"max-video-preview:-1"},"canonical":"https:\/\/accesbeaute.ca\/en\/buy\/soft-feet-scrub-bamboo-and-jojoba-fusskraft-gehwol\/","og_locale":"en_US","og_type":"article","og_title":"Soft Feet Scrub - Bamboo & jojoba - Fusskraft  - Achat en ligne","og_description":"%","og_url":"https:\/\/accesbeaute.ca\/en\/buy\/soft-feet-scrub-bamboo-and-jojoba-fusskraft-gehwol\/","og_site_name":"Acc\u00e8s Beaut\u00e9","article_modified_time":"2026-04-07T00:03:17+00:00","og_image":[{"width":960,"height":960,"url":"https:\/\/accesbeaute.ca\/wp-content\/uploads\/2018\/07\/peeling-fusskraft-soft-feet-scrub-soins-des-pieds-et-jambes-bambou-et-jojoba-par-gehwol.jpg","type":"image\/jpeg"}],"twitter_card":"summary_large_image","twitter_misc":{"Est. reading time":"1 minute"},"schema":{"@context":"https:\/\/schema.org","@graph":[{"@type":"WebPage","@id":"https:\/\/accesbeaute.ca\/en\/buy\/soft-feet-scrub-bamboo-and-jojoba-fusskraft-gehwol\/","url":"https:\/\/accesbeaute.ca\/en\/buy\/soft-feet-scrub-bamboo-and-jojoba-fusskraft-gehwol\/","name":"Soft Feet Scrub - Bamboo & jojoba - Fusskraft - Achat en ligne","isPartOf":{"@id":"https:\/\/accesbeaute.ca\/en\/#website"},"primaryImageOfPage":{"@id":"https:\/\/accesbeaute.ca\/en\/buy\/soft-feet-scrub-bamboo-and-jojoba-fusskraft-gehwol\/#primaryimage"},"image":{"@id":"https:\/\/accesbeaute.ca\/en\/buy\/soft-feet-scrub-bamboo-and-jojoba-fusskraft-gehwol\/#primaryimage"},"thumbnailUrl":"https:\/\/accesbeaute.ca\/wp-content\/uploads\/2018\/07\/peeling-fusskraft-soft-feet-scrub-soins-des-pieds-et-jambes-bambou-et-jojoba-par-gehwol.jpg","datePublished":"2018-07-28T18:07:15+00:00","dateModified":"2026-04-07T00:03:17+00:00","description":"%","breadcrumb":{"@id":"https:\/\/accesbeaute.ca\/en\/buy\/soft-feet-scrub-bamboo-and-jojoba-fusskraft-gehwol\/#breadcrumb"},"inLanguage":"en-US","potentialAction":[{"@type":"ReadAction","target":["https:\/\/accesbeaute.ca\/en\/buy\/soft-feet-scrub-bamboo-and-jojoba-fusskraft-gehwol\/"]}]},{"@type":"ImageObject","inLanguage":"en-US","@id":"https:\/\/accesbeaute.ca\/en\/buy\/soft-feet-scrub-bamboo-and-jojoba-fusskraft-gehwol\/#primaryimage","url":"https:\/\/accesbeaute.ca\/wp-content\/uploads\/2018\/07\/peeling-fusskraft-soft-feet-scrub-soins-des-pieds-et-jambes-bambou-et-jojoba-par-gehwol.jpg","contentUrl":"https:\/\/accesbeaute.ca\/wp-content\/uploads\/2018\/07\/peeling-fusskraft-soft-feet-scrub-soins-des-pieds-et-jambes-bambou-et-jojoba-par-gehwol.jpg","width":960,"height":960,"caption":"Soft Feet Scrub - Bamboo & jojoba - Fusskraft Gehwol"},{"@type":"BreadcrumbList","@id":"https:\/\/accesbeaute.ca\/en\/buy\/soft-feet-scrub-bamboo-and-jojoba-fusskraft-gehwol\/#breadcrumb","itemListElement":[{"@type":"ListItem","position":1,"name":"Accueil","item":"https:\/\/accesbeaute.ca\/en\/"},{"@type":"ListItem","position":2,"name":"Boutique","item":"https:\/\/accesbeaute.ca\/boutique\/"},{"@type":"ListItem","position":3,"name":"Produits de beaut\u00e9","item":"https:\/\/accesbeaute.ca\/acheter\/produits-de-beaute\/"},{"@type":"ListItem","position":4,"name":"Soins des pieds","item":"https:\/\/accesbeaute.ca\/acheter\/soin-des-pieds\/"},{"@type":"ListItem","position":5,"name":"Soins revitalisants pour les pieds","item":"https:\/\/accesbeaute.ca\/en\/acheter\/soins-revitalisants-pour-les-pieds-en\/"},{"@type":"ListItem","position":6,"name":"Soft Feet Scrub &#8211; Bamboo &#038; jojoba &#8211; Fusskraft"}]},{"@type":"WebSite","@id":"https:\/\/accesbeaute.ca\/en\/#website","url":"https:\/\/accesbeaute.ca\/en\/","name":"Acc\u00e8s Beaut\u00e9","description":"Achat de produits de beaut\u00e9 en ligne","potentialAction":[{"@type":"SearchAction","target":{"@type":"EntryPoint","urlTemplate":"https:\/\/accesbeaute.ca\/en\/?s={search_term_string}"},"query-input":{"@type":"PropertyValueSpecification","valueRequired":true,"valueName":"search_term_string"}}],"inLanguage":"en-US"}]}},"_links":{"self":[{"href":"https:\/\/accesbeaute.ca\/en\/wp-json\/wp\/v2\/product\/2027","targetHints":{"allow":["GET"]}}],"collection":[{"href":"https:\/\/accesbeaute.ca\/en\/wp-json\/wp\/v2\/product"}],"about":[{"href":"https:\/\/accesbeaute.ca\/en\/wp-json\/wp\/v2\/types\/product"}],"wp:featuredmedia":[{"embeddable":true,"href":"https:\/\/accesbeaute.ca\/en\/wp-json\/wp\/v2\/media\/2028"}],"wp:attachment":[{"href":"https:\/\/accesbeaute.ca\/en\/wp-json\/wp\/v2\/media?parent=2027"}],"wp:term":[{"taxonomy":"product_brand","embeddable":true,"href":"https:\/\/accesbeaute.ca\/en\/wp-json\/wp\/v2\/product_brand?post=2027"},{"taxonomy":"product_cat","embeddable":true,"href":"https:\/\/accesbeaute.ca\/en\/wp-json\/wp\/v2\/product_cat?post=2027"},{"taxonomy":"product_tag","embeddable":true,"href":"https:\/\/accesbeaute.ca\/en\/wp-json\/wp\/v2\/product_tag?post=2027"}],"curies":[{"name":"wp","href":"https:\/\/api.w.org\/{rel}","templated":true}]}}