{"id":2032,"date":"2018-07-28T18:08:03","date_gmt":"2018-07-28T18:08:03","guid":{"rendered":"https:\/\/accesbeaute.ca\/achat\/hydrolipid-lotion-fusskraft-gehwol\/"},"modified":"2020-12-02T14:50:55","modified_gmt":"2020-12-02T14:50:55","slug":"hydrolipid-lotion-fusskraft-gehwol","status":"publish","type":"product","link":"https:\/\/accesbeaute.ca\/en\/buy\/hydrolipid-lotion-fusskraft-gehwol\/","title":{"rendered":"Hydrolipid-Lotion &#8211; Fusskraft"},"content":{"rendered":"<p>GEHWOL FUSSKRAFT Hydrolipid-Lotion is an easily distributed lotion for the daily care of dry skin on the feet and legs. It is quickly absorbed and compensates for a lack of lipids and moisture.<\/p>\n<p>The natural protective function of the skin is rebalanced.<br \/>\nThe active ingredients of urea and glycerine bind moisture in the deeper layers of the skin, hard skin becomes smooth and excess new skin formation is reduced. Avocado oil and jojoba oil replenish the lipids missing from dry skin.<\/p>\n<p>Ceramides are an important component of the skin\u2019s own protective function. They strengthen the barrier layer and protect the skin from drying out. Excessive scaling of the skin is reduced. The daily use of GEHWOL FUSSKRAFT Hydrolipid-Lotion helps prevent foot odours and fungal infections.<\/p>\n<p>Unscented. Dermatologically tested.<br \/>\nAlso highly suitable for diabetics.<br \/>\nUse daily.<\/p>\n","protected":false},"excerpt":{"rendered":"<hr class=\"ligne-grise\" \/>\n<p><strong>Brand:<\/strong> <a href=\"\/buy\/gehwol\">Gehwol<\/a><\/p>\n<p>Intensive care, sustained moisture retention.<\/p>\n","protected":false},"featured_media":2033,"template":"","meta":{"_et_pb_use_builder":"","_et_pb_old_content":"","_et_gb_content_width":""},"product_brand":[],"product_cat":[197,246,245,198],"product_tag":[203],"class_list":{"0":"post-2032","1":"product","2":"type-product","3":"status-publish","4":"has-post-thumbnail","6":"product_cat-gehwol-en","7":"product_cat-soins-pour-la-corne-et-les-gercures-des-pieds-en","8":"product_cat-soins-pour-la-peau-seche-et-rugueuse-des-pieds","9":"product_cat-soins-pour-les-infections-des-pieds-en","10":"product_tag-gehwol-en","12":"first","13":"instock","14":"taxable","15":"shipping-taxable","16":"purchasable","17":"product-type-simple"},"yoast_head":"<!-- This site is optimized with the Yoast SEO plugin v27.3 - https:\/\/yoast.com\/product\/yoast-seo-wordpress\/ -->\n<title>Hydrolipid-Lotion - Fusskraft  - Achat en ligne<\/title>\n<meta name=\"description\" content=\"%\" \/>\n<meta name=\"robots\" content=\"index, follow, max-snippet:-1, max-image-preview:large, max-video-preview:-1\" \/>\n<link rel=\"canonical\" href=\"https:\/\/accesbeaute.ca\/en\/buy\/hydrolipid-lotion-fusskraft-gehwol\/\" \/>\n<meta property=\"og:locale\" content=\"en_US\" \/>\n<meta property=\"og:type\" content=\"article\" \/>\n<meta property=\"og:title\" content=\"Hydrolipid-Lotion - Fusskraft  - Achat en ligne\" \/>\n<meta property=\"og:description\" content=\"%\" \/>\n<meta property=\"og:url\" content=\"https:\/\/accesbeaute.ca\/en\/buy\/hydrolipid-lotion-fusskraft-gehwol\/\" \/>\n<meta property=\"og:site_name\" content=\"Acc\u00e8s Beaut\u00e9\" \/>\n<meta property=\"article:modified_time\" content=\"2020-12-02T14:50:55+00:00\" \/>\n<meta property=\"og:image\" content=\"https:\/\/accesbeaute.ca\/wp-content\/uploads\/2018\/07\/lotion-hydro-lipidique-fusskraft-soin-intensif-qui-fixe-l-hydratation-par-gehwol.jpg\" \/>\n\t<meta property=\"og:image:width\" content=\"1200\" \/>\n\t<meta property=\"og:image:height\" content=\"1200\" \/>\n\t<meta property=\"og:image:type\" content=\"image\/jpeg\" \/>\n<meta name=\"twitter:card\" content=\"summary_large_image\" \/>\n<meta name=\"twitter:label1\" content=\"Est. reading time\" \/>\n\t<meta name=\"twitter:data1\" content=\"1 minute\" \/>\n<script type=\"application\/ld+json\" class=\"yoast-schema-graph\">{\"@context\":\"https:\\\/\\\/schema.org\",\"@graph\":[{\"@type\":\"WebPage\",\"@id\":\"https:\\\/\\\/accesbeaute.ca\\\/en\\\/buy\\\/hydrolipid-lotion-fusskraft-gehwol\\\/\",\"url\":\"https:\\\/\\\/accesbeaute.ca\\\/en\\\/buy\\\/hydrolipid-lotion-fusskraft-gehwol\\\/\",\"name\":\"Hydrolipid-Lotion - Fusskraft - Achat en ligne\",\"isPartOf\":{\"@id\":\"https:\\\/\\\/accesbeaute.ca\\\/en\\\/#website\"},\"primaryImageOfPage\":{\"@id\":\"https:\\\/\\\/accesbeaute.ca\\\/en\\\/buy\\\/hydrolipid-lotion-fusskraft-gehwol\\\/#primaryimage\"},\"image\":{\"@id\":\"https:\\\/\\\/accesbeaute.ca\\\/en\\\/buy\\\/hydrolipid-lotion-fusskraft-gehwol\\\/#primaryimage\"},\"thumbnailUrl\":\"https:\\\/\\\/accesbeaute.ca\\\/wp-content\\\/uploads\\\/2018\\\/07\\\/lotion-hydro-lipidique-fusskraft-soin-intensif-qui-fixe-l-hydratation-par-gehwol.jpg\",\"datePublished\":\"2018-07-28T18:08:03+00:00\",\"dateModified\":\"2020-12-02T14:50:55+00:00\",\"description\":\"%\",\"breadcrumb\":{\"@id\":\"https:\\\/\\\/accesbeaute.ca\\\/en\\\/buy\\\/hydrolipid-lotion-fusskraft-gehwol\\\/#breadcrumb\"},\"inLanguage\":\"en-US\",\"potentialAction\":[{\"@type\":\"ReadAction\",\"target\":[\"https:\\\/\\\/accesbeaute.ca\\\/en\\\/buy\\\/hydrolipid-lotion-fusskraft-gehwol\\\/\"]}]},{\"@type\":\"ImageObject\",\"inLanguage\":\"en-US\",\"@id\":\"https:\\\/\\\/accesbeaute.ca\\\/en\\\/buy\\\/hydrolipid-lotion-fusskraft-gehwol\\\/#primaryimage\",\"url\":\"https:\\\/\\\/accesbeaute.ca\\\/wp-content\\\/uploads\\\/2018\\\/07\\\/lotion-hydro-lipidique-fusskraft-soin-intensif-qui-fixe-l-hydratation-par-gehwol.jpg\",\"contentUrl\":\"https:\\\/\\\/accesbeaute.ca\\\/wp-content\\\/uploads\\\/2018\\\/07\\\/lotion-hydro-lipidique-fusskraft-soin-intensif-qui-fixe-l-hydratation-par-gehwol.jpg\",\"width\":1200,\"height\":1200,\"caption\":\"Hydrolipid-Lotion - Fusskraft Gehwol\"},{\"@type\":\"BreadcrumbList\",\"@id\":\"https:\\\/\\\/accesbeaute.ca\\\/en\\\/buy\\\/hydrolipid-lotion-fusskraft-gehwol\\\/#breadcrumb\",\"itemListElement\":[{\"@type\":\"ListItem\",\"position\":1,\"name\":\"Accueil\",\"item\":\"https:\\\/\\\/accesbeaute.ca\\\/en\\\/\"},{\"@type\":\"ListItem\",\"position\":2,\"name\":\"Boutique\",\"item\":\"https:\\\/\\\/accesbeaute.ca\\\/boutique\\\/\"},{\"@type\":\"ListItem\",\"position\":3,\"name\":\"Gehwol\",\"item\":\"https:\\\/\\\/accesbeaute.ca\\\/en\\\/acheter\\\/gehwol-en\\\/\"},{\"@type\":\"ListItem\",\"position\":4,\"name\":\"Hydrolipid-Lotion &#8211; Fusskraft\"}]},{\"@type\":\"WebSite\",\"@id\":\"https:\\\/\\\/accesbeaute.ca\\\/en\\\/#website\",\"url\":\"https:\\\/\\\/accesbeaute.ca\\\/en\\\/\",\"name\":\"Acc\u00e8s Beaut\u00e9\",\"description\":\"Achat de produits de beaut\u00e9 en ligne\",\"potentialAction\":[{\"@type\":\"SearchAction\",\"target\":{\"@type\":\"EntryPoint\",\"urlTemplate\":\"https:\\\/\\\/accesbeaute.ca\\\/en\\\/?s={search_term_string}\"},\"query-input\":{\"@type\":\"PropertyValueSpecification\",\"valueRequired\":true,\"valueName\":\"search_term_string\"}}],\"inLanguage\":\"en-US\"}]}<\/script>\n<!-- \/ Yoast SEO plugin. -->","yoast_head_json":{"title":"Hydrolipid-Lotion - Fusskraft  - Achat en ligne","description":"%","robots":{"index":"index","follow":"follow","max-snippet":"max-snippet:-1","max-image-preview":"max-image-preview:large","max-video-preview":"max-video-preview:-1"},"canonical":"https:\/\/accesbeaute.ca\/en\/buy\/hydrolipid-lotion-fusskraft-gehwol\/","og_locale":"en_US","og_type":"article","og_title":"Hydrolipid-Lotion - Fusskraft  - Achat en ligne","og_description":"%","og_url":"https:\/\/accesbeaute.ca\/en\/buy\/hydrolipid-lotion-fusskraft-gehwol\/","og_site_name":"Acc\u00e8s Beaut\u00e9","article_modified_time":"2020-12-02T14:50:55+00:00","og_image":[{"width":1200,"height":1200,"url":"https:\/\/accesbeaute.ca\/wp-content\/uploads\/2018\/07\/lotion-hydro-lipidique-fusskraft-soin-intensif-qui-fixe-l-hydratation-par-gehwol.jpg","type":"image\/jpeg"}],"twitter_card":"summary_large_image","twitter_misc":{"Est. reading time":"1 minute"},"schema":{"@context":"https:\/\/schema.org","@graph":[{"@type":"WebPage","@id":"https:\/\/accesbeaute.ca\/en\/buy\/hydrolipid-lotion-fusskraft-gehwol\/","url":"https:\/\/accesbeaute.ca\/en\/buy\/hydrolipid-lotion-fusskraft-gehwol\/","name":"Hydrolipid-Lotion - Fusskraft - Achat en ligne","isPartOf":{"@id":"https:\/\/accesbeaute.ca\/en\/#website"},"primaryImageOfPage":{"@id":"https:\/\/accesbeaute.ca\/en\/buy\/hydrolipid-lotion-fusskraft-gehwol\/#primaryimage"},"image":{"@id":"https:\/\/accesbeaute.ca\/en\/buy\/hydrolipid-lotion-fusskraft-gehwol\/#primaryimage"},"thumbnailUrl":"https:\/\/accesbeaute.ca\/wp-content\/uploads\/2018\/07\/lotion-hydro-lipidique-fusskraft-soin-intensif-qui-fixe-l-hydratation-par-gehwol.jpg","datePublished":"2018-07-28T18:08:03+00:00","dateModified":"2020-12-02T14:50:55+00:00","description":"%","breadcrumb":{"@id":"https:\/\/accesbeaute.ca\/en\/buy\/hydrolipid-lotion-fusskraft-gehwol\/#breadcrumb"},"inLanguage":"en-US","potentialAction":[{"@type":"ReadAction","target":["https:\/\/accesbeaute.ca\/en\/buy\/hydrolipid-lotion-fusskraft-gehwol\/"]}]},{"@type":"ImageObject","inLanguage":"en-US","@id":"https:\/\/accesbeaute.ca\/en\/buy\/hydrolipid-lotion-fusskraft-gehwol\/#primaryimage","url":"https:\/\/accesbeaute.ca\/wp-content\/uploads\/2018\/07\/lotion-hydro-lipidique-fusskraft-soin-intensif-qui-fixe-l-hydratation-par-gehwol.jpg","contentUrl":"https:\/\/accesbeaute.ca\/wp-content\/uploads\/2018\/07\/lotion-hydro-lipidique-fusskraft-soin-intensif-qui-fixe-l-hydratation-par-gehwol.jpg","width":1200,"height":1200,"caption":"Hydrolipid-Lotion - Fusskraft Gehwol"},{"@type":"BreadcrumbList","@id":"https:\/\/accesbeaute.ca\/en\/buy\/hydrolipid-lotion-fusskraft-gehwol\/#breadcrumb","itemListElement":[{"@type":"ListItem","position":1,"name":"Accueil","item":"https:\/\/accesbeaute.ca\/en\/"},{"@type":"ListItem","position":2,"name":"Boutique","item":"https:\/\/accesbeaute.ca\/boutique\/"},{"@type":"ListItem","position":3,"name":"Gehwol","item":"https:\/\/accesbeaute.ca\/en\/acheter\/gehwol-en\/"},{"@type":"ListItem","position":4,"name":"Hydrolipid-Lotion &#8211; Fusskraft"}]},{"@type":"WebSite","@id":"https:\/\/accesbeaute.ca\/en\/#website","url":"https:\/\/accesbeaute.ca\/en\/","name":"Acc\u00e8s Beaut\u00e9","description":"Achat de produits de beaut\u00e9 en ligne","potentialAction":[{"@type":"SearchAction","target":{"@type":"EntryPoint","urlTemplate":"https:\/\/accesbeaute.ca\/en\/?s={search_term_string}"},"query-input":{"@type":"PropertyValueSpecification","valueRequired":true,"valueName":"search_term_string"}}],"inLanguage":"en-US"}]}},"_links":{"self":[{"href":"https:\/\/accesbeaute.ca\/en\/wp-json\/wp\/v2\/product\/2032","targetHints":{"allow":["GET"]}}],"collection":[{"href":"https:\/\/accesbeaute.ca\/en\/wp-json\/wp\/v2\/product"}],"about":[{"href":"https:\/\/accesbeaute.ca\/en\/wp-json\/wp\/v2\/types\/product"}],"wp:featuredmedia":[{"embeddable":true,"href":"https:\/\/accesbeaute.ca\/en\/wp-json\/wp\/v2\/media\/2033"}],"wp:attachment":[{"href":"https:\/\/accesbeaute.ca\/en\/wp-json\/wp\/v2\/media?parent=2032"}],"wp:term":[{"taxonomy":"product_brand","embeddable":true,"href":"https:\/\/accesbeaute.ca\/en\/wp-json\/wp\/v2\/product_brand?post=2032"},{"taxonomy":"product_cat","embeddable":true,"href":"https:\/\/accesbeaute.ca\/en\/wp-json\/wp\/v2\/product_cat?post=2032"},{"taxonomy":"product_tag","embeddable":true,"href":"https:\/\/accesbeaute.ca\/en\/wp-json\/wp\/v2\/product_tag?post=2032"}],"curies":[{"name":"wp","href":"https:\/\/api.w.org\/{rel}","templated":true}]}}