{"id":2036,"date":"2018-07-28T18:08:03","date_gmt":"2018-07-28T18:08:03","guid":{"rendered":"https:\/\/accesbeaute.ca\/achat\/fusskraft-blue-gehwol\/"},"modified":"2024-12-03T05:53:24","modified_gmt":"2024-12-03T05:53:24","slug":"fusskraft-blue-gehwol","status":"publish","type":"product","link":"https:\/\/accesbeaute.ca\/en\/buy\/fusskraft-blue-gehwol\/","title":{"rendered":"Fusskraft Blue &#8211; Moisturising, naturally fresh"},"content":{"rendered":"<p>GEHWOL FUSSKRAFT BLUE contains tried and tested effective ingredients for the prevention of foot odour, helps to prevent infections and itching between the toes. Natural caring oils such as lanolin are combined with moisturising aloe vera and urea to provide essential care for dry, rough skin on the feet, helping to restore the skin\u2019s elasticity, suppleness and smoothness.<\/p>\n<p>The natural essential oils of rosemary, mountain pine and lavender, invigorating camphor and cooling menthol contained in GEHWOL FUSSKRAFT BLUE relieve sore, aching feet immediately. Strengthens and revitalises the feet.<\/p>\n<p>Dermatologically tested.<br \/>\nAlso highly suitable for diabetics.<\/p>\n","protected":false},"excerpt":{"rendered":"<hr class=\"ligne-grise\" \/>\n<p><strong>Brand:<\/strong> <a href=\"\/buy\/gehwol\">Gehwol<\/a><\/p>\n<p>Moisturising, naturally fresh.<\/p>\n","protected":false},"featured_media":340,"template":"","meta":{"_et_pb_use_builder":"","_et_pb_old_content":"","_et_gb_content_width":""},"product_brand":[],"product_cat":[197,241,246,245,251,198,250],"product_tag":[203],"class_list":{"0":"post-2036","1":"product","2":"type-product","3":"status-publish","4":"has-post-thumbnail","6":"product_cat-gehwol-en","7":"product_cat-soins-adoucissants-pour-les-pieds-en","8":"product_cat-soins-pour-la-corne-et-les-gercures-des-pieds-en","9":"product_cat-soins-pour-la-peau-seche-et-rugueuse-des-pieds","10":"product_cat-soins-pour-la-transpiration-des-pieds-en","11":"product_cat-soins-pour-les-infections-des-pieds-en","12":"product_cat-soins-pour-les-odeurs-des-pieds-en","13":"product_tag-gehwol-en","15":"first","16":"instock","17":"taxable","18":"shipping-taxable","19":"purchasable","20":"product-type-variable"},"yoast_head":"<!-- This site is optimized with the Yoast SEO plugin v27.3 - https:\/\/yoast.com\/product\/yoast-seo-wordpress\/ -->\n<title>Fusskraft Blue - Moisturising, naturally fresh  - Achat en ligne<\/title>\n<meta name=\"description\" content=\"%\" \/>\n<meta name=\"robots\" content=\"index, follow, max-snippet:-1, max-image-preview:large, max-video-preview:-1\" \/>\n<link rel=\"canonical\" href=\"https:\/\/accesbeaute.ca\/en\/buy\/fusskraft-blue-gehwol\/\" \/>\n<meta property=\"og:locale\" content=\"en_US\" \/>\n<meta property=\"og:type\" content=\"article\" \/>\n<meta property=\"og:title\" content=\"Fusskraft Blue - Moisturising, naturally fresh  - Achat en ligne\" \/>\n<meta property=\"og:description\" content=\"%\" \/>\n<meta property=\"og:url\" content=\"https:\/\/accesbeaute.ca\/en\/buy\/fusskraft-blue-gehwol\/\" \/>\n<meta property=\"og:site_name\" content=\"Acc\u00e8s Beaut\u00e9\" \/>\n<meta property=\"article:modified_time\" content=\"2024-12-03T05:53:24+00:00\" \/>\n<meta name=\"twitter:card\" content=\"summary_large_image\" \/>\n<script type=\"application\/ld+json\" class=\"yoast-schema-graph\">{\"@context\":\"https:\\\/\\\/schema.org\",\"@graph\":[{\"@type\":\"WebPage\",\"@id\":\"https:\\\/\\\/accesbeaute.ca\\\/en\\\/buy\\\/fusskraft-blue-gehwol\\\/\",\"url\":\"https:\\\/\\\/accesbeaute.ca\\\/en\\\/buy\\\/fusskraft-blue-gehwol\\\/\",\"name\":\"Fusskraft Blue - Moisturising, naturally fresh - Achat en ligne\",\"isPartOf\":{\"@id\":\"https:\\\/\\\/accesbeaute.ca\\\/en\\\/#website\"},\"primaryImageOfPage\":{\"@id\":\"https:\\\/\\\/accesbeaute.ca\\\/en\\\/buy\\\/fusskraft-blue-gehwol\\\/#primaryimage\"},\"image\":{\"@id\":\"https:\\\/\\\/accesbeaute.ca\\\/en\\\/buy\\\/fusskraft-blue-gehwol\\\/#primaryimage\"},\"thumbnailUrl\":\"https:\\\/\\\/accesbeaute.ca\\\/wp-content\\\/uploads\\\/2018\\\/07\\\/fusskraft-bleu-hydratant-naturel-frais-pour-les-pieds-par-gehwol.jpg\",\"datePublished\":\"2018-07-28T18:08:03+00:00\",\"dateModified\":\"2024-12-03T05:53:24+00:00\",\"description\":\"%\",\"breadcrumb\":{\"@id\":\"https:\\\/\\\/accesbeaute.ca\\\/en\\\/buy\\\/fusskraft-blue-gehwol\\\/#breadcrumb\"},\"inLanguage\":\"en-US\",\"potentialAction\":[{\"@type\":\"ReadAction\",\"target\":[\"https:\\\/\\\/accesbeaute.ca\\\/en\\\/buy\\\/fusskraft-blue-gehwol\\\/\"]}]},{\"@type\":\"ImageObject\",\"inLanguage\":\"en-US\",\"@id\":\"https:\\\/\\\/accesbeaute.ca\\\/en\\\/buy\\\/fusskraft-blue-gehwol\\\/#primaryimage\",\"url\":\"https:\\\/\\\/accesbeaute.ca\\\/wp-content\\\/uploads\\\/2018\\\/07\\\/fusskraft-bleu-hydratant-naturel-frais-pour-les-pieds-par-gehwol.jpg\",\"contentUrl\":\"https:\\\/\\\/accesbeaute.ca\\\/wp-content\\\/uploads\\\/2018\\\/07\\\/fusskraft-bleu-hydratant-naturel-frais-pour-les-pieds-par-gehwol.jpg\",\"width\":1200,\"height\":1200},{\"@type\":\"BreadcrumbList\",\"@id\":\"https:\\\/\\\/accesbeaute.ca\\\/en\\\/buy\\\/fusskraft-blue-gehwol\\\/#breadcrumb\",\"itemListElement\":[{\"@type\":\"ListItem\",\"position\":1,\"name\":\"Accueil\",\"item\":\"https:\\\/\\\/accesbeaute.ca\\\/en\\\/\"},{\"@type\":\"ListItem\",\"position\":2,\"name\":\"Boutique\",\"item\":\"https:\\\/\\\/accesbeaute.ca\\\/boutique\\\/\"},{\"@type\":\"ListItem\",\"position\":3,\"name\":\"Gehwol\",\"item\":\"https:\\\/\\\/accesbeaute.ca\\\/en\\\/acheter\\\/gehwol-en\\\/\"},{\"@type\":\"ListItem\",\"position\":4,\"name\":\"Fusskraft Blue &#8211; Moisturising, naturally fresh\"}]},{\"@type\":\"WebSite\",\"@id\":\"https:\\\/\\\/accesbeaute.ca\\\/en\\\/#website\",\"url\":\"https:\\\/\\\/accesbeaute.ca\\\/en\\\/\",\"name\":\"Acc\u00e8s Beaut\u00e9\",\"description\":\"Achat de produits de beaut\u00e9 en ligne\",\"potentialAction\":[{\"@type\":\"SearchAction\",\"target\":{\"@type\":\"EntryPoint\",\"urlTemplate\":\"https:\\\/\\\/accesbeaute.ca\\\/en\\\/?s={search_term_string}\"},\"query-input\":{\"@type\":\"PropertyValueSpecification\",\"valueRequired\":true,\"valueName\":\"search_term_string\"}}],\"inLanguage\":\"en-US\"}]}<\/script>\n<!-- \/ Yoast SEO plugin. -->","yoast_head_json":{"title":"Fusskraft Blue - Moisturising, naturally fresh  - Achat en ligne","description":"%","robots":{"index":"index","follow":"follow","max-snippet":"max-snippet:-1","max-image-preview":"max-image-preview:large","max-video-preview":"max-video-preview:-1"},"canonical":"https:\/\/accesbeaute.ca\/en\/buy\/fusskraft-blue-gehwol\/","og_locale":"en_US","og_type":"article","og_title":"Fusskraft Blue - Moisturising, naturally fresh  - Achat en ligne","og_description":"%","og_url":"https:\/\/accesbeaute.ca\/en\/buy\/fusskraft-blue-gehwol\/","og_site_name":"Acc\u00e8s Beaut\u00e9","article_modified_time":"2024-12-03T05:53:24+00:00","twitter_card":"summary_large_image","schema":{"@context":"https:\/\/schema.org","@graph":[{"@type":"WebPage","@id":"https:\/\/accesbeaute.ca\/en\/buy\/fusskraft-blue-gehwol\/","url":"https:\/\/accesbeaute.ca\/en\/buy\/fusskraft-blue-gehwol\/","name":"Fusskraft Blue - Moisturising, naturally fresh - Achat en ligne","isPartOf":{"@id":"https:\/\/accesbeaute.ca\/en\/#website"},"primaryImageOfPage":{"@id":"https:\/\/accesbeaute.ca\/en\/buy\/fusskraft-blue-gehwol\/#primaryimage"},"image":{"@id":"https:\/\/accesbeaute.ca\/en\/buy\/fusskraft-blue-gehwol\/#primaryimage"},"thumbnailUrl":"https:\/\/accesbeaute.ca\/wp-content\/uploads\/2018\/07\/fusskraft-bleu-hydratant-naturel-frais-pour-les-pieds-par-gehwol.jpg","datePublished":"2018-07-28T18:08:03+00:00","dateModified":"2024-12-03T05:53:24+00:00","description":"%","breadcrumb":{"@id":"https:\/\/accesbeaute.ca\/en\/buy\/fusskraft-blue-gehwol\/#breadcrumb"},"inLanguage":"en-US","potentialAction":[{"@type":"ReadAction","target":["https:\/\/accesbeaute.ca\/en\/buy\/fusskraft-blue-gehwol\/"]}]},{"@type":"ImageObject","inLanguage":"en-US","@id":"https:\/\/accesbeaute.ca\/en\/buy\/fusskraft-blue-gehwol\/#primaryimage","url":"https:\/\/accesbeaute.ca\/wp-content\/uploads\/2018\/07\/fusskraft-bleu-hydratant-naturel-frais-pour-les-pieds-par-gehwol.jpg","contentUrl":"https:\/\/accesbeaute.ca\/wp-content\/uploads\/2018\/07\/fusskraft-bleu-hydratant-naturel-frais-pour-les-pieds-par-gehwol.jpg","width":1200,"height":1200},{"@type":"BreadcrumbList","@id":"https:\/\/accesbeaute.ca\/en\/buy\/fusskraft-blue-gehwol\/#breadcrumb","itemListElement":[{"@type":"ListItem","position":1,"name":"Accueil","item":"https:\/\/accesbeaute.ca\/en\/"},{"@type":"ListItem","position":2,"name":"Boutique","item":"https:\/\/accesbeaute.ca\/boutique\/"},{"@type":"ListItem","position":3,"name":"Gehwol","item":"https:\/\/accesbeaute.ca\/en\/acheter\/gehwol-en\/"},{"@type":"ListItem","position":4,"name":"Fusskraft Blue &#8211; Moisturising, naturally fresh"}]},{"@type":"WebSite","@id":"https:\/\/accesbeaute.ca\/en\/#website","url":"https:\/\/accesbeaute.ca\/en\/","name":"Acc\u00e8s Beaut\u00e9","description":"Achat de produits de beaut\u00e9 en ligne","potentialAction":[{"@type":"SearchAction","target":{"@type":"EntryPoint","urlTemplate":"https:\/\/accesbeaute.ca\/en\/?s={search_term_string}"},"query-input":{"@type":"PropertyValueSpecification","valueRequired":true,"valueName":"search_term_string"}}],"inLanguage":"en-US"}]}},"_links":{"self":[{"href":"https:\/\/accesbeaute.ca\/en\/wp-json\/wp\/v2\/product\/2036","targetHints":{"allow":["GET"]}}],"collection":[{"href":"https:\/\/accesbeaute.ca\/en\/wp-json\/wp\/v2\/product"}],"about":[{"href":"https:\/\/accesbeaute.ca\/en\/wp-json\/wp\/v2\/types\/product"}],"wp:featuredmedia":[{"embeddable":true,"href":"https:\/\/accesbeaute.ca\/en\/wp-json\/wp\/v2\/media\/340"}],"wp:attachment":[{"href":"https:\/\/accesbeaute.ca\/en\/wp-json\/wp\/v2\/media?parent=2036"}],"wp:term":[{"taxonomy":"product_brand","embeddable":true,"href":"https:\/\/accesbeaute.ca\/en\/wp-json\/wp\/v2\/product_brand?post=2036"},{"taxonomy":"product_cat","embeddable":true,"href":"https:\/\/accesbeaute.ca\/en\/wp-json\/wp\/v2\/product_cat?post=2036"},{"taxonomy":"product_tag","embeddable":true,"href":"https:\/\/accesbeaute.ca\/en\/wp-json\/wp\/v2\/product_tag?post=2036"}],"curies":[{"name":"wp","href":"https:\/\/api.w.org\/{rel}","templated":true}]}}