{"id":2046,"date":"2018-07-28T18:08:25","date_gmt":"2018-07-28T18:08:25","guid":{"rendered":"https:\/\/accesbeaute.ca\/achat\/fusskraft-mint-cooling-foot-balm-gehwol\/"},"modified":"2024-12-03T05:53:24","modified_gmt":"2024-12-03T05:53:24","slug":"fusskraft-mint-cooling-foot-balm-gehwol","status":"publish","type":"product","link":"https:\/\/accesbeaute.ca\/en\/buy\/fusskraft-mint-cooling-foot-balm-gehwol\/","title":{"rendered":"Fusskraft Mint &#8211; Cooling foot balm"},"content":{"rendered":"<p>GEHWOL FUSSKRAFT MINT makes your feet fresh and fit, before or after an active day.<\/p>\n<p>It combines the revitalising icy freshness of a cooling mint lotion composed of an Asian medicinal plant oil with the gentle caring effect of a balm that is immediately absorbed.<\/p>\n<p>Natural menthol, essential oils from rosemary, mountain pine and avender refresh and strengthen tired and aching feet instantly.<\/p>\n<p>GEHWOL FUSSKRAFT MINT provides long-lasting protection against foot odour. Well-tried antiseptics help to prevent infections and itching between the toes.<br \/>\nThinly spread the cream on your feet and legs and gently rub in. It is quickly absorbed, non-greasing, refreshes and gives you the feeling of having clean and supple feet.<\/p>\n<p>Dermatologically tested.<br \/>\nAlso highly suitable for diabetics.<\/p>\n","protected":false},"excerpt":{"rendered":"<hr class=\"ligne-grise\" \/>\n<p><strong>Brand:<\/strong> <a href=\"\/buy\/gehwol\">Gehwol<\/a><\/p>\n<p>Cooling foot balm \u2013 mint fresh \u2013 absorbed rapidly.<\/p>\n","protected":false},"featured_media":2047,"template":"","meta":{"_et_pb_use_builder":"","_et_pb_old_content":"","_et_gb_content_width":""},"product_brand":[],"product_cat":[197,198,250,242],"product_tag":[203],"class_list":{"0":"post-2046","1":"product","2":"type-product","3":"status-publish","4":"has-post-thumbnail","6":"product_cat-gehwol-en","7":"product_cat-soins-pour-les-infections-des-pieds-en","8":"product_cat-soins-pour-les-odeurs-des-pieds-en","9":"product_cat-soins-pour-les-pieds-brulants-et-fatigues-en","10":"product_tag-gehwol-en","12":"first","13":"instock","14":"taxable","15":"shipping-taxable","16":"purchasable","17":"product-type-variable"},"yoast_head":"<!-- This site is optimized with the Yoast SEO plugin v27.3 - https:\/\/yoast.com\/product\/yoast-seo-wordpress\/ -->\n<title>Fusskraft Mint - Cooling foot balm  - Achat en ligne<\/title>\n<meta name=\"description\" content=\"%\" \/>\n<meta name=\"robots\" content=\"index, follow, max-snippet:-1, max-image-preview:large, max-video-preview:-1\" \/>\n<link rel=\"canonical\" href=\"https:\/\/accesbeaute.ca\/en\/buy\/fusskraft-mint-cooling-foot-balm-gehwol\/\" \/>\n<meta property=\"og:locale\" content=\"en_US\" \/>\n<meta property=\"og:type\" content=\"article\" \/>\n<meta property=\"og:title\" content=\"Fusskraft Mint - Cooling foot balm  - Achat en ligne\" \/>\n<meta property=\"og:description\" content=\"%\" \/>\n<meta property=\"og:url\" content=\"https:\/\/accesbeaute.ca\/en\/buy\/fusskraft-mint-cooling-foot-balm-gehwol\/\" \/>\n<meta property=\"og:site_name\" content=\"Acc\u00e8s Beaut\u00e9\" \/>\n<meta property=\"article:modified_time\" content=\"2024-12-03T05:53:24+00:00\" \/>\n<meta property=\"og:image\" content=\"https:\/\/accesbeaute.ca\/wp-content\/uploads\/2018\/07\/fusskraft-menthe-baume-rafraichissant-pour-les-pieds-par-gehwol.jpg\" \/>\n\t<meta property=\"og:image:width\" content=\"1200\" \/>\n\t<meta property=\"og:image:height\" content=\"1200\" \/>\n\t<meta property=\"og:image:type\" content=\"image\/jpeg\" \/>\n<meta name=\"twitter:card\" content=\"summary_large_image\" \/>\n<meta name=\"twitter:label1\" content=\"Est. reading time\" \/>\n\t<meta name=\"twitter:data1\" content=\"1 minute\" \/>\n<script type=\"application\/ld+json\" class=\"yoast-schema-graph\">{\"@context\":\"https:\\\/\\\/schema.org\",\"@graph\":[{\"@type\":\"WebPage\",\"@id\":\"https:\\\/\\\/accesbeaute.ca\\\/en\\\/buy\\\/fusskraft-mint-cooling-foot-balm-gehwol\\\/\",\"url\":\"https:\\\/\\\/accesbeaute.ca\\\/en\\\/buy\\\/fusskraft-mint-cooling-foot-balm-gehwol\\\/\",\"name\":\"Fusskraft Mint - Cooling foot balm - Achat en ligne\",\"isPartOf\":{\"@id\":\"https:\\\/\\\/accesbeaute.ca\\\/en\\\/#website\"},\"primaryImageOfPage\":{\"@id\":\"https:\\\/\\\/accesbeaute.ca\\\/en\\\/buy\\\/fusskraft-mint-cooling-foot-balm-gehwol\\\/#primaryimage\"},\"image\":{\"@id\":\"https:\\\/\\\/accesbeaute.ca\\\/en\\\/buy\\\/fusskraft-mint-cooling-foot-balm-gehwol\\\/#primaryimage\"},\"thumbnailUrl\":\"https:\\\/\\\/accesbeaute.ca\\\/wp-content\\\/uploads\\\/2018\\\/07\\\/fusskraft-menthe-baume-rafraichissant-pour-les-pieds-par-gehwol.jpg\",\"datePublished\":\"2018-07-28T18:08:25+00:00\",\"dateModified\":\"2024-12-03T05:53:24+00:00\",\"description\":\"%\",\"breadcrumb\":{\"@id\":\"https:\\\/\\\/accesbeaute.ca\\\/en\\\/buy\\\/fusskraft-mint-cooling-foot-balm-gehwol\\\/#breadcrumb\"},\"inLanguage\":\"en-US\",\"potentialAction\":[{\"@type\":\"ReadAction\",\"target\":[\"https:\\\/\\\/accesbeaute.ca\\\/en\\\/buy\\\/fusskraft-mint-cooling-foot-balm-gehwol\\\/\"]}]},{\"@type\":\"ImageObject\",\"inLanguage\":\"en-US\",\"@id\":\"https:\\\/\\\/accesbeaute.ca\\\/en\\\/buy\\\/fusskraft-mint-cooling-foot-balm-gehwol\\\/#primaryimage\",\"url\":\"https:\\\/\\\/accesbeaute.ca\\\/wp-content\\\/uploads\\\/2018\\\/07\\\/fusskraft-menthe-baume-rafraichissant-pour-les-pieds-par-gehwol.jpg\",\"contentUrl\":\"https:\\\/\\\/accesbeaute.ca\\\/wp-content\\\/uploads\\\/2018\\\/07\\\/fusskraft-menthe-baume-rafraichissant-pour-les-pieds-par-gehwol.jpg\",\"width\":1200,\"height\":1200,\"caption\":\"Fusskraft Mint - Cooling foot balm Gehwol\"},{\"@type\":\"BreadcrumbList\",\"@id\":\"https:\\\/\\\/accesbeaute.ca\\\/en\\\/buy\\\/fusskraft-mint-cooling-foot-balm-gehwol\\\/#breadcrumb\",\"itemListElement\":[{\"@type\":\"ListItem\",\"position\":1,\"name\":\"Accueil\",\"item\":\"https:\\\/\\\/accesbeaute.ca\\\/en\\\/\"},{\"@type\":\"ListItem\",\"position\":2,\"name\":\"Boutique\",\"item\":\"https:\\\/\\\/accesbeaute.ca\\\/boutique\\\/\"},{\"@type\":\"ListItem\",\"position\":3,\"name\":\"Produits de beaut\u00e9\",\"item\":\"https:\\\/\\\/accesbeaute.ca\\\/acheter\\\/produits-de-beaute\\\/\"},{\"@type\":\"ListItem\",\"position\":4,\"name\":\"Soins des pieds\",\"item\":\"https:\\\/\\\/accesbeaute.ca\\\/acheter\\\/soin-des-pieds\\\/\"},{\"@type\":\"ListItem\",\"position\":5,\"name\":\"Soins pour les odeurs des pieds\",\"item\":\"https:\\\/\\\/accesbeaute.ca\\\/en\\\/acheter\\\/soins-pour-les-odeurs-des-pieds-en\\\/\"},{\"@type\":\"ListItem\",\"position\":6,\"name\":\"Fusskraft Mint &#8211; Cooling foot balm\"}]},{\"@type\":\"WebSite\",\"@id\":\"https:\\\/\\\/accesbeaute.ca\\\/en\\\/#website\",\"url\":\"https:\\\/\\\/accesbeaute.ca\\\/en\\\/\",\"name\":\"Acc\u00e8s Beaut\u00e9\",\"description\":\"Achat de produits de beaut\u00e9 en ligne\",\"potentialAction\":[{\"@type\":\"SearchAction\",\"target\":{\"@type\":\"EntryPoint\",\"urlTemplate\":\"https:\\\/\\\/accesbeaute.ca\\\/en\\\/?s={search_term_string}\"},\"query-input\":{\"@type\":\"PropertyValueSpecification\",\"valueRequired\":true,\"valueName\":\"search_term_string\"}}],\"inLanguage\":\"en-US\"}]}<\/script>\n<!-- \/ Yoast SEO plugin. -->","yoast_head_json":{"title":"Fusskraft Mint - Cooling foot balm  - Achat en ligne","description":"%","robots":{"index":"index","follow":"follow","max-snippet":"max-snippet:-1","max-image-preview":"max-image-preview:large","max-video-preview":"max-video-preview:-1"},"canonical":"https:\/\/accesbeaute.ca\/en\/buy\/fusskraft-mint-cooling-foot-balm-gehwol\/","og_locale":"en_US","og_type":"article","og_title":"Fusskraft Mint - Cooling foot balm  - Achat en ligne","og_description":"%","og_url":"https:\/\/accesbeaute.ca\/en\/buy\/fusskraft-mint-cooling-foot-balm-gehwol\/","og_site_name":"Acc\u00e8s Beaut\u00e9","article_modified_time":"2024-12-03T05:53:24+00:00","og_image":[{"width":1200,"height":1200,"url":"https:\/\/accesbeaute.ca\/wp-content\/uploads\/2018\/07\/fusskraft-menthe-baume-rafraichissant-pour-les-pieds-par-gehwol.jpg","type":"image\/jpeg"}],"twitter_card":"summary_large_image","twitter_misc":{"Est. reading time":"1 minute"},"schema":{"@context":"https:\/\/schema.org","@graph":[{"@type":"WebPage","@id":"https:\/\/accesbeaute.ca\/en\/buy\/fusskraft-mint-cooling-foot-balm-gehwol\/","url":"https:\/\/accesbeaute.ca\/en\/buy\/fusskraft-mint-cooling-foot-balm-gehwol\/","name":"Fusskraft Mint - Cooling foot balm - Achat en ligne","isPartOf":{"@id":"https:\/\/accesbeaute.ca\/en\/#website"},"primaryImageOfPage":{"@id":"https:\/\/accesbeaute.ca\/en\/buy\/fusskraft-mint-cooling-foot-balm-gehwol\/#primaryimage"},"image":{"@id":"https:\/\/accesbeaute.ca\/en\/buy\/fusskraft-mint-cooling-foot-balm-gehwol\/#primaryimage"},"thumbnailUrl":"https:\/\/accesbeaute.ca\/wp-content\/uploads\/2018\/07\/fusskraft-menthe-baume-rafraichissant-pour-les-pieds-par-gehwol.jpg","datePublished":"2018-07-28T18:08:25+00:00","dateModified":"2024-12-03T05:53:24+00:00","description":"%","breadcrumb":{"@id":"https:\/\/accesbeaute.ca\/en\/buy\/fusskraft-mint-cooling-foot-balm-gehwol\/#breadcrumb"},"inLanguage":"en-US","potentialAction":[{"@type":"ReadAction","target":["https:\/\/accesbeaute.ca\/en\/buy\/fusskraft-mint-cooling-foot-balm-gehwol\/"]}]},{"@type":"ImageObject","inLanguage":"en-US","@id":"https:\/\/accesbeaute.ca\/en\/buy\/fusskraft-mint-cooling-foot-balm-gehwol\/#primaryimage","url":"https:\/\/accesbeaute.ca\/wp-content\/uploads\/2018\/07\/fusskraft-menthe-baume-rafraichissant-pour-les-pieds-par-gehwol.jpg","contentUrl":"https:\/\/accesbeaute.ca\/wp-content\/uploads\/2018\/07\/fusskraft-menthe-baume-rafraichissant-pour-les-pieds-par-gehwol.jpg","width":1200,"height":1200,"caption":"Fusskraft Mint - Cooling foot balm Gehwol"},{"@type":"BreadcrumbList","@id":"https:\/\/accesbeaute.ca\/en\/buy\/fusskraft-mint-cooling-foot-balm-gehwol\/#breadcrumb","itemListElement":[{"@type":"ListItem","position":1,"name":"Accueil","item":"https:\/\/accesbeaute.ca\/en\/"},{"@type":"ListItem","position":2,"name":"Boutique","item":"https:\/\/accesbeaute.ca\/boutique\/"},{"@type":"ListItem","position":3,"name":"Produits de beaut\u00e9","item":"https:\/\/accesbeaute.ca\/acheter\/produits-de-beaute\/"},{"@type":"ListItem","position":4,"name":"Soins des pieds","item":"https:\/\/accesbeaute.ca\/acheter\/soin-des-pieds\/"},{"@type":"ListItem","position":5,"name":"Soins pour les odeurs des pieds","item":"https:\/\/accesbeaute.ca\/en\/acheter\/soins-pour-les-odeurs-des-pieds-en\/"},{"@type":"ListItem","position":6,"name":"Fusskraft Mint &#8211; Cooling foot balm"}]},{"@type":"WebSite","@id":"https:\/\/accesbeaute.ca\/en\/#website","url":"https:\/\/accesbeaute.ca\/en\/","name":"Acc\u00e8s Beaut\u00e9","description":"Achat de produits de beaut\u00e9 en ligne","potentialAction":[{"@type":"SearchAction","target":{"@type":"EntryPoint","urlTemplate":"https:\/\/accesbeaute.ca\/en\/?s={search_term_string}"},"query-input":{"@type":"PropertyValueSpecification","valueRequired":true,"valueName":"search_term_string"}}],"inLanguage":"en-US"}]}},"_links":{"self":[{"href":"https:\/\/accesbeaute.ca\/en\/wp-json\/wp\/v2\/product\/2046","targetHints":{"allow":["GET"]}}],"collection":[{"href":"https:\/\/accesbeaute.ca\/en\/wp-json\/wp\/v2\/product"}],"about":[{"href":"https:\/\/accesbeaute.ca\/en\/wp-json\/wp\/v2\/types\/product"}],"wp:featuredmedia":[{"embeddable":true,"href":"https:\/\/accesbeaute.ca\/en\/wp-json\/wp\/v2\/media\/2047"}],"wp:attachment":[{"href":"https:\/\/accesbeaute.ca\/en\/wp-json\/wp\/v2\/media?parent=2046"}],"wp:term":[{"taxonomy":"product_brand","embeddable":true,"href":"https:\/\/accesbeaute.ca\/en\/wp-json\/wp\/v2\/product_brand?post=2046"},{"taxonomy":"product_cat","embeddable":true,"href":"https:\/\/accesbeaute.ca\/en\/wp-json\/wp\/v2\/product_cat?post=2046"},{"taxonomy":"product_tag","embeddable":true,"href":"https:\/\/accesbeaute.ca\/en\/wp-json\/wp\/v2\/product_tag?post=2046"}],"curies":[{"name":"wp","href":"https:\/\/api.w.org\/{rel}","templated":true}]}}