{"id":2051,"date":"2018-07-28T18:08:25","date_gmt":"2018-07-28T18:08:25","guid":{"rendered":"https:\/\/accesbeaute.ca\/achat\/fusskraft-red-gehwol\/"},"modified":"2024-12-03T05:53:24","modified_gmt":"2024-12-03T05:53:24","slug":"fusskraft-red-gehwol","status":"publish","type":"product","link":"https:\/\/accesbeaute.ca\/en\/buy\/fusskraft-red-gehwol\/","title":{"rendered":"Fusskraft Red &#8211; For cold feet \u2013 warming"},"content":{"rendered":"<p>GEHWOL FUSSKRAFT RED is a warming balm for dry skin, which gives relief for tired, strained and sore feet.<\/p>\n<p>Revitalising camphor, extracts from paprika and ginger, as well as essential oils from rosemary and mountain pine, stimulate circulation and give pleasant warmth. Hint: You can intensify the warming effect if you treat your feet with a GEHWOL FUSSKRAFT Warming Bath Concentrate beforehand.<\/p>\n<p>Skin-friendly concentrated emollients revitalise dry and brittle skin, making it soft and smooth again. Proven antiseptics prevent foot odour, infections and itching between the toes. Daily hygiene with GEHWOL FUSSKRAFT RED thoroughly warms the feet, maintains healthy skin and makes it smooth.<\/p>\n<p>Dermatologically tested.<br \/>\nAlso highly suitable for diabetics.<\/p>\n","protected":false},"excerpt":{"rendered":"<hr class=\"ligne-grise\" \/>\n<p><strong>Brand:<\/strong> <a href=\"\/buy\/gehwol\">Gehwol<\/a><\/p>\n<p>For cold feet \u2013 warming.<\/p>\n","protected":false},"featured_media":2052,"template":"","meta":{"_et_pb_use_builder":"","_et_pb_old_content":"","_et_gb_content_width":""},"product_brand":[],"product_cat":[197,246,245,251,250,252],"product_tag":[203],"class_list":{"0":"post-2051","1":"product","2":"type-product","3":"status-publish","4":"has-post-thumbnail","6":"product_cat-gehwol-en","7":"product_cat-soins-pour-la-corne-et-les-gercures-des-pieds-en","8":"product_cat-soins-pour-la-peau-seche-et-rugueuse-des-pieds","9":"product_cat-soins-pour-la-transpiration-des-pieds-en","10":"product_cat-soins-pour-les-odeurs-des-pieds-en","11":"product_cat-soins-pour-les-pieds-froids-en","12":"product_tag-gehwol-en","14":"first","15":"instock","16":"taxable","17":"shipping-taxable","18":"purchasable","19":"product-type-variable"},"yoast_head":"<!-- This site is optimized with the Yoast SEO plugin v27.3 - https:\/\/yoast.com\/product\/yoast-seo-wordpress\/ -->\n<title>Fusskraft Red - For cold feet \u2013 warming  - Achat en ligne<\/title>\n<meta name=\"description\" content=\"%\" \/>\n<meta name=\"robots\" content=\"index, follow, max-snippet:-1, max-image-preview:large, max-video-preview:-1\" \/>\n<link rel=\"canonical\" href=\"https:\/\/accesbeaute.ca\/en\/buy\/fusskraft-red-gehwol\/\" \/>\n<meta property=\"og:locale\" content=\"en_US\" \/>\n<meta property=\"og:type\" content=\"article\" \/>\n<meta property=\"og:title\" content=\"Fusskraft Red - For cold feet \u2013 warming  - Achat en ligne\" \/>\n<meta property=\"og:description\" content=\"%\" \/>\n<meta property=\"og:url\" content=\"https:\/\/accesbeaute.ca\/en\/buy\/fusskraft-red-gehwol\/\" \/>\n<meta property=\"og:site_name\" content=\"Acc\u00e8s Beaut\u00e9\" \/>\n<meta property=\"article:modified_time\" content=\"2024-12-03T05:53:24+00:00\" \/>\n<meta property=\"og:image\" content=\"https:\/\/accesbeaute.ca\/wp-content\/uploads\/2018\/07\/fusskraft-rouge-riche-rechauffe-les-pieds-froids-pour-peau-seche-et-gercee-par-gehwol.jpg\" \/>\n\t<meta property=\"og:image:width\" content=\"1200\" \/>\n\t<meta property=\"og:image:height\" content=\"1200\" \/>\n\t<meta property=\"og:image:type\" content=\"image\/jpeg\" \/>\n<meta name=\"twitter:card\" content=\"summary_large_image\" \/>\n<meta name=\"twitter:label1\" content=\"Est. reading time\" \/>\n\t<meta name=\"twitter:data1\" content=\"1 minute\" \/>\n<script type=\"application\/ld+json\" class=\"yoast-schema-graph\">{\"@context\":\"https:\\\/\\\/schema.org\",\"@graph\":[{\"@type\":\"WebPage\",\"@id\":\"https:\\\/\\\/accesbeaute.ca\\\/en\\\/buy\\\/fusskraft-red-gehwol\\\/\",\"url\":\"https:\\\/\\\/accesbeaute.ca\\\/en\\\/buy\\\/fusskraft-red-gehwol\\\/\",\"name\":\"Fusskraft Red - For cold feet \u2013 warming - Achat en ligne\",\"isPartOf\":{\"@id\":\"https:\\\/\\\/accesbeaute.ca\\\/en\\\/#website\"},\"primaryImageOfPage\":{\"@id\":\"https:\\\/\\\/accesbeaute.ca\\\/en\\\/buy\\\/fusskraft-red-gehwol\\\/#primaryimage\"},\"image\":{\"@id\":\"https:\\\/\\\/accesbeaute.ca\\\/en\\\/buy\\\/fusskraft-red-gehwol\\\/#primaryimage\"},\"thumbnailUrl\":\"https:\\\/\\\/accesbeaute.ca\\\/wp-content\\\/uploads\\\/2018\\\/07\\\/fusskraft-rouge-riche-rechauffe-les-pieds-froids-pour-peau-seche-et-gercee-par-gehwol.jpg\",\"datePublished\":\"2018-07-28T18:08:25+00:00\",\"dateModified\":\"2024-12-03T05:53:24+00:00\",\"description\":\"%\",\"breadcrumb\":{\"@id\":\"https:\\\/\\\/accesbeaute.ca\\\/en\\\/buy\\\/fusskraft-red-gehwol\\\/#breadcrumb\"},\"inLanguage\":\"en-US\",\"potentialAction\":[{\"@type\":\"ReadAction\",\"target\":[\"https:\\\/\\\/accesbeaute.ca\\\/en\\\/buy\\\/fusskraft-red-gehwol\\\/\"]}]},{\"@type\":\"ImageObject\",\"inLanguage\":\"en-US\",\"@id\":\"https:\\\/\\\/accesbeaute.ca\\\/en\\\/buy\\\/fusskraft-red-gehwol\\\/#primaryimage\",\"url\":\"https:\\\/\\\/accesbeaute.ca\\\/wp-content\\\/uploads\\\/2018\\\/07\\\/fusskraft-rouge-riche-rechauffe-les-pieds-froids-pour-peau-seche-et-gercee-par-gehwol.jpg\",\"contentUrl\":\"https:\\\/\\\/accesbeaute.ca\\\/wp-content\\\/uploads\\\/2018\\\/07\\\/fusskraft-rouge-riche-rechauffe-les-pieds-froids-pour-peau-seche-et-gercee-par-gehwol.jpg\",\"width\":1200,\"height\":1200,\"caption\":\"Fusskraft Red - For cold feet \u2013 warming Gehwol\"},{\"@type\":\"BreadcrumbList\",\"@id\":\"https:\\\/\\\/accesbeaute.ca\\\/en\\\/buy\\\/fusskraft-red-gehwol\\\/#breadcrumb\",\"itemListElement\":[{\"@type\":\"ListItem\",\"position\":1,\"name\":\"Accueil\",\"item\":\"https:\\\/\\\/accesbeaute.ca\\\/en\\\/\"},{\"@type\":\"ListItem\",\"position\":2,\"name\":\"Boutique\",\"item\":\"https:\\\/\\\/accesbeaute.ca\\\/boutique\\\/\"},{\"@type\":\"ListItem\",\"position\":3,\"name\":\"Gehwol\",\"item\":\"https:\\\/\\\/accesbeaute.ca\\\/en\\\/acheter\\\/gehwol-en\\\/\"},{\"@type\":\"ListItem\",\"position\":4,\"name\":\"Fusskraft Red &#8211; For cold feet \u2013 warming\"}]},{\"@type\":\"WebSite\",\"@id\":\"https:\\\/\\\/accesbeaute.ca\\\/en\\\/#website\",\"url\":\"https:\\\/\\\/accesbeaute.ca\\\/en\\\/\",\"name\":\"Acc\u00e8s Beaut\u00e9\",\"description\":\"Achat de produits de beaut\u00e9 en ligne\",\"potentialAction\":[{\"@type\":\"SearchAction\",\"target\":{\"@type\":\"EntryPoint\",\"urlTemplate\":\"https:\\\/\\\/accesbeaute.ca\\\/en\\\/?s={search_term_string}\"},\"query-input\":{\"@type\":\"PropertyValueSpecification\",\"valueRequired\":true,\"valueName\":\"search_term_string\"}}],\"inLanguage\":\"en-US\"}]}<\/script>\n<!-- \/ Yoast SEO plugin. -->","yoast_head_json":{"title":"Fusskraft Red - For cold feet \u2013 warming  - Achat en ligne","description":"%","robots":{"index":"index","follow":"follow","max-snippet":"max-snippet:-1","max-image-preview":"max-image-preview:large","max-video-preview":"max-video-preview:-1"},"canonical":"https:\/\/accesbeaute.ca\/en\/buy\/fusskraft-red-gehwol\/","og_locale":"en_US","og_type":"article","og_title":"Fusskraft Red - For cold feet \u2013 warming  - Achat en ligne","og_description":"%","og_url":"https:\/\/accesbeaute.ca\/en\/buy\/fusskraft-red-gehwol\/","og_site_name":"Acc\u00e8s Beaut\u00e9","article_modified_time":"2024-12-03T05:53:24+00:00","og_image":[{"width":1200,"height":1200,"url":"https:\/\/accesbeaute.ca\/wp-content\/uploads\/2018\/07\/fusskraft-rouge-riche-rechauffe-les-pieds-froids-pour-peau-seche-et-gercee-par-gehwol.jpg","type":"image\/jpeg"}],"twitter_card":"summary_large_image","twitter_misc":{"Est. reading time":"1 minute"},"schema":{"@context":"https:\/\/schema.org","@graph":[{"@type":"WebPage","@id":"https:\/\/accesbeaute.ca\/en\/buy\/fusskraft-red-gehwol\/","url":"https:\/\/accesbeaute.ca\/en\/buy\/fusskraft-red-gehwol\/","name":"Fusskraft Red - For cold feet \u2013 warming - Achat en ligne","isPartOf":{"@id":"https:\/\/accesbeaute.ca\/en\/#website"},"primaryImageOfPage":{"@id":"https:\/\/accesbeaute.ca\/en\/buy\/fusskraft-red-gehwol\/#primaryimage"},"image":{"@id":"https:\/\/accesbeaute.ca\/en\/buy\/fusskraft-red-gehwol\/#primaryimage"},"thumbnailUrl":"https:\/\/accesbeaute.ca\/wp-content\/uploads\/2018\/07\/fusskraft-rouge-riche-rechauffe-les-pieds-froids-pour-peau-seche-et-gercee-par-gehwol.jpg","datePublished":"2018-07-28T18:08:25+00:00","dateModified":"2024-12-03T05:53:24+00:00","description":"%","breadcrumb":{"@id":"https:\/\/accesbeaute.ca\/en\/buy\/fusskraft-red-gehwol\/#breadcrumb"},"inLanguage":"en-US","potentialAction":[{"@type":"ReadAction","target":["https:\/\/accesbeaute.ca\/en\/buy\/fusskraft-red-gehwol\/"]}]},{"@type":"ImageObject","inLanguage":"en-US","@id":"https:\/\/accesbeaute.ca\/en\/buy\/fusskraft-red-gehwol\/#primaryimage","url":"https:\/\/accesbeaute.ca\/wp-content\/uploads\/2018\/07\/fusskraft-rouge-riche-rechauffe-les-pieds-froids-pour-peau-seche-et-gercee-par-gehwol.jpg","contentUrl":"https:\/\/accesbeaute.ca\/wp-content\/uploads\/2018\/07\/fusskraft-rouge-riche-rechauffe-les-pieds-froids-pour-peau-seche-et-gercee-par-gehwol.jpg","width":1200,"height":1200,"caption":"Fusskraft Red - For cold feet \u2013 warming Gehwol"},{"@type":"BreadcrumbList","@id":"https:\/\/accesbeaute.ca\/en\/buy\/fusskraft-red-gehwol\/#breadcrumb","itemListElement":[{"@type":"ListItem","position":1,"name":"Accueil","item":"https:\/\/accesbeaute.ca\/en\/"},{"@type":"ListItem","position":2,"name":"Boutique","item":"https:\/\/accesbeaute.ca\/boutique\/"},{"@type":"ListItem","position":3,"name":"Gehwol","item":"https:\/\/accesbeaute.ca\/en\/acheter\/gehwol-en\/"},{"@type":"ListItem","position":4,"name":"Fusskraft Red &#8211; For cold feet \u2013 warming"}]},{"@type":"WebSite","@id":"https:\/\/accesbeaute.ca\/en\/#website","url":"https:\/\/accesbeaute.ca\/en\/","name":"Acc\u00e8s Beaut\u00e9","description":"Achat de produits de beaut\u00e9 en ligne","potentialAction":[{"@type":"SearchAction","target":{"@type":"EntryPoint","urlTemplate":"https:\/\/accesbeaute.ca\/en\/?s={search_term_string}"},"query-input":{"@type":"PropertyValueSpecification","valueRequired":true,"valueName":"search_term_string"}}],"inLanguage":"en-US"}]}},"_links":{"self":[{"href":"https:\/\/accesbeaute.ca\/en\/wp-json\/wp\/v2\/product\/2051","targetHints":{"allow":["GET"]}}],"collection":[{"href":"https:\/\/accesbeaute.ca\/en\/wp-json\/wp\/v2\/product"}],"about":[{"href":"https:\/\/accesbeaute.ca\/en\/wp-json\/wp\/v2\/types\/product"}],"wp:featuredmedia":[{"embeddable":true,"href":"https:\/\/accesbeaute.ca\/en\/wp-json\/wp\/v2\/media\/2052"}],"wp:attachment":[{"href":"https:\/\/accesbeaute.ca\/en\/wp-json\/wp\/v2\/media?parent=2051"}],"wp:term":[{"taxonomy":"product_brand","embeddable":true,"href":"https:\/\/accesbeaute.ca\/en\/wp-json\/wp\/v2\/product_brand?post=2051"},{"taxonomy":"product_cat","embeddable":true,"href":"https:\/\/accesbeaute.ca\/en\/wp-json\/wp\/v2\/product_cat?post=2051"},{"taxonomy":"product_tag","embeddable":true,"href":"https:\/\/accesbeaute.ca\/en\/wp-json\/wp\/v2\/product_tag?post=2051"}],"curies":[{"name":"wp","href":"https:\/\/api.w.org\/{rel}","templated":true}]}}