{"id":5438,"date":"2023-08-26T00:27:48","date_gmt":"2023-08-26T00:27:48","guid":{"rendered":"https:\/\/accesbeaute.ca\/achat\/sebobalance-anti-blemish-serum-laboratoire-dr-renaud\/"},"modified":"2023-10-29T21:04:26","modified_gmt":"2023-10-29T21:04:26","slug":"sebobalance-anti-blemish-serum-laboratoire-dr-renaud","status":"publish","type":"product","link":"https:\/\/accesbeaute.ca\/en\/buy\/sebobalance-anti-blemish-serum-laboratoire-dr-renaud\/","title":{"rendered":"Sebobalance Anti-Blemish Serum &#8211; Laboratoire Dr Renaud"},"content":{"rendered":"<ul>\n<li>Size: 30 ml<\/li>\n<\/ul>\n<p>Ideal for those prone to acne, redness and uneven skin-tone.<br \/>\u200b<br \/>Niacinamide<span data-scheme-color=\"@0C3C60,,\" data-usefontface=\"true\" data-contrast=\"none\">\u00a0works to\u00a0<\/span>minimize the appearance of blemishes,\u00a0breakouts<span data-scheme-color=\"@0C3C60,,\" data-usefontface=\"true\" data-contrast=\"none\">\u00a0and\u00a0<\/span>pimples.<br \/>\u200b<br \/>Targets acne outbreaks\u00a0<span data-scheme-color=\"@0C3C60,,\" data-usefontface=\"true\" data-contrast=\"none\">in adults and unstable microbiota balance (e.g.\u00a0pimples during\u00a0<\/span><span data-scheme-color=\"@0C3C60,,\" data-usefontface=\"true\" data-contrast=\"none\">menstruation, menopause).<\/span>\u200b<\/p>\n<p><span data-scheme-color=\"@0C3C60,,\" data-usefontface=\"true\" data-contrast=\"none\">Less interventional than Clear Up Control Solution Anti-Blemishes.<\/span><\/p>\n","protected":false},"excerpt":{"rendered":"<hr class=\"ligne-grise\" \/>\n<p><strong>Brand:<\/strong> <a href=\"\/acheter\/laboratoire-dr-renaud\">Laboratoire Dr Renaud<\/a><\/p>\n<p>Designed for oily and blemish-prone skin with a lightweight and non-greasy formula.\u00a0<span data-scheme-color=\"@0C3C60,,\" data-usefontface=\"true\" data-contrast=\"none\">Decreases sebum levels and\u00a0<\/span>reduces the appearance of pores.<\/p>\n","protected":false},"featured_media":5292,"template":"","meta":{"_et_pb_use_builder":"","_et_pb_old_content":"","_et_gb_content_width":""},"product_brand":[],"product_cat":[210,233,211,229],"product_tag":[234],"class_list":{"0":"post-5438","1":"product","2":"type-product","3":"status-publish","4":"has-post-thumbnail","6":"product_cat-fabrique-au-canada-en","7":"product_cat-laboratoire-dr-renaud-en","8":"product_cat-produit-de-beaute-acne-et-points-noirs-en","9":"product_cat-produits-pour-peau-grasse-ou-mixte","10":"product_tag-laboratoire-dr-renaud-en","12":"first","13":"instock","14":"taxable","15":"shipping-taxable","16":"purchasable","17":"product-type-simple"},"yoast_head":"<!-- This site is optimized with the Yoast SEO plugin v27.3 - https:\/\/yoast.com\/product\/yoast-seo-wordpress\/ -->\n<title>Sebobalance Anti-Blemish Serum - Laboratoire Dr Renaud  - Achat en ligne<\/title>\n<meta name=\"description\" content=\"%\" \/>\n<meta name=\"robots\" content=\"index, follow, max-snippet:-1, max-image-preview:large, max-video-preview:-1\" \/>\n<link rel=\"canonical\" href=\"https:\/\/accesbeaute.ca\/en\/buy\/sebobalance-anti-blemish-serum-laboratoire-dr-renaud\/\" \/>\n<meta property=\"og:locale\" content=\"en_US\" \/>\n<meta property=\"og:type\" content=\"article\" \/>\n<meta property=\"og:title\" content=\"Sebobalance Anti-Blemish Serum - Laboratoire Dr Renaud  - Achat en ligne\" \/>\n<meta property=\"og:description\" content=\"%\" \/>\n<meta property=\"og:url\" content=\"https:\/\/accesbeaute.ca\/en\/buy\/sebobalance-anti-blemish-serum-laboratoire-dr-renaud\/\" \/>\n<meta property=\"og:site_name\" content=\"Acc\u00e8s Beaut\u00e9\" \/>\n<meta property=\"article:modified_time\" content=\"2023-10-29T21:04:26+00:00\" \/>\n<meta property=\"og:image\" content=\"https:\/\/accesbeaute.ca\/wp-content\/uploads\/2023\/08\/sebobalance-serum-anti-imperfections-laboratoire-dr-renaud.jpg\" \/>\n\t<meta property=\"og:image:width\" content=\"660\" \/>\n\t<meta property=\"og:image:height\" content=\"660\" \/>\n\t<meta property=\"og:image:type\" content=\"image\/jpeg\" \/>\n<meta name=\"twitter:card\" content=\"summary_large_image\" \/>\n<script type=\"application\/ld+json\" class=\"yoast-schema-graph\">{\"@context\":\"https:\\\/\\\/schema.org\",\"@graph\":[{\"@type\":\"WebPage\",\"@id\":\"https:\\\/\\\/accesbeaute.ca\\\/en\\\/buy\\\/sebobalance-anti-blemish-serum-laboratoire-dr-renaud\\\/\",\"url\":\"https:\\\/\\\/accesbeaute.ca\\\/en\\\/buy\\\/sebobalance-anti-blemish-serum-laboratoire-dr-renaud\\\/\",\"name\":\"Sebobalance Anti-Blemish Serum - Laboratoire Dr Renaud - Achat en ligne\",\"isPartOf\":{\"@id\":\"https:\\\/\\\/accesbeaute.ca\\\/en\\\/#website\"},\"primaryImageOfPage\":{\"@id\":\"https:\\\/\\\/accesbeaute.ca\\\/en\\\/buy\\\/sebobalance-anti-blemish-serum-laboratoire-dr-renaud\\\/#primaryimage\"},\"image\":{\"@id\":\"https:\\\/\\\/accesbeaute.ca\\\/en\\\/buy\\\/sebobalance-anti-blemish-serum-laboratoire-dr-renaud\\\/#primaryimage\"},\"thumbnailUrl\":\"https:\\\/\\\/accesbeaute.ca\\\/wp-content\\\/uploads\\\/2023\\\/08\\\/sebobalance-serum-anti-imperfections-laboratoire-dr-renaud.jpg\",\"datePublished\":\"2023-08-26T00:27:48+00:00\",\"dateModified\":\"2023-10-29T21:04:26+00:00\",\"description\":\"%\",\"breadcrumb\":{\"@id\":\"https:\\\/\\\/accesbeaute.ca\\\/en\\\/buy\\\/sebobalance-anti-blemish-serum-laboratoire-dr-renaud\\\/#breadcrumb\"},\"inLanguage\":\"en-US\",\"potentialAction\":[{\"@type\":\"ReadAction\",\"target\":[\"https:\\\/\\\/accesbeaute.ca\\\/en\\\/buy\\\/sebobalance-anti-blemish-serum-laboratoire-dr-renaud\\\/\"]}]},{\"@type\":\"ImageObject\",\"inLanguage\":\"en-US\",\"@id\":\"https:\\\/\\\/accesbeaute.ca\\\/en\\\/buy\\\/sebobalance-anti-blemish-serum-laboratoire-dr-renaud\\\/#primaryimage\",\"url\":\"https:\\\/\\\/accesbeaute.ca\\\/wp-content\\\/uploads\\\/2023\\\/08\\\/sebobalance-serum-anti-imperfections-laboratoire-dr-renaud.jpg\",\"contentUrl\":\"https:\\\/\\\/accesbeaute.ca\\\/wp-content\\\/uploads\\\/2023\\\/08\\\/sebobalance-serum-anti-imperfections-laboratoire-dr-renaud.jpg\",\"width\":660,\"height\":660},{\"@type\":\"BreadcrumbList\",\"@id\":\"https:\\\/\\\/accesbeaute.ca\\\/en\\\/buy\\\/sebobalance-anti-blemish-serum-laboratoire-dr-renaud\\\/#breadcrumb\",\"itemListElement\":[{\"@type\":\"ListItem\",\"position\":1,\"name\":\"Accueil\",\"item\":\"https:\\\/\\\/accesbeaute.ca\\\/en\\\/\"},{\"@type\":\"ListItem\",\"position\":2,\"name\":\"Boutique\",\"item\":\"https:\\\/\\\/accesbeaute.ca\\\/boutique\\\/\"},{\"@type\":\"ListItem\",\"position\":3,\"name\":\"Fabriqu\u00e9 au Canada\",\"item\":\"https:\\\/\\\/accesbeaute.ca\\\/en\\\/acheter\\\/fabrique-au-canada-en\\\/\"},{\"@type\":\"ListItem\",\"position\":4,\"name\":\"Sebobalance Anti-Blemish Serum &#8211; Laboratoire Dr Renaud\"}]},{\"@type\":\"WebSite\",\"@id\":\"https:\\\/\\\/accesbeaute.ca\\\/en\\\/#website\",\"url\":\"https:\\\/\\\/accesbeaute.ca\\\/en\\\/\",\"name\":\"Acc\u00e8s Beaut\u00e9\",\"description\":\"Achat de produits de beaut\u00e9 en ligne\",\"potentialAction\":[{\"@type\":\"SearchAction\",\"target\":{\"@type\":\"EntryPoint\",\"urlTemplate\":\"https:\\\/\\\/accesbeaute.ca\\\/en\\\/?s={search_term_string}\"},\"query-input\":{\"@type\":\"PropertyValueSpecification\",\"valueRequired\":true,\"valueName\":\"search_term_string\"}}],\"inLanguage\":\"en-US\"}]}<\/script>\n<!-- \/ Yoast SEO plugin. -->","yoast_head_json":{"title":"Sebobalance Anti-Blemish Serum - Laboratoire Dr Renaud  - Achat en ligne","description":"%","robots":{"index":"index","follow":"follow","max-snippet":"max-snippet:-1","max-image-preview":"max-image-preview:large","max-video-preview":"max-video-preview:-1"},"canonical":"https:\/\/accesbeaute.ca\/en\/buy\/sebobalance-anti-blemish-serum-laboratoire-dr-renaud\/","og_locale":"en_US","og_type":"article","og_title":"Sebobalance Anti-Blemish Serum - Laboratoire Dr Renaud  - Achat en ligne","og_description":"%","og_url":"https:\/\/accesbeaute.ca\/en\/buy\/sebobalance-anti-blemish-serum-laboratoire-dr-renaud\/","og_site_name":"Acc\u00e8s Beaut\u00e9","article_modified_time":"2023-10-29T21:04:26+00:00","og_image":[{"width":660,"height":660,"url":"https:\/\/accesbeaute.ca\/wp-content\/uploads\/2023\/08\/sebobalance-serum-anti-imperfections-laboratoire-dr-renaud.jpg","type":"image\/jpeg"}],"twitter_card":"summary_large_image","schema":{"@context":"https:\/\/schema.org","@graph":[{"@type":"WebPage","@id":"https:\/\/accesbeaute.ca\/en\/buy\/sebobalance-anti-blemish-serum-laboratoire-dr-renaud\/","url":"https:\/\/accesbeaute.ca\/en\/buy\/sebobalance-anti-blemish-serum-laboratoire-dr-renaud\/","name":"Sebobalance Anti-Blemish Serum - Laboratoire Dr Renaud - Achat en ligne","isPartOf":{"@id":"https:\/\/accesbeaute.ca\/en\/#website"},"primaryImageOfPage":{"@id":"https:\/\/accesbeaute.ca\/en\/buy\/sebobalance-anti-blemish-serum-laboratoire-dr-renaud\/#primaryimage"},"image":{"@id":"https:\/\/accesbeaute.ca\/en\/buy\/sebobalance-anti-blemish-serum-laboratoire-dr-renaud\/#primaryimage"},"thumbnailUrl":"https:\/\/accesbeaute.ca\/wp-content\/uploads\/2023\/08\/sebobalance-serum-anti-imperfections-laboratoire-dr-renaud.jpg","datePublished":"2023-08-26T00:27:48+00:00","dateModified":"2023-10-29T21:04:26+00:00","description":"%","breadcrumb":{"@id":"https:\/\/accesbeaute.ca\/en\/buy\/sebobalance-anti-blemish-serum-laboratoire-dr-renaud\/#breadcrumb"},"inLanguage":"en-US","potentialAction":[{"@type":"ReadAction","target":["https:\/\/accesbeaute.ca\/en\/buy\/sebobalance-anti-blemish-serum-laboratoire-dr-renaud\/"]}]},{"@type":"ImageObject","inLanguage":"en-US","@id":"https:\/\/accesbeaute.ca\/en\/buy\/sebobalance-anti-blemish-serum-laboratoire-dr-renaud\/#primaryimage","url":"https:\/\/accesbeaute.ca\/wp-content\/uploads\/2023\/08\/sebobalance-serum-anti-imperfections-laboratoire-dr-renaud.jpg","contentUrl":"https:\/\/accesbeaute.ca\/wp-content\/uploads\/2023\/08\/sebobalance-serum-anti-imperfections-laboratoire-dr-renaud.jpg","width":660,"height":660},{"@type":"BreadcrumbList","@id":"https:\/\/accesbeaute.ca\/en\/buy\/sebobalance-anti-blemish-serum-laboratoire-dr-renaud\/#breadcrumb","itemListElement":[{"@type":"ListItem","position":1,"name":"Accueil","item":"https:\/\/accesbeaute.ca\/en\/"},{"@type":"ListItem","position":2,"name":"Boutique","item":"https:\/\/accesbeaute.ca\/boutique\/"},{"@type":"ListItem","position":3,"name":"Fabriqu\u00e9 au Canada","item":"https:\/\/accesbeaute.ca\/en\/acheter\/fabrique-au-canada-en\/"},{"@type":"ListItem","position":4,"name":"Sebobalance Anti-Blemish Serum &#8211; Laboratoire Dr Renaud"}]},{"@type":"WebSite","@id":"https:\/\/accesbeaute.ca\/en\/#website","url":"https:\/\/accesbeaute.ca\/en\/","name":"Acc\u00e8s Beaut\u00e9","description":"Achat de produits de beaut\u00e9 en ligne","potentialAction":[{"@type":"SearchAction","target":{"@type":"EntryPoint","urlTemplate":"https:\/\/accesbeaute.ca\/en\/?s={search_term_string}"},"query-input":{"@type":"PropertyValueSpecification","valueRequired":true,"valueName":"search_term_string"}}],"inLanguage":"en-US"}]}},"_links":{"self":[{"href":"https:\/\/accesbeaute.ca\/en\/wp-json\/wp\/v2\/product\/5438","targetHints":{"allow":["GET"]}}],"collection":[{"href":"https:\/\/accesbeaute.ca\/en\/wp-json\/wp\/v2\/product"}],"about":[{"href":"https:\/\/accesbeaute.ca\/en\/wp-json\/wp\/v2\/types\/product"}],"wp:featuredmedia":[{"embeddable":true,"href":"https:\/\/accesbeaute.ca\/en\/wp-json\/wp\/v2\/media\/5292"}],"wp:attachment":[{"href":"https:\/\/accesbeaute.ca\/en\/wp-json\/wp\/v2\/media?parent=5438"}],"wp:term":[{"taxonomy":"product_brand","embeddable":true,"href":"https:\/\/accesbeaute.ca\/en\/wp-json\/wp\/v2\/product_brand?post=5438"},{"taxonomy":"product_cat","embeddable":true,"href":"https:\/\/accesbeaute.ca\/en\/wp-json\/wp\/v2\/product_cat?post=5438"},{"taxonomy":"product_tag","embeddable":true,"href":"https:\/\/accesbeaute.ca\/en\/wp-json\/wp\/v2\/product_tag?post=5438"}],"curies":[{"name":"wp","href":"https:\/\/api.w.org\/{rel}","templated":true}]}}