{"id":5442,"date":"2022-11-07T15:18:03","date_gmt":"2022-11-07T15:18:03","guid":{"rendered":"https:\/\/accesbeaute.ca\/achat\/innovhyal-ha-volumizing-hydraserum-laboratoire-dr-renaud\/"},"modified":"2022-11-07T15:18:03","modified_gmt":"2022-11-07T15:18:03","slug":"innovhyal-ha-volumizing-hydraserum-laboratoire-dr-renaud","status":"publish","type":"product","link":"https:\/\/accesbeaute.ca\/en\/buy\/innovhyal-ha-volumizing-hydraserum-laboratoire-dr-renaud\/","title":{"rendered":"INNOVHYAL HA &#8211; Volumizing Hydraserum &#8211; Laboratoire Dr Renaud"},"content":{"rendered":"<ul>\n<li>Formulated with hyaluronic acid concentrate<\/li>\n<li>Provides instant and long-lasting hydration<\/li>\n<li>Volumizes the skin and improves elasticity<\/li>\n<li>Firms the skin<\/li>\n<li>Size: 30 ml<\/li>\n<\/ul>\n<p>The first topical wrinkle filler!\u00a0An intensive hydrating serum that allows the skin to recover the volume, hydration and bounce of youthful skin! Thanks to its exclusive InnovHyal HA technology, this serum recreates the volumizing and intensive plumping effects of wrinkle-filling procedures. From the first application, the skin is intensely hydrated, plumped and younger-looking.<\/p>\n","protected":false},"excerpt":{"rendered":"<hr class=\"ligne-grise\" \/>\n<p><strong>Brand:<\/strong> <a href=\"\/acheter\/laboratoire-dr-renaud\">Laboratoire Dr Renaud<\/a><\/p>\n<p>A volumizing serum for deep hydration and plumping action.<\/p>\n","protected":false},"featured_media":4507,"template":"","meta":{"_et_pb_use_builder":"","_et_pb_old_content":"","_et_gb_content_width":""},"product_brand":[],"product_cat":[209,210,233,222],"product_tag":[234],"class_list":{"0":"post-5442","1":"product","2":"type-product","3":"status-publish","4":"has-post-thumbnail","6":"product_cat-creme-hydratante-en","7":"product_cat-fabrique-au-canada-en","8":"product_cat-laboratoire-dr-renaud-en","9":"product_cat-serums-rajeunissants","10":"product_tag-laboratoire-dr-renaud-en","12":"first","13":"instock","14":"taxable","15":"shipping-taxable","16":"purchasable","17":"product-type-simple"},"yoast_head":"<!-- This site is optimized with the Yoast SEO plugin v27.3 - https:\/\/yoast.com\/product\/yoast-seo-wordpress\/ -->\n<title>INNOVHYAL HA - Volumizing Hydraserum - Laboratoire Dr Renaud  - Achat en ligne<\/title>\n<meta name=\"description\" content=\"%\" \/>\n<meta name=\"robots\" content=\"index, follow, max-snippet:-1, max-image-preview:large, max-video-preview:-1\" \/>\n<link rel=\"canonical\" href=\"https:\/\/accesbeaute.ca\/en\/buy\/innovhyal-ha-volumizing-hydraserum-laboratoire-dr-renaud\/\" \/>\n<meta property=\"og:locale\" content=\"en_US\" \/>\n<meta property=\"og:type\" content=\"article\" \/>\n<meta property=\"og:title\" content=\"INNOVHYAL HA - Volumizing Hydraserum - Laboratoire Dr Renaud  - Achat en ligne\" \/>\n<meta property=\"og:description\" content=\"%\" \/>\n<meta property=\"og:url\" content=\"https:\/\/accesbeaute.ca\/en\/buy\/innovhyal-ha-volumizing-hydraserum-laboratoire-dr-renaud\/\" \/>\n<meta property=\"og:site_name\" content=\"Acc\u00e8s Beaut\u00e9\" \/>\n<meta property=\"og:image\" content=\"https:\/\/accesbeaute.ca\/wp-content\/uploads\/2022\/11\/innovhyal-hydraserum-volumisant-laboratoire-dr-renaud.jpg\" \/>\n\t<meta property=\"og:image:width\" content=\"1500\" \/>\n\t<meta property=\"og:image:height\" content=\"1500\" \/>\n\t<meta property=\"og:image:type\" content=\"image\/jpeg\" \/>\n<meta name=\"twitter:card\" content=\"summary_large_image\" \/>\n<script type=\"application\/ld+json\" class=\"yoast-schema-graph\">{\"@context\":\"https:\\\/\\\/schema.org\",\"@graph\":[{\"@type\":\"WebPage\",\"@id\":\"https:\\\/\\\/accesbeaute.ca\\\/en\\\/buy\\\/innovhyal-ha-volumizing-hydraserum-laboratoire-dr-renaud\\\/\",\"url\":\"https:\\\/\\\/accesbeaute.ca\\\/en\\\/buy\\\/innovhyal-ha-volumizing-hydraserum-laboratoire-dr-renaud\\\/\",\"name\":\"INNOVHYAL HA - Volumizing Hydraserum - Laboratoire Dr Renaud - Achat en ligne\",\"isPartOf\":{\"@id\":\"https:\\\/\\\/accesbeaute.ca\\\/en\\\/#website\"},\"primaryImageOfPage\":{\"@id\":\"https:\\\/\\\/accesbeaute.ca\\\/en\\\/buy\\\/innovhyal-ha-volumizing-hydraserum-laboratoire-dr-renaud\\\/#primaryimage\"},\"image\":{\"@id\":\"https:\\\/\\\/accesbeaute.ca\\\/en\\\/buy\\\/innovhyal-ha-volumizing-hydraserum-laboratoire-dr-renaud\\\/#primaryimage\"},\"thumbnailUrl\":\"https:\\\/\\\/accesbeaute.ca\\\/wp-content\\\/uploads\\\/2022\\\/11\\\/innovhyal-hydraserum-volumisant-laboratoire-dr-renaud.jpg\",\"datePublished\":\"2022-11-07T15:18:03+00:00\",\"description\":\"%\",\"breadcrumb\":{\"@id\":\"https:\\\/\\\/accesbeaute.ca\\\/en\\\/buy\\\/innovhyal-ha-volumizing-hydraserum-laboratoire-dr-renaud\\\/#breadcrumb\"},\"inLanguage\":\"en-US\",\"potentialAction\":[{\"@type\":\"ReadAction\",\"target\":[\"https:\\\/\\\/accesbeaute.ca\\\/en\\\/buy\\\/innovhyal-ha-volumizing-hydraserum-laboratoire-dr-renaud\\\/\"]}]},{\"@type\":\"ImageObject\",\"inLanguage\":\"en-US\",\"@id\":\"https:\\\/\\\/accesbeaute.ca\\\/en\\\/buy\\\/innovhyal-ha-volumizing-hydraserum-laboratoire-dr-renaud\\\/#primaryimage\",\"url\":\"https:\\\/\\\/accesbeaute.ca\\\/wp-content\\\/uploads\\\/2022\\\/11\\\/innovhyal-hydraserum-volumisant-laboratoire-dr-renaud.jpg\",\"contentUrl\":\"https:\\\/\\\/accesbeaute.ca\\\/wp-content\\\/uploads\\\/2022\\\/11\\\/innovhyal-hydraserum-volumisant-laboratoire-dr-renaud.jpg\",\"width\":1500,\"height\":1500},{\"@type\":\"BreadcrumbList\",\"@id\":\"https:\\\/\\\/accesbeaute.ca\\\/en\\\/buy\\\/innovhyal-ha-volumizing-hydraserum-laboratoire-dr-renaud\\\/#breadcrumb\",\"itemListElement\":[{\"@type\":\"ListItem\",\"position\":1,\"name\":\"Accueil\",\"item\":\"https:\\\/\\\/accesbeaute.ca\\\/en\\\/\"},{\"@type\":\"ListItem\",\"position\":2,\"name\":\"Boutique\",\"item\":\"https:\\\/\\\/accesbeaute.ca\\\/boutique\\\/\"},{\"@type\":\"ListItem\",\"position\":3,\"name\":\"Cr\u00e8mes hydratantes\",\"item\":\"https:\\\/\\\/accesbeaute.ca\\\/en\\\/acheter\\\/creme-hydratante-en\\\/\"},{\"@type\":\"ListItem\",\"position\":4,\"name\":\"INNOVHYAL HA &#8211; Volumizing Hydraserum &#8211; Laboratoire Dr Renaud\"}]},{\"@type\":\"WebSite\",\"@id\":\"https:\\\/\\\/accesbeaute.ca\\\/en\\\/#website\",\"url\":\"https:\\\/\\\/accesbeaute.ca\\\/en\\\/\",\"name\":\"Acc\u00e8s Beaut\u00e9\",\"description\":\"Achat de produits de beaut\u00e9 en ligne\",\"potentialAction\":[{\"@type\":\"SearchAction\",\"target\":{\"@type\":\"EntryPoint\",\"urlTemplate\":\"https:\\\/\\\/accesbeaute.ca\\\/en\\\/?s={search_term_string}\"},\"query-input\":{\"@type\":\"PropertyValueSpecification\",\"valueRequired\":true,\"valueName\":\"search_term_string\"}}],\"inLanguage\":\"en-US\"}]}<\/script>\n<!-- \/ Yoast SEO plugin. -->","yoast_head_json":{"title":"INNOVHYAL HA - Volumizing Hydraserum - Laboratoire Dr Renaud  - Achat en ligne","description":"%","robots":{"index":"index","follow":"follow","max-snippet":"max-snippet:-1","max-image-preview":"max-image-preview:large","max-video-preview":"max-video-preview:-1"},"canonical":"https:\/\/accesbeaute.ca\/en\/buy\/innovhyal-ha-volumizing-hydraserum-laboratoire-dr-renaud\/","og_locale":"en_US","og_type":"article","og_title":"INNOVHYAL HA - Volumizing Hydraserum - Laboratoire Dr Renaud  - Achat en ligne","og_description":"%","og_url":"https:\/\/accesbeaute.ca\/en\/buy\/innovhyal-ha-volumizing-hydraserum-laboratoire-dr-renaud\/","og_site_name":"Acc\u00e8s Beaut\u00e9","og_image":[{"width":1500,"height":1500,"url":"https:\/\/accesbeaute.ca\/wp-content\/uploads\/2022\/11\/innovhyal-hydraserum-volumisant-laboratoire-dr-renaud.jpg","type":"image\/jpeg"}],"twitter_card":"summary_large_image","schema":{"@context":"https:\/\/schema.org","@graph":[{"@type":"WebPage","@id":"https:\/\/accesbeaute.ca\/en\/buy\/innovhyal-ha-volumizing-hydraserum-laboratoire-dr-renaud\/","url":"https:\/\/accesbeaute.ca\/en\/buy\/innovhyal-ha-volumizing-hydraserum-laboratoire-dr-renaud\/","name":"INNOVHYAL HA - Volumizing Hydraserum - Laboratoire Dr Renaud - Achat en ligne","isPartOf":{"@id":"https:\/\/accesbeaute.ca\/en\/#website"},"primaryImageOfPage":{"@id":"https:\/\/accesbeaute.ca\/en\/buy\/innovhyal-ha-volumizing-hydraserum-laboratoire-dr-renaud\/#primaryimage"},"image":{"@id":"https:\/\/accesbeaute.ca\/en\/buy\/innovhyal-ha-volumizing-hydraserum-laboratoire-dr-renaud\/#primaryimage"},"thumbnailUrl":"https:\/\/accesbeaute.ca\/wp-content\/uploads\/2022\/11\/innovhyal-hydraserum-volumisant-laboratoire-dr-renaud.jpg","datePublished":"2022-11-07T15:18:03+00:00","description":"%","breadcrumb":{"@id":"https:\/\/accesbeaute.ca\/en\/buy\/innovhyal-ha-volumizing-hydraserum-laboratoire-dr-renaud\/#breadcrumb"},"inLanguage":"en-US","potentialAction":[{"@type":"ReadAction","target":["https:\/\/accesbeaute.ca\/en\/buy\/innovhyal-ha-volumizing-hydraserum-laboratoire-dr-renaud\/"]}]},{"@type":"ImageObject","inLanguage":"en-US","@id":"https:\/\/accesbeaute.ca\/en\/buy\/innovhyal-ha-volumizing-hydraserum-laboratoire-dr-renaud\/#primaryimage","url":"https:\/\/accesbeaute.ca\/wp-content\/uploads\/2022\/11\/innovhyal-hydraserum-volumisant-laboratoire-dr-renaud.jpg","contentUrl":"https:\/\/accesbeaute.ca\/wp-content\/uploads\/2022\/11\/innovhyal-hydraserum-volumisant-laboratoire-dr-renaud.jpg","width":1500,"height":1500},{"@type":"BreadcrumbList","@id":"https:\/\/accesbeaute.ca\/en\/buy\/innovhyal-ha-volumizing-hydraserum-laboratoire-dr-renaud\/#breadcrumb","itemListElement":[{"@type":"ListItem","position":1,"name":"Accueil","item":"https:\/\/accesbeaute.ca\/en\/"},{"@type":"ListItem","position":2,"name":"Boutique","item":"https:\/\/accesbeaute.ca\/boutique\/"},{"@type":"ListItem","position":3,"name":"Cr\u00e8mes hydratantes","item":"https:\/\/accesbeaute.ca\/en\/acheter\/creme-hydratante-en\/"},{"@type":"ListItem","position":4,"name":"INNOVHYAL HA &#8211; Volumizing Hydraserum &#8211; Laboratoire Dr Renaud"}]},{"@type":"WebSite","@id":"https:\/\/accesbeaute.ca\/en\/#website","url":"https:\/\/accesbeaute.ca\/en\/","name":"Acc\u00e8s Beaut\u00e9","description":"Achat de produits de beaut\u00e9 en ligne","potentialAction":[{"@type":"SearchAction","target":{"@type":"EntryPoint","urlTemplate":"https:\/\/accesbeaute.ca\/en\/?s={search_term_string}"},"query-input":{"@type":"PropertyValueSpecification","valueRequired":true,"valueName":"search_term_string"}}],"inLanguage":"en-US"}]}},"_links":{"self":[{"href":"https:\/\/accesbeaute.ca\/en\/wp-json\/wp\/v2\/product\/5442","targetHints":{"allow":["GET"]}}],"collection":[{"href":"https:\/\/accesbeaute.ca\/en\/wp-json\/wp\/v2\/product"}],"about":[{"href":"https:\/\/accesbeaute.ca\/en\/wp-json\/wp\/v2\/types\/product"}],"wp:featuredmedia":[{"embeddable":true,"href":"https:\/\/accesbeaute.ca\/en\/wp-json\/wp\/v2\/media\/4507"}],"wp:attachment":[{"href":"https:\/\/accesbeaute.ca\/en\/wp-json\/wp\/v2\/media?parent=5442"}],"wp:term":[{"taxonomy":"product_brand","embeddable":true,"href":"https:\/\/accesbeaute.ca\/en\/wp-json\/wp\/v2\/product_brand?post=5442"},{"taxonomy":"product_cat","embeddable":true,"href":"https:\/\/accesbeaute.ca\/en\/wp-json\/wp\/v2\/product_cat?post=5442"},{"taxonomy":"product_tag","embeddable":true,"href":"https:\/\/accesbeaute.ca\/en\/wp-json\/wp\/v2\/product_tag?post=5442"}],"curies":[{"name":"wp","href":"https:\/\/api.w.org\/{rel}","templated":true}]}}