{"id":5503,"date":"2018-07-28T18:09:13","date_gmt":"2018-07-28T18:09:13","guid":{"rendered":"https:\/\/accesbeaute.ca\/achat\/double-action-outdoor-extreme-hydration-laboratoire-dr-renaud\/"},"modified":"2018-07-28T18:09:13","modified_gmt":"2018-07-28T18:09:13","slug":"double-action-outdoor-extreme-hydration-laboratoire-dr-renaud","status":"publish","type":"product","link":"https:\/\/accesbeaute.ca\/en\/buy\/double-action-outdoor-extreme-hydration-laboratoire-dr-renaud\/","title":{"rendered":"Double Action &#8211; Outdoor Extreme Hydration &#8211; Laboratoire Dr Renaud"},"content":{"rendered":"<ul>\n<li>Protects the skin against extreme climate conditions<\/li>\n<li>Hydrates and prevents dehydration<\/li>\n<li>Size: 50 ml<\/li>\n<\/ul>\n<p>Fragrance-free outdoor protective day cream with a rich and creamy texture. Ideal for outdoor activities.<\/p>\n","protected":false},"excerpt":{"rendered":"<hr class=\"ligne-grise\" \/>\n<p><strong>Brand:<\/strong> <a href=\"\/acheter\/laboratoire-dr-renaud\">Laboratoire Dr Renaud<\/a><\/p>\n<p>Protective cream against exposure to wind, cold and other outdoor activities.<\/p>\n","protected":false},"featured_media":1296,"template":"","meta":{"_et_pb_use_builder":"","_et_pb_old_content":"","_et_gb_content_width":""},"product_brand":[],"product_cat":[209,210,233,213,193,195,219,225],"product_tag":[234],"class_list":{"0":"post-5503","1":"product","2":"type-product","3":"status-publish","4":"has-post-thumbnail","6":"product_cat-creme-hydratante-en","7":"product_cat-fabrique-au-canada-en","8":"product_cat-laboratoire-dr-renaud-en","9":"product_cat-produit-de-beaute-peau-seche-et-deshydratee-en","10":"product_cat-produit-de-beaute-peau-sensible-ou-reactive-en","11":"product_cat-produit-de-beaute-teint-terne-en","12":"product_cat-soins-anti-age","13":"product_cat-soins-et-cremes-solaires","14":"product_tag-laboratoire-dr-renaud-en","16":"first","17":"instock","18":"sale","19":"taxable","20":"shipping-taxable","21":"purchasable","22":"product-type-simple"},"yoast_head":"<!-- This site is optimized with the Yoast SEO plugin v27.3 - https:\/\/yoast.com\/product\/yoast-seo-wordpress\/ -->\n<title>Double Action - Outdoor Extreme Hydration - Laboratoire Dr Renaud  - Achat en ligne<\/title>\n<meta name=\"description\" content=\"%\" \/>\n<meta name=\"robots\" content=\"index, follow, max-snippet:-1, max-image-preview:large, max-video-preview:-1\" \/>\n<link rel=\"canonical\" href=\"https:\/\/accesbeaute.ca\/en\/buy\/double-action-outdoor-extreme-hydration-laboratoire-dr-renaud\/\" \/>\n<meta property=\"og:locale\" content=\"en_US\" \/>\n<meta property=\"og:type\" content=\"article\" \/>\n<meta property=\"og:title\" content=\"Double Action - Outdoor Extreme Hydration - Laboratoire Dr Renaud  - Achat en ligne\" \/>\n<meta property=\"og:description\" content=\"%\" \/>\n<meta property=\"og:url\" content=\"https:\/\/accesbeaute.ca\/en\/buy\/double-action-outdoor-extreme-hydration-laboratoire-dr-renaud\/\" \/>\n<meta property=\"og:site_name\" content=\"Acc\u00e8s Beaut\u00e9\" \/>\n<meta name=\"twitter:card\" content=\"summary_large_image\" \/>\n<script type=\"application\/ld+json\" class=\"yoast-schema-graph\">{\"@context\":\"https:\\\/\\\/schema.org\",\"@graph\":[{\"@type\":\"WebPage\",\"@id\":\"https:\\\/\\\/accesbeaute.ca\\\/en\\\/buy\\\/double-action-outdoor-extreme-hydration-laboratoire-dr-renaud\\\/\",\"url\":\"https:\\\/\\\/accesbeaute.ca\\\/en\\\/buy\\\/double-action-outdoor-extreme-hydration-laboratoire-dr-renaud\\\/\",\"name\":\"Double Action - Outdoor Extreme Hydration - Laboratoire Dr Renaud - Achat en ligne\",\"isPartOf\":{\"@id\":\"https:\\\/\\\/accesbeaute.ca\\\/en\\\/#website\"},\"primaryImageOfPage\":{\"@id\":\"https:\\\/\\\/accesbeaute.ca\\\/en\\\/buy\\\/double-action-outdoor-extreme-hydration-laboratoire-dr-renaud\\\/#primaryimage\"},\"image\":{\"@id\":\"https:\\\/\\\/accesbeaute.ca\\\/en\\\/buy\\\/double-action-outdoor-extreme-hydration-laboratoire-dr-renaud\\\/#primaryimage\"},\"thumbnailUrl\":\"https:\\\/\\\/accesbeaute.ca\\\/wp-content\\\/uploads\\\/2018\\\/07\\\/hydratation-extreme-plein-air-double-action-laboratoire-dr-renaud-1.jpg\",\"datePublished\":\"2018-07-28T18:09:13+00:00\",\"description\":\"%\",\"breadcrumb\":{\"@id\":\"https:\\\/\\\/accesbeaute.ca\\\/en\\\/buy\\\/double-action-outdoor-extreme-hydration-laboratoire-dr-renaud\\\/#breadcrumb\"},\"inLanguage\":\"en-US\",\"potentialAction\":[{\"@type\":\"ReadAction\",\"target\":[\"https:\\\/\\\/accesbeaute.ca\\\/en\\\/buy\\\/double-action-outdoor-extreme-hydration-laboratoire-dr-renaud\\\/\"]}]},{\"@type\":\"ImageObject\",\"inLanguage\":\"en-US\",\"@id\":\"https:\\\/\\\/accesbeaute.ca\\\/en\\\/buy\\\/double-action-outdoor-extreme-hydration-laboratoire-dr-renaud\\\/#primaryimage\",\"url\":\"https:\\\/\\\/accesbeaute.ca\\\/wp-content\\\/uploads\\\/2018\\\/07\\\/hydratation-extreme-plein-air-double-action-laboratoire-dr-renaud-1.jpg\",\"contentUrl\":\"https:\\\/\\\/accesbeaute.ca\\\/wp-content\\\/uploads\\\/2018\\\/07\\\/hydratation-extreme-plein-air-double-action-laboratoire-dr-renaud-1.jpg\",\"width\":900,\"height\":900,\"caption\":\"Double Action - Protection et hydratation extr\u00eame plein air Laboratoire Dr Renaud\"},{\"@type\":\"BreadcrumbList\",\"@id\":\"https:\\\/\\\/accesbeaute.ca\\\/en\\\/buy\\\/double-action-outdoor-extreme-hydration-laboratoire-dr-renaud\\\/#breadcrumb\",\"itemListElement\":[{\"@type\":\"ListItem\",\"position\":1,\"name\":\"Accueil\",\"item\":\"https:\\\/\\\/accesbeaute.ca\\\/en\\\/\"},{\"@type\":\"ListItem\",\"position\":2,\"name\":\"Boutique\",\"item\":\"https:\\\/\\\/accesbeaute.ca\\\/boutique\\\/\"},{\"@type\":\"ListItem\",\"position\":3,\"name\":\"Cr\u00e8mes hydratantes\",\"item\":\"https:\\\/\\\/accesbeaute.ca\\\/en\\\/acheter\\\/creme-hydratante-en\\\/\"},{\"@type\":\"ListItem\",\"position\":4,\"name\":\"Double Action &#8211; Outdoor Extreme Hydration &#8211; Laboratoire Dr Renaud\"}]},{\"@type\":\"WebSite\",\"@id\":\"https:\\\/\\\/accesbeaute.ca\\\/en\\\/#website\",\"url\":\"https:\\\/\\\/accesbeaute.ca\\\/en\\\/\",\"name\":\"Acc\u00e8s Beaut\u00e9\",\"description\":\"Achat de produits de beaut\u00e9 en ligne\",\"potentialAction\":[{\"@type\":\"SearchAction\",\"target\":{\"@type\":\"EntryPoint\",\"urlTemplate\":\"https:\\\/\\\/accesbeaute.ca\\\/en\\\/?s={search_term_string}\"},\"query-input\":{\"@type\":\"PropertyValueSpecification\",\"valueRequired\":true,\"valueName\":\"search_term_string\"}}],\"inLanguage\":\"en-US\"}]}<\/script>\n<!-- \/ Yoast SEO plugin. -->","yoast_head_json":{"title":"Double Action - Outdoor Extreme Hydration - Laboratoire Dr Renaud  - Achat en ligne","description":"%","robots":{"index":"index","follow":"follow","max-snippet":"max-snippet:-1","max-image-preview":"max-image-preview:large","max-video-preview":"max-video-preview:-1"},"canonical":"https:\/\/accesbeaute.ca\/en\/buy\/double-action-outdoor-extreme-hydration-laboratoire-dr-renaud\/","og_locale":"en_US","og_type":"article","og_title":"Double Action - Outdoor Extreme Hydration - Laboratoire Dr Renaud  - Achat en ligne","og_description":"%","og_url":"https:\/\/accesbeaute.ca\/en\/buy\/double-action-outdoor-extreme-hydration-laboratoire-dr-renaud\/","og_site_name":"Acc\u00e8s Beaut\u00e9","twitter_card":"summary_large_image","schema":{"@context":"https:\/\/schema.org","@graph":[{"@type":"WebPage","@id":"https:\/\/accesbeaute.ca\/en\/buy\/double-action-outdoor-extreme-hydration-laboratoire-dr-renaud\/","url":"https:\/\/accesbeaute.ca\/en\/buy\/double-action-outdoor-extreme-hydration-laboratoire-dr-renaud\/","name":"Double Action - Outdoor Extreme Hydration - Laboratoire Dr Renaud - Achat en ligne","isPartOf":{"@id":"https:\/\/accesbeaute.ca\/en\/#website"},"primaryImageOfPage":{"@id":"https:\/\/accesbeaute.ca\/en\/buy\/double-action-outdoor-extreme-hydration-laboratoire-dr-renaud\/#primaryimage"},"image":{"@id":"https:\/\/accesbeaute.ca\/en\/buy\/double-action-outdoor-extreme-hydration-laboratoire-dr-renaud\/#primaryimage"},"thumbnailUrl":"https:\/\/accesbeaute.ca\/wp-content\/uploads\/2018\/07\/hydratation-extreme-plein-air-double-action-laboratoire-dr-renaud-1.jpg","datePublished":"2018-07-28T18:09:13+00:00","description":"%","breadcrumb":{"@id":"https:\/\/accesbeaute.ca\/en\/buy\/double-action-outdoor-extreme-hydration-laboratoire-dr-renaud\/#breadcrumb"},"inLanguage":"en-US","potentialAction":[{"@type":"ReadAction","target":["https:\/\/accesbeaute.ca\/en\/buy\/double-action-outdoor-extreme-hydration-laboratoire-dr-renaud\/"]}]},{"@type":"ImageObject","inLanguage":"en-US","@id":"https:\/\/accesbeaute.ca\/en\/buy\/double-action-outdoor-extreme-hydration-laboratoire-dr-renaud\/#primaryimage","url":"https:\/\/accesbeaute.ca\/wp-content\/uploads\/2018\/07\/hydratation-extreme-plein-air-double-action-laboratoire-dr-renaud-1.jpg","contentUrl":"https:\/\/accesbeaute.ca\/wp-content\/uploads\/2018\/07\/hydratation-extreme-plein-air-double-action-laboratoire-dr-renaud-1.jpg","width":900,"height":900,"caption":"Double Action - Protection et hydratation extr\u00eame plein air Laboratoire Dr Renaud"},{"@type":"BreadcrumbList","@id":"https:\/\/accesbeaute.ca\/en\/buy\/double-action-outdoor-extreme-hydration-laboratoire-dr-renaud\/#breadcrumb","itemListElement":[{"@type":"ListItem","position":1,"name":"Accueil","item":"https:\/\/accesbeaute.ca\/en\/"},{"@type":"ListItem","position":2,"name":"Boutique","item":"https:\/\/accesbeaute.ca\/boutique\/"},{"@type":"ListItem","position":3,"name":"Cr\u00e8mes hydratantes","item":"https:\/\/accesbeaute.ca\/en\/acheter\/creme-hydratante-en\/"},{"@type":"ListItem","position":4,"name":"Double Action &#8211; Outdoor Extreme Hydration &#8211; Laboratoire Dr Renaud"}]},{"@type":"WebSite","@id":"https:\/\/accesbeaute.ca\/en\/#website","url":"https:\/\/accesbeaute.ca\/en\/","name":"Acc\u00e8s Beaut\u00e9","description":"Achat de produits de beaut\u00e9 en ligne","potentialAction":[{"@type":"SearchAction","target":{"@type":"EntryPoint","urlTemplate":"https:\/\/accesbeaute.ca\/en\/?s={search_term_string}"},"query-input":{"@type":"PropertyValueSpecification","valueRequired":true,"valueName":"search_term_string"}}],"inLanguage":"en-US"}]}},"_links":{"self":[{"href":"https:\/\/accesbeaute.ca\/en\/wp-json\/wp\/v2\/product\/5503","targetHints":{"allow":["GET"]}}],"collection":[{"href":"https:\/\/accesbeaute.ca\/en\/wp-json\/wp\/v2\/product"}],"about":[{"href":"https:\/\/accesbeaute.ca\/en\/wp-json\/wp\/v2\/types\/product"}],"wp:featuredmedia":[{"embeddable":true,"href":"https:\/\/accesbeaute.ca\/en\/wp-json\/wp\/v2\/media\/1296"}],"wp:attachment":[{"href":"https:\/\/accesbeaute.ca\/en\/wp-json\/wp\/v2\/media?parent=5503"}],"wp:term":[{"taxonomy":"product_brand","embeddable":true,"href":"https:\/\/accesbeaute.ca\/en\/wp-json\/wp\/v2\/product_brand?post=5503"},{"taxonomy":"product_cat","embeddable":true,"href":"https:\/\/accesbeaute.ca\/en\/wp-json\/wp\/v2\/product_cat?post=5503"},{"taxonomy":"product_tag","embeddable":true,"href":"https:\/\/accesbeaute.ca\/en\/wp-json\/wp\/v2\/product_tag?post=5503"}],"curies":[{"name":"wp","href":"https:\/\/api.w.org\/{rel}","templated":true}]}}