{"id":5512,"date":"2018-07-28T18:08:51","date_gmt":"2018-07-28T18:08:51","guid":{"rendered":"https:\/\/accesbeaute.ca\/achat\/lift-jeunesse-with-mmpe-technology-intense-restructuring-night-treatment-laboratoire-dr-renaud\/"},"modified":"2018-07-28T18:08:51","modified_gmt":"2018-07-28T18:08:51","slug":"lift-jeunesse-with-mmpe-technology-intense-restructuring-night-treatment-laboratoire-dr-renaud","status":"publish","type":"product","link":"https:\/\/accesbeaute.ca\/en\/buy\/lift-jeunesse-with-mmpe-technology-intense-restructuring-night-treatment-laboratoire-dr-renaud\/","title":{"rendered":"Lift Jeunesse With MMPE Technology &#8211; Intense Restructuring Night Treatment &#8211; Laboratoire Dr Renaud"},"content":{"rendered":"<ul>\n<li>Helps eliminate toxins<\/li>\n<li>Reduces signs of skin fatigue<\/li>\n<li>Helps firm facial contours<\/li>\n<li>Size: 50 ml<\/li>\n<\/ul>\n<p>With its repairing and lipid-replenishing properties, Youth Lift with MMPE is specially designed for extremely demanding skin damaged over time by exposure to the sun, and hormonal changes. The exclusively designed MMPE technology temporarily improves the permeability of the skin, allowing better absorption of ingredients for a firmer, plumper skin.<\/p>\n","protected":false},"excerpt":{"rendered":"<hr class=\"ligne-grise\" \/>\n<p><strong>Brand:<\/strong> <a href=\"\/acheter\/laboratoire-dr-renaud\">Laboratoire Dr Renaud<\/a><\/p>\n<p>Restructuring night cream that lifts features and detoxifies skin for a brighter complexion.<\/p>\n","protected":false},"featured_media":1582,"template":"","meta":{"_et_pb_use_builder":"","_et_pb_old_content":"","_et_gb_content_width":""},"product_brand":[],"product_cat":[220,210,233,228,195,218,219],"product_tag":[234],"class_list":{"0":"post-5512","1":"product","2":"type-product","3":"status-publish","4":"has-post-thumbnail","6":"product_cat-cremes-de-nuit","7":"product_cat-fabrique-au-canada-en","8":"product_cat-laboratoire-dr-renaud-en","9":"product_cat-produits-pour-relachement-cutane","10":"product_cat-produit-de-beaute-teint-terne-en","11":"product_cat-soins-cremes-antirides","12":"product_cat-soins-anti-age","13":"product_tag-laboratoire-dr-renaud-en","15":"first","16":"instock","17":"taxable","18":"shipping-taxable","19":"purchasable","20":"product-type-simple"},"yoast_head":"<!-- This site is optimized with the Yoast SEO plugin v27.3 - https:\/\/yoast.com\/product\/yoast-seo-wordpress\/ -->\n<title>Lift Jeunesse With MMPE Technology - Intense Restructuring Night Treatment - Laboratoire Dr Renaud  - Achat en ligne<\/title>\n<meta name=\"description\" content=\"%\" \/>\n<meta name=\"robots\" content=\"index, follow, max-snippet:-1, max-image-preview:large, max-video-preview:-1\" \/>\n<link rel=\"canonical\" href=\"https:\/\/accesbeaute.ca\/en\/buy\/lift-jeunesse-with-mmpe-technology-intense-restructuring-night-treatment-laboratoire-dr-renaud\/\" \/>\n<meta property=\"og:locale\" content=\"en_US\" \/>\n<meta property=\"og:type\" content=\"article\" \/>\n<meta property=\"og:title\" content=\"Lift Jeunesse With MMPE Technology - Intense Restructuring Night Treatment - Laboratoire Dr Renaud  - Achat en ligne\" \/>\n<meta property=\"og:description\" content=\"%\" \/>\n<meta property=\"og:url\" content=\"https:\/\/accesbeaute.ca\/en\/buy\/lift-jeunesse-with-mmpe-technology-intense-restructuring-night-treatment-laboratoire-dr-renaud\/\" \/>\n<meta property=\"og:site_name\" content=\"Acc\u00e8s Beaut\u00e9\" \/>\n<meta name=\"twitter:card\" content=\"summary_large_image\" \/>\n<script type=\"application\/ld+json\" class=\"yoast-schema-graph\">{\"@context\":\"https:\\\/\\\/schema.org\",\"@graph\":[{\"@type\":\"WebPage\",\"@id\":\"https:\\\/\\\/accesbeaute.ca\\\/en\\\/buy\\\/lift-jeunesse-with-mmpe-technology-intense-restructuring-night-treatment-laboratoire-dr-renaud\\\/\",\"url\":\"https:\\\/\\\/accesbeaute.ca\\\/en\\\/buy\\\/lift-jeunesse-with-mmpe-technology-intense-restructuring-night-treatment-laboratoire-dr-renaud\\\/\",\"name\":\"Lift Jeunesse With MMPE Technology - Intense Restructuring Night Treatment - Laboratoire Dr Renaud - Achat en ligne\",\"isPartOf\":{\"@id\":\"https:\\\/\\\/accesbeaute.ca\\\/en\\\/#website\"},\"primaryImageOfPage\":{\"@id\":\"https:\\\/\\\/accesbeaute.ca\\\/en\\\/buy\\\/lift-jeunesse-with-mmpe-technology-intense-restructuring-night-treatment-laboratoire-dr-renaud\\\/#primaryimage\"},\"image\":{\"@id\":\"https:\\\/\\\/accesbeaute.ca\\\/en\\\/buy\\\/lift-jeunesse-with-mmpe-technology-intense-restructuring-night-treatment-laboratoire-dr-renaud\\\/#primaryimage\"},\"thumbnailUrl\":\"https:\\\/\\\/accesbeaute.ca\\\/wp-content\\\/uploads\\\/2018\\\/07\\\/lift-jeunesse-laboratoire-dr-renaud-1.jpg\",\"datePublished\":\"2018-07-28T18:08:51+00:00\",\"description\":\"%\",\"breadcrumb\":{\"@id\":\"https:\\\/\\\/accesbeaute.ca\\\/en\\\/buy\\\/lift-jeunesse-with-mmpe-technology-intense-restructuring-night-treatment-laboratoire-dr-renaud\\\/#breadcrumb\"},\"inLanguage\":\"en-US\",\"potentialAction\":[{\"@type\":\"ReadAction\",\"target\":[\"https:\\\/\\\/accesbeaute.ca\\\/en\\\/buy\\\/lift-jeunesse-with-mmpe-technology-intense-restructuring-night-treatment-laboratoire-dr-renaud\\\/\"]}]},{\"@type\":\"ImageObject\",\"inLanguage\":\"en-US\",\"@id\":\"https:\\\/\\\/accesbeaute.ca\\\/en\\\/buy\\\/lift-jeunesse-with-mmpe-technology-intense-restructuring-night-treatment-laboratoire-dr-renaud\\\/#primaryimage\",\"url\":\"https:\\\/\\\/accesbeaute.ca\\\/wp-content\\\/uploads\\\/2018\\\/07\\\/lift-jeunesse-laboratoire-dr-renaud-1.jpg\",\"contentUrl\":\"https:\\\/\\\/accesbeaute.ca\\\/wp-content\\\/uploads\\\/2018\\\/07\\\/lift-jeunesse-laboratoire-dr-renaud-1.jpg\",\"width\":1000,\"height\":1000,\"caption\":\"Lift Jeunesse Laboratoire Dr Renaud\"},{\"@type\":\"BreadcrumbList\",\"@id\":\"https:\\\/\\\/accesbeaute.ca\\\/en\\\/buy\\\/lift-jeunesse-with-mmpe-technology-intense-restructuring-night-treatment-laboratoire-dr-renaud\\\/#breadcrumb\",\"itemListElement\":[{\"@type\":\"ListItem\",\"position\":1,\"name\":\"Accueil\",\"item\":\"https:\\\/\\\/accesbeaute.ca\\\/en\\\/\"},{\"@type\":\"ListItem\",\"position\":2,\"name\":\"Boutique\",\"item\":\"https:\\\/\\\/accesbeaute.ca\\\/boutique\\\/\"},{\"@type\":\"ListItem\",\"position\":3,\"name\":\"Cr\u00e8mes de nuit\",\"item\":\"https:\\\/\\\/accesbeaute.ca\\\/en\\\/acheter\\\/cremes-de-nuit\\\/\"},{\"@type\":\"ListItem\",\"position\":4,\"name\":\"Lift Jeunesse With MMPE Technology &#8211; Intense Restructuring Night Treatment &#8211; Laboratoire Dr Renaud\"}]},{\"@type\":\"WebSite\",\"@id\":\"https:\\\/\\\/accesbeaute.ca\\\/en\\\/#website\",\"url\":\"https:\\\/\\\/accesbeaute.ca\\\/en\\\/\",\"name\":\"Acc\u00e8s Beaut\u00e9\",\"description\":\"Achat de produits de beaut\u00e9 en ligne\",\"potentialAction\":[{\"@type\":\"SearchAction\",\"target\":{\"@type\":\"EntryPoint\",\"urlTemplate\":\"https:\\\/\\\/accesbeaute.ca\\\/en\\\/?s={search_term_string}\"},\"query-input\":{\"@type\":\"PropertyValueSpecification\",\"valueRequired\":true,\"valueName\":\"search_term_string\"}}],\"inLanguage\":\"en-US\"}]}<\/script>\n<!-- \/ Yoast SEO plugin. -->","yoast_head_json":{"title":"Lift Jeunesse With MMPE Technology - Intense Restructuring Night Treatment - Laboratoire Dr Renaud  - Achat en ligne","description":"%","robots":{"index":"index","follow":"follow","max-snippet":"max-snippet:-1","max-image-preview":"max-image-preview:large","max-video-preview":"max-video-preview:-1"},"canonical":"https:\/\/accesbeaute.ca\/en\/buy\/lift-jeunesse-with-mmpe-technology-intense-restructuring-night-treatment-laboratoire-dr-renaud\/","og_locale":"en_US","og_type":"article","og_title":"Lift Jeunesse With MMPE Technology - Intense Restructuring Night Treatment - Laboratoire Dr Renaud  - Achat en ligne","og_description":"%","og_url":"https:\/\/accesbeaute.ca\/en\/buy\/lift-jeunesse-with-mmpe-technology-intense-restructuring-night-treatment-laboratoire-dr-renaud\/","og_site_name":"Acc\u00e8s Beaut\u00e9","twitter_card":"summary_large_image","schema":{"@context":"https:\/\/schema.org","@graph":[{"@type":"WebPage","@id":"https:\/\/accesbeaute.ca\/en\/buy\/lift-jeunesse-with-mmpe-technology-intense-restructuring-night-treatment-laboratoire-dr-renaud\/","url":"https:\/\/accesbeaute.ca\/en\/buy\/lift-jeunesse-with-mmpe-technology-intense-restructuring-night-treatment-laboratoire-dr-renaud\/","name":"Lift Jeunesse With MMPE Technology - Intense Restructuring Night Treatment - Laboratoire Dr Renaud - Achat en ligne","isPartOf":{"@id":"https:\/\/accesbeaute.ca\/en\/#website"},"primaryImageOfPage":{"@id":"https:\/\/accesbeaute.ca\/en\/buy\/lift-jeunesse-with-mmpe-technology-intense-restructuring-night-treatment-laboratoire-dr-renaud\/#primaryimage"},"image":{"@id":"https:\/\/accesbeaute.ca\/en\/buy\/lift-jeunesse-with-mmpe-technology-intense-restructuring-night-treatment-laboratoire-dr-renaud\/#primaryimage"},"thumbnailUrl":"https:\/\/accesbeaute.ca\/wp-content\/uploads\/2018\/07\/lift-jeunesse-laboratoire-dr-renaud-1.jpg","datePublished":"2018-07-28T18:08:51+00:00","description":"%","breadcrumb":{"@id":"https:\/\/accesbeaute.ca\/en\/buy\/lift-jeunesse-with-mmpe-technology-intense-restructuring-night-treatment-laboratoire-dr-renaud\/#breadcrumb"},"inLanguage":"en-US","potentialAction":[{"@type":"ReadAction","target":["https:\/\/accesbeaute.ca\/en\/buy\/lift-jeunesse-with-mmpe-technology-intense-restructuring-night-treatment-laboratoire-dr-renaud\/"]}]},{"@type":"ImageObject","inLanguage":"en-US","@id":"https:\/\/accesbeaute.ca\/en\/buy\/lift-jeunesse-with-mmpe-technology-intense-restructuring-night-treatment-laboratoire-dr-renaud\/#primaryimage","url":"https:\/\/accesbeaute.ca\/wp-content\/uploads\/2018\/07\/lift-jeunesse-laboratoire-dr-renaud-1.jpg","contentUrl":"https:\/\/accesbeaute.ca\/wp-content\/uploads\/2018\/07\/lift-jeunesse-laboratoire-dr-renaud-1.jpg","width":1000,"height":1000,"caption":"Lift Jeunesse Laboratoire Dr Renaud"},{"@type":"BreadcrumbList","@id":"https:\/\/accesbeaute.ca\/en\/buy\/lift-jeunesse-with-mmpe-technology-intense-restructuring-night-treatment-laboratoire-dr-renaud\/#breadcrumb","itemListElement":[{"@type":"ListItem","position":1,"name":"Accueil","item":"https:\/\/accesbeaute.ca\/en\/"},{"@type":"ListItem","position":2,"name":"Boutique","item":"https:\/\/accesbeaute.ca\/boutique\/"},{"@type":"ListItem","position":3,"name":"Cr\u00e8mes de nuit","item":"https:\/\/accesbeaute.ca\/en\/acheter\/cremes-de-nuit\/"},{"@type":"ListItem","position":4,"name":"Lift Jeunesse With MMPE Technology &#8211; Intense Restructuring Night Treatment &#8211; Laboratoire Dr Renaud"}]},{"@type":"WebSite","@id":"https:\/\/accesbeaute.ca\/en\/#website","url":"https:\/\/accesbeaute.ca\/en\/","name":"Acc\u00e8s Beaut\u00e9","description":"Achat de produits de beaut\u00e9 en ligne","potentialAction":[{"@type":"SearchAction","target":{"@type":"EntryPoint","urlTemplate":"https:\/\/accesbeaute.ca\/en\/?s={search_term_string}"},"query-input":{"@type":"PropertyValueSpecification","valueRequired":true,"valueName":"search_term_string"}}],"inLanguage":"en-US"}]}},"_links":{"self":[{"href":"https:\/\/accesbeaute.ca\/en\/wp-json\/wp\/v2\/product\/5512","targetHints":{"allow":["GET"]}}],"collection":[{"href":"https:\/\/accesbeaute.ca\/en\/wp-json\/wp\/v2\/product"}],"about":[{"href":"https:\/\/accesbeaute.ca\/en\/wp-json\/wp\/v2\/types\/product"}],"wp:featuredmedia":[{"embeddable":true,"href":"https:\/\/accesbeaute.ca\/en\/wp-json\/wp\/v2\/media\/1582"}],"wp:attachment":[{"href":"https:\/\/accesbeaute.ca\/en\/wp-json\/wp\/v2\/media?parent=5512"}],"wp:term":[{"taxonomy":"product_brand","embeddable":true,"href":"https:\/\/accesbeaute.ca\/en\/wp-json\/wp\/v2\/product_brand?post=5512"},{"taxonomy":"product_cat","embeddable":true,"href":"https:\/\/accesbeaute.ca\/en\/wp-json\/wp\/v2\/product_cat?post=5512"},{"taxonomy":"product_tag","embeddable":true,"href":"https:\/\/accesbeaute.ca\/en\/wp-json\/wp\/v2\/product_tag?post=5512"}],"curies":[{"name":"wp","href":"https:\/\/api.w.org\/{rel}","templated":true}]}}