{"id":5853,"date":"2018-07-30T00:09:58","date_gmt":"2018-07-30T00:09:58","guid":{"rendered":"https:\/\/accesbeaute.ca\/achat\/regard-des-vagues-refreshing-eye-gel-algologie\/"},"modified":"2026-04-07T00:03:18","modified_gmt":"2026-04-07T00:03:18","slug":"regard-des-vagues-refreshing-eye-gel-algologie","status":"publish","type":"product","link":"https:\/\/accesbeaute.ca\/en\/buy\/regard-des-vagues-refreshing-eye-gel-algologie\/","title":{"rendered":"Regard Des Vagues &#8211; Refreshing Eye Gel &#8211; Algologie"},"content":{"rendered":"<ul>\n<li>Eye contour treatment<\/li>\n<li>Size: 15 ml<\/li>\n<\/ul>\n<p>RESULTS<br \/>Eye contour is smoothed and rested<br \/>Puffiness and dark circles are reduced<\/p>\n<p>SENSORIALITY<br \/>Ultra-fresh melting gel-cream<br \/>Ideal treatment for both types of puffiness (fatty and lymphatic)<br \/>The action and penetration care for luminous eyes<br \/>Fragrance-free, ideal for this fragile area<\/p>\n","protected":false},"excerpt":{"rendered":"<hr class=\"ligne-grise\" \/>\n<p><strong>Brand:<\/strong> <a href=\"\/acheter\/algologie\">Algologie<\/a><\/p>\n<p>A beauty treatment for the eye area. This melting gel-cream relieves congestion, refreshes and moisturises. Applied daily, it illuminates the eye area while reducing the appearance of dark circles and puffiness.<\/p>\n","protected":false},"featured_media":4649,"template":"","meta":{"_et_pb_use_builder":"","_et_pb_old_content":"","_et_gb_content_width":""},"product_brand":[],"product_cat":[201,191,226,227,219],"product_tag":[202],"class_list":{"0":"post-5853","1":"product","2":"type-product","3":"status-publish","4":"has-post-thumbnail","6":"product_cat-algologie-en","7":"product_cat-produits-de-beaute-pour-tout-type-de-peau-en","8":"product_cat-produits-pour-poches-et-cernes","9":"product_cat-produits-pour-soins-des-yeux","10":"product_cat-soins-anti-age","11":"product_tag-algologie-en","13":"first","14":"instock","15":"taxable","16":"shipping-taxable","17":"purchasable","18":"product-type-simple"},"yoast_head":"<!-- This site is optimized with the Yoast SEO plugin v27.3 - https:\/\/yoast.com\/product\/yoast-seo-wordpress\/ -->\n<title>Regard Des Vagues - Refreshing Eye Gel - Algologie  - Achat en ligne<\/title>\n<meta name=\"description\" content=\"%\" \/>\n<meta name=\"robots\" content=\"index, follow, max-snippet:-1, max-image-preview:large, max-video-preview:-1\" \/>\n<link rel=\"canonical\" href=\"https:\/\/accesbeaute.ca\/en\/buy\/regard-des-vagues-refreshing-eye-gel-algologie\/\" \/>\n<meta property=\"og:locale\" content=\"en_US\" \/>\n<meta property=\"og:type\" content=\"article\" \/>\n<meta property=\"og:title\" content=\"Regard Des Vagues - Refreshing Eye Gel - Algologie  - Achat en ligne\" \/>\n<meta property=\"og:description\" content=\"%\" \/>\n<meta property=\"og:url\" content=\"https:\/\/accesbeaute.ca\/en\/buy\/regard-des-vagues-refreshing-eye-gel-algologie\/\" \/>\n<meta property=\"og:site_name\" content=\"Acc\u00e8s Beaut\u00e9\" \/>\n<meta property=\"article:modified_time\" content=\"2026-04-07T00:03:18+00:00\" \/>\n<meta name=\"twitter:card\" content=\"summary_large_image\" \/>\n<script type=\"application\/ld+json\" class=\"yoast-schema-graph\">{\"@context\":\"https:\\\/\\\/schema.org\",\"@graph\":[{\"@type\":\"WebPage\",\"@id\":\"https:\\\/\\\/accesbeaute.ca\\\/en\\\/buy\\\/regard-des-vagues-refreshing-eye-gel-algologie\\\/\",\"url\":\"https:\\\/\\\/accesbeaute.ca\\\/en\\\/buy\\\/regard-des-vagues-refreshing-eye-gel-algologie\\\/\",\"name\":\"Regard Des Vagues - Refreshing Eye Gel - Algologie - Achat en ligne\",\"isPartOf\":{\"@id\":\"https:\\\/\\\/accesbeaute.ca\\\/en\\\/#website\"},\"primaryImageOfPage\":{\"@id\":\"https:\\\/\\\/accesbeaute.ca\\\/en\\\/buy\\\/regard-des-vagues-refreshing-eye-gel-algologie\\\/#primaryimage\"},\"image\":{\"@id\":\"https:\\\/\\\/accesbeaute.ca\\\/en\\\/buy\\\/regard-des-vagues-refreshing-eye-gel-algologie\\\/#primaryimage\"},\"thumbnailUrl\":\"https:\\\/\\\/accesbeaute.ca\\\/wp-content\\\/uploads\\\/2018\\\/07\\\/regard-des-vagues-gel-fraicheur-des-yeux-algologie.jpg\",\"datePublished\":\"2018-07-30T00:09:58+00:00\",\"dateModified\":\"2026-04-07T00:03:18+00:00\",\"description\":\"%\",\"breadcrumb\":{\"@id\":\"https:\\\/\\\/accesbeaute.ca\\\/en\\\/buy\\\/regard-des-vagues-refreshing-eye-gel-algologie\\\/#breadcrumb\"},\"inLanguage\":\"en-US\",\"potentialAction\":[{\"@type\":\"ReadAction\",\"target\":[\"https:\\\/\\\/accesbeaute.ca\\\/en\\\/buy\\\/regard-des-vagues-refreshing-eye-gel-algologie\\\/\"]}]},{\"@type\":\"ImageObject\",\"inLanguage\":\"en-US\",\"@id\":\"https:\\\/\\\/accesbeaute.ca\\\/en\\\/buy\\\/regard-des-vagues-refreshing-eye-gel-algologie\\\/#primaryimage\",\"url\":\"https:\\\/\\\/accesbeaute.ca\\\/wp-content\\\/uploads\\\/2018\\\/07\\\/regard-des-vagues-gel-fraicheur-des-yeux-algologie.jpg\",\"contentUrl\":\"https:\\\/\\\/accesbeaute.ca\\\/wp-content\\\/uploads\\\/2018\\\/07\\\/regard-des-vagues-gel-fraicheur-des-yeux-algologie.jpg\",\"width\":1500,\"height\":1500},{\"@type\":\"BreadcrumbList\",\"@id\":\"https:\\\/\\\/accesbeaute.ca\\\/en\\\/buy\\\/regard-des-vagues-refreshing-eye-gel-algologie\\\/#breadcrumb\",\"itemListElement\":[{\"@type\":\"ListItem\",\"position\":1,\"name\":\"Accueil\",\"item\":\"https:\\\/\\\/accesbeaute.ca\\\/en\\\/\"},{\"@type\":\"ListItem\",\"position\":2,\"name\":\"Boutique\",\"item\":\"https:\\\/\\\/accesbeaute.ca\\\/boutique\\\/\"},{\"@type\":\"ListItem\",\"position\":3,\"name\":\"Algologie\",\"item\":\"https:\\\/\\\/accesbeaute.ca\\\/en\\\/acheter\\\/algologie-en\\\/\"},{\"@type\":\"ListItem\",\"position\":4,\"name\":\"Regard Des Vagues &#8211; Refreshing Eye Gel &#8211; Algologie\"}]},{\"@type\":\"WebSite\",\"@id\":\"https:\\\/\\\/accesbeaute.ca\\\/en\\\/#website\",\"url\":\"https:\\\/\\\/accesbeaute.ca\\\/en\\\/\",\"name\":\"Acc\u00e8s Beaut\u00e9\",\"description\":\"Achat de produits de beaut\u00e9 en ligne\",\"potentialAction\":[{\"@type\":\"SearchAction\",\"target\":{\"@type\":\"EntryPoint\",\"urlTemplate\":\"https:\\\/\\\/accesbeaute.ca\\\/en\\\/?s={search_term_string}\"},\"query-input\":{\"@type\":\"PropertyValueSpecification\",\"valueRequired\":true,\"valueName\":\"search_term_string\"}}],\"inLanguage\":\"en-US\"}]}<\/script>\n<!-- \/ Yoast SEO plugin. -->","yoast_head_json":{"title":"Regard Des Vagues - Refreshing Eye Gel - Algologie  - Achat en ligne","description":"%","robots":{"index":"index","follow":"follow","max-snippet":"max-snippet:-1","max-image-preview":"max-image-preview:large","max-video-preview":"max-video-preview:-1"},"canonical":"https:\/\/accesbeaute.ca\/en\/buy\/regard-des-vagues-refreshing-eye-gel-algologie\/","og_locale":"en_US","og_type":"article","og_title":"Regard Des Vagues - Refreshing Eye Gel - Algologie  - Achat en ligne","og_description":"%","og_url":"https:\/\/accesbeaute.ca\/en\/buy\/regard-des-vagues-refreshing-eye-gel-algologie\/","og_site_name":"Acc\u00e8s Beaut\u00e9","article_modified_time":"2026-04-07T00:03:18+00:00","twitter_card":"summary_large_image","schema":{"@context":"https:\/\/schema.org","@graph":[{"@type":"WebPage","@id":"https:\/\/accesbeaute.ca\/en\/buy\/regard-des-vagues-refreshing-eye-gel-algologie\/","url":"https:\/\/accesbeaute.ca\/en\/buy\/regard-des-vagues-refreshing-eye-gel-algologie\/","name":"Regard Des Vagues - Refreshing Eye Gel - Algologie - Achat en ligne","isPartOf":{"@id":"https:\/\/accesbeaute.ca\/en\/#website"},"primaryImageOfPage":{"@id":"https:\/\/accesbeaute.ca\/en\/buy\/regard-des-vagues-refreshing-eye-gel-algologie\/#primaryimage"},"image":{"@id":"https:\/\/accesbeaute.ca\/en\/buy\/regard-des-vagues-refreshing-eye-gel-algologie\/#primaryimage"},"thumbnailUrl":"https:\/\/accesbeaute.ca\/wp-content\/uploads\/2018\/07\/regard-des-vagues-gel-fraicheur-des-yeux-algologie.jpg","datePublished":"2018-07-30T00:09:58+00:00","dateModified":"2026-04-07T00:03:18+00:00","description":"%","breadcrumb":{"@id":"https:\/\/accesbeaute.ca\/en\/buy\/regard-des-vagues-refreshing-eye-gel-algologie\/#breadcrumb"},"inLanguage":"en-US","potentialAction":[{"@type":"ReadAction","target":["https:\/\/accesbeaute.ca\/en\/buy\/regard-des-vagues-refreshing-eye-gel-algologie\/"]}]},{"@type":"ImageObject","inLanguage":"en-US","@id":"https:\/\/accesbeaute.ca\/en\/buy\/regard-des-vagues-refreshing-eye-gel-algologie\/#primaryimage","url":"https:\/\/accesbeaute.ca\/wp-content\/uploads\/2018\/07\/regard-des-vagues-gel-fraicheur-des-yeux-algologie.jpg","contentUrl":"https:\/\/accesbeaute.ca\/wp-content\/uploads\/2018\/07\/regard-des-vagues-gel-fraicheur-des-yeux-algologie.jpg","width":1500,"height":1500},{"@type":"BreadcrumbList","@id":"https:\/\/accesbeaute.ca\/en\/buy\/regard-des-vagues-refreshing-eye-gel-algologie\/#breadcrumb","itemListElement":[{"@type":"ListItem","position":1,"name":"Accueil","item":"https:\/\/accesbeaute.ca\/en\/"},{"@type":"ListItem","position":2,"name":"Boutique","item":"https:\/\/accesbeaute.ca\/boutique\/"},{"@type":"ListItem","position":3,"name":"Algologie","item":"https:\/\/accesbeaute.ca\/en\/acheter\/algologie-en\/"},{"@type":"ListItem","position":4,"name":"Regard Des Vagues &#8211; Refreshing Eye Gel &#8211; Algologie"}]},{"@type":"WebSite","@id":"https:\/\/accesbeaute.ca\/en\/#website","url":"https:\/\/accesbeaute.ca\/en\/","name":"Acc\u00e8s Beaut\u00e9","description":"Achat de produits de beaut\u00e9 en ligne","potentialAction":[{"@type":"SearchAction","target":{"@type":"EntryPoint","urlTemplate":"https:\/\/accesbeaute.ca\/en\/?s={search_term_string}"},"query-input":{"@type":"PropertyValueSpecification","valueRequired":true,"valueName":"search_term_string"}}],"inLanguage":"en-US"}]}},"_links":{"self":[{"href":"https:\/\/accesbeaute.ca\/en\/wp-json\/wp\/v2\/product\/5853","targetHints":{"allow":["GET"]}}],"collection":[{"href":"https:\/\/accesbeaute.ca\/en\/wp-json\/wp\/v2\/product"}],"about":[{"href":"https:\/\/accesbeaute.ca\/en\/wp-json\/wp\/v2\/types\/product"}],"wp:featuredmedia":[{"embeddable":true,"href":"https:\/\/accesbeaute.ca\/en\/wp-json\/wp\/v2\/media\/4649"}],"wp:attachment":[{"href":"https:\/\/accesbeaute.ca\/en\/wp-json\/wp\/v2\/media?parent=5853"}],"wp:term":[{"taxonomy":"product_brand","embeddable":true,"href":"https:\/\/accesbeaute.ca\/en\/wp-json\/wp\/v2\/product_brand?post=5853"},{"taxonomy":"product_cat","embeddable":true,"href":"https:\/\/accesbeaute.ca\/en\/wp-json\/wp\/v2\/product_cat?post=5853"},{"taxonomy":"product_tag","embeddable":true,"href":"https:\/\/accesbeaute.ca\/en\/wp-json\/wp\/v2\/product_tag?post=5853"}],"curies":[{"name":"wp","href":"https:\/\/api.w.org\/{rel}","templated":true}]}}