{"id":5888,"date":"2023-08-18T16:09:43","date_gmt":"2023-08-18T16:09:43","guid":{"rendered":"https:\/\/accesbeaute.ca\/achat\/secret-glowing-eye-serum-remodel-france-laure\/"},"modified":"2023-08-18T16:09:43","modified_gmt":"2023-08-18T16:09:43","slug":"secret-glowing-eye-serum-remodel-france-laure","status":"publish","type":"product","link":"https:\/\/accesbeaute.ca\/en\/buy\/secret-glowing-eye-serum-remodel-france-laure\/","title":{"rendered":"Secret Glowing Eye Serum &#8211; Remodel &#8211; France Laure"},"content":{"rendered":"<ul>\n<li>Size: 15 ml<\/li>\n<\/ul>\n<p>The eye contour is a delicate area that is prone to aging.<\/p>\n<p>This serum thus meets four main objectives:<\/p>\n<ul>\n<li>Concealer \/ brightener<\/li>\n<li>Intense hydration<\/li>\n<li>Anti-aging<\/li>\n<li>Anti-inflammatory\/anti buffiness<\/li>\n<\/ul>\n<p>Ideal as a base for make-up or as a daily care, its light and smooth formula quickly penetrates and regains radiance, tone and firmness to your eyes.<\/p>\n","protected":false},"excerpt":{"rendered":"<hr class=\"ligne-grise\" \/>\n<p><strong>Brand:<\/strong> <a href=\"\/acheter\/france-laure\">France Laure<\/a><\/p>\n<p>Specifically formulated to take care of your eyes, the Radiant Eye Serum brings together a range of highly concentrated active ingredients including Cocoa Bioferment, which acts to improve blood circulation, Hyaluronic Acid, which provides intense hydration and stabilized Vitamin C, which unifies the complexion.<\/p>\n","protected":false},"featured_media":5114,"template":"","meta":{"_et_pb_use_builder":"","_et_pb_old_content":"","_et_gb_content_width":""},"product_brand":[],"product_cat":[210,191,227,222,218,219],"product_tag":[],"class_list":{"0":"post-5888","1":"product","2":"type-product","3":"status-publish","4":"has-post-thumbnail","6":"product_cat-fabrique-au-canada-en","7":"product_cat-produits-de-beaute-pour-tout-type-de-peau-en","8":"product_cat-produits-pour-soins-des-yeux","9":"product_cat-serums-rajeunissants","10":"product_cat-soins-cremes-antirides","11":"product_cat-soins-anti-age","13":"first","14":"instock","15":"sale","16":"taxable","17":"shipping-taxable","18":"purchasable","19":"product-type-simple"},"yoast_head":"<!-- This site is optimized with the Yoast SEO plugin v27.3 - https:\/\/yoast.com\/product\/yoast-seo-wordpress\/ -->\n<title>Secret Glowing Eye Serum - Remodel - France Laure  - Achat en ligne<\/title>\n<meta name=\"description\" content=\"%\" \/>\n<meta name=\"robots\" content=\"index, follow, max-snippet:-1, max-image-preview:large, max-video-preview:-1\" \/>\n<link rel=\"canonical\" href=\"https:\/\/accesbeaute.ca\/en\/buy\/secret-glowing-eye-serum-remodel-france-laure\/\" \/>\n<meta property=\"og:locale\" content=\"en_US\" \/>\n<meta property=\"og:type\" content=\"article\" \/>\n<meta property=\"og:title\" content=\"Secret Glowing Eye Serum - Remodel - France Laure  - Achat en ligne\" \/>\n<meta property=\"og:description\" content=\"%\" \/>\n<meta property=\"og:url\" content=\"https:\/\/accesbeaute.ca\/en\/buy\/secret-glowing-eye-serum-remodel-france-laure\/\" \/>\n<meta property=\"og:site_name\" content=\"Acc\u00e8s Beaut\u00e9\" \/>\n<meta property=\"og:image\" content=\"https:\/\/accesbeaute.ca\/wp-content\/uploads\/2023\/08\/303022-Serum-Yeux-Secret-eclat-remodeler-france-laure.jpg\" \/>\n\t<meta property=\"og:image:width\" content=\"574\" \/>\n\t<meta property=\"og:image:height\" content=\"574\" \/>\n\t<meta property=\"og:image:type\" content=\"image\/jpeg\" \/>\n<meta name=\"twitter:card\" content=\"summary_large_image\" \/>\n<script type=\"application\/ld+json\" class=\"yoast-schema-graph\">{\"@context\":\"https:\\\/\\\/schema.org\",\"@graph\":[{\"@type\":\"WebPage\",\"@id\":\"https:\\\/\\\/accesbeaute.ca\\\/en\\\/buy\\\/secret-glowing-eye-serum-remodel-france-laure\\\/\",\"url\":\"https:\\\/\\\/accesbeaute.ca\\\/en\\\/buy\\\/secret-glowing-eye-serum-remodel-france-laure\\\/\",\"name\":\"Secret Glowing Eye Serum - Remodel - France Laure - Achat en ligne\",\"isPartOf\":{\"@id\":\"https:\\\/\\\/accesbeaute.ca\\\/en\\\/#website\"},\"primaryImageOfPage\":{\"@id\":\"https:\\\/\\\/accesbeaute.ca\\\/en\\\/buy\\\/secret-glowing-eye-serum-remodel-france-laure\\\/#primaryimage\"},\"image\":{\"@id\":\"https:\\\/\\\/accesbeaute.ca\\\/en\\\/buy\\\/secret-glowing-eye-serum-remodel-france-laure\\\/#primaryimage\"},\"thumbnailUrl\":\"https:\\\/\\\/accesbeaute.ca\\\/wp-content\\\/uploads\\\/2023\\\/08\\\/303022-Serum-Yeux-Secret-eclat-remodeler-france-laure.jpg\",\"datePublished\":\"2023-08-18T16:09:43+00:00\",\"description\":\"%\",\"breadcrumb\":{\"@id\":\"https:\\\/\\\/accesbeaute.ca\\\/en\\\/buy\\\/secret-glowing-eye-serum-remodel-france-laure\\\/#breadcrumb\"},\"inLanguage\":\"en-US\",\"potentialAction\":[{\"@type\":\"ReadAction\",\"target\":[\"https:\\\/\\\/accesbeaute.ca\\\/en\\\/buy\\\/secret-glowing-eye-serum-remodel-france-laure\\\/\"]}]},{\"@type\":\"ImageObject\",\"inLanguage\":\"en-US\",\"@id\":\"https:\\\/\\\/accesbeaute.ca\\\/en\\\/buy\\\/secret-glowing-eye-serum-remodel-france-laure\\\/#primaryimage\",\"url\":\"https:\\\/\\\/accesbeaute.ca\\\/wp-content\\\/uploads\\\/2023\\\/08\\\/303022-Serum-Yeux-Secret-eclat-remodeler-france-laure.jpg\",\"contentUrl\":\"https:\\\/\\\/accesbeaute.ca\\\/wp-content\\\/uploads\\\/2023\\\/08\\\/303022-Serum-Yeux-Secret-eclat-remodeler-france-laure.jpg\",\"width\":574,\"height\":574},{\"@type\":\"BreadcrumbList\",\"@id\":\"https:\\\/\\\/accesbeaute.ca\\\/en\\\/buy\\\/secret-glowing-eye-serum-remodel-france-laure\\\/#breadcrumb\",\"itemListElement\":[{\"@type\":\"ListItem\",\"position\":1,\"name\":\"Accueil\",\"item\":\"https:\\\/\\\/accesbeaute.ca\\\/en\\\/\"},{\"@type\":\"ListItem\",\"position\":2,\"name\":\"Boutique\",\"item\":\"https:\\\/\\\/accesbeaute.ca\\\/boutique\\\/\"},{\"@type\":\"ListItem\",\"position\":3,\"name\":\"Fabriqu\u00e9 au Canada\",\"item\":\"https:\\\/\\\/accesbeaute.ca\\\/en\\\/acheter\\\/fabrique-au-canada-en\\\/\"},{\"@type\":\"ListItem\",\"position\":4,\"name\":\"Secret Glowing Eye Serum &#8211; Remodel &#8211; France Laure\"}]},{\"@type\":\"WebSite\",\"@id\":\"https:\\\/\\\/accesbeaute.ca\\\/en\\\/#website\",\"url\":\"https:\\\/\\\/accesbeaute.ca\\\/en\\\/\",\"name\":\"Acc\u00e8s Beaut\u00e9\",\"description\":\"Achat de produits de beaut\u00e9 en ligne\",\"potentialAction\":[{\"@type\":\"SearchAction\",\"target\":{\"@type\":\"EntryPoint\",\"urlTemplate\":\"https:\\\/\\\/accesbeaute.ca\\\/en\\\/?s={search_term_string}\"},\"query-input\":{\"@type\":\"PropertyValueSpecification\",\"valueRequired\":true,\"valueName\":\"search_term_string\"}}],\"inLanguage\":\"en-US\"}]}<\/script>\n<!-- \/ Yoast SEO plugin. -->","yoast_head_json":{"title":"Secret Glowing Eye Serum - Remodel - France Laure  - Achat en ligne","description":"%","robots":{"index":"index","follow":"follow","max-snippet":"max-snippet:-1","max-image-preview":"max-image-preview:large","max-video-preview":"max-video-preview:-1"},"canonical":"https:\/\/accesbeaute.ca\/en\/buy\/secret-glowing-eye-serum-remodel-france-laure\/","og_locale":"en_US","og_type":"article","og_title":"Secret Glowing Eye Serum - Remodel - France Laure  - Achat en ligne","og_description":"%","og_url":"https:\/\/accesbeaute.ca\/en\/buy\/secret-glowing-eye-serum-remodel-france-laure\/","og_site_name":"Acc\u00e8s Beaut\u00e9","og_image":[{"width":574,"height":574,"url":"https:\/\/accesbeaute.ca\/wp-content\/uploads\/2023\/08\/303022-Serum-Yeux-Secret-eclat-remodeler-france-laure.jpg","type":"image\/jpeg"}],"twitter_card":"summary_large_image","schema":{"@context":"https:\/\/schema.org","@graph":[{"@type":"WebPage","@id":"https:\/\/accesbeaute.ca\/en\/buy\/secret-glowing-eye-serum-remodel-france-laure\/","url":"https:\/\/accesbeaute.ca\/en\/buy\/secret-glowing-eye-serum-remodel-france-laure\/","name":"Secret Glowing Eye Serum - Remodel - France Laure - Achat en ligne","isPartOf":{"@id":"https:\/\/accesbeaute.ca\/en\/#website"},"primaryImageOfPage":{"@id":"https:\/\/accesbeaute.ca\/en\/buy\/secret-glowing-eye-serum-remodel-france-laure\/#primaryimage"},"image":{"@id":"https:\/\/accesbeaute.ca\/en\/buy\/secret-glowing-eye-serum-remodel-france-laure\/#primaryimage"},"thumbnailUrl":"https:\/\/accesbeaute.ca\/wp-content\/uploads\/2023\/08\/303022-Serum-Yeux-Secret-eclat-remodeler-france-laure.jpg","datePublished":"2023-08-18T16:09:43+00:00","description":"%","breadcrumb":{"@id":"https:\/\/accesbeaute.ca\/en\/buy\/secret-glowing-eye-serum-remodel-france-laure\/#breadcrumb"},"inLanguage":"en-US","potentialAction":[{"@type":"ReadAction","target":["https:\/\/accesbeaute.ca\/en\/buy\/secret-glowing-eye-serum-remodel-france-laure\/"]}]},{"@type":"ImageObject","inLanguage":"en-US","@id":"https:\/\/accesbeaute.ca\/en\/buy\/secret-glowing-eye-serum-remodel-france-laure\/#primaryimage","url":"https:\/\/accesbeaute.ca\/wp-content\/uploads\/2023\/08\/303022-Serum-Yeux-Secret-eclat-remodeler-france-laure.jpg","contentUrl":"https:\/\/accesbeaute.ca\/wp-content\/uploads\/2023\/08\/303022-Serum-Yeux-Secret-eclat-remodeler-france-laure.jpg","width":574,"height":574},{"@type":"BreadcrumbList","@id":"https:\/\/accesbeaute.ca\/en\/buy\/secret-glowing-eye-serum-remodel-france-laure\/#breadcrumb","itemListElement":[{"@type":"ListItem","position":1,"name":"Accueil","item":"https:\/\/accesbeaute.ca\/en\/"},{"@type":"ListItem","position":2,"name":"Boutique","item":"https:\/\/accesbeaute.ca\/boutique\/"},{"@type":"ListItem","position":3,"name":"Fabriqu\u00e9 au Canada","item":"https:\/\/accesbeaute.ca\/en\/acheter\/fabrique-au-canada-en\/"},{"@type":"ListItem","position":4,"name":"Secret Glowing Eye Serum &#8211; Remodel &#8211; France Laure"}]},{"@type":"WebSite","@id":"https:\/\/accesbeaute.ca\/en\/#website","url":"https:\/\/accesbeaute.ca\/en\/","name":"Acc\u00e8s Beaut\u00e9","description":"Achat de produits de beaut\u00e9 en ligne","potentialAction":[{"@type":"SearchAction","target":{"@type":"EntryPoint","urlTemplate":"https:\/\/accesbeaute.ca\/en\/?s={search_term_string}"},"query-input":{"@type":"PropertyValueSpecification","valueRequired":true,"valueName":"search_term_string"}}],"inLanguage":"en-US"}]}},"_links":{"self":[{"href":"https:\/\/accesbeaute.ca\/en\/wp-json\/wp\/v2\/product\/5888","targetHints":{"allow":["GET"]}}],"collection":[{"href":"https:\/\/accesbeaute.ca\/en\/wp-json\/wp\/v2\/product"}],"about":[{"href":"https:\/\/accesbeaute.ca\/en\/wp-json\/wp\/v2\/types\/product"}],"wp:featuredmedia":[{"embeddable":true,"href":"https:\/\/accesbeaute.ca\/en\/wp-json\/wp\/v2\/media\/5114"}],"wp:attachment":[{"href":"https:\/\/accesbeaute.ca\/en\/wp-json\/wp\/v2\/media?parent=5888"}],"wp:term":[{"taxonomy":"product_brand","embeddable":true,"href":"https:\/\/accesbeaute.ca\/en\/wp-json\/wp\/v2\/product_brand?post=5888"},{"taxonomy":"product_cat","embeddable":true,"href":"https:\/\/accesbeaute.ca\/en\/wp-json\/wp\/v2\/product_cat?post=5888"},{"taxonomy":"product_tag","embeddable":true,"href":"https:\/\/accesbeaute.ca\/en\/wp-json\/wp\/v2\/product_tag?post=5888"}],"curies":[{"name":"wp","href":"https:\/\/api.w.org\/{rel}","templated":true}]}}