{"id":5983,"date":"2023-08-18T14:21:14","date_gmt":"2023-08-18T14:21:14","guid":{"rendered":"https:\/\/accesbeaute.ca\/achat\/ultra-gentle-cleansing-mousse-calm-france-laure\/"},"modified":"2023-08-18T14:21:14","modified_gmt":"2023-08-18T14:21:14","slug":"ultra-gentle-cleansing-mousse-calm-france-laure","status":"publish","type":"product","link":"https:\/\/accesbeaute.ca\/en\/buy\/ultra-gentle-cleansing-mousse-calm-france-laure\/","title":{"rendered":"Ultra-gentle Cleansing Mousse &#8211; Calm &#8211; France Laure"},"content":{"rendered":"<ul>\n<li>All types of skin<\/li>\n<li>Sensitive condition<\/li>\n<li>Suitable for lash extensions<\/li>\n<li>Size: 225 ml<\/li>\n<\/ul>\n<p>A gentle cleansing experience and a calming effect thanks to plant extracts.<\/p>\n<p class=\"p1\">Perfectly adapted to the most sensitive skin and eyelash extensions, the new Cleansing Mousse is the ideal ally for all skin types.<\/p>\n<p class=\"p2\">Composed of 98% natural origin ingredients, this ultra-gentle Cleansing Foam cleanses without drying the skin while respecting its natural balance.<\/p>\n<p class=\"p2\">Suitable for even the most sensitive skin, this airy and silky mousse envelops the skin in a soft and gentle cocoon.<\/p>\n<p class=\"p2\">This oil free mousse is ideal for daily use and does not negatively affect eyelash extensions nor does it alter the lash glue.<\/p>\n<ul>\n<li>98% ingredients of natural origin<\/li>\n<li>0% sulfates, alcohol, soap or fragrance<\/li>\n<li>0% animal derived ingredients<\/li>\n<\/ul>\n<p><strong>Aesthetician&#8217;s note:<\/strong><\/p>\n<p class=\"p1\">Proper cleaning of the lashes is essential to prevent eye diseases that can occur when bacteria or ph level is unbalanced. This cleansing mousse is definitely a \u201cmust\u201d for all eyelash extension wearers in order to preserve the hygiene of this area.<\/p>\n<p class=\"p1\">Thanks to its foamy texture, the application of the product is ideal and the penetration of the cleanser through each lash is optimized.<\/p>\n","protected":false},"excerpt":{"rendered":"<hr class=\"ligne-grise\" \/>\n<p><strong>Brand:<\/strong> <a href=\"\/acheter\/france-laure\">France Laure<\/a><\/p>\n<p>Calm Cleansing Mousse Ultra-gentle now features a new pump for a superior cleansing experience. It offers an even smoother and more airy lather!<\/p>\n","protected":false},"featured_media":5045,"template":"","meta":{"_et_pb_use_builder":"","_et_pb_old_content":"","_et_gb_content_width":""},"product_brand":[],"product_cat":[192,210,191,193],"product_tag":[],"class_list":{"0":"post-5983","1":"product","2":"type-product","3":"status-publish","4":"has-post-thumbnail","6":"product_cat-demaquillant-et-nettoyant-en","7":"product_cat-fabrique-au-canada-en","8":"product_cat-produits-de-beaute-pour-tout-type-de-peau-en","9":"product_cat-produit-de-beaute-peau-sensible-ou-reactive-en","11":"first","12":"instock","13":"taxable","14":"shipping-taxable","15":"purchasable","16":"product-type-simple"},"yoast_head":"<!-- This site is optimized with the Yoast SEO plugin v27.3 - https:\/\/yoast.com\/product\/yoast-seo-wordpress\/ -->\n<title>Ultra-gentle Cleansing Mousse - Calm - France Laure  - Achat en ligne<\/title>\n<meta name=\"description\" content=\"%\" \/>\n<meta name=\"robots\" content=\"index, follow, max-snippet:-1, max-image-preview:large, max-video-preview:-1\" \/>\n<link rel=\"canonical\" href=\"https:\/\/accesbeaute.ca\/en\/buy\/ultra-gentle-cleansing-mousse-calm-france-laure\/\" \/>\n<meta property=\"og:locale\" content=\"en_US\" \/>\n<meta property=\"og:type\" content=\"article\" \/>\n<meta property=\"og:title\" content=\"Ultra-gentle Cleansing Mousse - Calm - France Laure  - Achat en ligne\" \/>\n<meta property=\"og:description\" content=\"%\" \/>\n<meta property=\"og:url\" content=\"https:\/\/accesbeaute.ca\/en\/buy\/ultra-gentle-cleansing-mousse-calm-france-laure\/\" \/>\n<meta property=\"og:site_name\" content=\"Acc\u00e8s Beaut\u00e9\" \/>\n<meta property=\"og:image\" content=\"https:\/\/accesbeaute.ca\/wp-content\/uploads\/2023\/08\/101072-Mousse-Nettoyante-calmer-france-laure-1.jpg\" \/>\n\t<meta property=\"og:image:width\" content=\"1200\" \/>\n\t<meta property=\"og:image:height\" content=\"1200\" \/>\n\t<meta property=\"og:image:type\" content=\"image\/jpeg\" \/>\n<meta name=\"twitter:card\" content=\"summary_large_image\" \/>\n<meta name=\"twitter:label1\" content=\"Est. reading time\" \/>\n\t<meta name=\"twitter:data1\" content=\"1 minute\" \/>\n<script type=\"application\/ld+json\" class=\"yoast-schema-graph\">{\"@context\":\"https:\\\/\\\/schema.org\",\"@graph\":[{\"@type\":\"WebPage\",\"@id\":\"https:\\\/\\\/accesbeaute.ca\\\/en\\\/buy\\\/ultra-gentle-cleansing-mousse-calm-france-laure\\\/\",\"url\":\"https:\\\/\\\/accesbeaute.ca\\\/en\\\/buy\\\/ultra-gentle-cleansing-mousse-calm-france-laure\\\/\",\"name\":\"Ultra-gentle Cleansing Mousse - Calm - France Laure - Achat en ligne\",\"isPartOf\":{\"@id\":\"https:\\\/\\\/accesbeaute.ca\\\/en\\\/#website\"},\"primaryImageOfPage\":{\"@id\":\"https:\\\/\\\/accesbeaute.ca\\\/en\\\/buy\\\/ultra-gentle-cleansing-mousse-calm-france-laure\\\/#primaryimage\"},\"image\":{\"@id\":\"https:\\\/\\\/accesbeaute.ca\\\/en\\\/buy\\\/ultra-gentle-cleansing-mousse-calm-france-laure\\\/#primaryimage\"},\"thumbnailUrl\":\"https:\\\/\\\/accesbeaute.ca\\\/wp-content\\\/uploads\\\/2023\\\/08\\\/101072-Mousse-Nettoyante-calmer-france-laure-1.jpg\",\"datePublished\":\"2023-08-18T14:21:14+00:00\",\"description\":\"%\",\"breadcrumb\":{\"@id\":\"https:\\\/\\\/accesbeaute.ca\\\/en\\\/buy\\\/ultra-gentle-cleansing-mousse-calm-france-laure\\\/#breadcrumb\"},\"inLanguage\":\"en-US\",\"potentialAction\":[{\"@type\":\"ReadAction\",\"target\":[\"https:\\\/\\\/accesbeaute.ca\\\/en\\\/buy\\\/ultra-gentle-cleansing-mousse-calm-france-laure\\\/\"]}]},{\"@type\":\"ImageObject\",\"inLanguage\":\"en-US\",\"@id\":\"https:\\\/\\\/accesbeaute.ca\\\/en\\\/buy\\\/ultra-gentle-cleansing-mousse-calm-france-laure\\\/#primaryimage\",\"url\":\"https:\\\/\\\/accesbeaute.ca\\\/wp-content\\\/uploads\\\/2023\\\/08\\\/101072-Mousse-Nettoyante-calmer-france-laure-1.jpg\",\"contentUrl\":\"https:\\\/\\\/accesbeaute.ca\\\/wp-content\\\/uploads\\\/2023\\\/08\\\/101072-Mousse-Nettoyante-calmer-france-laure-1.jpg\",\"width\":1200,\"height\":1200},{\"@type\":\"BreadcrumbList\",\"@id\":\"https:\\\/\\\/accesbeaute.ca\\\/en\\\/buy\\\/ultra-gentle-cleansing-mousse-calm-france-laure\\\/#breadcrumb\",\"itemListElement\":[{\"@type\":\"ListItem\",\"position\":1,\"name\":\"Accueil\",\"item\":\"https:\\\/\\\/accesbeaute.ca\\\/en\\\/\"},{\"@type\":\"ListItem\",\"position\":2,\"name\":\"Boutique\",\"item\":\"https:\\\/\\\/accesbeaute.ca\\\/boutique\\\/\"},{\"@type\":\"ListItem\",\"position\":3,\"name\":\"D\u00e9maquillants et nettoyants\",\"item\":\"https:\\\/\\\/accesbeaute.ca\\\/en\\\/acheter\\\/demaquillant-et-nettoyant-en\\\/\"},{\"@type\":\"ListItem\",\"position\":4,\"name\":\"Ultra-gentle Cleansing Mousse &#8211; Calm &#8211; France Laure\"}]},{\"@type\":\"WebSite\",\"@id\":\"https:\\\/\\\/accesbeaute.ca\\\/en\\\/#website\",\"url\":\"https:\\\/\\\/accesbeaute.ca\\\/en\\\/\",\"name\":\"Acc\u00e8s Beaut\u00e9\",\"description\":\"Achat de produits de beaut\u00e9 en ligne\",\"potentialAction\":[{\"@type\":\"SearchAction\",\"target\":{\"@type\":\"EntryPoint\",\"urlTemplate\":\"https:\\\/\\\/accesbeaute.ca\\\/en\\\/?s={search_term_string}\"},\"query-input\":{\"@type\":\"PropertyValueSpecification\",\"valueRequired\":true,\"valueName\":\"search_term_string\"}}],\"inLanguage\":\"en-US\"}]}<\/script>\n<!-- \/ Yoast SEO plugin. -->","yoast_head_json":{"title":"Ultra-gentle Cleansing Mousse - Calm - France Laure  - Achat en ligne","description":"%","robots":{"index":"index","follow":"follow","max-snippet":"max-snippet:-1","max-image-preview":"max-image-preview:large","max-video-preview":"max-video-preview:-1"},"canonical":"https:\/\/accesbeaute.ca\/en\/buy\/ultra-gentle-cleansing-mousse-calm-france-laure\/","og_locale":"en_US","og_type":"article","og_title":"Ultra-gentle Cleansing Mousse - Calm - France Laure  - Achat en ligne","og_description":"%","og_url":"https:\/\/accesbeaute.ca\/en\/buy\/ultra-gentle-cleansing-mousse-calm-france-laure\/","og_site_name":"Acc\u00e8s Beaut\u00e9","og_image":[{"width":1200,"height":1200,"url":"https:\/\/accesbeaute.ca\/wp-content\/uploads\/2023\/08\/101072-Mousse-Nettoyante-calmer-france-laure-1.jpg","type":"image\/jpeg"}],"twitter_card":"summary_large_image","twitter_misc":{"Est. reading time":"1 minute"},"schema":{"@context":"https:\/\/schema.org","@graph":[{"@type":"WebPage","@id":"https:\/\/accesbeaute.ca\/en\/buy\/ultra-gentle-cleansing-mousse-calm-france-laure\/","url":"https:\/\/accesbeaute.ca\/en\/buy\/ultra-gentle-cleansing-mousse-calm-france-laure\/","name":"Ultra-gentle Cleansing Mousse - Calm - France Laure - Achat en ligne","isPartOf":{"@id":"https:\/\/accesbeaute.ca\/en\/#website"},"primaryImageOfPage":{"@id":"https:\/\/accesbeaute.ca\/en\/buy\/ultra-gentle-cleansing-mousse-calm-france-laure\/#primaryimage"},"image":{"@id":"https:\/\/accesbeaute.ca\/en\/buy\/ultra-gentle-cleansing-mousse-calm-france-laure\/#primaryimage"},"thumbnailUrl":"https:\/\/accesbeaute.ca\/wp-content\/uploads\/2023\/08\/101072-Mousse-Nettoyante-calmer-france-laure-1.jpg","datePublished":"2023-08-18T14:21:14+00:00","description":"%","breadcrumb":{"@id":"https:\/\/accesbeaute.ca\/en\/buy\/ultra-gentle-cleansing-mousse-calm-france-laure\/#breadcrumb"},"inLanguage":"en-US","potentialAction":[{"@type":"ReadAction","target":["https:\/\/accesbeaute.ca\/en\/buy\/ultra-gentle-cleansing-mousse-calm-france-laure\/"]}]},{"@type":"ImageObject","inLanguage":"en-US","@id":"https:\/\/accesbeaute.ca\/en\/buy\/ultra-gentle-cleansing-mousse-calm-france-laure\/#primaryimage","url":"https:\/\/accesbeaute.ca\/wp-content\/uploads\/2023\/08\/101072-Mousse-Nettoyante-calmer-france-laure-1.jpg","contentUrl":"https:\/\/accesbeaute.ca\/wp-content\/uploads\/2023\/08\/101072-Mousse-Nettoyante-calmer-france-laure-1.jpg","width":1200,"height":1200},{"@type":"BreadcrumbList","@id":"https:\/\/accesbeaute.ca\/en\/buy\/ultra-gentle-cleansing-mousse-calm-france-laure\/#breadcrumb","itemListElement":[{"@type":"ListItem","position":1,"name":"Accueil","item":"https:\/\/accesbeaute.ca\/en\/"},{"@type":"ListItem","position":2,"name":"Boutique","item":"https:\/\/accesbeaute.ca\/boutique\/"},{"@type":"ListItem","position":3,"name":"D\u00e9maquillants et nettoyants","item":"https:\/\/accesbeaute.ca\/en\/acheter\/demaquillant-et-nettoyant-en\/"},{"@type":"ListItem","position":4,"name":"Ultra-gentle Cleansing Mousse &#8211; Calm &#8211; France Laure"}]},{"@type":"WebSite","@id":"https:\/\/accesbeaute.ca\/en\/#website","url":"https:\/\/accesbeaute.ca\/en\/","name":"Acc\u00e8s Beaut\u00e9","description":"Achat de produits de beaut\u00e9 en ligne","potentialAction":[{"@type":"SearchAction","target":{"@type":"EntryPoint","urlTemplate":"https:\/\/accesbeaute.ca\/en\/?s={search_term_string}"},"query-input":{"@type":"PropertyValueSpecification","valueRequired":true,"valueName":"search_term_string"}}],"inLanguage":"en-US"}]}},"_links":{"self":[{"href":"https:\/\/accesbeaute.ca\/en\/wp-json\/wp\/v2\/product\/5983","targetHints":{"allow":["GET"]}}],"collection":[{"href":"https:\/\/accesbeaute.ca\/en\/wp-json\/wp\/v2\/product"}],"about":[{"href":"https:\/\/accesbeaute.ca\/en\/wp-json\/wp\/v2\/types\/product"}],"wp:featuredmedia":[{"embeddable":true,"href":"https:\/\/accesbeaute.ca\/en\/wp-json\/wp\/v2\/media\/5045"}],"wp:attachment":[{"href":"https:\/\/accesbeaute.ca\/en\/wp-json\/wp\/v2\/media?parent=5983"}],"wp:term":[{"taxonomy":"product_brand","embeddable":true,"href":"https:\/\/accesbeaute.ca\/en\/wp-json\/wp\/v2\/product_brand?post=5983"},{"taxonomy":"product_cat","embeddable":true,"href":"https:\/\/accesbeaute.ca\/en\/wp-json\/wp\/v2\/product_cat?post=5983"},{"taxonomy":"product_tag","embeddable":true,"href":"https:\/\/accesbeaute.ca\/en\/wp-json\/wp\/v2\/product_tag?post=5983"}],"curies":[{"name":"wp","href":"https:\/\/api.w.org\/{rel}","templated":true}]}}