{"id":6007,"date":"2023-08-18T03:38:15","date_gmt":"2023-08-18T03:38:15","guid":{"rendered":"https:\/\/accesbeaute.ca\/achat\/perfecting-toner-moisturize-france-laure\/"},"modified":"2026-04-07T00:03:18","modified_gmt":"2026-04-07T00:03:18","slug":"perfecting-toner-moisturize-france-laure","status":"publish","type":"product","link":"https:\/\/accesbeaute.ca\/en\/buy\/perfecting-toner-moisturize-france-laure\/","title":{"rendered":"Perfecting Toner &#8211; Moisturize &#8211; France Laure"},"content":{"rendered":"<ul>\n<li>Size: 250 ml<\/li>\n<\/ul>\n<p>A veritable moisturizing cocktail, the Perfecting Toner visibly revitalizes and tones the face. It eliminates all traces of cleanser and rebalances the skin\u2019s pH. It leaves the skin clean, radiant and perfectly prepared for the Serum and the care applied afterwards.<\/p>\n","protected":false},"excerpt":{"rendered":"<hr class=\"ligne-grise\" \/>\n<p><strong>Brand:<\/strong> <a href=\"\/acheter\/france-laure\">France Laure<\/a><\/p>\n<p>The Perfecting Toner perfectly cleanses the skin, preserves its pH integrity and moisturizes.<\/p>\n","protected":false},"featured_media":4964,"template":"","meta":{"_et_pb_use_builder":"","_et_pb_old_content":"","_et_gb_content_width":""},"product_brand":[],"product_cat":[210,194,191],"product_tag":[],"class_list":{"0":"post-6007","1":"product","2":"type-product","3":"status-publish","4":"has-post-thumbnail","6":"product_cat-fabrique-au-canada-en","7":"product_cat-lotion-tonique-en","8":"product_cat-produits-de-beaute-pour-tout-type-de-peau-en","10":"first","11":"instock","12":"taxable","13":"shipping-taxable","14":"purchasable","15":"product-type-simple"},"yoast_head":"<!-- This site is optimized with the Yoast SEO plugin v27.3 - https:\/\/yoast.com\/product\/yoast-seo-wordpress\/ -->\n<title>Perfecting Toner - Moisturize - France Laure  - Achat en ligne<\/title>\n<meta name=\"description\" content=\"%\" \/>\n<meta name=\"robots\" content=\"index, follow, max-snippet:-1, max-image-preview:large, max-video-preview:-1\" \/>\n<link rel=\"canonical\" href=\"https:\/\/accesbeaute.ca\/en\/buy\/perfecting-toner-moisturize-france-laure\/\" \/>\n<meta property=\"og:locale\" content=\"en_US\" \/>\n<meta property=\"og:type\" content=\"article\" \/>\n<meta property=\"og:title\" content=\"Perfecting Toner - Moisturize - France Laure  - Achat en ligne\" \/>\n<meta property=\"og:description\" content=\"%\" \/>\n<meta property=\"og:url\" content=\"https:\/\/accesbeaute.ca\/en\/buy\/perfecting-toner-moisturize-france-laure\/\" \/>\n<meta property=\"og:site_name\" content=\"Acc\u00e8s Beaut\u00e9\" \/>\n<meta property=\"article:modified_time\" content=\"2026-04-07T00:03:18+00:00\" \/>\n<meta property=\"og:image\" content=\"https:\/\/accesbeaute.ca\/wp-content\/uploads\/2023\/08\/102082-Lotion-perfectrice-hydrater-france-laure.jpg\" \/>\n\t<meta property=\"og:image:width\" content=\"1500\" \/>\n\t<meta property=\"og:image:height\" content=\"1500\" \/>\n\t<meta property=\"og:image:type\" content=\"image\/jpeg\" \/>\n<meta name=\"twitter:card\" content=\"summary_large_image\" \/>\n<script type=\"application\/ld+json\" class=\"yoast-schema-graph\">{\"@context\":\"https:\\\/\\\/schema.org\",\"@graph\":[{\"@type\":\"WebPage\",\"@id\":\"https:\\\/\\\/accesbeaute.ca\\\/en\\\/buy\\\/perfecting-toner-moisturize-france-laure\\\/\",\"url\":\"https:\\\/\\\/accesbeaute.ca\\\/en\\\/buy\\\/perfecting-toner-moisturize-france-laure\\\/\",\"name\":\"Perfecting Toner - Moisturize - France Laure - Achat en ligne\",\"isPartOf\":{\"@id\":\"https:\\\/\\\/accesbeaute.ca\\\/en\\\/#website\"},\"primaryImageOfPage\":{\"@id\":\"https:\\\/\\\/accesbeaute.ca\\\/en\\\/buy\\\/perfecting-toner-moisturize-france-laure\\\/#primaryimage\"},\"image\":{\"@id\":\"https:\\\/\\\/accesbeaute.ca\\\/en\\\/buy\\\/perfecting-toner-moisturize-france-laure\\\/#primaryimage\"},\"thumbnailUrl\":\"https:\\\/\\\/accesbeaute.ca\\\/wp-content\\\/uploads\\\/2023\\\/08\\\/102082-Lotion-perfectrice-hydrater-france-laure.jpg\",\"datePublished\":\"2023-08-18T03:38:15+00:00\",\"dateModified\":\"2026-04-07T00:03:18+00:00\",\"description\":\"%\",\"breadcrumb\":{\"@id\":\"https:\\\/\\\/accesbeaute.ca\\\/en\\\/buy\\\/perfecting-toner-moisturize-france-laure\\\/#breadcrumb\"},\"inLanguage\":\"en-US\",\"potentialAction\":[{\"@type\":\"ReadAction\",\"target\":[\"https:\\\/\\\/accesbeaute.ca\\\/en\\\/buy\\\/perfecting-toner-moisturize-france-laure\\\/\"]}]},{\"@type\":\"ImageObject\",\"inLanguage\":\"en-US\",\"@id\":\"https:\\\/\\\/accesbeaute.ca\\\/en\\\/buy\\\/perfecting-toner-moisturize-france-laure\\\/#primaryimage\",\"url\":\"https:\\\/\\\/accesbeaute.ca\\\/wp-content\\\/uploads\\\/2023\\\/08\\\/102082-Lotion-perfectrice-hydrater-france-laure.jpg\",\"contentUrl\":\"https:\\\/\\\/accesbeaute.ca\\\/wp-content\\\/uploads\\\/2023\\\/08\\\/102082-Lotion-perfectrice-hydrater-france-laure.jpg\",\"width\":1500,\"height\":1500},{\"@type\":\"BreadcrumbList\",\"@id\":\"https:\\\/\\\/accesbeaute.ca\\\/en\\\/buy\\\/perfecting-toner-moisturize-france-laure\\\/#breadcrumb\",\"itemListElement\":[{\"@type\":\"ListItem\",\"position\":1,\"name\":\"Accueil\",\"item\":\"https:\\\/\\\/accesbeaute.ca\\\/en\\\/\"},{\"@type\":\"ListItem\",\"position\":2,\"name\":\"Boutique\",\"item\":\"https:\\\/\\\/accesbeaute.ca\\\/boutique\\\/\"},{\"@type\":\"ListItem\",\"position\":3,\"name\":\"Fabriqu\u00e9 au Canada\",\"item\":\"https:\\\/\\\/accesbeaute.ca\\\/en\\\/acheter\\\/fabrique-au-canada-en\\\/\"},{\"@type\":\"ListItem\",\"position\":4,\"name\":\"Perfecting Toner &#8211; Moisturize &#8211; France Laure\"}]},{\"@type\":\"WebSite\",\"@id\":\"https:\\\/\\\/accesbeaute.ca\\\/en\\\/#website\",\"url\":\"https:\\\/\\\/accesbeaute.ca\\\/en\\\/\",\"name\":\"Acc\u00e8s Beaut\u00e9\",\"description\":\"Achat de produits de beaut\u00e9 en ligne\",\"potentialAction\":[{\"@type\":\"SearchAction\",\"target\":{\"@type\":\"EntryPoint\",\"urlTemplate\":\"https:\\\/\\\/accesbeaute.ca\\\/en\\\/?s={search_term_string}\"},\"query-input\":{\"@type\":\"PropertyValueSpecification\",\"valueRequired\":true,\"valueName\":\"search_term_string\"}}],\"inLanguage\":\"en-US\"}]}<\/script>\n<!-- \/ Yoast SEO plugin. -->","yoast_head_json":{"title":"Perfecting Toner - Moisturize - France Laure  - Achat en ligne","description":"%","robots":{"index":"index","follow":"follow","max-snippet":"max-snippet:-1","max-image-preview":"max-image-preview:large","max-video-preview":"max-video-preview:-1"},"canonical":"https:\/\/accesbeaute.ca\/en\/buy\/perfecting-toner-moisturize-france-laure\/","og_locale":"en_US","og_type":"article","og_title":"Perfecting Toner - Moisturize - France Laure  - Achat en ligne","og_description":"%","og_url":"https:\/\/accesbeaute.ca\/en\/buy\/perfecting-toner-moisturize-france-laure\/","og_site_name":"Acc\u00e8s Beaut\u00e9","article_modified_time":"2026-04-07T00:03:18+00:00","og_image":[{"width":1500,"height":1500,"url":"https:\/\/accesbeaute.ca\/wp-content\/uploads\/2023\/08\/102082-Lotion-perfectrice-hydrater-france-laure.jpg","type":"image\/jpeg"}],"twitter_card":"summary_large_image","schema":{"@context":"https:\/\/schema.org","@graph":[{"@type":"WebPage","@id":"https:\/\/accesbeaute.ca\/en\/buy\/perfecting-toner-moisturize-france-laure\/","url":"https:\/\/accesbeaute.ca\/en\/buy\/perfecting-toner-moisturize-france-laure\/","name":"Perfecting Toner - Moisturize - France Laure - Achat en ligne","isPartOf":{"@id":"https:\/\/accesbeaute.ca\/en\/#website"},"primaryImageOfPage":{"@id":"https:\/\/accesbeaute.ca\/en\/buy\/perfecting-toner-moisturize-france-laure\/#primaryimage"},"image":{"@id":"https:\/\/accesbeaute.ca\/en\/buy\/perfecting-toner-moisturize-france-laure\/#primaryimage"},"thumbnailUrl":"https:\/\/accesbeaute.ca\/wp-content\/uploads\/2023\/08\/102082-Lotion-perfectrice-hydrater-france-laure.jpg","datePublished":"2023-08-18T03:38:15+00:00","dateModified":"2026-04-07T00:03:18+00:00","description":"%","breadcrumb":{"@id":"https:\/\/accesbeaute.ca\/en\/buy\/perfecting-toner-moisturize-france-laure\/#breadcrumb"},"inLanguage":"en-US","potentialAction":[{"@type":"ReadAction","target":["https:\/\/accesbeaute.ca\/en\/buy\/perfecting-toner-moisturize-france-laure\/"]}]},{"@type":"ImageObject","inLanguage":"en-US","@id":"https:\/\/accesbeaute.ca\/en\/buy\/perfecting-toner-moisturize-france-laure\/#primaryimage","url":"https:\/\/accesbeaute.ca\/wp-content\/uploads\/2023\/08\/102082-Lotion-perfectrice-hydrater-france-laure.jpg","contentUrl":"https:\/\/accesbeaute.ca\/wp-content\/uploads\/2023\/08\/102082-Lotion-perfectrice-hydrater-france-laure.jpg","width":1500,"height":1500},{"@type":"BreadcrumbList","@id":"https:\/\/accesbeaute.ca\/en\/buy\/perfecting-toner-moisturize-france-laure\/#breadcrumb","itemListElement":[{"@type":"ListItem","position":1,"name":"Accueil","item":"https:\/\/accesbeaute.ca\/en\/"},{"@type":"ListItem","position":2,"name":"Boutique","item":"https:\/\/accesbeaute.ca\/boutique\/"},{"@type":"ListItem","position":3,"name":"Fabriqu\u00e9 au Canada","item":"https:\/\/accesbeaute.ca\/en\/acheter\/fabrique-au-canada-en\/"},{"@type":"ListItem","position":4,"name":"Perfecting Toner &#8211; Moisturize &#8211; France Laure"}]},{"@type":"WebSite","@id":"https:\/\/accesbeaute.ca\/en\/#website","url":"https:\/\/accesbeaute.ca\/en\/","name":"Acc\u00e8s Beaut\u00e9","description":"Achat de produits de beaut\u00e9 en ligne","potentialAction":[{"@type":"SearchAction","target":{"@type":"EntryPoint","urlTemplate":"https:\/\/accesbeaute.ca\/en\/?s={search_term_string}"},"query-input":{"@type":"PropertyValueSpecification","valueRequired":true,"valueName":"search_term_string"}}],"inLanguage":"en-US"}]}},"_links":{"self":[{"href":"https:\/\/accesbeaute.ca\/en\/wp-json\/wp\/v2\/product\/6007","targetHints":{"allow":["GET"]}}],"collection":[{"href":"https:\/\/accesbeaute.ca\/en\/wp-json\/wp\/v2\/product"}],"about":[{"href":"https:\/\/accesbeaute.ca\/en\/wp-json\/wp\/v2\/types\/product"}],"wp:featuredmedia":[{"embeddable":true,"href":"https:\/\/accesbeaute.ca\/en\/wp-json\/wp\/v2\/media\/4964"}],"wp:attachment":[{"href":"https:\/\/accesbeaute.ca\/en\/wp-json\/wp\/v2\/media?parent=6007"}],"wp:term":[{"taxonomy":"product_brand","embeddable":true,"href":"https:\/\/accesbeaute.ca\/en\/wp-json\/wp\/v2\/product_brand?post=6007"},{"taxonomy":"product_cat","embeddable":true,"href":"https:\/\/accesbeaute.ca\/en\/wp-json\/wp\/v2\/product_cat?post=6007"},{"taxonomy":"product_tag","embeddable":true,"href":"https:\/\/accesbeaute.ca\/en\/wp-json\/wp\/v2\/product_tag?post=6007"}],"curies":[{"name":"wp","href":"https:\/\/api.w.org\/{rel}","templated":true}]}}