{"id":6011,"date":"2018-07-28T18:08:26","date_gmt":"2018-07-28T18:08:26","guid":{"rendered":"https:\/\/accesbeaute.ca\/achat\/herbal-bath-rough-and-cracked-feet-treatment-fusskraft-gehwol\/"},"modified":"2026-04-07T00:03:18","modified_gmt":"2026-04-07T00:03:18","slug":"herbal-bath-rough-and-cracked-feet-treatment-fusskraft-gehwol","status":"publish","type":"product","link":"https:\/\/accesbeaute.ca\/en\/buy\/herbal-bath-rough-and-cracked-feet-treatment-fusskraft-gehwol\/","title":{"rendered":"Herbal Bath &#8211; Rough and cracked feet treatment &#8211; Fusskraft &#8211; Gehwol"},"content":{"rendered":"<ul>\n<li>Herbal bath salt for total care of rough and cracked feet<\/li>\n<li>Effectively softens calluses and corns<\/li>\n<li>Deeply tones, moisturizes and purifies feet<\/li>\n<li>Regulates excessive foot perspiration<\/li>\n<li>Eliminates unpleasant odours<\/li>\n<li>Enhanced with essential oils and a high concentration of urea (80%)<\/li>\n<li>Provides a long-lasting sensation of well-being and freshness<\/li>\n<li>Size: 400 g<\/li>\n<\/ul>\n<p>A highly effective treatment for a lot of foot problems, Fusskraft&#8217;s Herbal Bath deeply revitalizes rough and cracked skin.<\/p>\n<p>The tried-and-tested combination of active ingredients such as urea and essential oils from rosemary, lavender and alpine pine is an efficient treatment for moisturizing, softening and visibly reducing cracks, calluses and very dry, rough skin.<\/p>\n<p>Gehwol Herbal Bath Salt heals, deodorizes and deeply purifies the epidermis. It regulates excessive perspiration and eliminates unpleasant odours caused by germs.<\/p>\n<p>Toning and invigorating, this high-performance treatment provides a sensation of freshness and well-being that lasts long after the foot bath.<\/p>\n","protected":false},"excerpt":{"rendered":"<hr class=\"ligne-grise\" \/>\n<p><strong>Brand:<\/strong> <a href=\"\/acheter\/gehwol\">Gehwol<\/a><\/p>\n<p>Made with essential oils and urea, the Herbal Bath Salt softens and revitalizes rough, cracked skin while purifying, deodorizing and regulating foot perspiration.<\/p>\n","protected":false},"featured_media":362,"template":"","meta":{"_et_pb_use_builder":"","_et_pb_old_content":"","_et_gb_content_width":""},"product_brand":[],"product_cat":[197,241,245,250],"product_tag":[203],"class_list":{"0":"post-6011","1":"product","2":"type-product","3":"status-publish","4":"has-post-thumbnail","6":"product_cat-gehwol-en","7":"product_cat-soins-adoucissants-pour-les-pieds-en","8":"product_cat-soins-pour-la-peau-seche-et-rugueuse-des-pieds","9":"product_cat-soins-pour-les-odeurs-des-pieds-en","10":"product_tag-gehwol-en","12":"first","13":"instock","14":"taxable","15":"shipping-taxable","16":"purchasable","17":"product-type-simple"},"yoast_head":"<!-- This site is optimized with the Yoast SEO plugin v27.3 - https:\/\/yoast.com\/product\/yoast-seo-wordpress\/ -->\n<title>Herbal Bath - Rough and cracked feet treatment - Fusskraft - Gehwol  - Achat en ligne<\/title>\n<meta name=\"description\" content=\"%\" \/>\n<meta name=\"robots\" content=\"index, follow, max-snippet:-1, max-image-preview:large, max-video-preview:-1\" \/>\n<link rel=\"canonical\" href=\"https:\/\/accesbeaute.ca\/en\/buy\/herbal-bath-rough-and-cracked-feet-treatment-fusskraft-gehwol\/\" \/>\n<meta property=\"og:locale\" content=\"en_US\" \/>\n<meta property=\"og:type\" content=\"article\" \/>\n<meta property=\"og:title\" content=\"Herbal Bath - Rough and cracked feet treatment - Fusskraft - Gehwol  - Achat en ligne\" \/>\n<meta property=\"og:description\" content=\"%\" \/>\n<meta property=\"og:url\" content=\"https:\/\/accesbeaute.ca\/en\/buy\/herbal-bath-rough-and-cracked-feet-treatment-fusskraft-gehwol\/\" \/>\n<meta property=\"og:site_name\" content=\"Acc\u00e8s Beaut\u00e9\" \/>\n<meta property=\"article:modified_time\" content=\"2026-04-07T00:03:18+00:00\" \/>\n<meta name=\"twitter:card\" content=\"summary_large_image\" \/>\n<meta name=\"twitter:label1\" content=\"Est. reading time\" \/>\n\t<meta name=\"twitter:data1\" content=\"1 minute\" \/>\n<script type=\"application\/ld+json\" class=\"yoast-schema-graph\">{\"@context\":\"https:\\\/\\\/schema.org\",\"@graph\":[{\"@type\":\"WebPage\",\"@id\":\"https:\\\/\\\/accesbeaute.ca\\\/en\\\/buy\\\/herbal-bath-rough-and-cracked-feet-treatment-fusskraft-gehwol\\\/\",\"url\":\"https:\\\/\\\/accesbeaute.ca\\\/en\\\/buy\\\/herbal-bath-rough-and-cracked-feet-treatment-fusskraft-gehwol\\\/\",\"name\":\"Herbal Bath - Rough and cracked feet treatment - Fusskraft - Gehwol - Achat en ligne\",\"isPartOf\":{\"@id\":\"https:\\\/\\\/accesbeaute.ca\\\/en\\\/#website\"},\"primaryImageOfPage\":{\"@id\":\"https:\\\/\\\/accesbeaute.ca\\\/en\\\/buy\\\/herbal-bath-rough-and-cracked-feet-treatment-fusskraft-gehwol\\\/#primaryimage\"},\"image\":{\"@id\":\"https:\\\/\\\/accesbeaute.ca\\\/en\\\/buy\\\/herbal-bath-rough-and-cracked-feet-treatment-fusskraft-gehwol\\\/#primaryimage\"},\"thumbnailUrl\":\"https:\\\/\\\/accesbeaute.ca\\\/wp-content\\\/uploads\\\/2018\\\/07\\\/fusskraft-bain-aux-herbes-contre-les-pieds-rugueux-et-fissures-par-gehwol.jpg\",\"datePublished\":\"2018-07-28T18:08:26+00:00\",\"dateModified\":\"2026-04-07T00:03:18+00:00\",\"description\":\"%\",\"breadcrumb\":{\"@id\":\"https:\\\/\\\/accesbeaute.ca\\\/en\\\/buy\\\/herbal-bath-rough-and-cracked-feet-treatment-fusskraft-gehwol\\\/#breadcrumb\"},\"inLanguage\":\"en-US\",\"potentialAction\":[{\"@type\":\"ReadAction\",\"target\":[\"https:\\\/\\\/accesbeaute.ca\\\/en\\\/buy\\\/herbal-bath-rough-and-cracked-feet-treatment-fusskraft-gehwol\\\/\"]}]},{\"@type\":\"ImageObject\",\"inLanguage\":\"en-US\",\"@id\":\"https:\\\/\\\/accesbeaute.ca\\\/en\\\/buy\\\/herbal-bath-rough-and-cracked-feet-treatment-fusskraft-gehwol\\\/#primaryimage\",\"url\":\"https:\\\/\\\/accesbeaute.ca\\\/wp-content\\\/uploads\\\/2018\\\/07\\\/fusskraft-bain-aux-herbes-contre-les-pieds-rugueux-et-fissures-par-gehwol.jpg\",\"contentUrl\":\"https:\\\/\\\/accesbeaute.ca\\\/wp-content\\\/uploads\\\/2018\\\/07\\\/fusskraft-bain-aux-herbes-contre-les-pieds-rugueux-et-fissures-par-gehwol.jpg\",\"width\":1200,\"height\":1200},{\"@type\":\"BreadcrumbList\",\"@id\":\"https:\\\/\\\/accesbeaute.ca\\\/en\\\/buy\\\/herbal-bath-rough-and-cracked-feet-treatment-fusskraft-gehwol\\\/#breadcrumb\",\"itemListElement\":[{\"@type\":\"ListItem\",\"position\":1,\"name\":\"Accueil\",\"item\":\"https:\\\/\\\/accesbeaute.ca\\\/en\\\/\"},{\"@type\":\"ListItem\",\"position\":2,\"name\":\"Boutique\",\"item\":\"https:\\\/\\\/accesbeaute.ca\\\/boutique\\\/\"},{\"@type\":\"ListItem\",\"position\":3,\"name\":\"Produits de beaut\u00e9\",\"item\":\"https:\\\/\\\/accesbeaute.ca\\\/acheter\\\/produits-de-beaute\\\/\"},{\"@type\":\"ListItem\",\"position\":4,\"name\":\"Soins des pieds\",\"item\":\"https:\\\/\\\/accesbeaute.ca\\\/acheter\\\/soin-des-pieds\\\/\"},{\"@type\":\"ListItem\",\"position\":5,\"name\":\"Produits pour bains de pieds\",\"item\":\"https:\\\/\\\/accesbeaute.ca\\\/acheter\\\/produits-pour-bains-de-pieds\\\/\"},{\"@type\":\"ListItem\",\"position\":6,\"name\":\"Herbal Bath &#8211; Rough and cracked feet treatment &#8211; Fusskraft &#8211; Gehwol\"}]},{\"@type\":\"WebSite\",\"@id\":\"https:\\\/\\\/accesbeaute.ca\\\/en\\\/#website\",\"url\":\"https:\\\/\\\/accesbeaute.ca\\\/en\\\/\",\"name\":\"Acc\u00e8s Beaut\u00e9\",\"description\":\"Achat de produits de beaut\u00e9 en ligne\",\"potentialAction\":[{\"@type\":\"SearchAction\",\"target\":{\"@type\":\"EntryPoint\",\"urlTemplate\":\"https:\\\/\\\/accesbeaute.ca\\\/en\\\/?s={search_term_string}\"},\"query-input\":{\"@type\":\"PropertyValueSpecification\",\"valueRequired\":true,\"valueName\":\"search_term_string\"}}],\"inLanguage\":\"en-US\"}]}<\/script>\n<!-- \/ Yoast SEO plugin. -->","yoast_head_json":{"title":"Herbal Bath - Rough and cracked feet treatment - Fusskraft - Gehwol  - Achat en ligne","description":"%","robots":{"index":"index","follow":"follow","max-snippet":"max-snippet:-1","max-image-preview":"max-image-preview:large","max-video-preview":"max-video-preview:-1"},"canonical":"https:\/\/accesbeaute.ca\/en\/buy\/herbal-bath-rough-and-cracked-feet-treatment-fusskraft-gehwol\/","og_locale":"en_US","og_type":"article","og_title":"Herbal Bath - Rough and cracked feet treatment - Fusskraft - Gehwol  - Achat en ligne","og_description":"%","og_url":"https:\/\/accesbeaute.ca\/en\/buy\/herbal-bath-rough-and-cracked-feet-treatment-fusskraft-gehwol\/","og_site_name":"Acc\u00e8s Beaut\u00e9","article_modified_time":"2026-04-07T00:03:18+00:00","twitter_card":"summary_large_image","twitter_misc":{"Est. reading time":"1 minute"},"schema":{"@context":"https:\/\/schema.org","@graph":[{"@type":"WebPage","@id":"https:\/\/accesbeaute.ca\/en\/buy\/herbal-bath-rough-and-cracked-feet-treatment-fusskraft-gehwol\/","url":"https:\/\/accesbeaute.ca\/en\/buy\/herbal-bath-rough-and-cracked-feet-treatment-fusskraft-gehwol\/","name":"Herbal Bath - Rough and cracked feet treatment - Fusskraft - Gehwol - Achat en ligne","isPartOf":{"@id":"https:\/\/accesbeaute.ca\/en\/#website"},"primaryImageOfPage":{"@id":"https:\/\/accesbeaute.ca\/en\/buy\/herbal-bath-rough-and-cracked-feet-treatment-fusskraft-gehwol\/#primaryimage"},"image":{"@id":"https:\/\/accesbeaute.ca\/en\/buy\/herbal-bath-rough-and-cracked-feet-treatment-fusskraft-gehwol\/#primaryimage"},"thumbnailUrl":"https:\/\/accesbeaute.ca\/wp-content\/uploads\/2018\/07\/fusskraft-bain-aux-herbes-contre-les-pieds-rugueux-et-fissures-par-gehwol.jpg","datePublished":"2018-07-28T18:08:26+00:00","dateModified":"2026-04-07T00:03:18+00:00","description":"%","breadcrumb":{"@id":"https:\/\/accesbeaute.ca\/en\/buy\/herbal-bath-rough-and-cracked-feet-treatment-fusskraft-gehwol\/#breadcrumb"},"inLanguage":"en-US","potentialAction":[{"@type":"ReadAction","target":["https:\/\/accesbeaute.ca\/en\/buy\/herbal-bath-rough-and-cracked-feet-treatment-fusskraft-gehwol\/"]}]},{"@type":"ImageObject","inLanguage":"en-US","@id":"https:\/\/accesbeaute.ca\/en\/buy\/herbal-bath-rough-and-cracked-feet-treatment-fusskraft-gehwol\/#primaryimage","url":"https:\/\/accesbeaute.ca\/wp-content\/uploads\/2018\/07\/fusskraft-bain-aux-herbes-contre-les-pieds-rugueux-et-fissures-par-gehwol.jpg","contentUrl":"https:\/\/accesbeaute.ca\/wp-content\/uploads\/2018\/07\/fusskraft-bain-aux-herbes-contre-les-pieds-rugueux-et-fissures-par-gehwol.jpg","width":1200,"height":1200},{"@type":"BreadcrumbList","@id":"https:\/\/accesbeaute.ca\/en\/buy\/herbal-bath-rough-and-cracked-feet-treatment-fusskraft-gehwol\/#breadcrumb","itemListElement":[{"@type":"ListItem","position":1,"name":"Accueil","item":"https:\/\/accesbeaute.ca\/en\/"},{"@type":"ListItem","position":2,"name":"Boutique","item":"https:\/\/accesbeaute.ca\/boutique\/"},{"@type":"ListItem","position":3,"name":"Produits de beaut\u00e9","item":"https:\/\/accesbeaute.ca\/acheter\/produits-de-beaute\/"},{"@type":"ListItem","position":4,"name":"Soins des pieds","item":"https:\/\/accesbeaute.ca\/acheter\/soin-des-pieds\/"},{"@type":"ListItem","position":5,"name":"Produits pour bains de pieds","item":"https:\/\/accesbeaute.ca\/acheter\/produits-pour-bains-de-pieds\/"},{"@type":"ListItem","position":6,"name":"Herbal Bath &#8211; Rough and cracked feet treatment &#8211; Fusskraft &#8211; Gehwol"}]},{"@type":"WebSite","@id":"https:\/\/accesbeaute.ca\/en\/#website","url":"https:\/\/accesbeaute.ca\/en\/","name":"Acc\u00e8s Beaut\u00e9","description":"Achat de produits de beaut\u00e9 en ligne","potentialAction":[{"@type":"SearchAction","target":{"@type":"EntryPoint","urlTemplate":"https:\/\/accesbeaute.ca\/en\/?s={search_term_string}"},"query-input":{"@type":"PropertyValueSpecification","valueRequired":true,"valueName":"search_term_string"}}],"inLanguage":"en-US"}]}},"_links":{"self":[{"href":"https:\/\/accesbeaute.ca\/en\/wp-json\/wp\/v2\/product\/6011","targetHints":{"allow":["GET"]}}],"collection":[{"href":"https:\/\/accesbeaute.ca\/en\/wp-json\/wp\/v2\/product"}],"about":[{"href":"https:\/\/accesbeaute.ca\/en\/wp-json\/wp\/v2\/types\/product"}],"wp:featuredmedia":[{"embeddable":true,"href":"https:\/\/accesbeaute.ca\/en\/wp-json\/wp\/v2\/media\/362"}],"wp:attachment":[{"href":"https:\/\/accesbeaute.ca\/en\/wp-json\/wp\/v2\/media?parent=6011"}],"wp:term":[{"taxonomy":"product_brand","embeddable":true,"href":"https:\/\/accesbeaute.ca\/en\/wp-json\/wp\/v2\/product_brand?post=6011"},{"taxonomy":"product_cat","embeddable":true,"href":"https:\/\/accesbeaute.ca\/en\/wp-json\/wp\/v2\/product_cat?post=6011"},{"taxonomy":"product_tag","embeddable":true,"href":"https:\/\/accesbeaute.ca\/en\/wp-json\/wp\/v2\/product_tag?post=6011"}],"curies":[{"name":"wp","href":"https:\/\/api.w.org\/{rel}","templated":true}]}}