{"id":6013,"date":"2018-07-28T18:08:26","date_gmt":"2018-07-28T18:08:26","guid":{"rendered":"https:\/\/accesbeaute.ca\/achat\/salve-for-cracked-skin-feet-hands-and-elbows-med-gehwol\/"},"modified":"2026-04-07T00:03:18","modified_gmt":"2026-04-07T00:03:18","slug":"salve-for-cracked-skin-feet-hands-and-elbows-med-gehwol","status":"publish","type":"product","link":"https:\/\/accesbeaute.ca\/en\/buy\/salve-for-cracked-skin-feet-hands-and-elbows-med-gehwol\/","title":{"rendered":"Salve for Cracked Skin &#8211; Feet, hands and elbows &#8211; Med &#8211; Gehwol"},"content":{"rendered":"<ul>\n<li>Nourishing treatment for feet, hands, elbows, knees, etc.<\/li>\n<li>Treats cracked, chapped, very dry skin and calluses<\/li>\n<li>Enriched with natural essential oils<\/li>\n<li>Provides beneficial lipids and nutrients<\/li>\n<li>Soothes, softens and revitalizes irritated skin<\/li>\n<li>Healing, anti-inflammatory and wound-healing properties<\/li>\n<li>Makes the skin soft, supple, revitalized and resistant<\/li>\n<li>Size: 75 ml and 500 ml<\/li>\n<\/ul>\n<p>Formulated with a medical soap and fats chosen for their good skin tolerance, Gehwol Med&#8217;s salve for cracked skin regenerates chapped, very dry and rough skin overall.<\/p>\n<p>Designed for feet, hands, elbows, knees, etc., this ointment protects the skin, making it softer, more elastic and more resistant.<\/p>\n<p>Also highly effective in soothing the discomfort of redness and irritation, this treatment offers anti-inflammatory, healing and cicatrizing properties.<\/p>\n<p>Its richness in essential oils, lipids and nutrients deeply nourishes, purifies and softens dry skin.<\/p>\n<p>Regular application of the salve intensely revitalizes the epidermis and eliminates the unpleasant consequences of these skin conditions.<\/p>\n","protected":false},"excerpt":{"rendered":"<hr class=\"ligne-grise\" \/>\n<p><strong>Brand:<\/strong> <a href=\"\/acheter\/gehwol\">Gehwol<\/a><\/p>\n<p>Enriched with nourishing and healing essential oils, this body care regenerates and soothes chapped, very dry, rough and irritated skin.<\/p>\n","protected":false},"featured_media":363,"template":"","meta":{"_et_pb_use_builder":"","_et_pb_old_content":"","_et_gb_content_width":""},"product_brand":[],"product_cat":[197,246,245],"product_tag":[203],"class_list":{"0":"post-6013","1":"product","2":"type-product","3":"status-publish","4":"has-post-thumbnail","6":"product_cat-gehwol-en","7":"product_cat-soins-pour-la-corne-et-les-gercures-des-pieds-en","8":"product_cat-soins-pour-la-peau-seche-et-rugueuse-des-pieds","9":"product_tag-gehwol-en","11":"first","12":"instock","13":"taxable","14":"shipping-taxable","15":"purchasable","16":"product-type-simple"},"yoast_head":"<!-- This site is optimized with the Yoast SEO plugin v27.3 - https:\/\/yoast.com\/product\/yoast-seo-wordpress\/ -->\n<title>Salve for Cracked Skin - Feet, hands and elbows - Med - Gehwol  - Achat en ligne<\/title>\n<meta name=\"description\" content=\"%\" \/>\n<meta name=\"robots\" content=\"index, follow, max-snippet:-1, max-image-preview:large, max-video-preview:-1\" \/>\n<link rel=\"canonical\" href=\"https:\/\/accesbeaute.ca\/en\/buy\/salve-for-cracked-skin-feet-hands-and-elbows-med-gehwol\/\" \/>\n<meta property=\"og:locale\" content=\"en_US\" \/>\n<meta property=\"og:type\" content=\"article\" \/>\n<meta property=\"og:title\" content=\"Salve for Cracked Skin - Feet, hands and elbows - Med - Gehwol  - Achat en ligne\" \/>\n<meta property=\"og:description\" content=\"%\" \/>\n<meta property=\"og:url\" content=\"https:\/\/accesbeaute.ca\/en\/buy\/salve-for-cracked-skin-feet-hands-and-elbows-med-gehwol\/\" \/>\n<meta property=\"og:site_name\" content=\"Acc\u00e8s Beaut\u00e9\" \/>\n<meta property=\"article:modified_time\" content=\"2026-04-07T00:03:18+00:00\" \/>\n<meta name=\"twitter:card\" content=\"summary_large_image\" \/>\n<meta name=\"twitter:label1\" content=\"Est. reading time\" \/>\n\t<meta name=\"twitter:data1\" content=\"1 minute\" \/>\n<script type=\"application\/ld+json\" class=\"yoast-schema-graph\">{\"@context\":\"https:\\\/\\\/schema.org\",\"@graph\":[{\"@type\":\"WebPage\",\"@id\":\"https:\\\/\\\/accesbeaute.ca\\\/en\\\/buy\\\/salve-for-cracked-skin-feet-hands-and-elbows-med-gehwol\\\/\",\"url\":\"https:\\\/\\\/accesbeaute.ca\\\/en\\\/buy\\\/salve-for-cracked-skin-feet-hands-and-elbows-med-gehwol\\\/\",\"name\":\"Salve for Cracked Skin - Feet, hands and elbows - Med - Gehwol - Achat en ligne\",\"isPartOf\":{\"@id\":\"https:\\\/\\\/accesbeaute.ca\\\/en\\\/#website\"},\"primaryImageOfPage\":{\"@id\":\"https:\\\/\\\/accesbeaute.ca\\\/en\\\/buy\\\/salve-for-cracked-skin-feet-hands-and-elbows-med-gehwol\\\/#primaryimage\"},\"image\":{\"@id\":\"https:\\\/\\\/accesbeaute.ca\\\/en\\\/buy\\\/salve-for-cracked-skin-feet-hands-and-elbows-med-gehwol\\\/#primaryimage\"},\"thumbnailUrl\":\"https:\\\/\\\/accesbeaute.ca\\\/wp-content\\\/uploads\\\/2018\\\/07\\\/pommade-contre-les-gercures-soin-des-pieds-gehwol-med.jpg\",\"datePublished\":\"2018-07-28T18:08:26+00:00\",\"dateModified\":\"2026-04-07T00:03:18+00:00\",\"description\":\"%\",\"breadcrumb\":{\"@id\":\"https:\\\/\\\/accesbeaute.ca\\\/en\\\/buy\\\/salve-for-cracked-skin-feet-hands-and-elbows-med-gehwol\\\/#breadcrumb\"},\"inLanguage\":\"en-US\",\"potentialAction\":[{\"@type\":\"ReadAction\",\"target\":[\"https:\\\/\\\/accesbeaute.ca\\\/en\\\/buy\\\/salve-for-cracked-skin-feet-hands-and-elbows-med-gehwol\\\/\"]}]},{\"@type\":\"ImageObject\",\"inLanguage\":\"en-US\",\"@id\":\"https:\\\/\\\/accesbeaute.ca\\\/en\\\/buy\\\/salve-for-cracked-skin-feet-hands-and-elbows-med-gehwol\\\/#primaryimage\",\"url\":\"https:\\\/\\\/accesbeaute.ca\\\/wp-content\\\/uploads\\\/2018\\\/07\\\/pommade-contre-les-gercures-soin-des-pieds-gehwol-med.jpg\",\"contentUrl\":\"https:\\\/\\\/accesbeaute.ca\\\/wp-content\\\/uploads\\\/2018\\\/07\\\/pommade-contre-les-gercures-soin-des-pieds-gehwol-med.jpg\",\"width\":1200,\"height\":1200},{\"@type\":\"BreadcrumbList\",\"@id\":\"https:\\\/\\\/accesbeaute.ca\\\/en\\\/buy\\\/salve-for-cracked-skin-feet-hands-and-elbows-med-gehwol\\\/#breadcrumb\",\"itemListElement\":[{\"@type\":\"ListItem\",\"position\":1,\"name\":\"Accueil\",\"item\":\"https:\\\/\\\/accesbeaute.ca\\\/en\\\/\"},{\"@type\":\"ListItem\",\"position\":2,\"name\":\"Boutique\",\"item\":\"https:\\\/\\\/accesbeaute.ca\\\/boutique\\\/\"},{\"@type\":\"ListItem\",\"position\":3,\"name\":\"Soins pour la corne et les ger\u00e7ures des pieds\",\"item\":\"https:\\\/\\\/accesbeaute.ca\\\/en\\\/acheter\\\/soins-pour-la-corne-et-les-gercures-des-pieds-en\\\/\"},{\"@type\":\"ListItem\",\"position\":4,\"name\":\"Salve for Cracked Skin &#8211; Feet, hands and elbows &#8211; Med &#8211; Gehwol\"}]},{\"@type\":\"WebSite\",\"@id\":\"https:\\\/\\\/accesbeaute.ca\\\/en\\\/#website\",\"url\":\"https:\\\/\\\/accesbeaute.ca\\\/en\\\/\",\"name\":\"Acc\u00e8s Beaut\u00e9\",\"description\":\"Achat de produits de beaut\u00e9 en ligne\",\"potentialAction\":[{\"@type\":\"SearchAction\",\"target\":{\"@type\":\"EntryPoint\",\"urlTemplate\":\"https:\\\/\\\/accesbeaute.ca\\\/en\\\/?s={search_term_string}\"},\"query-input\":{\"@type\":\"PropertyValueSpecification\",\"valueRequired\":true,\"valueName\":\"search_term_string\"}}],\"inLanguage\":\"en-US\"}]}<\/script>\n<!-- \/ Yoast SEO plugin. -->","yoast_head_json":{"title":"Salve for Cracked Skin - Feet, hands and elbows - Med - Gehwol  - Achat en ligne","description":"%","robots":{"index":"index","follow":"follow","max-snippet":"max-snippet:-1","max-image-preview":"max-image-preview:large","max-video-preview":"max-video-preview:-1"},"canonical":"https:\/\/accesbeaute.ca\/en\/buy\/salve-for-cracked-skin-feet-hands-and-elbows-med-gehwol\/","og_locale":"en_US","og_type":"article","og_title":"Salve for Cracked Skin - Feet, hands and elbows - Med - Gehwol  - Achat en ligne","og_description":"%","og_url":"https:\/\/accesbeaute.ca\/en\/buy\/salve-for-cracked-skin-feet-hands-and-elbows-med-gehwol\/","og_site_name":"Acc\u00e8s Beaut\u00e9","article_modified_time":"2026-04-07T00:03:18+00:00","twitter_card":"summary_large_image","twitter_misc":{"Est. reading time":"1 minute"},"schema":{"@context":"https:\/\/schema.org","@graph":[{"@type":"WebPage","@id":"https:\/\/accesbeaute.ca\/en\/buy\/salve-for-cracked-skin-feet-hands-and-elbows-med-gehwol\/","url":"https:\/\/accesbeaute.ca\/en\/buy\/salve-for-cracked-skin-feet-hands-and-elbows-med-gehwol\/","name":"Salve for Cracked Skin - Feet, hands and elbows - Med - Gehwol - Achat en ligne","isPartOf":{"@id":"https:\/\/accesbeaute.ca\/en\/#website"},"primaryImageOfPage":{"@id":"https:\/\/accesbeaute.ca\/en\/buy\/salve-for-cracked-skin-feet-hands-and-elbows-med-gehwol\/#primaryimage"},"image":{"@id":"https:\/\/accesbeaute.ca\/en\/buy\/salve-for-cracked-skin-feet-hands-and-elbows-med-gehwol\/#primaryimage"},"thumbnailUrl":"https:\/\/accesbeaute.ca\/wp-content\/uploads\/2018\/07\/pommade-contre-les-gercures-soin-des-pieds-gehwol-med.jpg","datePublished":"2018-07-28T18:08:26+00:00","dateModified":"2026-04-07T00:03:18+00:00","description":"%","breadcrumb":{"@id":"https:\/\/accesbeaute.ca\/en\/buy\/salve-for-cracked-skin-feet-hands-and-elbows-med-gehwol\/#breadcrumb"},"inLanguage":"en-US","potentialAction":[{"@type":"ReadAction","target":["https:\/\/accesbeaute.ca\/en\/buy\/salve-for-cracked-skin-feet-hands-and-elbows-med-gehwol\/"]}]},{"@type":"ImageObject","inLanguage":"en-US","@id":"https:\/\/accesbeaute.ca\/en\/buy\/salve-for-cracked-skin-feet-hands-and-elbows-med-gehwol\/#primaryimage","url":"https:\/\/accesbeaute.ca\/wp-content\/uploads\/2018\/07\/pommade-contre-les-gercures-soin-des-pieds-gehwol-med.jpg","contentUrl":"https:\/\/accesbeaute.ca\/wp-content\/uploads\/2018\/07\/pommade-contre-les-gercures-soin-des-pieds-gehwol-med.jpg","width":1200,"height":1200},{"@type":"BreadcrumbList","@id":"https:\/\/accesbeaute.ca\/en\/buy\/salve-for-cracked-skin-feet-hands-and-elbows-med-gehwol\/#breadcrumb","itemListElement":[{"@type":"ListItem","position":1,"name":"Accueil","item":"https:\/\/accesbeaute.ca\/en\/"},{"@type":"ListItem","position":2,"name":"Boutique","item":"https:\/\/accesbeaute.ca\/boutique\/"},{"@type":"ListItem","position":3,"name":"Soins pour la corne et les ger\u00e7ures des pieds","item":"https:\/\/accesbeaute.ca\/en\/acheter\/soins-pour-la-corne-et-les-gercures-des-pieds-en\/"},{"@type":"ListItem","position":4,"name":"Salve for Cracked Skin &#8211; Feet, hands and elbows &#8211; Med &#8211; Gehwol"}]},{"@type":"WebSite","@id":"https:\/\/accesbeaute.ca\/en\/#website","url":"https:\/\/accesbeaute.ca\/en\/","name":"Acc\u00e8s Beaut\u00e9","description":"Achat de produits de beaut\u00e9 en ligne","potentialAction":[{"@type":"SearchAction","target":{"@type":"EntryPoint","urlTemplate":"https:\/\/accesbeaute.ca\/en\/?s={search_term_string}"},"query-input":{"@type":"PropertyValueSpecification","valueRequired":true,"valueName":"search_term_string"}}],"inLanguage":"en-US"}]}},"_links":{"self":[{"href":"https:\/\/accesbeaute.ca\/en\/wp-json\/wp\/v2\/product\/6013","targetHints":{"allow":["GET"]}}],"collection":[{"href":"https:\/\/accesbeaute.ca\/en\/wp-json\/wp\/v2\/product"}],"about":[{"href":"https:\/\/accesbeaute.ca\/en\/wp-json\/wp\/v2\/types\/product"}],"wp:featuredmedia":[{"embeddable":true,"href":"https:\/\/accesbeaute.ca\/en\/wp-json\/wp\/v2\/media\/363"}],"wp:attachment":[{"href":"https:\/\/accesbeaute.ca\/en\/wp-json\/wp\/v2\/media?parent=6013"}],"wp:term":[{"taxonomy":"product_brand","embeddable":true,"href":"https:\/\/accesbeaute.ca\/en\/wp-json\/wp\/v2\/product_brand?post=6013"},{"taxonomy":"product_cat","embeddable":true,"href":"https:\/\/accesbeaute.ca\/en\/wp-json\/wp\/v2\/product_cat?post=6013"},{"taxonomy":"product_tag","embeddable":true,"href":"https:\/\/accesbeaute.ca\/en\/wp-json\/wp\/v2\/product_tag?post=6013"}],"curies":[{"name":"wp","href":"https:\/\/api.w.org\/{rel}","templated":true}]}}