{"id":6019,"date":"2018-07-28T18:08:26","date_gmt":"2018-07-28T18:08:26","guid":{"rendered":"https:\/\/accesbeaute.ca\/achat\/lipidro-cream-regenerates-dry-sensitive-skin-med-gehwol\/"},"modified":"2026-04-02T13:12:55","modified_gmt":"2026-04-02T13:12:55","slug":"lipidro-cream-regenerates-dry-sensitive-skin-med-gehwol","status":"publish","type":"product","link":"https:\/\/accesbeaute.ca\/en\/buy\/lipidro-cream-regenerates-dry-sensitive-skin-med-gehwol\/","title":{"rendered":"Lipidro Cream &#8211; Regenerates dry, sensitive skin &#8211; Med &#8211; Gehwol"},"content":{"rendered":"<ul>\n<li>Hydrolipid-balancing treatment for dry, sensitive skin<\/li>\n<li>Compensates for lack of lipids and moisturizing agents<\/li>\n<li>Promotes the skin&#8217;s natural protection and regeneration<\/li>\n<li>Absorbs water in the skin&#8217;s deeper layers<\/li>\n<li>Softens and reduces calluses<\/li>\n<li>Anti-inflammatory, anti-bacterial and deodorizing properties<\/li>\n<li>Fragrance-free formula<\/li>\n<li>Leaves feet soft, supple, moisturized, protected and odourless<\/li>\n<li>Size: 75 ml and 500 ml<\/li>\n<\/ul>\n<p>Promoting regeneration of dry, sensitive foot skin, Gehwol Med&#8217;s Lipidro cream balances the epidermis by boosting its lipid and moisture content.<\/p>\n<p>Enriched with precious natural ingredients, this high-performance treatment intensifies hydration by absorbing water into the skin&#8217;s deeper layers.<\/p>\n<p>Sea buckthorn and avocado oils nourish the skin with lipids thanks to their high concentration of unsaturated fatty acids, reducing water loss through evaporation. Formulated without fragrance, this rich cream softens and revitalizes hard, dry and rough areas of the feet.<\/p>\n<p>Its anti-bacterial and deodorizing properties protect against unpleasant odors, fungal infections and itchy skin. Regular use restores suppleness, softness and radiance to your feet.<\/p>\n","protected":false},"excerpt":{"rendered":"<hr class=\"ligne-grise\" \/>\n<p><strong>Brand:<\/strong> <a href=\"\/acheter\/gehwol\">Gehwol<\/a><\/p>\n<p>Promoting an increase in lipids and moisturizing agents, Lipidro cream regenerates dry, sensitive skin while protecting it against foot odors and infections.<\/p>\n","protected":false},"featured_media":6020,"template":"","meta":{"_et_pb_use_builder":"","_et_pb_old_content":"","_et_gb_content_width":""},"product_brand":[],"product_cat":[197,246,245,251],"product_tag":[203],"class_list":{"0":"post-6019","1":"product","2":"type-product","3":"status-publish","4":"has-post-thumbnail","6":"product_cat-gehwol-en","7":"product_cat-soins-pour-la-corne-et-les-gercures-des-pieds-en","8":"product_cat-soins-pour-la-peau-seche-et-rugueuse-des-pieds","9":"product_cat-soins-pour-la-transpiration-des-pieds-en","10":"product_tag-gehwol-en","12":"first","13":"instock","14":"sale","15":"taxable","16":"shipping-taxable","17":"purchasable","18":"product-type-variable"},"yoast_head":"<!-- This site is optimized with the Yoast SEO plugin v27.3 - https:\/\/yoast.com\/product\/yoast-seo-wordpress\/ -->\n<title>Lipidro Cream - Regenerates dry, sensitive skin - Med - Gehwol  - Achat en ligne<\/title>\n<meta name=\"description\" content=\"%\" \/>\n<meta name=\"robots\" content=\"index, follow, max-snippet:-1, max-image-preview:large, max-video-preview:-1\" \/>\n<link rel=\"canonical\" href=\"https:\/\/accesbeaute.ca\/en\/buy\/lipidro-cream-regenerates-dry-sensitive-skin-med-gehwol\/\" \/>\n<meta property=\"og:locale\" content=\"en_US\" \/>\n<meta property=\"og:type\" content=\"article\" \/>\n<meta property=\"og:title\" content=\"Lipidro Cream - Regenerates dry, sensitive skin - Med - Gehwol  - Achat en ligne\" \/>\n<meta property=\"og:description\" content=\"%\" \/>\n<meta property=\"og:url\" content=\"https:\/\/accesbeaute.ca\/en\/buy\/lipidro-cream-regenerates-dry-sensitive-skin-med-gehwol\/\" \/>\n<meta property=\"og:site_name\" content=\"Acc\u00e8s Beaut\u00e9\" \/>\n<meta property=\"article:modified_time\" content=\"2026-04-02T13:12:55+00:00\" \/>\n<meta property=\"og:image\" content=\"https:\/\/accesbeaute.ca\/wp-content\/uploads\/2018\/07\/lipidro-creme-gehwol-med-equilibre-peau-seche-sensible.jpg\" \/>\n\t<meta property=\"og:image:width\" content=\"1200\" \/>\n\t<meta property=\"og:image:height\" content=\"1200\" \/>\n\t<meta property=\"og:image:type\" content=\"image\/jpeg\" \/>\n<meta name=\"twitter:card\" content=\"summary_large_image\" \/>\n<meta name=\"twitter:label1\" content=\"Est. reading time\" \/>\n\t<meta name=\"twitter:data1\" content=\"1 minute\" \/>\n<script type=\"application\/ld+json\" class=\"yoast-schema-graph\">{\"@context\":\"https:\\\/\\\/schema.org\",\"@graph\":[{\"@type\":\"WebPage\",\"@id\":\"https:\\\/\\\/accesbeaute.ca\\\/en\\\/buy\\\/lipidro-cream-regenerates-dry-sensitive-skin-med-gehwol\\\/\",\"url\":\"https:\\\/\\\/accesbeaute.ca\\\/en\\\/buy\\\/lipidro-cream-regenerates-dry-sensitive-skin-med-gehwol\\\/\",\"name\":\"Lipidro Cream - Regenerates dry, sensitive skin - Med - Gehwol - Achat en ligne\",\"isPartOf\":{\"@id\":\"https:\\\/\\\/accesbeaute.ca\\\/en\\\/#website\"},\"primaryImageOfPage\":{\"@id\":\"https:\\\/\\\/accesbeaute.ca\\\/en\\\/buy\\\/lipidro-cream-regenerates-dry-sensitive-skin-med-gehwol\\\/#primaryimage\"},\"image\":{\"@id\":\"https:\\\/\\\/accesbeaute.ca\\\/en\\\/buy\\\/lipidro-cream-regenerates-dry-sensitive-skin-med-gehwol\\\/#primaryimage\"},\"thumbnailUrl\":\"https:\\\/\\\/accesbeaute.ca\\\/wp-content\\\/uploads\\\/2018\\\/07\\\/lipidro-creme-gehwol-med-equilibre-peau-seche-sensible.jpg\",\"datePublished\":\"2018-07-28T18:08:26+00:00\",\"dateModified\":\"2026-04-02T13:12:55+00:00\",\"description\":\"%\",\"breadcrumb\":{\"@id\":\"https:\\\/\\\/accesbeaute.ca\\\/en\\\/buy\\\/lipidro-cream-regenerates-dry-sensitive-skin-med-gehwol\\\/#breadcrumb\"},\"inLanguage\":\"en-US\",\"potentialAction\":[{\"@type\":\"ReadAction\",\"target\":[\"https:\\\/\\\/accesbeaute.ca\\\/en\\\/buy\\\/lipidro-cream-regenerates-dry-sensitive-skin-med-gehwol\\\/\"]}]},{\"@type\":\"ImageObject\",\"inLanguage\":\"en-US\",\"@id\":\"https:\\\/\\\/accesbeaute.ca\\\/en\\\/buy\\\/lipidro-cream-regenerates-dry-sensitive-skin-med-gehwol\\\/#primaryimage\",\"url\":\"https:\\\/\\\/accesbeaute.ca\\\/wp-content\\\/uploads\\\/2018\\\/07\\\/lipidro-creme-gehwol-med-equilibre-peau-seche-sensible.jpg\",\"contentUrl\":\"https:\\\/\\\/accesbeaute.ca\\\/wp-content\\\/uploads\\\/2018\\\/07\\\/lipidro-creme-gehwol-med-equilibre-peau-seche-sensible.jpg\",\"width\":1200,\"height\":1200},{\"@type\":\"BreadcrumbList\",\"@id\":\"https:\\\/\\\/accesbeaute.ca\\\/en\\\/buy\\\/lipidro-cream-regenerates-dry-sensitive-skin-med-gehwol\\\/#breadcrumb\",\"itemListElement\":[{\"@type\":\"ListItem\",\"position\":1,\"name\":\"Accueil\",\"item\":\"https:\\\/\\\/accesbeaute.ca\\\/en\\\/\"},{\"@type\":\"ListItem\",\"position\":2,\"name\":\"Boutique\",\"item\":\"https:\\\/\\\/accesbeaute.ca\\\/boutique\\\/\"},{\"@type\":\"ListItem\",\"position\":3,\"name\":\"Soins pour la peau s\u00e8che et rugueuse des pieds\",\"item\":\"https:\\\/\\\/accesbeaute.ca\\\/en\\\/acheter\\\/soins-pour-la-peau-seche-et-rugueuse-des-pieds\\\/\"},{\"@type\":\"ListItem\",\"position\":4,\"name\":\"Lipidro Cream &#8211; Regenerates dry, sensitive skin &#8211; Med &#8211; Gehwol\"}]},{\"@type\":\"WebSite\",\"@id\":\"https:\\\/\\\/accesbeaute.ca\\\/en\\\/#website\",\"url\":\"https:\\\/\\\/accesbeaute.ca\\\/en\\\/\",\"name\":\"Acc\u00e8s Beaut\u00e9\",\"description\":\"Achat de produits de beaut\u00e9 en ligne\",\"potentialAction\":[{\"@type\":\"SearchAction\",\"target\":{\"@type\":\"EntryPoint\",\"urlTemplate\":\"https:\\\/\\\/accesbeaute.ca\\\/en\\\/?s={search_term_string}\"},\"query-input\":{\"@type\":\"PropertyValueSpecification\",\"valueRequired\":true,\"valueName\":\"search_term_string\"}}],\"inLanguage\":\"en-US\"}]}<\/script>\n<!-- \/ Yoast SEO plugin. -->","yoast_head_json":{"title":"Lipidro Cream - Regenerates dry, sensitive skin - Med - Gehwol  - Achat en ligne","description":"%","robots":{"index":"index","follow":"follow","max-snippet":"max-snippet:-1","max-image-preview":"max-image-preview:large","max-video-preview":"max-video-preview:-1"},"canonical":"https:\/\/accesbeaute.ca\/en\/buy\/lipidro-cream-regenerates-dry-sensitive-skin-med-gehwol\/","og_locale":"en_US","og_type":"article","og_title":"Lipidro Cream - Regenerates dry, sensitive skin - Med - Gehwol  - Achat en ligne","og_description":"%","og_url":"https:\/\/accesbeaute.ca\/en\/buy\/lipidro-cream-regenerates-dry-sensitive-skin-med-gehwol\/","og_site_name":"Acc\u00e8s Beaut\u00e9","article_modified_time":"2026-04-02T13:12:55+00:00","og_image":[{"width":1200,"height":1200,"url":"https:\/\/accesbeaute.ca\/wp-content\/uploads\/2018\/07\/lipidro-creme-gehwol-med-equilibre-peau-seche-sensible.jpg","type":"image\/jpeg"}],"twitter_card":"summary_large_image","twitter_misc":{"Est. reading time":"1 minute"},"schema":{"@context":"https:\/\/schema.org","@graph":[{"@type":"WebPage","@id":"https:\/\/accesbeaute.ca\/en\/buy\/lipidro-cream-regenerates-dry-sensitive-skin-med-gehwol\/","url":"https:\/\/accesbeaute.ca\/en\/buy\/lipidro-cream-regenerates-dry-sensitive-skin-med-gehwol\/","name":"Lipidro Cream - Regenerates dry, sensitive skin - Med - Gehwol - Achat en ligne","isPartOf":{"@id":"https:\/\/accesbeaute.ca\/en\/#website"},"primaryImageOfPage":{"@id":"https:\/\/accesbeaute.ca\/en\/buy\/lipidro-cream-regenerates-dry-sensitive-skin-med-gehwol\/#primaryimage"},"image":{"@id":"https:\/\/accesbeaute.ca\/en\/buy\/lipidro-cream-regenerates-dry-sensitive-skin-med-gehwol\/#primaryimage"},"thumbnailUrl":"https:\/\/accesbeaute.ca\/wp-content\/uploads\/2018\/07\/lipidro-creme-gehwol-med-equilibre-peau-seche-sensible.jpg","datePublished":"2018-07-28T18:08:26+00:00","dateModified":"2026-04-02T13:12:55+00:00","description":"%","breadcrumb":{"@id":"https:\/\/accesbeaute.ca\/en\/buy\/lipidro-cream-regenerates-dry-sensitive-skin-med-gehwol\/#breadcrumb"},"inLanguage":"en-US","potentialAction":[{"@type":"ReadAction","target":["https:\/\/accesbeaute.ca\/en\/buy\/lipidro-cream-regenerates-dry-sensitive-skin-med-gehwol\/"]}]},{"@type":"ImageObject","inLanguage":"en-US","@id":"https:\/\/accesbeaute.ca\/en\/buy\/lipidro-cream-regenerates-dry-sensitive-skin-med-gehwol\/#primaryimage","url":"https:\/\/accesbeaute.ca\/wp-content\/uploads\/2018\/07\/lipidro-creme-gehwol-med-equilibre-peau-seche-sensible.jpg","contentUrl":"https:\/\/accesbeaute.ca\/wp-content\/uploads\/2018\/07\/lipidro-creme-gehwol-med-equilibre-peau-seche-sensible.jpg","width":1200,"height":1200},{"@type":"BreadcrumbList","@id":"https:\/\/accesbeaute.ca\/en\/buy\/lipidro-cream-regenerates-dry-sensitive-skin-med-gehwol\/#breadcrumb","itemListElement":[{"@type":"ListItem","position":1,"name":"Accueil","item":"https:\/\/accesbeaute.ca\/en\/"},{"@type":"ListItem","position":2,"name":"Boutique","item":"https:\/\/accesbeaute.ca\/boutique\/"},{"@type":"ListItem","position":3,"name":"Soins pour la peau s\u00e8che et rugueuse des pieds","item":"https:\/\/accesbeaute.ca\/en\/acheter\/soins-pour-la-peau-seche-et-rugueuse-des-pieds\/"},{"@type":"ListItem","position":4,"name":"Lipidro Cream &#8211; Regenerates dry, sensitive skin &#8211; Med &#8211; Gehwol"}]},{"@type":"WebSite","@id":"https:\/\/accesbeaute.ca\/en\/#website","url":"https:\/\/accesbeaute.ca\/en\/","name":"Acc\u00e8s Beaut\u00e9","description":"Achat de produits de beaut\u00e9 en ligne","potentialAction":[{"@type":"SearchAction","target":{"@type":"EntryPoint","urlTemplate":"https:\/\/accesbeaute.ca\/en\/?s={search_term_string}"},"query-input":{"@type":"PropertyValueSpecification","valueRequired":true,"valueName":"search_term_string"}}],"inLanguage":"en-US"}]}},"_links":{"self":[{"href":"https:\/\/accesbeaute.ca\/en\/wp-json\/wp\/v2\/product\/6019","targetHints":{"allow":["GET"]}}],"collection":[{"href":"https:\/\/accesbeaute.ca\/en\/wp-json\/wp\/v2\/product"}],"about":[{"href":"https:\/\/accesbeaute.ca\/en\/wp-json\/wp\/v2\/types\/product"}],"wp:featuredmedia":[{"embeddable":true,"href":"https:\/\/accesbeaute.ca\/en\/wp-json\/wp\/v2\/media\/6020"}],"wp:attachment":[{"href":"https:\/\/accesbeaute.ca\/en\/wp-json\/wp\/v2\/media?parent=6019"}],"wp:term":[{"taxonomy":"product_brand","embeddable":true,"href":"https:\/\/accesbeaute.ca\/en\/wp-json\/wp\/v2\/product_brand?post=6019"},{"taxonomy":"product_cat","embeddable":true,"href":"https:\/\/accesbeaute.ca\/en\/wp-json\/wp\/v2\/product_cat?post=6019"},{"taxonomy":"product_tag","embeddable":true,"href":"https:\/\/accesbeaute.ca\/en\/wp-json\/wp\/v2\/product_tag?post=6019"}],"curies":[{"name":"wp","href":"https:\/\/api.w.org\/{rel}","templated":true}]}}