{"id":6024,"date":"2018-07-28T18:08:26","date_gmt":"2018-07-28T18:08:26","guid":{"rendered":"https:\/\/accesbeaute.ca\/achat\/urea-hand-cream-moisturizes-and-protects-gerlasan-gehwol\/"},"modified":"2026-04-07T00:03:18","modified_gmt":"2026-04-07T00:03:18","slug":"urea-hand-cream-moisturizes-and-protects-gerlasan-gehwol","status":"publish","type":"product","link":"https:\/\/accesbeaute.ca\/en\/buy\/urea-hand-cream-moisturizes-and-protects-gerlasan-gehwol\/","title":{"rendered":"Urea hand cream &#8211; Moisturizes and protects &#8211; Gerlasan &#8211; Gehwol"},"content":{"rendered":"<ul>\n<li>Treatment and protection for stressed hands<\/li>\n<li>A combination of natural, healing and effective ingredients<\/li>\n<li>Anti-inflammatory, antimicrobial and regenerative properties<\/li>\n<li>Relieves itching and has a soothing action<\/li>\n<li>Protects skin against infection<\/li>\n<li>Fast absorption<\/li>\n<li>Non-sticky formula<\/li>\n<li>Leaves skin soft, supple and intensely moisturized<\/li>\n<li>Size: 75 ml<\/li>\n<\/ul>\n<p>Enriched with aloe vera, jojoba oil and tapioca starch, Gewhol&#8217;s Urea Hand Cream provides deep healing and protective care for stressed, irritated and devitalized hands.<\/p>\n<p>Ideal for maximum protection, this daily care product is ultra-effective for hands that come into frequent contact with water or cleaning products, or when enclosed in protective gloves.<\/p>\n<p>Its active ingredients offer antimicrobial, anti-inflammatory and regenerative properties that fight infection, soothe itching and stimulate healing.<\/p>\n<p>Nourishing and highly moisturizing, Gerlasan Hand Care leaves the skin soft and supple. Its rich formula is rapidly absorbed by the skin, leaving no greasy or sticky residue. The urea hand cream optimizes the beauty and health of your hands.<\/p>\n","protected":false},"excerpt":{"rendered":"<hr class=\"ligne-grise\" \/>\n<p><strong>Brand:<\/strong> <a href=\"\/acheter\/gehwol\">Gehwol<\/a><\/p>\n<p>With its cocktail of high-quality natural ingredients and multiple healing properties, this high-performance treatment moisturizes, cares for, protects, regenerates, softens and smoothes your hands.<\/p>\n","protected":false},"featured_media":366,"template":"","meta":{"_et_pb_use_builder":"","_et_pb_old_content":"","_et_gb_content_width":""},"product_brand":[],"product_cat":[197,213,216],"product_tag":[203],"class_list":{"0":"post-6024","1":"product","2":"type-product","3":"status-publish","4":"has-post-thumbnail","6":"product_cat-gehwol-en","7":"product_cat-produit-de-beaute-peau-seche-et-deshydratee-en","8":"product_cat-soin-pour-les-mains-en","9":"product_tag-gehwol-en","11":"first","12":"instock","13":"taxable","14":"shipping-taxable","15":"purchasable","16":"product-type-simple"},"yoast_head":"<!-- This site is optimized with the Yoast SEO plugin v27.3 - https:\/\/yoast.com\/product\/yoast-seo-wordpress\/ -->\n<title>Urea hand cream - Moisturizes and protects - Gerlasan - Gehwol  - Achat en ligne<\/title>\n<meta name=\"description\" content=\"%\" \/>\n<meta name=\"robots\" content=\"index, follow, max-snippet:-1, max-image-preview:large, max-video-preview:-1\" \/>\n<link rel=\"canonical\" href=\"https:\/\/accesbeaute.ca\/en\/buy\/urea-hand-cream-moisturizes-and-protects-gerlasan-gehwol\/\" \/>\n<meta property=\"og:locale\" content=\"en_US\" \/>\n<meta property=\"og:type\" content=\"article\" \/>\n<meta property=\"og:title\" content=\"Urea hand cream - Moisturizes and protects - Gerlasan - Gehwol  - Achat en ligne\" \/>\n<meta property=\"og:description\" content=\"%\" \/>\n<meta property=\"og:url\" content=\"https:\/\/accesbeaute.ca\/en\/buy\/urea-hand-cream-moisturizes-and-protects-gerlasan-gehwol\/\" \/>\n<meta property=\"og:site_name\" content=\"Acc\u00e8s Beaut\u00e9\" \/>\n<meta property=\"article:modified_time\" content=\"2026-04-07T00:03:18+00:00\" \/>\n<meta name=\"twitter:card\" content=\"summary_large_image\" \/>\n<meta name=\"twitter:label1\" content=\"Est. reading time\" \/>\n\t<meta name=\"twitter:data1\" content=\"1 minute\" \/>\n<script type=\"application\/ld+json\" class=\"yoast-schema-graph\">{\"@context\":\"https:\\\/\\\/schema.org\",\"@graph\":[{\"@type\":\"WebPage\",\"@id\":\"https:\\\/\\\/accesbeaute.ca\\\/en\\\/buy\\\/urea-hand-cream-moisturizes-and-protects-gerlasan-gehwol\\\/\",\"url\":\"https:\\\/\\\/accesbeaute.ca\\\/en\\\/buy\\\/urea-hand-cream-moisturizes-and-protects-gerlasan-gehwol\\\/\",\"name\":\"Urea hand cream - Moisturizes and protects - Gerlasan - Gehwol - Achat en ligne\",\"isPartOf\":{\"@id\":\"https:\\\/\\\/accesbeaute.ca\\\/en\\\/#website\"},\"primaryImageOfPage\":{\"@id\":\"https:\\\/\\\/accesbeaute.ca\\\/en\\\/buy\\\/urea-hand-cream-moisturizes-and-protects-gerlasan-gehwol\\\/#primaryimage\"},\"image\":{\"@id\":\"https:\\\/\\\/accesbeaute.ca\\\/en\\\/buy\\\/urea-hand-cream-moisturizes-and-protects-gerlasan-gehwol\\\/#primaryimage\"},\"thumbnailUrl\":\"https:\\\/\\\/accesbeaute.ca\\\/wp-content\\\/uploads\\\/2018\\\/07\\\/creme-pour-les-mains-a-l-uree-gehwol-gerlasan.jpg\",\"datePublished\":\"2018-07-28T18:08:26+00:00\",\"dateModified\":\"2026-04-07T00:03:18+00:00\",\"description\":\"%\",\"breadcrumb\":{\"@id\":\"https:\\\/\\\/accesbeaute.ca\\\/en\\\/buy\\\/urea-hand-cream-moisturizes-and-protects-gerlasan-gehwol\\\/#breadcrumb\"},\"inLanguage\":\"en-US\",\"potentialAction\":[{\"@type\":\"ReadAction\",\"target\":[\"https:\\\/\\\/accesbeaute.ca\\\/en\\\/buy\\\/urea-hand-cream-moisturizes-and-protects-gerlasan-gehwol\\\/\"]}]},{\"@type\":\"ImageObject\",\"inLanguage\":\"en-US\",\"@id\":\"https:\\\/\\\/accesbeaute.ca\\\/en\\\/buy\\\/urea-hand-cream-moisturizes-and-protects-gerlasan-gehwol\\\/#primaryimage\",\"url\":\"https:\\\/\\\/accesbeaute.ca\\\/wp-content\\\/uploads\\\/2018\\\/07\\\/creme-pour-les-mains-a-l-uree-gehwol-gerlasan.jpg\",\"contentUrl\":\"https:\\\/\\\/accesbeaute.ca\\\/wp-content\\\/uploads\\\/2018\\\/07\\\/creme-pour-les-mains-a-l-uree-gehwol-gerlasan.jpg\",\"width\":1200,\"height\":1200},{\"@type\":\"BreadcrumbList\",\"@id\":\"https:\\\/\\\/accesbeaute.ca\\\/en\\\/buy\\\/urea-hand-cream-moisturizes-and-protects-gerlasan-gehwol\\\/#breadcrumb\",\"itemListElement\":[{\"@type\":\"ListItem\",\"position\":1,\"name\":\"Accueil\",\"item\":\"https:\\\/\\\/accesbeaute.ca\\\/en\\\/\"},{\"@type\":\"ListItem\",\"position\":2,\"name\":\"Boutique\",\"item\":\"https:\\\/\\\/accesbeaute.ca\\\/boutique\\\/\"},{\"@type\":\"ListItem\",\"position\":3,\"name\":\"Soins pour les mains\",\"item\":\"https:\\\/\\\/accesbeaute.ca\\\/en\\\/acheter\\\/soin-pour-les-mains-en\\\/\"},{\"@type\":\"ListItem\",\"position\":4,\"name\":\"Urea hand cream &#8211; Moisturizes and protects &#8211; Gerlasan &#8211; Gehwol\"}]},{\"@type\":\"WebSite\",\"@id\":\"https:\\\/\\\/accesbeaute.ca\\\/en\\\/#website\",\"url\":\"https:\\\/\\\/accesbeaute.ca\\\/en\\\/\",\"name\":\"Acc\u00e8s Beaut\u00e9\",\"description\":\"Achat de produits de beaut\u00e9 en ligne\",\"potentialAction\":[{\"@type\":\"SearchAction\",\"target\":{\"@type\":\"EntryPoint\",\"urlTemplate\":\"https:\\\/\\\/accesbeaute.ca\\\/en\\\/?s={search_term_string}\"},\"query-input\":{\"@type\":\"PropertyValueSpecification\",\"valueRequired\":true,\"valueName\":\"search_term_string\"}}],\"inLanguage\":\"en-US\"}]}<\/script>\n<!-- \/ Yoast SEO plugin. -->","yoast_head_json":{"title":"Urea hand cream - Moisturizes and protects - Gerlasan - Gehwol  - Achat en ligne","description":"%","robots":{"index":"index","follow":"follow","max-snippet":"max-snippet:-1","max-image-preview":"max-image-preview:large","max-video-preview":"max-video-preview:-1"},"canonical":"https:\/\/accesbeaute.ca\/en\/buy\/urea-hand-cream-moisturizes-and-protects-gerlasan-gehwol\/","og_locale":"en_US","og_type":"article","og_title":"Urea hand cream - Moisturizes and protects - Gerlasan - Gehwol  - Achat en ligne","og_description":"%","og_url":"https:\/\/accesbeaute.ca\/en\/buy\/urea-hand-cream-moisturizes-and-protects-gerlasan-gehwol\/","og_site_name":"Acc\u00e8s Beaut\u00e9","article_modified_time":"2026-04-07T00:03:18+00:00","twitter_card":"summary_large_image","twitter_misc":{"Est. reading time":"1 minute"},"schema":{"@context":"https:\/\/schema.org","@graph":[{"@type":"WebPage","@id":"https:\/\/accesbeaute.ca\/en\/buy\/urea-hand-cream-moisturizes-and-protects-gerlasan-gehwol\/","url":"https:\/\/accesbeaute.ca\/en\/buy\/urea-hand-cream-moisturizes-and-protects-gerlasan-gehwol\/","name":"Urea hand cream - Moisturizes and protects - Gerlasan - Gehwol - Achat en ligne","isPartOf":{"@id":"https:\/\/accesbeaute.ca\/en\/#website"},"primaryImageOfPage":{"@id":"https:\/\/accesbeaute.ca\/en\/buy\/urea-hand-cream-moisturizes-and-protects-gerlasan-gehwol\/#primaryimage"},"image":{"@id":"https:\/\/accesbeaute.ca\/en\/buy\/urea-hand-cream-moisturizes-and-protects-gerlasan-gehwol\/#primaryimage"},"thumbnailUrl":"https:\/\/accesbeaute.ca\/wp-content\/uploads\/2018\/07\/creme-pour-les-mains-a-l-uree-gehwol-gerlasan.jpg","datePublished":"2018-07-28T18:08:26+00:00","dateModified":"2026-04-07T00:03:18+00:00","description":"%","breadcrumb":{"@id":"https:\/\/accesbeaute.ca\/en\/buy\/urea-hand-cream-moisturizes-and-protects-gerlasan-gehwol\/#breadcrumb"},"inLanguage":"en-US","potentialAction":[{"@type":"ReadAction","target":["https:\/\/accesbeaute.ca\/en\/buy\/urea-hand-cream-moisturizes-and-protects-gerlasan-gehwol\/"]}]},{"@type":"ImageObject","inLanguage":"en-US","@id":"https:\/\/accesbeaute.ca\/en\/buy\/urea-hand-cream-moisturizes-and-protects-gerlasan-gehwol\/#primaryimage","url":"https:\/\/accesbeaute.ca\/wp-content\/uploads\/2018\/07\/creme-pour-les-mains-a-l-uree-gehwol-gerlasan.jpg","contentUrl":"https:\/\/accesbeaute.ca\/wp-content\/uploads\/2018\/07\/creme-pour-les-mains-a-l-uree-gehwol-gerlasan.jpg","width":1200,"height":1200},{"@type":"BreadcrumbList","@id":"https:\/\/accesbeaute.ca\/en\/buy\/urea-hand-cream-moisturizes-and-protects-gerlasan-gehwol\/#breadcrumb","itemListElement":[{"@type":"ListItem","position":1,"name":"Accueil","item":"https:\/\/accesbeaute.ca\/en\/"},{"@type":"ListItem","position":2,"name":"Boutique","item":"https:\/\/accesbeaute.ca\/boutique\/"},{"@type":"ListItem","position":3,"name":"Soins pour les mains","item":"https:\/\/accesbeaute.ca\/en\/acheter\/soin-pour-les-mains-en\/"},{"@type":"ListItem","position":4,"name":"Urea hand cream &#8211; Moisturizes and protects &#8211; Gerlasan &#8211; Gehwol"}]},{"@type":"WebSite","@id":"https:\/\/accesbeaute.ca\/en\/#website","url":"https:\/\/accesbeaute.ca\/en\/","name":"Acc\u00e8s Beaut\u00e9","description":"Achat de produits de beaut\u00e9 en ligne","potentialAction":[{"@type":"SearchAction","target":{"@type":"EntryPoint","urlTemplate":"https:\/\/accesbeaute.ca\/en\/?s={search_term_string}"},"query-input":{"@type":"PropertyValueSpecification","valueRequired":true,"valueName":"search_term_string"}}],"inLanguage":"en-US"}]}},"_links":{"self":[{"href":"https:\/\/accesbeaute.ca\/en\/wp-json\/wp\/v2\/product\/6024","targetHints":{"allow":["GET"]}}],"collection":[{"href":"https:\/\/accesbeaute.ca\/en\/wp-json\/wp\/v2\/product"}],"about":[{"href":"https:\/\/accesbeaute.ca\/en\/wp-json\/wp\/v2\/types\/product"}],"wp:featuredmedia":[{"embeddable":true,"href":"https:\/\/accesbeaute.ca\/en\/wp-json\/wp\/v2\/media\/366"}],"wp:attachment":[{"href":"https:\/\/accesbeaute.ca\/en\/wp-json\/wp\/v2\/media?parent=6024"}],"wp:term":[{"taxonomy":"product_brand","embeddable":true,"href":"https:\/\/accesbeaute.ca\/en\/wp-json\/wp\/v2\/product_brand?post=6024"},{"taxonomy":"product_cat","embeddable":true,"href":"https:\/\/accesbeaute.ca\/en\/wp-json\/wp\/v2\/product_cat?post=6024"},{"taxonomy":"product_tag","embeddable":true,"href":"https:\/\/accesbeaute.ca\/en\/wp-json\/wp\/v2\/product_tag?post=6024"}],"curies":[{"name":"wp","href":"https:\/\/api.w.org\/{rel}","templated":true}]}}