{"id":6194,"date":"2023-08-24T11:32:53","date_gmt":"2023-08-24T11:32:53","guid":{"rendered":"https:\/\/accesbeaute.ca\/achat\/force-marine-after-shave-balm-for-men-thalgo-men\/"},"modified":"2025-01-11T04:42:22","modified_gmt":"2025-01-11T04:42:22","slug":"force-marine-after-shave-balm-for-men-thalgo-men","status":"publish","type":"product","link":"https:\/\/accesbeaute.ca\/en\/buy\/force-marine-after-shave-balm-for-men-thalgo-men\/","title":{"rendered":"Force Marine &#8211; After-Shave Balm for Men &#8211; Thalgo Men"},"content":{"rendered":"<ul>\n<li>Soothes razor burn<\/li>\n<li>Heals cuts<\/li>\n<li>Size: 75 ml<\/li>\n<\/ul>\n","protected":false},"excerpt":{"rendered":"<hr class=\"ligne-grise\" \/>\n<p><strong>Brand:<\/strong> <a href=\"\/acheter\/thalgo\">Thalgo<\/a><\/p>\n<p>The super soothing aftershave. Alcohol-free care with a fresh, energizing fragrance.<\/p>\n","protected":false},"featured_media":5212,"template":"","meta":{"_et_pb_use_builder":"","_et_pb_old_content":"","_et_gb_content_width":""},"product_brand":[],"product_cat":[15],"product_tag":[],"class_list":{"0":"post-6194","1":"product","2":"type-product","3":"status-publish","4":"has-post-thumbnail","6":"product_cat-non-classe","8":"first","9":"instock","10":"taxable","11":"shipping-taxable","12":"purchasable","13":"product-type-simple"},"yoast_head":"<!-- This site is optimized with the Yoast SEO plugin v27.3 - https:\/\/yoast.com\/product\/yoast-seo-wordpress\/ -->\n<title>Force Marine - After-Shave Balm for Men - Thalgo Men  - Achat en ligne<\/title>\n<meta name=\"description\" content=\"%\" \/>\n<meta name=\"robots\" content=\"index, follow, max-snippet:-1, max-image-preview:large, max-video-preview:-1\" \/>\n<link rel=\"canonical\" href=\"https:\/\/accesbeaute.ca\/en\/buy\/force-marine-after-shave-balm-for-men-thalgo-men\/\" \/>\n<meta property=\"og:locale\" content=\"en_US\" \/>\n<meta property=\"og:type\" content=\"article\" \/>\n<meta property=\"og:title\" content=\"Force Marine - After-Shave Balm for Men - Thalgo Men  - Achat en ligne\" \/>\n<meta property=\"og:description\" content=\"%\" \/>\n<meta property=\"og:url\" content=\"https:\/\/accesbeaute.ca\/en\/buy\/force-marine-after-shave-balm-for-men-thalgo-men\/\" \/>\n<meta property=\"og:site_name\" content=\"Acc\u00e8s Beaut\u00e9\" \/>\n<meta property=\"article:modified_time\" content=\"2025-01-11T04:42:22+00:00\" \/>\n<meta property=\"og:image\" content=\"https:\/\/accesbeaute.ca\/wp-content\/uploads\/2023\/08\/Baume-Apres-Rasage-Thalgo-Men.jpg\" \/>\n\t<meta property=\"og:image:width\" content=\"1500\" \/>\n\t<meta property=\"og:image:height\" content=\"1500\" \/>\n\t<meta property=\"og:image:type\" content=\"image\/jpeg\" \/>\n<meta name=\"twitter:card\" content=\"summary_large_image\" \/>\n<script type=\"application\/ld+json\" class=\"yoast-schema-graph\">{\"@context\":\"https:\\\/\\\/schema.org\",\"@graph\":[{\"@type\":\"WebPage\",\"@id\":\"https:\\\/\\\/accesbeaute.ca\\\/en\\\/buy\\\/force-marine-after-shave-balm-for-men-thalgo-men\\\/\",\"url\":\"https:\\\/\\\/accesbeaute.ca\\\/en\\\/buy\\\/force-marine-after-shave-balm-for-men-thalgo-men\\\/\",\"name\":\"Force Marine - After-Shave Balm for Men - Thalgo Men - Achat en ligne\",\"isPartOf\":{\"@id\":\"https:\\\/\\\/accesbeaute.ca\\\/en\\\/#website\"},\"primaryImageOfPage\":{\"@id\":\"https:\\\/\\\/accesbeaute.ca\\\/en\\\/buy\\\/force-marine-after-shave-balm-for-men-thalgo-men\\\/#primaryimage\"},\"image\":{\"@id\":\"https:\\\/\\\/accesbeaute.ca\\\/en\\\/buy\\\/force-marine-after-shave-balm-for-men-thalgo-men\\\/#primaryimage\"},\"thumbnailUrl\":\"https:\\\/\\\/accesbeaute.ca\\\/wp-content\\\/uploads\\\/2023\\\/08\\\/Baume-Apres-Rasage-Thalgo-Men.jpg\",\"datePublished\":\"2023-08-24T11:32:53+00:00\",\"dateModified\":\"2025-01-11T04:42:22+00:00\",\"description\":\"%\",\"breadcrumb\":{\"@id\":\"https:\\\/\\\/accesbeaute.ca\\\/en\\\/buy\\\/force-marine-after-shave-balm-for-men-thalgo-men\\\/#breadcrumb\"},\"inLanguage\":\"en-US\",\"potentialAction\":[{\"@type\":\"ReadAction\",\"target\":[\"https:\\\/\\\/accesbeaute.ca\\\/en\\\/buy\\\/force-marine-after-shave-balm-for-men-thalgo-men\\\/\"]}]},{\"@type\":\"ImageObject\",\"inLanguage\":\"en-US\",\"@id\":\"https:\\\/\\\/accesbeaute.ca\\\/en\\\/buy\\\/force-marine-after-shave-balm-for-men-thalgo-men\\\/#primaryimage\",\"url\":\"https:\\\/\\\/accesbeaute.ca\\\/wp-content\\\/uploads\\\/2023\\\/08\\\/Baume-Apres-Rasage-Thalgo-Men.jpg\",\"contentUrl\":\"https:\\\/\\\/accesbeaute.ca\\\/wp-content\\\/uploads\\\/2023\\\/08\\\/Baume-Apres-Rasage-Thalgo-Men.jpg\",\"width\":1500,\"height\":1500},{\"@type\":\"BreadcrumbList\",\"@id\":\"https:\\\/\\\/accesbeaute.ca\\\/en\\\/buy\\\/force-marine-after-shave-balm-for-men-thalgo-men\\\/#breadcrumb\",\"itemListElement\":[{\"@type\":\"ListItem\",\"position\":1,\"name\":\"Accueil\",\"item\":\"https:\\\/\\\/accesbeaute.ca\\\/en\\\/\"},{\"@type\":\"ListItem\",\"position\":2,\"name\":\"Boutique\",\"item\":\"https:\\\/\\\/accesbeaute.ca\\\/boutique\\\/\"},{\"@type\":\"ListItem\",\"position\":3,\"name\":\"Produits de beaut\u00e9\",\"item\":\"https:\\\/\\\/accesbeaute.ca\\\/acheter\\\/produits-de-beaute\\\/\"},{\"@type\":\"ListItem\",\"position\":4,\"name\":\"Soins de beaut\u00e9\",\"item\":\"https:\\\/\\\/accesbeaute.ca\\\/acheter\\\/soin-de-beaute\\\/\"},{\"@type\":\"ListItem\",\"position\":5,\"name\":\"Produits de beaut\u00e9 pour hommes\",\"item\":\"https:\\\/\\\/accesbeaute.ca\\\/acheter\\\/produit-de-beaute-pour-homme\\\/\"},{\"@type\":\"ListItem\",\"position\":6,\"name\":\"Force Marine &#8211; After-Shave Balm for Men &#8211; Thalgo Men\"}]},{\"@type\":\"WebSite\",\"@id\":\"https:\\\/\\\/accesbeaute.ca\\\/en\\\/#website\",\"url\":\"https:\\\/\\\/accesbeaute.ca\\\/en\\\/\",\"name\":\"Acc\u00e8s Beaut\u00e9\",\"description\":\"Achat de produits de beaut\u00e9 en ligne\",\"potentialAction\":[{\"@type\":\"SearchAction\",\"target\":{\"@type\":\"EntryPoint\",\"urlTemplate\":\"https:\\\/\\\/accesbeaute.ca\\\/en\\\/?s={search_term_string}\"},\"query-input\":{\"@type\":\"PropertyValueSpecification\",\"valueRequired\":true,\"valueName\":\"search_term_string\"}}],\"inLanguage\":\"en-US\"}]}<\/script>\n<!-- \/ Yoast SEO plugin. -->","yoast_head_json":{"title":"Force Marine - After-Shave Balm for Men - Thalgo Men  - Achat en ligne","description":"%","robots":{"index":"index","follow":"follow","max-snippet":"max-snippet:-1","max-image-preview":"max-image-preview:large","max-video-preview":"max-video-preview:-1"},"canonical":"https:\/\/accesbeaute.ca\/en\/buy\/force-marine-after-shave-balm-for-men-thalgo-men\/","og_locale":"en_US","og_type":"article","og_title":"Force Marine - After-Shave Balm for Men - Thalgo Men  - Achat en ligne","og_description":"%","og_url":"https:\/\/accesbeaute.ca\/en\/buy\/force-marine-after-shave-balm-for-men-thalgo-men\/","og_site_name":"Acc\u00e8s Beaut\u00e9","article_modified_time":"2025-01-11T04:42:22+00:00","og_image":[{"width":1500,"height":1500,"url":"https:\/\/accesbeaute.ca\/wp-content\/uploads\/2023\/08\/Baume-Apres-Rasage-Thalgo-Men.jpg","type":"image\/jpeg"}],"twitter_card":"summary_large_image","schema":{"@context":"https:\/\/schema.org","@graph":[{"@type":"WebPage","@id":"https:\/\/accesbeaute.ca\/en\/buy\/force-marine-after-shave-balm-for-men-thalgo-men\/","url":"https:\/\/accesbeaute.ca\/en\/buy\/force-marine-after-shave-balm-for-men-thalgo-men\/","name":"Force Marine - After-Shave Balm for Men - Thalgo Men - Achat en ligne","isPartOf":{"@id":"https:\/\/accesbeaute.ca\/en\/#website"},"primaryImageOfPage":{"@id":"https:\/\/accesbeaute.ca\/en\/buy\/force-marine-after-shave-balm-for-men-thalgo-men\/#primaryimage"},"image":{"@id":"https:\/\/accesbeaute.ca\/en\/buy\/force-marine-after-shave-balm-for-men-thalgo-men\/#primaryimage"},"thumbnailUrl":"https:\/\/accesbeaute.ca\/wp-content\/uploads\/2023\/08\/Baume-Apres-Rasage-Thalgo-Men.jpg","datePublished":"2023-08-24T11:32:53+00:00","dateModified":"2025-01-11T04:42:22+00:00","description":"%","breadcrumb":{"@id":"https:\/\/accesbeaute.ca\/en\/buy\/force-marine-after-shave-balm-for-men-thalgo-men\/#breadcrumb"},"inLanguage":"en-US","potentialAction":[{"@type":"ReadAction","target":["https:\/\/accesbeaute.ca\/en\/buy\/force-marine-after-shave-balm-for-men-thalgo-men\/"]}]},{"@type":"ImageObject","inLanguage":"en-US","@id":"https:\/\/accesbeaute.ca\/en\/buy\/force-marine-after-shave-balm-for-men-thalgo-men\/#primaryimage","url":"https:\/\/accesbeaute.ca\/wp-content\/uploads\/2023\/08\/Baume-Apres-Rasage-Thalgo-Men.jpg","contentUrl":"https:\/\/accesbeaute.ca\/wp-content\/uploads\/2023\/08\/Baume-Apres-Rasage-Thalgo-Men.jpg","width":1500,"height":1500},{"@type":"BreadcrumbList","@id":"https:\/\/accesbeaute.ca\/en\/buy\/force-marine-after-shave-balm-for-men-thalgo-men\/#breadcrumb","itemListElement":[{"@type":"ListItem","position":1,"name":"Accueil","item":"https:\/\/accesbeaute.ca\/en\/"},{"@type":"ListItem","position":2,"name":"Boutique","item":"https:\/\/accesbeaute.ca\/boutique\/"},{"@type":"ListItem","position":3,"name":"Produits de beaut\u00e9","item":"https:\/\/accesbeaute.ca\/acheter\/produits-de-beaute\/"},{"@type":"ListItem","position":4,"name":"Soins de beaut\u00e9","item":"https:\/\/accesbeaute.ca\/acheter\/soin-de-beaute\/"},{"@type":"ListItem","position":5,"name":"Produits de beaut\u00e9 pour hommes","item":"https:\/\/accesbeaute.ca\/acheter\/produit-de-beaute-pour-homme\/"},{"@type":"ListItem","position":6,"name":"Force Marine &#8211; After-Shave Balm for Men &#8211; Thalgo Men"}]},{"@type":"WebSite","@id":"https:\/\/accesbeaute.ca\/en\/#website","url":"https:\/\/accesbeaute.ca\/en\/","name":"Acc\u00e8s Beaut\u00e9","description":"Achat de produits de beaut\u00e9 en ligne","potentialAction":[{"@type":"SearchAction","target":{"@type":"EntryPoint","urlTemplate":"https:\/\/accesbeaute.ca\/en\/?s={search_term_string}"},"query-input":{"@type":"PropertyValueSpecification","valueRequired":true,"valueName":"search_term_string"}}],"inLanguage":"en-US"}]}},"_links":{"self":[{"href":"https:\/\/accesbeaute.ca\/en\/wp-json\/wp\/v2\/product\/6194","targetHints":{"allow":["GET"]}}],"collection":[{"href":"https:\/\/accesbeaute.ca\/en\/wp-json\/wp\/v2\/product"}],"about":[{"href":"https:\/\/accesbeaute.ca\/en\/wp-json\/wp\/v2\/types\/product"}],"wp:featuredmedia":[{"embeddable":true,"href":"https:\/\/accesbeaute.ca\/en\/wp-json\/wp\/v2\/media\/5212"}],"wp:attachment":[{"href":"https:\/\/accesbeaute.ca\/en\/wp-json\/wp\/v2\/media?parent=6194"}],"wp:term":[{"taxonomy":"product_brand","embeddable":true,"href":"https:\/\/accesbeaute.ca\/en\/wp-json\/wp\/v2\/product_brand?post=6194"},{"taxonomy":"product_cat","embeddable":true,"href":"https:\/\/accesbeaute.ca\/en\/wp-json\/wp\/v2\/product_cat?post=6194"},{"taxonomy":"product_tag","embeddable":true,"href":"https:\/\/accesbeaute.ca\/en\/wp-json\/wp\/v2\/product_tag?post=6194"}],"curies":[{"name":"wp","href":"https:\/\/api.w.org\/{rel}","templated":true}]}}