{"id":6215,"date":"2018-07-28T18:07:38","date_gmt":"2018-07-28T18:07:38","guid":{"rendered":"https:\/\/accesbeaute.ca\/achat\/foot-cream-gerlachs-gehwol\/"},"modified":"2026-04-07T00:03:18","modified_gmt":"2026-04-07T00:03:18","slug":"foot-cream-gerlachs-gehwol","status":"publish","type":"product","link":"https:\/\/accesbeaute.ca\/en\/buy\/foot-cream-gerlachs-gehwol\/","title":{"rendered":"Foot Cream &#8211; Gerlachs &#8211; Gehwol"},"content":{"rendered":"<ul>\n<li>For strained feet and highly stressed skin.<\/li>\n<li>Prevents sores and blisters.<\/li>\n<\/ul>\n<p>Gerlach&#8217;s Gehwol Foot Cream prevents aching feet, sores, blisters, soreness and chafing. It has an anti-inflammatory effect, prevents infections and brings the activity of the perspiratory glands back to a normal level.<\/p>\n<p>The cream eliminates foot odour and other side effects of excessive foot perspiration. Gehwol Foot Cream strengthens the skin and makes it resistant. Protects amputation stumps and hands during strong strain. In addition, the foot cream offers protection against cold feet and frostbite.<\/p>\n","protected":false},"excerpt":{"rendered":"<hr class=\"ligne-grise\" \/>\n<p><strong>Brand:<\/strong> <a href=\"\/acheter\/gehwol\">Gehwol<\/a><\/p>\n<p>Perfectly suited for active people, this high-performance treatment for overworked feet and stressed skin effectively fights painful conditions and perspiration.<\/p>\n","protected":false},"featured_media":6216,"template":"","meta":{"_et_pb_use_builder":"","_et_pb_old_content":"","_et_gb_content_width":""},"product_brand":[],"product_cat":[197,246,245,198],"product_tag":[203],"class_list":{"0":"post-6215","1":"product","2":"type-product","3":"status-publish","4":"has-post-thumbnail","6":"product_cat-gehwol-en","7":"product_cat-soins-pour-la-corne-et-les-gercures-des-pieds-en","8":"product_cat-soins-pour-la-peau-seche-et-rugueuse-des-pieds","9":"product_cat-soins-pour-les-infections-des-pieds-en","10":"product_tag-gehwol-en","12":"first","13":"instock","14":"taxable","15":"shipping-taxable","16":"purchasable","17":"product-type-simple"},"yoast_head":"<!-- This site is optimized with the Yoast SEO plugin v27.3 - https:\/\/yoast.com\/product\/yoast-seo-wordpress\/ -->\n<title>Foot Cream - Gerlachs - Gehwol  - Achat en ligne<\/title>\n<meta name=\"description\" content=\"%\" \/>\n<meta name=\"robots\" content=\"index, follow, max-snippet:-1, max-image-preview:large, max-video-preview:-1\" \/>\n<link rel=\"canonical\" href=\"https:\/\/accesbeaute.ca\/en\/buy\/foot-cream-gerlachs-gehwol\/\" \/>\n<meta property=\"og:locale\" content=\"en_US\" \/>\n<meta property=\"og:type\" content=\"article\" \/>\n<meta property=\"og:title\" content=\"Foot Cream - Gerlachs - Gehwol  - Achat en ligne\" \/>\n<meta property=\"og:description\" content=\"%\" \/>\n<meta property=\"og:url\" content=\"https:\/\/accesbeaute.ca\/en\/buy\/foot-cream-gerlachs-gehwol\/\" \/>\n<meta property=\"og:site_name\" content=\"Acc\u00e8s Beaut\u00e9\" \/>\n<meta property=\"article:modified_time\" content=\"2026-04-07T00:03:18+00:00\" \/>\n<meta property=\"og:image\" content=\"https:\/\/accesbeaute.ca\/wp-content\/uploads\/2018\/07\/creme-pour-les-pieds-gehwol-gerlachs-previent-les-plaies-et-ampoules.jpg\" \/>\n\t<meta property=\"og:image:width\" content=\"1200\" \/>\n\t<meta property=\"og:image:height\" content=\"1200\" \/>\n\t<meta property=\"og:image:type\" content=\"image\/jpeg\" \/>\n<meta name=\"twitter:card\" content=\"summary_large_image\" \/>\n<script type=\"application\/ld+json\" class=\"yoast-schema-graph\">{\"@context\":\"https:\\\/\\\/schema.org\",\"@graph\":[{\"@type\":\"WebPage\",\"@id\":\"https:\\\/\\\/accesbeaute.ca\\\/en\\\/buy\\\/foot-cream-gerlachs-gehwol\\\/\",\"url\":\"https:\\\/\\\/accesbeaute.ca\\\/en\\\/buy\\\/foot-cream-gerlachs-gehwol\\\/\",\"name\":\"Foot Cream - Gerlachs - Gehwol - Achat en ligne\",\"isPartOf\":{\"@id\":\"https:\\\/\\\/accesbeaute.ca\\\/en\\\/#website\"},\"primaryImageOfPage\":{\"@id\":\"https:\\\/\\\/accesbeaute.ca\\\/en\\\/buy\\\/foot-cream-gerlachs-gehwol\\\/#primaryimage\"},\"image\":{\"@id\":\"https:\\\/\\\/accesbeaute.ca\\\/en\\\/buy\\\/foot-cream-gerlachs-gehwol\\\/#primaryimage\"},\"thumbnailUrl\":\"https:\\\/\\\/accesbeaute.ca\\\/wp-content\\\/uploads\\\/2018\\\/07\\\/creme-pour-les-pieds-gehwol-gerlachs-previent-les-plaies-et-ampoules.jpg\",\"datePublished\":\"2018-07-28T18:07:38+00:00\",\"dateModified\":\"2026-04-07T00:03:18+00:00\",\"description\":\"%\",\"breadcrumb\":{\"@id\":\"https:\\\/\\\/accesbeaute.ca\\\/en\\\/buy\\\/foot-cream-gerlachs-gehwol\\\/#breadcrumb\"},\"inLanguage\":\"en-US\",\"potentialAction\":[{\"@type\":\"ReadAction\",\"target\":[\"https:\\\/\\\/accesbeaute.ca\\\/en\\\/buy\\\/foot-cream-gerlachs-gehwol\\\/\"]}]},{\"@type\":\"ImageObject\",\"inLanguage\":\"en-US\",\"@id\":\"https:\\\/\\\/accesbeaute.ca\\\/en\\\/buy\\\/foot-cream-gerlachs-gehwol\\\/#primaryimage\",\"url\":\"https:\\\/\\\/accesbeaute.ca\\\/wp-content\\\/uploads\\\/2018\\\/07\\\/creme-pour-les-pieds-gehwol-gerlachs-previent-les-plaies-et-ampoules.jpg\",\"contentUrl\":\"https:\\\/\\\/accesbeaute.ca\\\/wp-content\\\/uploads\\\/2018\\\/07\\\/creme-pour-les-pieds-gehwol-gerlachs-previent-les-plaies-et-ampoules.jpg\",\"width\":1200,\"height\":1200},{\"@type\":\"BreadcrumbList\",\"@id\":\"https:\\\/\\\/accesbeaute.ca\\\/en\\\/buy\\\/foot-cream-gerlachs-gehwol\\\/#breadcrumb\",\"itemListElement\":[{\"@type\":\"ListItem\",\"position\":1,\"name\":\"Accueil\",\"item\":\"https:\\\/\\\/accesbeaute.ca\\\/en\\\/\"},{\"@type\":\"ListItem\",\"position\":2,\"name\":\"Boutique\",\"item\":\"https:\\\/\\\/accesbeaute.ca\\\/boutique\\\/\"},{\"@type\":\"ListItem\",\"position\":3,\"name\":\"Produits de beaut\u00e9\",\"item\":\"https:\\\/\\\/accesbeaute.ca\\\/acheter\\\/produits-de-beaute\\\/\"},{\"@type\":\"ListItem\",\"position\":4,\"name\":\"Soins des pieds\",\"item\":\"https:\\\/\\\/accesbeaute.ca\\\/acheter\\\/soin-des-pieds\\\/\"},{\"@type\":\"ListItem\",\"position\":5,\"name\":\"Soins pour les cors et ampoules aux pieds\",\"item\":\"https:\\\/\\\/accesbeaute.ca\\\/acheter\\\/soins-pour-les-cors-et-ampoules-aux-pieds\\\/\"},{\"@type\":\"ListItem\",\"position\":6,\"name\":\"Foot Cream &#8211; Gerlachs &#8211; Gehwol\"}]},{\"@type\":\"WebSite\",\"@id\":\"https:\\\/\\\/accesbeaute.ca\\\/en\\\/#website\",\"url\":\"https:\\\/\\\/accesbeaute.ca\\\/en\\\/\",\"name\":\"Acc\u00e8s Beaut\u00e9\",\"description\":\"Achat de produits de beaut\u00e9 en ligne\",\"potentialAction\":[{\"@type\":\"SearchAction\",\"target\":{\"@type\":\"EntryPoint\",\"urlTemplate\":\"https:\\\/\\\/accesbeaute.ca\\\/en\\\/?s={search_term_string}\"},\"query-input\":{\"@type\":\"PropertyValueSpecification\",\"valueRequired\":true,\"valueName\":\"search_term_string\"}}],\"inLanguage\":\"en-US\"}]}<\/script>\n<!-- \/ Yoast SEO plugin. -->","yoast_head_json":{"title":"Foot Cream - Gerlachs - Gehwol  - Achat en ligne","description":"%","robots":{"index":"index","follow":"follow","max-snippet":"max-snippet:-1","max-image-preview":"max-image-preview:large","max-video-preview":"max-video-preview:-1"},"canonical":"https:\/\/accesbeaute.ca\/en\/buy\/foot-cream-gerlachs-gehwol\/","og_locale":"en_US","og_type":"article","og_title":"Foot Cream - Gerlachs - Gehwol  - Achat en ligne","og_description":"%","og_url":"https:\/\/accesbeaute.ca\/en\/buy\/foot-cream-gerlachs-gehwol\/","og_site_name":"Acc\u00e8s Beaut\u00e9","article_modified_time":"2026-04-07T00:03:18+00:00","og_image":[{"width":1200,"height":1200,"url":"https:\/\/accesbeaute.ca\/wp-content\/uploads\/2018\/07\/creme-pour-les-pieds-gehwol-gerlachs-previent-les-plaies-et-ampoules.jpg","type":"image\/jpeg"}],"twitter_card":"summary_large_image","schema":{"@context":"https:\/\/schema.org","@graph":[{"@type":"WebPage","@id":"https:\/\/accesbeaute.ca\/en\/buy\/foot-cream-gerlachs-gehwol\/","url":"https:\/\/accesbeaute.ca\/en\/buy\/foot-cream-gerlachs-gehwol\/","name":"Foot Cream - Gerlachs - Gehwol - Achat en ligne","isPartOf":{"@id":"https:\/\/accesbeaute.ca\/en\/#website"},"primaryImageOfPage":{"@id":"https:\/\/accesbeaute.ca\/en\/buy\/foot-cream-gerlachs-gehwol\/#primaryimage"},"image":{"@id":"https:\/\/accesbeaute.ca\/en\/buy\/foot-cream-gerlachs-gehwol\/#primaryimage"},"thumbnailUrl":"https:\/\/accesbeaute.ca\/wp-content\/uploads\/2018\/07\/creme-pour-les-pieds-gehwol-gerlachs-previent-les-plaies-et-ampoules.jpg","datePublished":"2018-07-28T18:07:38+00:00","dateModified":"2026-04-07T00:03:18+00:00","description":"%","breadcrumb":{"@id":"https:\/\/accesbeaute.ca\/en\/buy\/foot-cream-gerlachs-gehwol\/#breadcrumb"},"inLanguage":"en-US","potentialAction":[{"@type":"ReadAction","target":["https:\/\/accesbeaute.ca\/en\/buy\/foot-cream-gerlachs-gehwol\/"]}]},{"@type":"ImageObject","inLanguage":"en-US","@id":"https:\/\/accesbeaute.ca\/en\/buy\/foot-cream-gerlachs-gehwol\/#primaryimage","url":"https:\/\/accesbeaute.ca\/wp-content\/uploads\/2018\/07\/creme-pour-les-pieds-gehwol-gerlachs-previent-les-plaies-et-ampoules.jpg","contentUrl":"https:\/\/accesbeaute.ca\/wp-content\/uploads\/2018\/07\/creme-pour-les-pieds-gehwol-gerlachs-previent-les-plaies-et-ampoules.jpg","width":1200,"height":1200},{"@type":"BreadcrumbList","@id":"https:\/\/accesbeaute.ca\/en\/buy\/foot-cream-gerlachs-gehwol\/#breadcrumb","itemListElement":[{"@type":"ListItem","position":1,"name":"Accueil","item":"https:\/\/accesbeaute.ca\/en\/"},{"@type":"ListItem","position":2,"name":"Boutique","item":"https:\/\/accesbeaute.ca\/boutique\/"},{"@type":"ListItem","position":3,"name":"Produits de beaut\u00e9","item":"https:\/\/accesbeaute.ca\/acheter\/produits-de-beaute\/"},{"@type":"ListItem","position":4,"name":"Soins des pieds","item":"https:\/\/accesbeaute.ca\/acheter\/soin-des-pieds\/"},{"@type":"ListItem","position":5,"name":"Soins pour les cors et ampoules aux pieds","item":"https:\/\/accesbeaute.ca\/acheter\/soins-pour-les-cors-et-ampoules-aux-pieds\/"},{"@type":"ListItem","position":6,"name":"Foot Cream &#8211; Gerlachs &#8211; Gehwol"}]},{"@type":"WebSite","@id":"https:\/\/accesbeaute.ca\/en\/#website","url":"https:\/\/accesbeaute.ca\/en\/","name":"Acc\u00e8s Beaut\u00e9","description":"Achat de produits de beaut\u00e9 en ligne","potentialAction":[{"@type":"SearchAction","target":{"@type":"EntryPoint","urlTemplate":"https:\/\/accesbeaute.ca\/en\/?s={search_term_string}"},"query-input":{"@type":"PropertyValueSpecification","valueRequired":true,"valueName":"search_term_string"}}],"inLanguage":"en-US"}]}},"_links":{"self":[{"href":"https:\/\/accesbeaute.ca\/en\/wp-json\/wp\/v2\/product\/6215","targetHints":{"allow":["GET"]}}],"collection":[{"href":"https:\/\/accesbeaute.ca\/en\/wp-json\/wp\/v2\/product"}],"about":[{"href":"https:\/\/accesbeaute.ca\/en\/wp-json\/wp\/v2\/types\/product"}],"wp:featuredmedia":[{"embeddable":true,"href":"https:\/\/accesbeaute.ca\/en\/wp-json\/wp\/v2\/media\/6216"}],"wp:attachment":[{"href":"https:\/\/accesbeaute.ca\/en\/wp-json\/wp\/v2\/media?parent=6215"}],"wp:term":[{"taxonomy":"product_brand","embeddable":true,"href":"https:\/\/accesbeaute.ca\/en\/wp-json\/wp\/v2\/product_brand?post=6215"},{"taxonomy":"product_cat","embeddable":true,"href":"https:\/\/accesbeaute.ca\/en\/wp-json\/wp\/v2\/product_cat?post=6215"},{"taxonomy":"product_tag","embeddable":true,"href":"https:\/\/accesbeaute.ca\/en\/wp-json\/wp\/v2\/product_tag?post=6215"}],"curies":[{"name":"wp","href":"https:\/\/api.w.org\/{rel}","templated":true}]}}