{"id":6416,"date":"2018-07-28T18:08:26","date_gmt":"2018-07-28T18:08:26","guid":{"rendered":"https:\/\/accesbeaute.ca\/achat\/legs-and-feet-balm-soothing-medicinal-herb-balm-gehwol\/"},"modified":"2026-04-07T00:03:18","modified_gmt":"2026-04-07T00:03:18","slug":"legs-and-feet-balm-soothing-medicinal-herb-balm-gehwol","status":"publish","type":"product","link":"https:\/\/accesbeaute.ca\/en\/buy\/legs-and-feet-balm-soothing-medicinal-herb-balm-gehwol\/","title":{"rendered":"Legs and feet balm &#8211; Soothing medicinal herb balm &#8211; Gehwol"},"content":{"rendered":"<ul>\n<li>Refreshing legs and feet balm<\/li>\n<li>Soothes and revitalizes heavy legs and tired feet<\/li>\n<li>Cosmetic product based on medicinal herbs<\/li>\n<li>Anti-inflammatory and slightly astringent properties<\/li>\n<li>Fights dryness, discoloration, redness and impurities<\/li>\n<li>Prevents infections, varicose veins and premature aging<\/li>\n<li>Stimulates venous return<\/li>\n<li>Relieves leg pain during pregnancy<\/li>\n<li>Fast-absorbing and non-greasy texture<\/li>\n<li>Provides beautiful, smooth and supple skin<\/li>\n<li>Size: 125 ml and 500 ml<\/li>\n<\/ul>\n<p>Revitalizing and refreshing, Gehwol Legs &amp; Feet Balm relieves heaviness, pain and fatigue. Enriched with high-performance medicinal herbs, the cream enhances skin suppleness and softness, and provides a pleasant sensation of freshness instantly upon application.<\/p>\n<p>Its active ingredients quickly penetrate the epidermis to combat dryness, discoloration, redness and impurities.<\/p>\n<p>This rich treatment prevents infections, irritations, varicose veins and premature aging of the skin. By stimulating venous return, it soothes leg pain during pregnancy. The cream&#8217;s non-greasy texture and rapid absorption provide a gentle, beneficial massage.<\/p>\n","protected":false},"excerpt":{"rendered":"<hr class=\"ligne-grise\" \/>\n<p><strong>Brand:<\/strong> <a href=\"\/acheter\/gehwol\">Gehwol<\/a><\/p>\n<p>Enriched with medicinal herbs, this refreshing balm revitalizes and soothes heavy legs and tired feet, while combating dryness, infections and skin impurities.<\/p>\n","protected":false},"featured_media":6417,"template":"","meta":{"_et_pb_use_builder":"","_et_pb_old_content":"","_et_gb_content_width":""},"product_brand":[],"product_cat":[197,214,245,251,198,244,250,243],"product_tag":[203],"class_list":{"0":"post-6416","1":"product","2":"type-product","3":"status-publish","4":"has-post-thumbnail","6":"product_cat-gehwol-en","7":"product_cat-produit-de-beaute-soin-du-corps-en","8":"product_cat-soins-pour-la-peau-seche-et-rugueuse-des-pieds","9":"product_cat-soins-pour-la-transpiration-des-pieds-en","10":"product_cat-soins-pour-les-infections-des-pieds-en","11":"product_cat-soins-pour-les-jambes-lourdes-et-fatiguees-en","12":"product_cat-soins-pour-les-odeurs-des-pieds-en","13":"product_cat-soins-revitalisants-pour-les-pieds-en","14":"product_tag-gehwol-en","16":"first","17":"instock","18":"taxable","19":"shipping-taxable","20":"purchasable","21":"product-type-simple"},"yoast_head":"<!-- This site is optimized with the Yoast SEO plugin v27.3 - https:\/\/yoast.com\/product\/yoast-seo-wordpress\/ -->\n<title>Legs and feet balm - Soothing medicinal herb balm - Gehwol  - Achat en ligne<\/title>\n<meta name=\"description\" content=\"%\" \/>\n<meta name=\"robots\" content=\"index, follow, max-snippet:-1, max-image-preview:large, max-video-preview:-1\" \/>\n<link rel=\"canonical\" href=\"https:\/\/accesbeaute.ca\/en\/buy\/legs-and-feet-balm-soothing-medicinal-herb-balm-gehwol\/\" \/>\n<meta property=\"og:locale\" content=\"en_US\" \/>\n<meta property=\"og:type\" content=\"article\" \/>\n<meta property=\"og:title\" content=\"Legs and feet balm - Soothing medicinal herb balm - Gehwol  - Achat en ligne\" \/>\n<meta property=\"og:description\" content=\"%\" \/>\n<meta property=\"og:url\" content=\"https:\/\/accesbeaute.ca\/en\/buy\/legs-and-feet-balm-soothing-medicinal-herb-balm-gehwol\/\" \/>\n<meta property=\"og:site_name\" content=\"Acc\u00e8s Beaut\u00e9\" \/>\n<meta property=\"article:modified_time\" content=\"2026-04-07T00:03:18+00:00\" \/>\n<meta property=\"og:image\" content=\"https:\/\/accesbeaute.ca\/wp-content\/uploads\/2018\/07\/baume-pour-jambes-et-pieds-soin-rafraichissant-aux-herbes-medicinales-par-gehwol.jpg\" \/>\n\t<meta property=\"og:image:width\" content=\"1200\" \/>\n\t<meta property=\"og:image:height\" content=\"1200\" \/>\n\t<meta property=\"og:image:type\" content=\"image\/jpeg\" \/>\n<meta name=\"twitter:card\" content=\"summary_large_image\" \/>\n<meta name=\"twitter:label1\" content=\"Est. reading time\" \/>\n\t<meta name=\"twitter:data1\" content=\"1 minute\" \/>\n<script type=\"application\/ld+json\" class=\"yoast-schema-graph\">{\"@context\":\"https:\\\/\\\/schema.org\",\"@graph\":[{\"@type\":\"WebPage\",\"@id\":\"https:\\\/\\\/accesbeaute.ca\\\/en\\\/buy\\\/legs-and-feet-balm-soothing-medicinal-herb-balm-gehwol\\\/\",\"url\":\"https:\\\/\\\/accesbeaute.ca\\\/en\\\/buy\\\/legs-and-feet-balm-soothing-medicinal-herb-balm-gehwol\\\/\",\"name\":\"Legs and feet balm - Soothing medicinal herb balm - Gehwol - Achat en ligne\",\"isPartOf\":{\"@id\":\"https:\\\/\\\/accesbeaute.ca\\\/en\\\/#website\"},\"primaryImageOfPage\":{\"@id\":\"https:\\\/\\\/accesbeaute.ca\\\/en\\\/buy\\\/legs-and-feet-balm-soothing-medicinal-herb-balm-gehwol\\\/#primaryimage\"},\"image\":{\"@id\":\"https:\\\/\\\/accesbeaute.ca\\\/en\\\/buy\\\/legs-and-feet-balm-soothing-medicinal-herb-balm-gehwol\\\/#primaryimage\"},\"thumbnailUrl\":\"https:\\\/\\\/accesbeaute.ca\\\/wp-content\\\/uploads\\\/2018\\\/07\\\/baume-pour-jambes-et-pieds-soin-rafraichissant-aux-herbes-medicinales-par-gehwol.jpg\",\"datePublished\":\"2018-07-28T18:08:26+00:00\",\"dateModified\":\"2026-04-07T00:03:18+00:00\",\"description\":\"%\",\"breadcrumb\":{\"@id\":\"https:\\\/\\\/accesbeaute.ca\\\/en\\\/buy\\\/legs-and-feet-balm-soothing-medicinal-herb-balm-gehwol\\\/#breadcrumb\"},\"inLanguage\":\"en-US\",\"potentialAction\":[{\"@type\":\"ReadAction\",\"target\":[\"https:\\\/\\\/accesbeaute.ca\\\/en\\\/buy\\\/legs-and-feet-balm-soothing-medicinal-herb-balm-gehwol\\\/\"]}]},{\"@type\":\"ImageObject\",\"inLanguage\":\"en-US\",\"@id\":\"https:\\\/\\\/accesbeaute.ca\\\/en\\\/buy\\\/legs-and-feet-balm-soothing-medicinal-herb-balm-gehwol\\\/#primaryimage\",\"url\":\"https:\\\/\\\/accesbeaute.ca\\\/wp-content\\\/uploads\\\/2018\\\/07\\\/baume-pour-jambes-et-pieds-soin-rafraichissant-aux-herbes-medicinales-par-gehwol.jpg\",\"contentUrl\":\"https:\\\/\\\/accesbeaute.ca\\\/wp-content\\\/uploads\\\/2018\\\/07\\\/baume-pour-jambes-et-pieds-soin-rafraichissant-aux-herbes-medicinales-par-gehwol.jpg\",\"width\":1200,\"height\":1200},{\"@type\":\"BreadcrumbList\",\"@id\":\"https:\\\/\\\/accesbeaute.ca\\\/en\\\/buy\\\/legs-and-feet-balm-soothing-medicinal-herb-balm-gehwol\\\/#breadcrumb\",\"itemListElement\":[{\"@type\":\"ListItem\",\"position\":1,\"name\":\"Accueil\",\"item\":\"https:\\\/\\\/accesbeaute.ca\\\/en\\\/\"},{\"@type\":\"ListItem\",\"position\":2,\"name\":\"Boutique\",\"item\":\"https:\\\/\\\/accesbeaute.ca\\\/boutique\\\/\"},{\"@type\":\"ListItem\",\"position\":3,\"name\":\"Soins revitalisants pour les pieds\",\"item\":\"https:\\\/\\\/accesbeaute.ca\\\/en\\\/acheter\\\/soins-revitalisants-pour-les-pieds-en\\\/\"},{\"@type\":\"ListItem\",\"position\":4,\"name\":\"Legs and feet balm &#8211; Soothing medicinal herb balm &#8211; Gehwol\"}]},{\"@type\":\"WebSite\",\"@id\":\"https:\\\/\\\/accesbeaute.ca\\\/en\\\/#website\",\"url\":\"https:\\\/\\\/accesbeaute.ca\\\/en\\\/\",\"name\":\"Acc\u00e8s Beaut\u00e9\",\"description\":\"Achat de produits de beaut\u00e9 en ligne\",\"potentialAction\":[{\"@type\":\"SearchAction\",\"target\":{\"@type\":\"EntryPoint\",\"urlTemplate\":\"https:\\\/\\\/accesbeaute.ca\\\/en\\\/?s={search_term_string}\"},\"query-input\":{\"@type\":\"PropertyValueSpecification\",\"valueRequired\":true,\"valueName\":\"search_term_string\"}}],\"inLanguage\":\"en-US\"}]}<\/script>\n<!-- \/ Yoast SEO plugin. -->","yoast_head_json":{"title":"Legs and feet balm - Soothing medicinal herb balm - Gehwol  - Achat en ligne","description":"%","robots":{"index":"index","follow":"follow","max-snippet":"max-snippet:-1","max-image-preview":"max-image-preview:large","max-video-preview":"max-video-preview:-1"},"canonical":"https:\/\/accesbeaute.ca\/en\/buy\/legs-and-feet-balm-soothing-medicinal-herb-balm-gehwol\/","og_locale":"en_US","og_type":"article","og_title":"Legs and feet balm - Soothing medicinal herb balm - Gehwol  - Achat en ligne","og_description":"%","og_url":"https:\/\/accesbeaute.ca\/en\/buy\/legs-and-feet-balm-soothing-medicinal-herb-balm-gehwol\/","og_site_name":"Acc\u00e8s Beaut\u00e9","article_modified_time":"2026-04-07T00:03:18+00:00","og_image":[{"width":1200,"height":1200,"url":"https:\/\/accesbeaute.ca\/wp-content\/uploads\/2018\/07\/baume-pour-jambes-et-pieds-soin-rafraichissant-aux-herbes-medicinales-par-gehwol.jpg","type":"image\/jpeg"}],"twitter_card":"summary_large_image","twitter_misc":{"Est. reading time":"1 minute"},"schema":{"@context":"https:\/\/schema.org","@graph":[{"@type":"WebPage","@id":"https:\/\/accesbeaute.ca\/en\/buy\/legs-and-feet-balm-soothing-medicinal-herb-balm-gehwol\/","url":"https:\/\/accesbeaute.ca\/en\/buy\/legs-and-feet-balm-soothing-medicinal-herb-balm-gehwol\/","name":"Legs and feet balm - Soothing medicinal herb balm - Gehwol - Achat en ligne","isPartOf":{"@id":"https:\/\/accesbeaute.ca\/en\/#website"},"primaryImageOfPage":{"@id":"https:\/\/accesbeaute.ca\/en\/buy\/legs-and-feet-balm-soothing-medicinal-herb-balm-gehwol\/#primaryimage"},"image":{"@id":"https:\/\/accesbeaute.ca\/en\/buy\/legs-and-feet-balm-soothing-medicinal-herb-balm-gehwol\/#primaryimage"},"thumbnailUrl":"https:\/\/accesbeaute.ca\/wp-content\/uploads\/2018\/07\/baume-pour-jambes-et-pieds-soin-rafraichissant-aux-herbes-medicinales-par-gehwol.jpg","datePublished":"2018-07-28T18:08:26+00:00","dateModified":"2026-04-07T00:03:18+00:00","description":"%","breadcrumb":{"@id":"https:\/\/accesbeaute.ca\/en\/buy\/legs-and-feet-balm-soothing-medicinal-herb-balm-gehwol\/#breadcrumb"},"inLanguage":"en-US","potentialAction":[{"@type":"ReadAction","target":["https:\/\/accesbeaute.ca\/en\/buy\/legs-and-feet-balm-soothing-medicinal-herb-balm-gehwol\/"]}]},{"@type":"ImageObject","inLanguage":"en-US","@id":"https:\/\/accesbeaute.ca\/en\/buy\/legs-and-feet-balm-soothing-medicinal-herb-balm-gehwol\/#primaryimage","url":"https:\/\/accesbeaute.ca\/wp-content\/uploads\/2018\/07\/baume-pour-jambes-et-pieds-soin-rafraichissant-aux-herbes-medicinales-par-gehwol.jpg","contentUrl":"https:\/\/accesbeaute.ca\/wp-content\/uploads\/2018\/07\/baume-pour-jambes-et-pieds-soin-rafraichissant-aux-herbes-medicinales-par-gehwol.jpg","width":1200,"height":1200},{"@type":"BreadcrumbList","@id":"https:\/\/accesbeaute.ca\/en\/buy\/legs-and-feet-balm-soothing-medicinal-herb-balm-gehwol\/#breadcrumb","itemListElement":[{"@type":"ListItem","position":1,"name":"Accueil","item":"https:\/\/accesbeaute.ca\/en\/"},{"@type":"ListItem","position":2,"name":"Boutique","item":"https:\/\/accesbeaute.ca\/boutique\/"},{"@type":"ListItem","position":3,"name":"Soins revitalisants pour les pieds","item":"https:\/\/accesbeaute.ca\/en\/acheter\/soins-revitalisants-pour-les-pieds-en\/"},{"@type":"ListItem","position":4,"name":"Legs and feet balm &#8211; Soothing medicinal herb balm &#8211; Gehwol"}]},{"@type":"WebSite","@id":"https:\/\/accesbeaute.ca\/en\/#website","url":"https:\/\/accesbeaute.ca\/en\/","name":"Acc\u00e8s Beaut\u00e9","description":"Achat de produits de beaut\u00e9 en ligne","potentialAction":[{"@type":"SearchAction","target":{"@type":"EntryPoint","urlTemplate":"https:\/\/accesbeaute.ca\/en\/?s={search_term_string}"},"query-input":{"@type":"PropertyValueSpecification","valueRequired":true,"valueName":"search_term_string"}}],"inLanguage":"en-US"}]}},"_links":{"self":[{"href":"https:\/\/accesbeaute.ca\/en\/wp-json\/wp\/v2\/product\/6416","targetHints":{"allow":["GET"]}}],"collection":[{"href":"https:\/\/accesbeaute.ca\/en\/wp-json\/wp\/v2\/product"}],"about":[{"href":"https:\/\/accesbeaute.ca\/en\/wp-json\/wp\/v2\/types\/product"}],"wp:featuredmedia":[{"embeddable":true,"href":"https:\/\/accesbeaute.ca\/en\/wp-json\/wp\/v2\/media\/6417"}],"wp:attachment":[{"href":"https:\/\/accesbeaute.ca\/en\/wp-json\/wp\/v2\/media?parent=6416"}],"wp:term":[{"taxonomy":"product_brand","embeddable":true,"href":"https:\/\/accesbeaute.ca\/en\/wp-json\/wp\/v2\/product_brand?post=6416"},{"taxonomy":"product_cat","embeddable":true,"href":"https:\/\/accesbeaute.ca\/en\/wp-json\/wp\/v2\/product_cat?post=6416"},{"taxonomy":"product_tag","embeddable":true,"href":"https:\/\/accesbeaute.ca\/en\/wp-json\/wp\/v2\/product_tag?post=6416"}],"curies":[{"name":"wp","href":"https:\/\/api.w.org\/{rel}","templated":true}]}}